{"id":241,"date":"2023-05-26T08:34:56","date_gmt":"2023-05-26T11:34:56","guid":{"rendered":"https:\/\/www2.unifap.br\/profei\/?page_id=241"},"modified":"2025-09-08T17:06:58","modified_gmt":"2025-09-08T20:06:58","slug":"editais","status":"publish","type":"page","link":"https:\/\/www2.unifap.br\/profei\/?page_id=241","title":{"rendered":"Editais"},"content":{"rendered":"\t\t<div data-elementor-type=\"wp-page\" data-elementor-id=\"241\" class=\"elementor elementor-241\">\n\t\t\t\t\t\t<section class=\"elementor-section elementor-top-section elementor-element elementor-element-02f3595 elementor-section-boxed elementor-section-height-default elementor-section-height-default\" data-id=\"02f3595\" data-element_type=\"section\" data-e-type=\"section\">\n\t\t\t\t\t\t<div class=\"elementor-container elementor-column-gap-narrow\">\n\t\t\t\t\t<div class=\"elementor-column elementor-col-100 elementor-top-column elementor-element elementor-element-6b92306\" data-id=\"6b92306\" data-element_type=\"column\" data-e-type=\"column\">\n\t\t\t<div class=\"elementor-widget-wrap elementor-element-populated\">\n\t\t\t\t\t\t<div class=\"elementor-element elementor-element-58b9d20 elementor-widget elementor-widget-contentviews_widget_list1\" data-id=\"58b9d20\" data-element_type=\"widget\" data-e-type=\"widget\" data-widget_type=\"contentviews_widget_list1.default\">\n\t\t\t\t<div class=\"elementor-widget-container\">\n\t\t\t\t\t<div class='pt-cv-wrapper'> <div class=\"pt-cv-view pt-cv-blockgrid iscvblock iscvelementor list1\" id=\"pt-cv-view-58b9d20\"><div data-id=\"pt-cv-page-1\" class=\"pt-cv-page\" data-cvc=\"1\"><div class=\" pt-cv-content-item pt-cv-2-col\" ><div class=\"pt-cv-thumb-wrapper pull-left \"><a href=\"https:\/\/www2.unifap.br\/profei\/?p=815\" class=\"_blank pt-cv-href-thumbnail pt-cv-thumb-left\" target=\"_blank\" ><img decoding=\"async\" width=\"100\" height=\"109\" src=\"https:\/\/www2.unifap.br\/profei\/files\/2023\/05\/cropped-logo-profei-removebg-preview-100resized.png\" class=\"pt-cv-thumbnail pull-left\" alt=\"\" \/><\/a><\/div>\n<div class=\"pt-cv-remain-wrapper\"><div class=\"pt-cv-colwrap\"><div class=\"pt-cv-taxoterm above_title\"><a href='https:\/\/www2.unifap.br\/profei\/?cat=3' title='Edital' class='pt-cv-tax-edital'>Edital<\/a><\/div><h4 class=\"pt-cv-title\"><a href=\"https:\/\/www2.unifap.br\/profei\/?p=815\" class=\"_blank\" target=\"_blank\" >Edital de Sele\u00e7\u00e3o de Bolsistas &#8211; PROFEI 2026<\/a><\/h4><div class=\"pt-cv-content\">A COORDENA\u00c7\u00c3O DO PROGRAMA DE MESTRADO PROFISSIONAL EM EDUCA\u00c7\u00c3O INCLUSIVA (Profei) da UNIFAP faz saber que, usando das atribui\u00e7\u00f5es que lhe confere e considerando a necessidade de selecionar 07 (sete) mestrandos, da turma 2026. Edital &gt; Clique aqui RESULTADO &gt; ...<\/div><div class=\"pt-cv-rmwrap\"><a href=\"https:\/\/www2.unifap.br\/profei\/?p=815\" class=\"_blank pt-cv-readmore btn btn-success\" target=\"_blank\" >Leia Mais<\/a><\/div><div class=\"pt-cv-meta-fields\"><span class=\"entry-date\"> <time datetime=\"2026-03-12T16:46:56-03:00\">12 de mar\u00e7o de 2026<\/time><\/span><span> \/ <\/span><span class=\"author\"> <a href=\"https:\/\/www2.unifap.br\/profei\/?author=3929\" rel=\"author\">profei<\/a><\/span><\/div><\/div><\/div><\/div>\n<div class=\" pt-cv-content-item pt-cv-2-col\" ><div class=\"pt-cv-thumb-wrapper pull-left \"><a href=\"https:\/\/www2.unifap.br\/profei\/?p=810\" class=\"_blank pt-cv-href-thumbnail pt-cv-thumb-left\" target=\"_blank\" ><img decoding=\"async\" src=\"https:\/\/www2.unifap.br\/profei\/wp-content\/plugins\/content-views-query-and-display-post-page\/public\/assets\/images\/default_image.png\" class=\"pt-cv-thumbnail pull-left cv-default-img\" alt=\"CONVOCA\u00c7\u00c3O PARA A MATR\u00cdCULA DOS APROVADOS NO CURSO DE MESTRADO PROFISSIONAL EM EDUCA\u00c7\u00c3O INCLUSIVA \u2013 PROFEI \u2013 2026\" title=\"\" \/><\/a><\/div>\n<div class=\"pt-cv-remain-wrapper\"><div class=\"pt-cv-colwrap\"><div class=\"pt-cv-taxoterm above_title\"><a href='https:\/\/www2.unifap.br\/profei\/?cat=3' title='Edital' class='pt-cv-tax-edital'>Edital<\/a><\/div><h4 class=\"pt-cv-title\"><a href=\"https:\/\/www2.unifap.br\/profei\/?p=810\" class=\"_blank\" target=\"_blank\" >CONVOCA\u00c7\u00c3O PARA A MATR\u00cdCULA DOS APROVADOS NO CURSO DE MESTRADO PROFISSIONAL EM EDUCA\u00c7\u00c3O INCLUSIVA \u2013 PROFEI \u2013 2026<\/a><\/h4><div class=\"pt-cv-content\">Esta coordena\u00e7\u00e3o de curso CONVOCA, para habilita\u00e7\u00e3o e matr\u00edcula os candidatos aprovados do programa de P\u00f3s-Gradua\u00e7\u00e3o Em educa\u00e7\u00e3o Inclusiva, mestrado, conforme o edital 08\/2025. Leia aqui: Edital ...<\/div><div class=\"pt-cv-rmwrap\"><a href=\"https:\/\/www2.unifap.br\/profei\/?p=810\" class=\"_blank pt-cv-readmore btn btn-success\" target=\"_blank\" >Leia Mais<\/a><\/div><div class=\"pt-cv-meta-fields\"><span class=\"entry-date\"> <time datetime=\"2026-01-27T17:28:56-03:00\">27 de janeiro de 2026<\/time><\/span><span> \/ <\/span><span class=\"author\"> <a href=\"https:\/\/www2.unifap.br\/profei\/?author=3929\" rel=\"author\">profei<\/a><\/span><\/div><\/div><\/div><\/div>\n<div class=\" pt-cv-content-item pt-cv-2-col\" ><div class=\"pt-cv-thumb-wrapper pull-left \"><a href=\"https:\/\/www2.unifap.br\/profei\/?p=795\" class=\"_blank pt-cv-href-thumbnail pt-cv-thumb-left\" target=\"_blank\" ><img decoding=\"async\" src=\"https:\/\/www2.unifap.br\/profei\/wp-content\/plugins\/content-views-query-and-display-post-page\/public\/assets\/images\/default_image.png\" class=\"pt-cv-thumbnail pull-left cv-default-img\" alt=\"Edital convoca\u00e7\u00e3o para entrevistas - PS2026\" title=\"\" \/><\/a><\/div>\n<div class=\"pt-cv-remain-wrapper\"><div class=\"pt-cv-colwrap\"><div class=\"pt-cv-taxoterm above_title\"><a href='https:\/\/www2.unifap.br\/profei\/?cat=3' title='Edital' class='pt-cv-tax-edital'>Edital<\/a><\/div><h4 class=\"pt-cv-title\"><a href=\"https:\/\/www2.unifap.br\/profei\/?p=795\" class=\"_blank\" target=\"_blank\" >Edital convoca\u00e7\u00e3o para entrevistas &#8211; PS2026<\/a><\/h4><div class=\"pt-cv-content\">Edital_convocacao_entrevista_2026_24_11_15_43 (2) ...<\/div><div class=\"pt-cv-rmwrap\"><a href=\"https:\/\/www2.unifap.br\/profei\/?p=795\" class=\"_blank pt-cv-readmore btn btn-success\" target=\"_blank\" >Leia Mais<\/a><\/div><div class=\"pt-cv-meta-fields\"><span class=\"entry-date\"> <time datetime=\"2025-11-24T16:20:54-03:00\">24 de novembro de 2025<\/time><\/span><span> \/ <\/span><span class=\"author\"> <a href=\"https:\/\/www2.unifap.br\/profei\/?author=3929\" rel=\"author\">profei<\/a><\/span><\/div><\/div><\/div><\/div>\n<div class=\" pt-cv-content-item pt-cv-2-col\" ><div class=\"pt-cv-thumb-wrapper pull-left \"><a href=\"https:\/\/www2.unifap.br\/profei\/?p=628\" class=\"_blank pt-cv-href-thumbnail pt-cv-thumb-left\" target=\"_blank\" ><img fetchpriority=\"high\" decoding=\"async\" width=\"1280\" height=\"1280\" src=\"https:\/\/www2.unifap.br\/profei\/files\/2022\/02\/logo-profei.jpg\" class=\"pt-cv-thumbnail pull-left\" alt=\"\" srcset=\"https:\/\/www2.unifap.br\/profei\/files\/2022\/02\/logo-profei.jpg 1280w, https:\/\/www2.unifap.br\/profei\/files\/2022\/02\/logo-profei-300x300.jpg 300w, https:\/\/www2.unifap.br\/profei\/files\/2022\/02\/logo-profei-1024x1024.jpg 1024w, https:\/\/www2.unifap.br\/profei\/files\/2022\/02\/logo-profei-150x150.jpg 150w, https:\/\/www2.unifap.br\/profei\/files\/2022\/02\/logo-profei-768x768.jpg 768w\" sizes=\"(max-width: 1280px) 100vw, 1280px\" \/><\/a><\/div>\n<div class=\"pt-cv-remain-wrapper\"><div class=\"pt-cv-colwrap\"><div class=\"pt-cv-taxoterm above_title\"><a href='https:\/\/www2.unifap.br\/profei\/?cat=3' title='Edital' class='pt-cv-tax-edital'>Edital<\/a><\/div><h4 class=\"pt-cv-title\"><a href=\"https:\/\/www2.unifap.br\/profei\/?p=628\" class=\"_blank\" target=\"_blank\" >EDITAL DE ABERTURA DE INSCRI\u00c7\u00d5ES N\u00ba 08\/2025 (PROFEI) PARA INGRESSO EM 2026<\/a><\/h4><div class=\"pt-cv-content\">O CONSELHO GESTOR DO PROGRAMA DE P\u00d3S-GRADUA\u00c7\u00c3O EM EDUCA\u00c7\u00c3O INCLUSIVA \u2013 PROFEI no uso de suas atribui\u00e7\u00f5es legais que estabelece o regulamento do Programa TORNA P\u00daBLICO o Processo Seletivo para o Exame Nacional de Acesso ao Curso de Mestrado Profissional ...<\/div><div class=\"pt-cv-rmwrap\"><a href=\"https:\/\/www2.unifap.br\/profei\/?p=628\" class=\"_blank pt-cv-readmore btn btn-success\" target=\"_blank\" >Leia Mais<\/a><\/div><div class=\"pt-cv-meta-fields\"><span class=\"entry-date\"> <time datetime=\"2025-09-08T12:05:44-03:00\">8 de setembro de 2025<\/time><\/span><span> \/ <\/span><span class=\"author\"> <a href=\"https:\/\/www2.unifap.br\/profei\/?author=3929\" rel=\"author\">profei<\/a><\/span><\/div><\/div><\/div><\/div>\n<div class=\" pt-cv-content-item pt-cv-2-col\" ><div class=\"pt-cv-thumb-wrapper pull-left \"><a href=\"https:\/\/www2.unifap.br\/profei\/?p=618\" class=\"_blank pt-cv-href-thumbnail pt-cv-thumb-left\" target=\"_blank\" ><img decoding=\"async\" width=\"100\" height=\"109\" src=\"https:\/\/www2.unifap.br\/profei\/files\/2023\/05\/cropped-logo-profei-removebg-preview-100resized.png\" class=\"pt-cv-thumbnail pull-left\" alt=\"\" \/><\/a><\/div>\n<div class=\"pt-cv-remain-wrapper\"><div class=\"pt-cv-colwrap\"><div class=\"pt-cv-taxoterm above_title\"><a href='https:\/\/www2.unifap.br\/profei\/?cat=3' title='Edital' class='pt-cv-tax-edital'>Edital<\/a><\/div><h4 class=\"pt-cv-title\"><a href=\"https:\/\/www2.unifap.br\/profei\/?p=618\" class=\"_blank\" target=\"_blank\" >Edital de Sele\u00e7\u00e3o de Bolsistas &#8211; PROFEI<\/a><\/h4><div class=\"pt-cv-content\">A COORDENA\u00c7\u00c3O DO PROGRAMA DE MESTRADO PROFISSIONAL EM EDUCA\u00c7\u00c3O INCLUSIVA (Profei) da FCT\/UNESP faz saber que, usando das atribui\u00e7\u00f5es que lhe confere e considerando a necessidade de selecionar 05 (cinco) mestrandos, da turma 2025. Edital &gt; Clique aqui Resultado Provis\u00f3rio&gt; ...<\/div><div class=\"pt-cv-rmwrap\"><a href=\"https:\/\/www2.unifap.br\/profei\/?p=618\" class=\"_blank pt-cv-readmore btn btn-success\" target=\"_blank\" >Leia Mais<\/a><\/div><div class=\"pt-cv-meta-fields\"><span class=\"entry-date\"> <time datetime=\"2025-04-23T22:35:05-03:00\">23 de abril de 2025<\/time><\/span><span> \/ <\/span><span class=\"author\"> <a href=\"https:\/\/www2.unifap.br\/profei\/?author=3929\" rel=\"author\">profei<\/a><\/span><\/div><\/div><\/div><\/div>\n<div class=\" pt-cv-content-item pt-cv-2-col\" ><div class=\"pt-cv-thumb-wrapper pull-left \"><a href=\"https:\/\/www2.unifap.br\/profei\/?p=606\" class=\"_blank pt-cv-href-thumbnail pt-cv-thumb-left\" target=\"_blank\" ><img decoding=\"async\" width=\"100\" height=\"109\" src=\"https:\/\/www2.unifap.br\/profei\/files\/2023\/05\/cropped-logo-profei-removebg-preview-100resized.png\" class=\"pt-cv-thumbnail pull-left\" alt=\"\" \/><\/a><\/div>\n<div class=\"pt-cv-remain-wrapper\"><div class=\"pt-cv-colwrap\"><div class=\"pt-cv-taxoterm above_title\"><a href='https:\/\/www2.unifap.br\/profei\/?cat=3' title='Edital' class='pt-cv-tax-edital'>Edital<\/a><\/div><h4 class=\"pt-cv-title\"><a href=\"https:\/\/www2.unifap.br\/profei\/?p=606\" class=\"_blank\" target=\"_blank\" >EDITAL DE CONVOCA\u00c7\u00c3O PARA A ENTREVISTA NO PROCESSO DE SELE\u00c7\u00c3O DE ALUNOS REGULARES PROFEI 2025.1<\/a><\/h4><div class=\"pt-cv-content\">Edital_convocacao_entrevista_2025 ...<\/div><div class=\"pt-cv-rmwrap\"><a href=\"https:\/\/www2.unifap.br\/profei\/?p=606\" class=\"_blank pt-cv-readmore btn btn-success\" target=\"_blank\" >Leia Mais<\/a><\/div><div class=\"pt-cv-meta-fields\"><span class=\"entry-date\"> <time datetime=\"2025-02-15T11:08:45-03:00\">15 de fevereiro de 2025<\/time><\/span><span> \/ <\/span><span class=\"author\"> <a href=\"https:\/\/www2.unifap.br\/profei\/?author=3929\" rel=\"author\">profei<\/a><\/span><\/div><\/div><\/div><\/div>\n<div class=\" pt-cv-content-item pt-cv-2-col\" ><div class=\"pt-cv-thumb-wrapper pull-left \"><a href=\"https:\/\/www2.unifap.br\/profei\/?p=581\" class=\"_blank pt-cv-href-thumbnail pt-cv-thumb-left\" target=\"_blank\" ><img decoding=\"async\" width=\"100\" height=\"109\" src=\"https:\/\/www2.unifap.br\/profei\/files\/2023\/05\/cropped-logo-profei-removebg-preview-100resized.png\" class=\"pt-cv-thumbnail pull-left\" alt=\"\" \/><\/a><\/div>\n<div class=\"pt-cv-remain-wrapper\"><div class=\"pt-cv-colwrap\"><div class=\"pt-cv-taxoterm above_title\"><a href='https:\/\/www2.unifap.br\/profei\/?cat=1' title='Sem categoria' class='pt-cv-tax-sem-categoria'>Sem categoria<\/a><\/div><h4 class=\"pt-cv-title\"><a href=\"https:\/\/www2.unifap.br\/profei\/?p=581\" class=\"_blank\" target=\"_blank\" >CRONOGRAMA DE DEFESA P\u00daBLICA DE DISSERTA\u00c7\u00c3O DE MESTRADO \u2013 TURMA 2022- PROFEI\/UNIFAP<\/a><\/h4><div class=\"pt-cv-content\">CRONOGRAMA DE DEFESA P\u00daBLICA DE DISSERTA\u00c7\u00c3O DE MESTRADO \u2013 TURMA 2022- PROFEI\/UNIFAP &gt;&gt; Clique aqui ...<\/div><div class=\"pt-cv-rmwrap\"><a href=\"https:\/\/www2.unifap.br\/profei\/?p=581\" class=\"_blank pt-cv-readmore btn btn-success\" target=\"_blank\" >Leia Mais<\/a><\/div><div class=\"pt-cv-meta-fields\"><span class=\"entry-date\"> <time datetime=\"2024-10-22T18:31:09-03:00\">22 de outubro de 2024<\/time><\/span><span> \/ <\/span><span class=\"author\"> <a href=\"https:\/\/www2.unifap.br\/profei\/?author=3929\" rel=\"author\">profei<\/a><\/span><\/div><\/div><\/div><\/div>\n<div class=\" pt-cv-content-item pt-cv-2-col\" ><div class=\"pt-cv-thumb-wrapper pull-left \"><a href=\"https:\/\/www2.unifap.br\/profei\/?p=578\" class=\"_blank pt-cv-href-thumbnail pt-cv-thumb-left\" target=\"_blank\" ><img decoding=\"async\" width=\"100\" height=\"109\" src=\"https:\/\/www2.unifap.br\/profei\/files\/2023\/05\/cropped-logo-profei-removebg-preview-100resized.png\" class=\"pt-cv-thumbnail pull-left\" alt=\"\" \/><\/a><\/div>\n<div class=\"pt-cv-remain-wrapper\"><div class=\"pt-cv-colwrap\"><div class=\"pt-cv-taxoterm above_title\"><a href='https:\/\/www2.unifap.br\/profei\/?cat=3' title='Edital' class='pt-cv-tax-edital'>Edital<\/a><\/div><h4 class=\"pt-cv-title\"><a href=\"https:\/\/www2.unifap.br\/profei\/?p=578\" class=\"_blank\" target=\"_blank\" >EDITAL DE ABERTURA DE INSCRI\u00c7\u00d5ES N\u00ba 02\/2024 (PROFEI) PARA INGRESSO EM 2025<\/a><\/h4><div class=\"pt-cv-content\">O CONSELHO GESTOR DO PROGRAMA DE P\u00d3S-GRADUA\u00c7\u00c3O EM EDUCA\u00c7\u00c3O INCLUSIVA \u2013 PROFEI no uso de suas atribui\u00e7\u00f5es legais que estabelece o regulamento do Programa TORNA P\u00daBLICO o Processo Seletivo para o Exame Nacional de Acesso ao Curso de Mestrado Profissional ...<\/div><div class=\"pt-cv-rmwrap\"><a href=\"https:\/\/www2.unifap.br\/profei\/?p=578\" class=\"_blank pt-cv-readmore btn btn-success\" target=\"_blank\" >Leia Mais<\/a><\/div><div class=\"pt-cv-meta-fields\"><span class=\"entry-date\"> <time datetime=\"2024-10-22T18:23:00-03:00\">22 de outubro de 2024<\/time><\/span><span> \/ <\/span><span class=\"author\"> <a href=\"https:\/\/www2.unifap.br\/profei\/?author=3929\" rel=\"author\">profei<\/a><\/span><\/div><\/div><\/div><\/div>\n<div class=\" pt-cv-content-item pt-cv-2-col\" ><div class=\"pt-cv-thumb-wrapper pull-left \"><a href=\"https:\/\/www2.unifap.br\/profei\/?p=572\" class=\"_blank pt-cv-href-thumbnail pt-cv-thumb-left\" target=\"_blank\" ><img decoding=\"async\" width=\"100\" height=\"109\" src=\"https:\/\/www2.unifap.br\/profei\/files\/2023\/05\/cropped-logo-profei-removebg-preview-100resized.png\" class=\"pt-cv-thumbnail pull-left\" alt=\"\" \/><\/a><\/div>\n<div class=\"pt-cv-remain-wrapper\"><div class=\"pt-cv-colwrap\"><div class=\"pt-cv-taxoterm above_title\"><a href='https:\/\/www2.unifap.br\/profei\/?cat=3' title='Edital' class='pt-cv-tax-edital'>Edital<\/a><\/div><h4 class=\"pt-cv-title\"><a href=\"https:\/\/www2.unifap.br\/profei\/?p=572\" class=\"_blank\" target=\"_blank\" >EDITAL N\u00ba 03\/2024: CREDENCIAMENTO DE DOCENTES<\/a><\/h4><div class=\"pt-cv-content\">O Programa de Mestrado Profissional em Educa\u00e7\u00e3o Inclusiva\/PROFEI, da Universiade Federal do Amap\u00e1\/UNIFAP abre inscri\u00e7\u00f5es para o processo de credenciamento interno de docentes. Edital n\u00ba 03\/2024: Clique aqui Resultado Provis\u00f3rio: Clique aqui Homoga\u00e7\u00e3o do resultado das Inscri\u00e7\u00f5es: Clique aqui Resultado ...<\/div><div class=\"pt-cv-rmwrap\"><a href=\"https:\/\/www2.unifap.br\/profei\/?p=572\" class=\"_blank pt-cv-readmore btn btn-success\" target=\"_blank\" >Leia Mais<\/a><\/div><div class=\"pt-cv-meta-fields\"><span class=\"entry-date\"> <time datetime=\"2024-10-10T13:16:37-03:00\">10 de outubro de 2024<\/time><\/span><span> \/ <\/span><span class=\"author\"> <a href=\"https:\/\/www2.unifap.br\/profei\/?author=3929\" rel=\"author\">profei<\/a><\/span><\/div><\/div><\/div><\/div>\n<div class=\" pt-cv-content-item pt-cv-2-col\" ><div class=\"pt-cv-thumb-wrapper pull-left \"><a href=\"https:\/\/www2.unifap.br\/profei\/?p=565\" class=\"_blank pt-cv-href-thumbnail pt-cv-thumb-left\" target=\"_blank\" ><img decoding=\"async\" width=\"100\" height=\"109\" src=\"https:\/\/www2.unifap.br\/profei\/files\/2023\/05\/cropped-logo-profei-removebg-preview-100resized.png\" class=\"pt-cv-thumbnail pull-left\" alt=\"\" \/><\/a><\/div>\n<div class=\"pt-cv-remain-wrapper\"><div class=\"pt-cv-colwrap\"><div class=\"pt-cv-taxoterm above_title\"><a href='https:\/\/www2.unifap.br\/profei\/?cat=3' title='Edital' class='pt-cv-tax-edital'>Edital<\/a><\/div><h4 class=\"pt-cv-title\"><a href=\"https:\/\/www2.unifap.br\/profei\/?p=565\" class=\"_blank\" target=\"_blank\" >EDITAL N\u00ba 02\/2024: CREDENCIAMENTO DE DOCENTES PARA O PROFEI<\/a><\/h4><div class=\"pt-cv-content\">EDITAL N\u00ba 02\/2024: CREDENCIAMENTO DE DOCENTES PARA O PROGRAMA DE MESTRADO PROFISSIONAL EM EDUCA\u00c7\u00c3O INCLUSIVA (PROFEI): Clique aqui ...<\/div><div class=\"pt-cv-rmwrap\"><a href=\"https:\/\/www2.unifap.br\/profei\/?p=565\" class=\"_blank pt-cv-readmore btn btn-success\" target=\"_blank\" >Leia Mais<\/a><\/div><div class=\"pt-cv-meta-fields\"><span class=\"entry-date\"> <time datetime=\"2024-03-25T13:17:47-03:00\">25 de mar\u00e7o de 2024<\/time><\/span><span> \/ <\/span><span class=\"author\"> <a href=\"https:\/\/www2.unifap.br\/profei\/?author=3929\" rel=\"author\">profei<\/a><\/span><\/div><\/div><\/div><\/div><\/div><\/div>\n<div class=\" pt-cv-pagination-wrapper\"><ul class=\"pt-cv-pagination pt-cv-ajax pagination\" data-totalpages=\"3\" data-currentpage=\"1\" data-sid=\"58b9d20\" data-unid=\"\" data-iselementor=\"58b9d20\" data-postid=\"0\"><li class=\"active\"><a href=\"#\">1<\/a><\/li>\n\t<li ><a class=\"\" href=\"https:\/\/www2.unifap.br\/profei\/index.php\/?_page=2&#038;rest_route=%2Fwp%2Fv2%2Fpages%2F241\">2<\/a><\/li>\n\t<li ><a class=\"\" href=\"https:\/\/www2.unifap.br\/profei\/index.php\/?_page=3&#038;rest_route=%2Fwp%2Fv2%2Fpages%2F241\">3<\/a><\/li>\n\t<li ><a class=\" \" href=\"https:\/\/www2.unifap.br\/profei\/index.php\/?_page=2&#038;rest_route=%2Fwp%2Fv2%2Fpages%2F241\">&rsaquo;<\/a><\/li>\n\t<\/ul><img decoding=\"async\" width=\"15\" height=\"15\" class=\"pt-cv-spinner\" alt=\"Carregando...;\" src=\"data:image\/gif;base64,R0lGODlhDwAPALMPAMrKygwMDJOTkz09PZWVla+vr3p6euTk5M7OzuXl5TMzMwAAAJmZmWZmZszMzP\/\/\/yH\/C05FVFNDQVBFMi4wAwEAAAAh+QQFCgAPACwAAAAADwAPAAAEQvDJaZaZOIcV8iQK8VRX4iTYoAwZ4iCYoAjZ4RxejhVNoT+mRGP4cyF4Pp0N98sBGIBMEMOotl6YZ3S61Bmbkm4mAgAh+QQFCgAPACwAAAAADQANAAAENPDJSRSZeA418itN8QiK8BiLITVsFiyBBIoYqnoewAD4xPw9iY4XLGYSjkQR4UAUD45DLwIAIfkEBQoADwAsAAAAAA8ACQAABC\/wyVlamTi3nSdgwFNdhEJgTJoNyoB9ISYoQmdjiZPcj7EYCAeCF1gEDo4Dz2eIAAAh+QQFCgAPACwCAAAADQANAAAEM\/DJBxiYeLKdX3IJZT1FU0iIg2RNKx3OkZVnZ98ToRD4MyiDnkAh6BkNC0MvsAj0kMpHBAAh+QQFCgAPACwGAAAACQAPAAAEMDC59KpFDll73HkAA2wVY5KgiK5b0RRoI6MuzG6EQqCDMlSGheEhUAgqgUUAFRySIgAh+QQFCgAPACwCAAIADQANAAAEM\/DJKZNLND\/kkKaHc3xk+QAMYDKsiaqmZCxGVjSFFCxB1vwy2oOgIDxuucxAMTAJFAJNBAAh+QQFCgAPACwAAAYADwAJAAAEMNAs86q1yaWwwv2Ig0jUZx3OYa4XoRAfwADXoAwfo1+CIjyFRuEho60aSNYlOPxEAAAh+QQFCgAPACwAAAIADQANAAAENPA9s4y8+IUVcqaWJ4qEQozSoAzoIyhCK2NFU2SJk0hNnyEOhKR2AzAAj4Pj4GE4W0bkJQIAOw==\" \/><div class=\"clear pt-cv-clear-pagination\"><\/div><\/div> <\/div> \t\t\t\t<\/div>\n\t\t\t\t<\/div>\n\t\t\t\t\t<\/div>\n\t\t<\/div>\n\t\t\t\t\t<\/div>\n\t\t<\/section>\n\t\t\t\t<\/div>\n\t\t","protected":false},"excerpt":{"rendered":"<p>Edital EDITAL DE ABERTURA DE INSCRI\u00c7\u00d5ES N\u00ba 08\/2025 (PROFEI) PARA INGRESSO EM 2026 O CONSELHO GESTOR DO PROGRAMA DE P\u00d3S-GRADUA\u00c7\u00c3O EM EDUCA\u00c7\u00c3O INCLUSIVA \u2013 PROFEI no uso de suas atribui\u00e7\u00f5es legais que estabelece o regulamento do Programa TORNA P\u00daBLICO o Processo Seletivo para o Exame Nacional de Acesso ao Curso de Mestrado Profissional &#8230;Leia Mais&#8230;<\/p>\n","protected":false},"author":3929,"featured_media":0,"parent":0,"menu_order":3,"comment_status":"closed","ping_status":"closed","template":"","meta":{"inline_featured_image":false,"site-sidebar-layout":"no-sidebar","site-content-layout":"page-builder","ast-site-content-layout":"default","site-content-style":"default","site-sidebar-style":"default","ast-global-header-display":"","ast-banner-title-visibility":"","ast-main-header-display":"","ast-hfb-above-header-display":"","ast-hfb-below-header-display":"","ast-hfb-mobile-header-display":"","site-post-title":"disabled","ast-breadcrumbs-content":"","ast-featured-img":"disabled","footer-sml-layout":"","theme-transparent-header-meta":"","adv-header-id-meta":"","stick-header-meta":"","header-above-stick-meta":"","header-main-stick-meta":"","header-below-stick-meta":"","astra-migrate-meta-layouts":"default","ast-page-background-enabled":"default","ast-page-background-meta":{"desktop":{"background-color":"var(--ast-global-color-4)","background-image":"","background-repeat":"repeat","background-position":"center center","background-size":"auto","background-attachment":"scroll","background-type":"","background-media":"","overlay-type":"","overlay-color":"","overlay-opacity":"","overlay-gradient":""},"tablet":{"background-color":"","background-image":"","background-repeat":"repeat","background-position":"center center","background-size":"auto","background-attachment":"scroll","background-type":"","background-media":"","overlay-type":"","overlay-color":"","overlay-opacity":"","overlay-gradient":""},"mobile":{"background-color":"","background-image":"","background-repeat":"repeat","background-position":"center center","background-size":"auto","background-attachment":"scroll","background-type":"","background-media":"","overlay-type":"","overlay-color":"","overlay-opacity":"","overlay-gradient":""}},"ast-content-background-meta":{"desktop":{"background-color":"var(--ast-global-color-5)","background-image":"","background-repeat":"repeat","background-position":"center center","background-size":"auto","background-attachment":"scroll","background-type":"","background-media":"","overlay-type":"","overlay-color":"","overlay-opacity":"","overlay-gradient":""},"tablet":{"background-color":"var(--ast-global-color-5)","background-image":"","background-repeat":"repeat","background-position":"center center","background-size":"auto","background-attachment":"scroll","background-type":"","background-media":"","overlay-type":"","overlay-color":"","overlay-opacity":"","overlay-gradient":""},"mobile":{"background-color":"var(--ast-global-color-5)","background-image":"","background-repeat":"repeat","background-position":"center center","background-size":"auto","background-attachment":"scroll","background-type":"","background-media":"","overlay-type":"","overlay-color":"","overlay-opacity":"","overlay-gradient":""}},"ngg_post_thumbnail":0,"footnotes":""},"class_list":["post-241","page","type-page","status-publish","hentry"],"_links":{"self":[{"href":"https:\/\/www2.unifap.br\/profei\/index.php?rest_route=\/wp\/v2\/pages\/241","targetHints":{"allow":["GET"]}}],"collection":[{"href":"https:\/\/www2.unifap.br\/profei\/index.php?rest_route=\/wp\/v2\/pages"}],"about":[{"href":"https:\/\/www2.unifap.br\/profei\/index.php?rest_route=\/wp\/v2\/types\/page"}],"author":[{"embeddable":true,"href":"https:\/\/www2.unifap.br\/profei\/index.php?rest_route=\/wp\/v2\/users\/3929"}],"replies":[{"embeddable":true,"href":"https:\/\/www2.unifap.br\/profei\/index.php?rest_route=%2Fwp%2Fv2%2Fcomments&post=241"}],"version-history":[{"count":121,"href":"https:\/\/www2.unifap.br\/profei\/index.php?rest_route=\/wp\/v2\/pages\/241\/revisions"}],"predecessor-version":[{"id":637,"href":"https:\/\/www2.unifap.br\/profei\/index.php?rest_route=\/wp\/v2\/pages\/241\/revisions\/637"}],"wp:attachment":[{"href":"https:\/\/www2.unifap.br\/profei\/index.php?rest_route=%2Fwp%2Fv2%2Fmedia&parent=241"}],"curies":[{"name":"wp","href":"https:\/\/api.w.org\/{rel}","templated":true}]}}