{"id":31,"date":"2022-02-07T22:34:03","date_gmt":"2022-02-08T00:34:03","guid":{"rendered":"http:\/\/www2.unifap.br\/profei\/?page_id=31"},"modified":"2025-09-08T17:10:01","modified_gmt":"2025-09-08T20:10:01","slug":"instituicoes-associadas","status":"publish","type":"page","link":"https:\/\/www2.unifap.br\/profei\/?page_id=31","title":{"rendered":"Institui\u00e7\u00f5es Associadas"},"content":{"rendered":"<h1>&nbsp;<\/h1>\n<h1>Institui\u00e7\u00f5es Associadas<\/h1>\n<p>&nbsp;<\/p>\n<table border=\"0\">\n<tbody>\n<tr>\n<td colspan=\"2\"><strong>SUL<\/strong><\/td>\n<\/tr>\n<tr>\n<td><strong>Nome IES<\/strong><\/td>\n<td><strong>Contato<\/strong><\/td>\n<\/tr>\n<tr>\n<td><a href=\"http:\/\/www.profei.uem.br\/\" target=\"_blank\" rel=\"noopener noreferrer\">UEM &#8211; UNIVERSIDADE ESTADUAL DE MARING\u00c1<\/a><\/td>\n<td>(44) 3011-4200<\/td>\n<\/tr>\n<tr>\n<td><a href=\"https:\/\/www2.uepg.br\/profei\/\" target=\"_blank\" rel=\"noopener noreferrer\">UEPG &#8211; UNIVERSIDADE ESTADUAL DE PONTA GROSSA<\/a><\/td>\n<td>(42) 3220-3000<\/td>\n<\/tr>\n<tr>\n<td><a href=\"http:\/\/profei.unespar.edu.br\/\" target=\"_blank\" rel=\"noopener noreferrer\">UNESPAR &#8211; UNIVERSIDADE ESTADUAL DO PARAN\u00c1 &#8211; REITORIA<\/a><\/td>\n<td>(44) 3423-8944<\/td>\n<\/tr>\n<tr>\n<td><a href=\"https:\/\/www.udesc.br\/cead\/mestradoprofei\" target=\"_blank\" rel=\"noopener noreferrer\">UDESC &#8211; UNIVERSIDADE DO ESTADO DE SANTA CATARINA<\/a><\/td>\n<td>(48) 3664-8408<\/td>\n<\/tr>\n<tr>\n<td>&nbsp;<\/td>\n<td>&nbsp;<\/td>\n<\/tr>\n<tr>\n<td colspan=\"2\"><strong>SUDESTE<\/strong><\/td>\n<\/tr>\n<tr>\n<td><a href=\"https:\/\/www.fct.unesp.br\/#!\/pos-graduacao\/educacao-inclusiva\/home\/\">UNESP &#8211; UNIVERSIDADE ESTADUAL PAULISTA J\u00daLIO DE MESQUITA FILHO<\/a><\/p>\n<p><a href=\"https:\/\/www.fct.unesp.br\/#!\/pos-graduacao\/educacao-inclusiva\/home\/\">(PRESIDENTE PRUDENTE)<\/a><\/td>\n<td>(18) 3229-5388<\/td>\n<\/tr>\n<tr>\n<td><a href=\"https:\/\/www.unifesp.br\/\" target=\"_blank\" rel=\"noopener noreferrer\">UNIFESP &#8211; UNIVERSIDADE FEDERAL DE S\u00c3O PAULO<\/a><\/td>\n<td>(11) 3385-4111<\/td>\n<\/tr>\n<tr>\n<td>&nbsp;<\/td>\n<td>&nbsp;<\/td>\n<\/tr>\n<tr>\n<td colspan=\"2\"><strong>NORDESTE<\/strong><\/td>\n<\/tr>\n<tr>\n<td><a href=\"https:\/\/mestradoprofei.uemanet.net\/\" target=\"_blank\" rel=\"noopener noreferrer\">UEMA &#8211; UNIVERSIDADE ESTADUAL DO MARANH\u00c3O<\/a><\/td>\n<td>(98) 2106-8981<\/td>\n<\/tr>\n<tr>\n<td><a href=\"https:\/\/proreitorias.uepb.edu.br\/prpgp\/pos-graduacao\/\" target=\"_blank\" rel=\"noopener noreferrer\">UEPB &#8211; UNIVERSIDADE ESTADUAL DA PARA\u00cdBA<\/a><\/td>\n<td>(83) 3344-5307<\/td>\n<\/tr>\n<tr>\n<td><a href=\"http:\/\/upe.br\/matanorte\/mestrado-profissional-em-educacao-inclusiva-profei\" target=\"_blank\" rel=\"noopener noreferrer\">UPE &#8211; UNIVERSIDADE DE PERNAMBUCO<\/a><\/td>\n<td>(81) 3633-4615<\/td>\n<\/tr>\n<tr>\n<td>&nbsp;<\/td>\n<td>&nbsp;<\/td>\n<\/tr>\n<tr>\n<td colspan=\"2\"><strong>NORTE<\/strong><\/td>\n<\/tr>\n<tr>\n<td><a href=\"https:\/\/profei.unifesspa.edu.br\/\" target=\"_blank\" rel=\"noopener noreferrer\">UNIFESSPA &#8211; UNIVERSIDADE FEDERAL DO SUL E SUDESTE DO PAR\u00c1<\/a><\/td>\n<td>(91) 9929-60121<\/td>\n<\/tr>\n<tr>\n<td><a href=\"https:\/\/ufrr.br\/pos-graduacao\" target=\"_blank\" rel=\"noopener noreferrer\">UFRR &#8211; UNIVERSIDADE FEDERAL DE RORAIMA<\/a><\/td>\n<td>profei.rr@ufrr.br<\/td>\n<\/tr>\n<tr>\n<td><a href=\"http:\/\/www.unifap.br\/pesquisa\/\" target=\"_blank\" rel=\"noopener noreferrer\">UNIFAP &#8211; UNIVERSIDADE FEDERAL DO AMAP\u00c1<\/a><\/td>\n<td>selma@unifap.br<\/td>\n<\/tr>\n<tr>\n<td>&nbsp;<\/td>\n<td>&nbsp;<\/td>\n<\/tr>\n<tr>\n<td colspan=\"2\"><strong>CENTRO-OESTE<\/strong><\/td>\n<\/tr>\n<tr>\n<td><a href=\"https:\/\/sigaa.unemat.br\/sigaa\/public\/programa\/apresentacao.jsf?lc=pt_BR&amp;id=677\" target=\"_blank\" rel=\"noopener noreferrer\">UNEMAT &#8211; UNIVERSIDADE DO ESTADO DE MATO GROSSO<\/a><\/td>\n<td>(66) 3511-2137<\/td>\n<\/tr>\n<tr>\n<td><a href=\"https:\/\/www.ufmt.br\/curso\/profei\" target=\"_blank\" rel=\"noopener noreferrer\">UFMT &#8211; UNIVERSIDADE FEDRAL DO MATO GROSSO<\/a><\/td>\n<td>profei.ie@ufmt.br<\/td>\n<\/tr>\n<\/tbody>\n<\/table>\n","protected":false},"excerpt":{"rendered":"<p>&nbsp; Institui\u00e7\u00f5es Associadas &nbsp; SUL Nome IES Contato UEM &#8211; UNIVERSIDADE ESTADUAL DE MARING\u00c1 (44) 3011-4200 UEPG &#8211; UNIVERSIDADE ESTADUAL DE PONTA GROSSA (42) 3220-3000 UNESPAR &#8211; UNIVERSIDADE ESTADUAL DO PARAN\u00c1 &#8211; REITORIA (44) 3423-8944 UDESC &#8211; UNIVERSIDADE DO ESTADO DE SANTA CATARINA (48) 3664-8408 &nbsp; &nbsp; SUDESTE UNESP &#8211; UNIVERSIDADE ESTADUAL PAULISTA J\u00daLIO DE&#8230;<\/p>\n","protected":false},"author":3929,"featured_media":0,"parent":288,"menu_order":5,"comment_status":"closed","ping_status":"closed","template":"elementor_header_footer","meta":{"inline_featured_image":false,"site-sidebar-layout":"default","site-content-layout":"default","ast-site-content-layout":"default","site-content-style":"default","site-sidebar-style":"default","ast-global-header-display":"","ast-banner-title-visibility":"","ast-main-header-display":"","ast-hfb-above-header-display":"","ast-hfb-below-header-display":"","ast-hfb-mobile-header-display":"","site-post-title":"","ast-breadcrumbs-content":"","ast-featured-img":"","footer-sml-layout":"","theme-transparent-header-meta":"default","adv-header-id-meta":"","stick-header-meta":"","header-above-stick-meta":"","header-main-stick-meta":"","header-below-stick-meta":"","astra-migrate-meta-layouts":"set","ast-page-background-enabled":"default","ast-page-background-meta":{"desktop":{"background-color":"var(--ast-global-color-4)","background-image":"","background-repeat":"repeat","background-position":"center center","background-size":"auto","background-attachment":"scroll","background-type":"","background-media":"","overlay-type":"","overlay-color":"","overlay-opacity":"","overlay-gradient":""},"tablet":{"background-color":"","background-image":"","background-repeat":"repeat","background-position":"center center","background-size":"auto","background-attachment":"scroll","background-type":"","background-media":"","overlay-type":"","overlay-color":"","overlay-opacity":"","overlay-gradient":""},"mobile":{"background-color":"","background-image":"","background-repeat":"repeat","background-position":"center center","background-size":"auto","background-attachment":"scroll","background-type":"","background-media":"","overlay-type":"","overlay-color":"","overlay-opacity":"","overlay-gradient":""}},"ast-content-background-meta":{"desktop":{"background-color":"var(--ast-global-color-5)","background-image":"","background-repeat":"repeat","background-position":"center center","background-size":"auto","background-attachment":"scroll","background-type":"","background-media":"","overlay-type":"","overlay-color":"","overlay-opacity":"","overlay-gradient":""},"tablet":{"background-color":"var(--ast-global-color-5)","background-image":"","background-repeat":"repeat","background-position":"center center","background-size":"auto","background-attachment":"scroll","background-type":"","background-media":"","overlay-type":"","overlay-color":"","overlay-opacity":"","overlay-gradient":""},"mobile":{"background-color":"var(--ast-global-color-5)","background-image":"","background-repeat":"repeat","background-position":"center center","background-size":"auto","background-attachment":"scroll","background-type":"","background-media":"","overlay-type":"","overlay-color":"","overlay-opacity":"","overlay-gradient":""}},"ngg_post_thumbnail":0,"footnotes":""},"class_list":["post-31","page","type-page","status-publish","hentry"],"_links":{"self":[{"href":"https:\/\/www2.unifap.br\/profei\/index.php?rest_route=\/wp\/v2\/pages\/31","targetHints":{"allow":["GET"]}}],"collection":[{"href":"https:\/\/www2.unifap.br\/profei\/index.php?rest_route=\/wp\/v2\/pages"}],"about":[{"href":"https:\/\/www2.unifap.br\/profei\/index.php?rest_route=\/wp\/v2\/types\/page"}],"author":[{"embeddable":true,"href":"https:\/\/www2.unifap.br\/profei\/index.php?rest_route=\/wp\/v2\/users\/3929"}],"replies":[{"embeddable":true,"href":"https:\/\/www2.unifap.br\/profei\/index.php?rest_route=%2Fwp%2Fv2%2Fcomments&post=31"}],"version-history":[{"count":4,"href":"https:\/\/www2.unifap.br\/profei\/index.php?rest_route=\/wp\/v2\/pages\/31\/revisions"}],"predecessor-version":[{"id":729,"href":"https:\/\/www2.unifap.br\/profei\/index.php?rest_route=\/wp\/v2\/pages\/31\/revisions\/729"}],"up":[{"embeddable":true,"href":"https:\/\/www2.unifap.br\/profei\/index.php?rest_route=\/wp\/v2\/pages\/288"}],"wp:attachment":[{"href":"https:\/\/www2.unifap.br\/profei\/index.php?rest_route=%2Fwp%2Fv2%2Fmedia&parent=31"}],"curies":[{"name":"wp","href":"https:\/\/api.w.org\/{rel}","templated":true}]}}