{"id":44,"date":"2022-02-07T22:57:31","date_gmt":"2022-02-08T00:57:31","guid":{"rendered":"http:\/\/www2.unifap.br\/profei\/?page_id=44"},"modified":"2025-09-08T17:08:29","modified_gmt":"2025-09-08T20:08:29","slug":"area-de-concentracao","status":"publish","type":"page","link":"https:\/\/www2.unifap.br\/profei\/?page_id=44","title":{"rendered":"\u00c1rea de Concentra\u00e7\u00e3o"},"content":{"rendered":"<h1>&nbsp;<\/h1>\n<h1>\u00c1rea de Concentra\u00e7\u00e3o<\/h1>\n<p>&nbsp;<\/p>\n<p>Educa\u00e7\u00e3o Inclusiva: A forma\u00e7\u00e3o proposta ser\u00e1 articulada com a necessidade de que a escola crie uma cultura inclusiva, uma vez que a escola inclusiva n\u00e3o \u00e9 feita de boas inten\u00e7\u00f5es, mas sim de a\u00e7\u00f5es concretas e planejadas. Os profissionais precisam envolver-se em um projeto coletivo, que passa por uma reformula\u00e7\u00e3o do espa\u00e7o escolar como um todo, desde o espa\u00e7o f\u00edsico, a din\u00e2mica e manejo de sala de aula, passando por curr\u00edculo, metodologia e estrat\u00e9gia de ensino, formas e crit\u00e9rios de avalia\u00e7\u00e3o e a pr\u00f3pria gest\u00e3o escolar<\/p>\n","protected":false},"excerpt":{"rendered":"<p>&nbsp; \u00c1rea de Concentra\u00e7\u00e3o &nbsp; Educa\u00e7\u00e3o Inclusiva: A forma\u00e7\u00e3o proposta ser\u00e1 articulada com a necessidade de que a escola crie uma cultura inclusiva, uma vez que a escola inclusiva n\u00e3o \u00e9 feita de boas inten\u00e7\u00f5es, mas sim de a\u00e7\u00f5es concretas e planejadas. Os profissionais precisam envolver-se em um projeto coletivo, que passa por uma reformula\u00e7\u00e3o&#8230;<\/p>\n","protected":false},"author":3929,"featured_media":0,"parent":288,"menu_order":0,"comment_status":"closed","ping_status":"closed","template":"elementor_header_footer","meta":{"inline_featured_image":false,"site-sidebar-layout":"default","site-content-layout":"default","ast-site-content-layout":"default","site-content-style":"default","site-sidebar-style":"default","ast-global-header-display":"","ast-banner-title-visibility":"","ast-main-header-display":"","ast-hfb-above-header-display":"","ast-hfb-below-header-display":"","ast-hfb-mobile-header-display":"","site-post-title":"","ast-breadcrumbs-content":"","ast-featured-img":"","footer-sml-layout":"","theme-transparent-header-meta":"default","adv-header-id-meta":"","stick-header-meta":"","header-above-stick-meta":"","header-main-stick-meta":"","header-below-stick-meta":"","astra-migrate-meta-layouts":"set","ast-page-background-enabled":"default","ast-page-background-meta":{"desktop":{"background-color":"var(--ast-global-color-4)","background-image":"","background-repeat":"repeat","background-position":"center center","background-size":"auto","background-attachment":"scroll","background-type":"","background-media":"","overlay-type":"","overlay-color":"","overlay-opacity":"","overlay-gradient":""},"tablet":{"background-color":"","background-image":"","background-repeat":"repeat","background-position":"center center","background-size":"auto","background-attachment":"scroll","background-type":"","background-media":"","overlay-type":"","overlay-color":"","overlay-opacity":"","overlay-gradient":""},"mobile":{"background-color":"","background-image":"","background-repeat":"repeat","background-position":"center center","background-size":"auto","background-attachment":"scroll","background-type":"","background-media":"","overlay-type":"","overlay-color":"","overlay-opacity":"","overlay-gradient":""}},"ast-content-background-meta":{"desktop":{"background-color":"var(--ast-global-color-5)","background-image":"","background-repeat":"repeat","background-position":"center center","background-size":"auto","background-attachment":"scroll","background-type":"","background-media":"","overlay-type":"","overlay-color":"","overlay-opacity":"","overlay-gradient":""},"tablet":{"background-color":"var(--ast-global-color-5)","background-image":"","background-repeat":"repeat","background-position":"center center","background-size":"auto","background-attachment":"scroll","background-type":"","background-media":"","overlay-type":"","overlay-color":"","overlay-opacity":"","overlay-gradient":""},"mobile":{"background-color":"var(--ast-global-color-5)","background-image":"","background-repeat":"repeat","background-position":"center center","background-size":"auto","background-attachment":"scroll","background-type":"","background-media":"","overlay-type":"","overlay-color":"","overlay-opacity":"","overlay-gradient":""}},"ngg_post_thumbnail":0,"footnotes":""},"class_list":["post-44","page","type-page","status-publish","hentry"],"_links":{"self":[{"href":"https:\/\/www2.unifap.br\/profei\/index.php?rest_route=\/wp\/v2\/pages\/44","targetHints":{"allow":["GET"]}}],"collection":[{"href":"https:\/\/www2.unifap.br\/profei\/index.php?rest_route=\/wp\/v2\/pages"}],"about":[{"href":"https:\/\/www2.unifap.br\/profei\/index.php?rest_route=\/wp\/v2\/types\/page"}],"author":[{"embeddable":true,"href":"https:\/\/www2.unifap.br\/profei\/index.php?rest_route=\/wp\/v2\/users\/3929"}],"replies":[{"embeddable":true,"href":"https:\/\/www2.unifap.br\/profei\/index.php?rest_route=%2Fwp%2Fv2%2Fcomments&post=44"}],"version-history":[{"count":6,"href":"https:\/\/www2.unifap.br\/profei\/index.php?rest_route=\/wp\/v2\/pages\/44\/revisions"}],"predecessor-version":[{"id":733,"href":"https:\/\/www2.unifap.br\/profei\/index.php?rest_route=\/wp\/v2\/pages\/44\/revisions\/733"}],"up":[{"embeddable":true,"href":"https:\/\/www2.unifap.br\/profei\/index.php?rest_route=\/wp\/v2\/pages\/288"}],"wp:attachment":[{"href":"https:\/\/www2.unifap.br\/profei\/index.php?rest_route=%2Fwp%2Fv2%2Fmedia&parent=44"}],"curies":[{"name":"wp","href":"https:\/\/api.w.org\/{rel}","templated":true}]}}