{"id":49,"date":"2022-02-07T23:00:48","date_gmt":"2022-02-08T01:00:48","guid":{"rendered":"http:\/\/www2.unifap.br\/profei\/?page_id=49"},"modified":"2025-09-08T17:09:44","modified_gmt":"2025-09-08T20:09:44","slug":"regularmentos-e-normas","status":"publish","type":"page","link":"https:\/\/www2.unifap.br\/profei\/?page_id=49","title":{"rendered":"Regularmentos e Normas"},"content":{"rendered":"<h2>&nbsp;<\/h2>\n<h1 id=\"h2NomePagina\">Regularmentos e Normas<\/h1>\n<h2>&nbsp;<\/h2>\n<h4>Regimento Geral PROFEI<\/h4>\n<p>&nbsp;<\/p>\n<p><a title=\"portarias-207-2020.pdf\" href=\"https:\/\/www.fct.unesp.br\/Home\/Pos_Graduacao\/-educacaoinclusiva\/portarias-207-2020.pdf\">1. Portaria N\u00ba 207\/2020<\/a><\/p>\n<p><a title=\"portaria-n-485-de-14-de-maio-de-2020-portaria-n-485-de-14-de-maio-de-2020-dou-imprensa-nacional.pdf\" href=\"https:\/\/www.fct.unesp.br\/Home\/Pos_Graduacao\/-educacaoinclusiva\/portaria-n-485-de-14-de-maio-de-2020-portaria-n-485-de-14-de-maio-de-2020-dou-imprensa-nacional.pdf\">2. Portaria N\u00b0 485\/2020<\/a><\/p>\n<p><a title=\"resolucao_33_2019_cria_profei1.pdf\" href=\"https:\/\/www.fct.unesp.br\/Home\/Pos_Graduacao\/-educacaoinclusiva\/resolucao_33_2019_cria_profei1.pdf\">3. Resolu\u00e7\u00e3o N\u00b0 33\/2019<\/a><\/p>\n<p><a title=\"regimento_curso_apcn.pdf\" href=\"https:\/\/www.fct.unesp.br\/Home\/Pos_Graduacao\/-educacaoinclusiva\/regimento_curso_apcn.pdf\">4. Regimento Geral<\/a><\/p>\n<h4>&nbsp;<\/h4>\n<h4 id=\"h2NomePagina\">Instru\u00e7\u00f5es Normativas PROFEI<\/h4>\n<p>&nbsp;<\/p>\n<div id=\"idCorpo\">\n<div class=\"wrapper-conteudo-corpo\">\n<div class=\"wrapper-conteudo-tinymce\">\n<p><a title=\"instrucao-normativa-01-concessao-de-bolsas.pdf\" href=\"https:\/\/www.fct.unesp.br\/Home\/Pos_Graduacao\/-educacaoinclusiva\/instrucao-normativa-01-concessao-de-bolsas.pdf\" target=\"_blank\" rel=\"noopener noreferrer\">1. Instru\u00e7\u00e3o Normativa 01\/2020 &#8211; NORMAS PARA CONCESS\u00c3O DE BOLSAS CAPES<\/a><\/p>\n<p><a title=\"instrucao-normativa-02-credenciamento-de-docentes.pdf\" href=\"https:\/\/www.fct.unesp.br\/Home\/Pos_Graduacao\/-educacaoinclusiva\/instrucao-normativa-02-credenciamento-de-docentes.pdf\" target=\"_blank\" rel=\"noopener noreferrer\">2. Instru\u00e7\u00e3o Normativa 02\/2020 &#8211; NORMAS PARA O CREDENCIAMENTO DE PROFESSORES<\/a><\/p>\n<p><a title=\"normativa-03-2021-exame_proficiencia_lingua_estrangeira.pdf\" href=\"https:\/\/www.fct.unesp.br\/Home\/Pos_Graduacao\/-educacaoinclusiva\/normativa-03-2021-exame_proficiencia_lingua_estrangeira.pdf\" target=\"_blank\" rel=\"noopener noreferrer\">3. Instru\u00e7\u00e3o Normativa 03\/2021 &#8211;&nbsp;NORMAS PARA O EXAME DE PROFICI\u00caNCIA EM L\u00cdNGUA ESTRANGEIRA<\/a><\/p>\n<p><a title=\"normativa_04_2021_tfc.pdf\" href=\"https:\/\/www.fct.unesp.br\/Home\/Pos_Graduacao\/-educacaoinclusiva\/normativa_04_2021_tfc.pdf\">4. Instru\u00e7\u00e3o Normativa 04\/2021 &#8211; ORIENTA\u00c7\u00d5ES PARA O TRABALHO FINAL DE CURSO<\/a><\/p>\n<p><a title=\"normativa_05_2021_vfinal_2.pdf\" href=\"https:\/\/www.fct.unesp.br\/Home\/Pos_Graduacao\/-educacaoinclusiva\/normativa_05_2021_vfinal_2.pdf\">5. Instru\u00e7\u00e3o Normativa 05\/2021 &#8211; REGULAMENTO SOBRE AS ATIVIDADES COMPLEMENTARES<\/a><\/p>\n<p><a title=\"normativa_08_2021.pdf\" href=\"https:\/\/www.fct.unesp.br\/Home\/Pos_Graduacao\/-educacaoinclusiva\/normativa_08_2021.pdf\">6. Instru\u00e7\u00e3o Normativa 08\/2021 &#8211; ORIENTA\u00c7\u00d5ES PARA ATUALIZA\u00c7\u00c3O\/CADASTRO PLATAFORMA SUCUPIRA<\/a><\/p>\n<\/div>\n<\/div>\n<\/div>\n<div>\n<div id=\"idCorpoRodape\" class=\"corpo_rodape\">&nbsp;<\/div>\n<\/div>\n","protected":false},"excerpt":{"rendered":"<p>&nbsp; Regularmentos e Normas &nbsp; Regimento Geral PROFEI &nbsp; 1. Portaria N\u00ba 207\/2020 2. Portaria N\u00b0 485\/2020 3. Resolu\u00e7\u00e3o N\u00b0 33\/2019 4. Regimento Geral &nbsp; Instru\u00e7\u00f5es Normativas PROFEI &nbsp; 1. Instru\u00e7\u00e3o Normativa 01\/2020 &#8211; NORMAS PARA CONCESS\u00c3O DE BOLSAS CAPES 2. Instru\u00e7\u00e3o Normativa 02\/2020 &#8211; NORMAS PARA O CREDENCIAMENTO DE PROFESSORES 3. Instru\u00e7\u00e3o Normativa 03\/2021&#8230;<\/p>\n","protected":false},"author":3929,"featured_media":0,"parent":288,"menu_order":3,"comment_status":"closed","ping_status":"closed","template":"elementor_header_footer","meta":{"inline_featured_image":false,"site-sidebar-layout":"default","site-content-layout":"default","ast-site-content-layout":"default","site-content-style":"default","site-sidebar-style":"default","ast-global-header-display":"","ast-banner-title-visibility":"","ast-main-header-display":"","ast-hfb-above-header-display":"","ast-hfb-below-header-display":"","ast-hfb-mobile-header-display":"","site-post-title":"","ast-breadcrumbs-content":"","ast-featured-img":"","footer-sml-layout":"","theme-transparent-header-meta":"default","adv-header-id-meta":"","stick-header-meta":"","header-above-stick-meta":"","header-main-stick-meta":"","header-below-stick-meta":"","astra-migrate-meta-layouts":"set","ast-page-background-enabled":"default","ast-page-background-meta":{"desktop":{"background-color":"var(--ast-global-color-4)","background-image":"","background-repeat":"repeat","background-position":"center center","background-size":"auto","background-attachment":"scroll","background-type":"","background-media":"","overlay-type":"","overlay-color":"","overlay-opacity":"","overlay-gradient":""},"tablet":{"background-color":"","background-image":"","background-repeat":"repeat","background-position":"center center","background-size":"auto","background-attachment":"scroll","background-type":"","background-media":"","overlay-type":"","overlay-color":"","overlay-opacity":"","overlay-gradient":""},"mobile":{"background-color":"","background-image":"","background-repeat":"repeat","background-position":"center center","background-size":"auto","background-attachment":"scroll","background-type":"","background-media":"","overlay-type":"","overlay-color":"","overlay-opacity":"","overlay-gradient":""}},"ast-content-background-meta":{"desktop":{"background-color":"var(--ast-global-color-5)","background-image":"","background-repeat":"repeat","background-position":"center center","background-size":"auto","background-attachment":"scroll","background-type":"","background-media":"","overlay-type":"","overlay-color":"","overlay-opacity":"","overlay-gradient":""},"tablet":{"background-color":"var(--ast-global-color-5)","background-image":"","background-repeat":"repeat","background-position":"center center","background-size":"auto","background-attachment":"scroll","background-type":"","background-media":"","overlay-type":"","overlay-color":"","overlay-opacity":"","overlay-gradient":""},"mobile":{"background-color":"var(--ast-global-color-5)","background-image":"","background-repeat":"repeat","background-position":"center center","background-size":"auto","background-attachment":"scroll","background-type":"","background-media":"","overlay-type":"","overlay-color":"","overlay-opacity":"","overlay-gradient":""}},"ngg_post_thumbnail":0,"footnotes":""},"class_list":["post-49","page","type-page","status-publish","hentry"],"_links":{"self":[{"href":"https:\/\/www2.unifap.br\/profei\/index.php?rest_route=\/wp\/v2\/pages\/49","targetHints":{"allow":["GET"]}}],"collection":[{"href":"https:\/\/www2.unifap.br\/profei\/index.php?rest_route=\/wp\/v2\/pages"}],"about":[{"href":"https:\/\/www2.unifap.br\/profei\/index.php?rest_route=\/wp\/v2\/types\/page"}],"author":[{"embeddable":true,"href":"https:\/\/www2.unifap.br\/profei\/index.php?rest_route=\/wp\/v2\/users\/3929"}],"replies":[{"embeddable":true,"href":"https:\/\/www2.unifap.br\/profei\/index.php?rest_route=%2Fwp%2Fv2%2Fcomments&post=49"}],"version-history":[{"count":4,"href":"https:\/\/www2.unifap.br\/profei\/index.php?rest_route=\/wp\/v2\/pages\/49\/revisions"}],"predecessor-version":[{"id":738,"href":"https:\/\/www2.unifap.br\/profei\/index.php?rest_route=\/wp\/v2\/pages\/49\/revisions\/738"}],"up":[{"embeddable":true,"href":"https:\/\/www2.unifap.br\/profei\/index.php?rest_route=\/wp\/v2\/pages\/288"}],"wp:attachment":[{"href":"https:\/\/www2.unifap.br\/profei\/index.php?rest_route=%2Fwp%2Fv2%2Fmedia&parent=49"}],"curies":[{"name":"wp","href":"https:\/\/api.w.org\/{rel}","templated":true}]}}