{"id":10,"date":"2016-04-06T19:51:29","date_gmt":"2016-04-06T19:51:29","guid":{"rendered":"http:\/\/www2.unifap.br\/profhistoria\/?page_id=10"},"modified":"2018-06-21T03:07:14","modified_gmt":"2018-06-21T03:07:14","slug":"processo-seletivo","status":"publish","type":"page","link":"https:\/\/www2.unifap.br\/profhistoria\/processo-seletivo-2\/processo-seletivo\/","title":{"rendered":"PROCESSO SELETIVO 2016"},"content":{"rendered":"<ul>\n<li><strong>Informa\u00e7\u00f5es Gerais<\/strong><\/li>\n<\/ul>\n<p>Inscri\u00e7\u00f5es: de 07.04 a 22.05.2016<\/p>\n<p>Pagamento da taxa de inscri\u00e7\u00e3o: at\u00e9 23.05.2016<\/p>\n<p>Entrega da documenta\u00e7\u00e3o para an\u00e1lise de cota (candidatos UERJ e UNEB): at\u00e9 23.05.2016<\/p>\n<p>&#8211; Requisitos para ingresso:<br \/>\na) ser portador de diploma de curso superior de licenciatura, devidamente registrado no Minist\u00e9rio da Educa\u00e7\u00e3o;<br \/>\nb) atuar como professor de Hist\u00f3ria em qualquer ano da Educa\u00e7\u00e3o B\u00e1sica (Ensino Fundamental e Ensino M\u00e9dio).<\/p>\n<ul>\n<li><strong>Sobre o PROFHIST\u00d3RIA<\/strong><\/li>\n<\/ul>\n<p>O ProfHist\u00f3ria, programa de p\u00f3s-gradua\u00e7\u00e3o stricto sensu em Ensino de Hist\u00f3ria, reconhecido pela Coordena\u00e7\u00e3o de Aperfei\u00e7oamento de Pessoal de N\u00edvel Superior (CAPES) do Minist\u00e9rio da Educa\u00e7\u00e3o, visa \u00e0 forma\u00e7\u00e3o continuada do docente em Hist\u00f3ria que atua na Educa\u00e7\u00e3o B\u00e1sica, propiciando qualifica\u00e7\u00e3o certificada para o exerc\u00edcio da profiss\u00e3o.<\/p>\n<p align=\"justify\">O ProfHist\u00f3ria, que conduz ao t\u00edtulo de Mestre em Ensino de Hist\u00f3ria, \u00e9 um curso presencial, com oferta simult\u00e2nea nacional, coordenado pela Universidade Federal do Rio de Janeiro (UFRJ).<\/p>\n<ul>\n<li><strong>Edital<\/strong><\/li>\n<\/ul>\n<p><a href=\"http:\/\/www2.unifap.br\/profhistoria\/files\/2016\/04\/EDITAL-ProfHistoria-2016.pdf\">EDITAL ProfHistoria 2016<\/a><\/p>\n<p><a href=\"http:\/\/www2.unifap.br\/profhistoria\/files\/2016\/04\/ANEXO-1-QUADRO-DE-VAGAS.pdf\">ANEXO 1 &#8211; QUADRO DE VAGAS<\/a><\/p>\n<p><a href=\"http:\/\/www2.unifap.br\/profhistoria\/files\/2016\/04\/ANEXO-2-CALENDARIO.pdf\">ANEXO 2 &#8211; CALENDARIO<\/a><\/p>\n<p><a href=\"http:\/\/www2.unifap.br\/profhistoria\/files\/2016\/04\/ANEXO-3-CONTEUDO-PROGRAMATICO.pdf\">ANEXO 3 &#8211; CONTEUDO PROGRAMATICO<\/a><\/p>\n<p>INCRI\u00c7\u00d5ES<a href=\"http:\/\/www.vestibular.uerj.br\/concurso.php\">\u00a0<\/a>ENCERRADAS<\/p>\n<p><a href=\"http:\/\/www2.unifap.br\/profhistoria\/files\/2016\/04\/GABARITO.pdf\">GABARITO<\/a><\/p>\n<p><a href=\"http:\/\/www2.unifap.br\/profhistoria\/files\/2016\/04\/PROVA_ProfHist.pdf\">PROVA_ProfHist<\/a><\/p>\n<p><a href=\"http:\/\/profhistoria.uerj.br\/recurso\/#\/\">RECURSO<\/a><\/p>\n<p>&nbsp;<\/p>\n<p>Link para acesso a p\u00e1gina principal:\u00a0<a href=\"http:\/\/www.profhistoria.uerj.br\/\">http:\/\/www.profhistoria.uerj.br\/<\/a><\/p>\n","protected":false},"excerpt":{"rendered":"<p>Informa\u00e7\u00f5es Gerais Inscri\u00e7\u00f5es: de 07.04 a 22.05.2016 Pagamento da taxa de inscri\u00e7\u00e3o: at\u00e9 23.05.2016 Entrega da documenta\u00e7\u00e3o para an\u00e1lise de cota (candidatos UERJ e UNEB): at\u00e9 23.05.2016 &#8211; Requisitos para ingresso: a) ser portador de diploma de curso superior de&hellip; <\/p>\n<p><a href=\"https:\/\/www2.unifap.br\/profhistoria\/processo-seletivo-2\/processo-seletivo\/\" class=\"readmore-button\">Continue Reading<\/a><\/p>\n","protected":false},"author":883,"featured_media":0,"parent":44,"menu_order":0,"comment_status":"open","ping_status":"closed","template":"","meta":{"inline_featured_image":false,"ngg_post_thumbnail":0,"footnotes":""},"class_list":["post-10","page","type-page","status-publish","hentry"],"_links":{"self":[{"href":"https:\/\/www2.unifap.br\/profhistoria\/wp-json\/wp\/v2\/pages\/10","targetHints":{"allow":["GET"]}}],"collection":[{"href":"https:\/\/www2.unifap.br\/profhistoria\/wp-json\/wp\/v2\/pages"}],"about":[{"href":"https:\/\/www2.unifap.br\/profhistoria\/wp-json\/wp\/v2\/types\/page"}],"author":[{"embeddable":true,"href":"https:\/\/www2.unifap.br\/profhistoria\/wp-json\/wp\/v2\/users\/883"}],"replies":[{"embeddable":true,"href":"https:\/\/www2.unifap.br\/profhistoria\/wp-json\/wp\/v2\/comments?post=10"}],"version-history":[{"count":13,"href":"https:\/\/www2.unifap.br\/profhistoria\/wp-json\/wp\/v2\/pages\/10\/revisions"}],"predecessor-version":[{"id":244,"href":"https:\/\/www2.unifap.br\/profhistoria\/wp-json\/wp\/v2\/pages\/10\/revisions\/244"}],"up":[{"embeddable":true,"href":"https:\/\/www2.unifap.br\/profhistoria\/wp-json\/wp\/v2\/pages\/44"}],"wp:attachment":[{"href":"https:\/\/www2.unifap.br\/profhistoria\/wp-json\/wp\/v2\/media?parent=10"}],"curies":[{"name":"wp","href":"https:\/\/api.w.org\/{rel}","templated":true}]}}