{"id":201,"date":"2017-08-16T18:19:47","date_gmt":"2017-08-16T18:19:47","guid":{"rendered":"http:\/\/www2.unifap.br\/profhistoria\/?page_id=201"},"modified":"2018-06-21T03:16:14","modified_gmt":"2018-06-21T03:16:14","slug":"processo-seletivo-2017","status":"publish","type":"page","link":"https:\/\/www2.unifap.br\/profhistoria\/processo-seletivo-2\/processo-seletivo-2017\/","title":{"rendered":"PROCESSO SELETIVO 2018"},"content":{"rendered":"<p>Para acessar os documentos relativos ao Edital de Sele\u00e7\u00e3o de 2017 do PROFHIST\u00d3RIA, acesse o link abaixo<\/p>\n<p><a href=\"http:\/\/www.profhistoria.uerj.br\/\">http:\/\/www.profhistoria.uerj.br\/<\/a><\/p>\n","protected":false},"excerpt":{"rendered":"<p>Para acessar os documentos relativos ao Edital de Sele\u00e7\u00e3o de 2017 do PROFHIST\u00d3RIA, acesse o link abaixo http:\/\/www.profhistoria.uerj.br\/<\/p>\n","protected":false},"author":930,"featured_media":0,"parent":44,"menu_order":1,"comment_status":"open","ping_status":"closed","template":"","meta":{"inline_featured_image":false,"ngg_post_thumbnail":0,"footnotes":""},"class_list":["post-201","page","type-page","status-publish","hentry"],"_links":{"self":[{"href":"https:\/\/www2.unifap.br\/profhistoria\/wp-json\/wp\/v2\/pages\/201","targetHints":{"allow":["GET"]}}],"collection":[{"href":"https:\/\/www2.unifap.br\/profhistoria\/wp-json\/wp\/v2\/pages"}],"about":[{"href":"https:\/\/www2.unifap.br\/profhistoria\/wp-json\/wp\/v2\/types\/page"}],"author":[{"embeddable":true,"href":"https:\/\/www2.unifap.br\/profhistoria\/wp-json\/wp\/v2\/users\/930"}],"replies":[{"embeddable":true,"href":"https:\/\/www2.unifap.br\/profhistoria\/wp-json\/wp\/v2\/comments?post=201"}],"version-history":[{"count":5,"href":"https:\/\/www2.unifap.br\/profhistoria\/wp-json\/wp\/v2\/pages\/201\/revisions"}],"predecessor-version":[{"id":245,"href":"https:\/\/www2.unifap.br\/profhistoria\/wp-json\/wp\/v2\/pages\/201\/revisions\/245"}],"up":[{"embeddable":true,"href":"https:\/\/www2.unifap.br\/profhistoria\/wp-json\/wp\/v2\/pages\/44"}],"wp:attachment":[{"href":"https:\/\/www2.unifap.br\/profhistoria\/wp-json\/wp\/v2\/media?parent=201"}],"curies":[{"name":"wp","href":"https:\/\/api.w.org\/{rel}","templated":true}]}}