{"id":261,"date":"2018-07-19T19:02:12","date_gmt":"2018-07-19T19:02:12","guid":{"rendered":"http:\/\/www2.unifap.br\/profhistoria\/?page_id=261"},"modified":"2021-04-02T00:14:19","modified_gmt":"2021-04-02T00:14:19","slug":"disciplinas-2o-semestre-de-2018","status":"publish","type":"page","link":"https:\/\/www2.unifap.br\/profhistoria\/calendario-de-disciplinas\/disciplinas-2o-semestre-de-2018\/","title":{"rendered":"Disciplinas do Semestre 2018.02"},"content":{"rendered":"<p align=\"center\"><b>DISCIPLINAS SEMESTRE 2018.02<\/b><\/p>\n<p>&nbsp;<\/p>\n<p>TURMA: 2018.01<\/p>\n<table border=\"1\" cellspacing=\"0\" cellpadding=\"0\">\n<tbody>\n<tr>\n<td valign=\"top\" width=\"108\">TURNO<\/td>\n<td valign=\"top\" width=\"100\">Segunda-feira<\/td>\n<td valign=\"top\" width=\"85\">Ter\u00e7a-feira<\/td>\n<td valign=\"top\" width=\"94\">Quarta-feira<\/td>\n<td valign=\"top\" width=\"95\">Quinta-feira<\/td>\n<td valign=\"top\" width=\"100\">Sexta-feira<\/td>\n<td valign=\"top\" width=\"95\">S\u00e1bado<\/td>\n<\/tr>\n<tr>\n<td valign=\"top\" width=\"108\">Manh\u00e3&nbsp;<\/p>\n<p>&nbsp;<\/p>\n<p>&nbsp;<\/td>\n<td valign=\"top\" width=\"100\">&nbsp;<\/p>\n<p>&nbsp;<\/p>\n<p>&nbsp;<\/p>\n<p>&nbsp;<\/td>\n<td valign=\"top\" width=\"85\">&nbsp;<\/td>\n<td valign=\"top\" width=\"94\">&nbsp;<\/td>\n<td valign=\"top\" width=\"95\">&nbsp;<\/td>\n<td valign=\"top\" width=\"100\">&nbsp;<\/td>\n<td valign=\"top\" width=\"95\">&nbsp;<\/td>\n<\/tr>\n<tr>\n<td valign=\"top\" width=\"108\">Tarde&nbsp;<\/p>\n<p>&nbsp;<\/p>\n<p>&nbsp;<\/td>\n<td valign=\"top\" width=\"100\">&nbsp;<\/td>\n<td valign=\"top\" width=\"85\">&nbsp;<\/td>\n<td valign=\"top\" width=\"94\">&nbsp;<\/td>\n<td valign=\"top\" width=\"95\">T\u00d3PICOS TEM\u00c1TICOS DE ENSINO DE HIST\u00d3RIA I: METODOLOGIA NO ENSINO DE HIST\u00d3RIA: O PESQUISADOR-PROFESSOR E O PROFESSOR-PESQUISADOR<\/td>\n<td valign=\"top\" width=\"100\">&nbsp;<\/td>\n<td valign=\"top\" width=\"95\">SEMIN\u00c1RIO DE PESQUISA<\/td>\n<\/tr>\n<tr>\n<td valign=\"top\" width=\"108\">Noite&nbsp;<\/p>\n<p>&nbsp;<\/p>\n<p>&nbsp;<\/p>\n<p>&nbsp;<\/td>\n<td valign=\"top\" width=\"100\">&nbsp;<\/td>\n<td valign=\"top\" width=\"85\">&nbsp;<\/td>\n<td valign=\"top\" width=\"94\">&nbsp;<\/td>\n<td valign=\"top\" width=\"95\">T\u00d3PICOS TEM\u00c1TICOS DE ENSINO DE HIST\u00d3RIA III:&nbsp;ENSINO DE HIST\u00d3RIA E RELIGI\u00d5ES<\/td>\n<td valign=\"top\" width=\"100\">&nbsp;<\/td>\n<td valign=\"top\" width=\"95\">&nbsp;<\/td>\n<\/tr>\n<\/tbody>\n<\/table>\n<p>&nbsp;<\/p>\n<p>&nbsp;<\/p>\n<table border=\"1\" cellspacing=\"0\" cellpadding=\"0\">\n<tbody>\n<tr>\n<td valign=\"top\" width=\"338\"><b>Disciplinas Obrigat\u00f3rias <\/b><\/td>\n<td valign=\"top\" width=\"338\"><b>Docente<\/b><\/td>\n<\/tr>\n<tr>\n<td valign=\"top\" width=\"338\">SEMIN\u00c1RIO DE PESQUISA<\/td>\n<td valign=\"top\" width=\"338\">Prof. Sidney Lobato<\/td>\n<\/tr>\n<tr>\n<td valign=\"top\" width=\"338\">&nbsp;<\/td>\n<td valign=\"top\" width=\"338\">&nbsp;<\/td>\n<\/tr>\n<tr>\n<td valign=\"top\" width=\"338\">&nbsp;<\/td>\n<td valign=\"top\" width=\"338\">&nbsp;<\/td>\n<\/tr>\n<tr>\n<td valign=\"top\" width=\"338\"><b>Disciplinas Optativas<\/b><\/td>\n<td valign=\"top\" width=\"338\"><b>Docente<\/b><\/td>\n<\/tr>\n<tr>\n<td valign=\"top\" width=\"338\">METODOLOGIA NO ENSINO DE HIST\u00d3RIA: O PESQUISADOR-PROFESSOR E O PROFESSOR-PESQUISADOR<\/td>\n<td valign=\"top\" width=\"338\">Prof. Giovani Jos\u00e9 da Silva<\/td>\n<\/tr>\n<tr>\n<td valign=\"top\" width=\"338\">ENSINO DE HIST\u00d3RIA E RELIGI\u00d5ES<\/td>\n<td valign=\"top\" width=\"338\">Prof. Marcos Vinicius Freitas<\/td>\n<\/tr>\n<\/tbody>\n<\/table>\n<p>&nbsp;<\/p>\n","protected":false},"excerpt":{"rendered":"<p>DISCIPLINAS SEMESTRE 2018.02 &nbsp; TURMA: 2018.01 TURNO Segunda-feira Ter\u00e7a-feira Quarta-feira Quinta-feira Sexta-feira S\u00e1bado Manh\u00e3&nbsp; &nbsp; &nbsp; &nbsp; &nbsp; &nbsp; &nbsp; &nbsp; &nbsp; &nbsp; &nbsp; &nbsp; Tarde&nbsp; &nbsp; &nbsp; &nbsp; &nbsp; &nbsp; T\u00d3PICOS TEM\u00c1TICOS DE ENSINO DE HIST\u00d3RIA I: METODOLOGIA NO&hellip; <\/p>\n<p><a href=\"https:\/\/www2.unifap.br\/profhistoria\/calendario-de-disciplinas\/disciplinas-2o-semestre-de-2018\/\" class=\"readmore-button\">Continue Reading<\/a><\/p>\n","protected":false},"author":930,"featured_media":0,"parent":174,"menu_order":1,"comment_status":"open","ping_status":"open","template":"","meta":{"inline_featured_image":false,"ngg_post_thumbnail":0,"footnotes":""},"class_list":["post-261","page","type-page","status-publish","hentry"],"_links":{"self":[{"href":"https:\/\/www2.unifap.br\/profhistoria\/wp-json\/wp\/v2\/pages\/261","targetHints":{"allow":["GET"]}}],"collection":[{"href":"https:\/\/www2.unifap.br\/profhistoria\/wp-json\/wp\/v2\/pages"}],"about":[{"href":"https:\/\/www2.unifap.br\/profhistoria\/wp-json\/wp\/v2\/types\/page"}],"author":[{"embeddable":true,"href":"https:\/\/www2.unifap.br\/profhistoria\/wp-json\/wp\/v2\/users\/930"}],"replies":[{"embeddable":true,"href":"https:\/\/www2.unifap.br\/profhistoria\/wp-json\/wp\/v2\/comments?post=261"}],"version-history":[{"count":4,"href":"https:\/\/www2.unifap.br\/profhistoria\/wp-json\/wp\/v2\/pages\/261\/revisions"}],"predecessor-version":[{"id":679,"href":"https:\/\/www2.unifap.br\/profhistoria\/wp-json\/wp\/v2\/pages\/261\/revisions\/679"}],"up":[{"embeddable":true,"href":"https:\/\/www2.unifap.br\/profhistoria\/wp-json\/wp\/v2\/pages\/174"}],"wp:attachment":[{"href":"https:\/\/www2.unifap.br\/profhistoria\/wp-json\/wp\/v2\/media?parent=261"}],"curies":[{"name":"wp","href":"https:\/\/api.w.org\/{rel}","templated":true}]}}