{"id":418,"date":"2019-11-10T20:44:56","date_gmt":"2019-11-10T20:44:56","guid":{"rendered":"http:\/\/www2.unifap.br\/profhistoria\/?page_id=418"},"modified":"2019-11-24T22:22:31","modified_gmt":"2019-11-24T22:22:31","slug":"ii-encontro-de-ensino-de-historia","status":"publish","type":"page","link":"https:\/\/www2.unifap.br\/profhistoria\/eventos\/ii-encontro-de-ensino-de-historia\/","title":{"rendered":"II Encontro de Ensino de Hist\u00f3ria"},"content":{"rendered":"<p style=\"text-align: center\"><strong>II Encontro de Ensino de Hist\u00f3ria \u2013 ProfHist\u00f3ria &#8211; UNIFAP<\/strong><\/p>\n<p style=\"text-align: center\">Dias 04, 05 e 06 de dezembro de 2019<\/p>\n<p style=\"text-align: center\">Universidade Federal do Amap\u00e1 \u2013 Marco Zero<\/p>\n<p>\u00c9 com muita satisfa\u00e7\u00e3o de informamos a realiza\u00e7\u00e3o do II Encontro de Ensino de Hist\u00f3ria \u2013 ProfHist\u00f3ria &#8211; UNIFAP.&nbsp; O Encontro visa fomentar o di\u00e1logo e a aproxima\u00e7\u00e3o entre a Educa\u00e7\u00e3o Superior e a Ensino B\u00e1sico atrav\u00e9s da participa\u00e7\u00e3o de pesquisadores, docentes do ensino fundamental e m\u00e9dio, estudantes de gradua\u00e7\u00e3o e p\u00f3s-gradua\u00e7\u00e3o, al\u00e9m de interessados\u2215as na \u00e1rea.<\/p>\n<p><strong>1.Cronograma geral:<\/strong><\/p>\n<table>\n<tbody>\n<tr>\n<td width=\"233\">&nbsp;<\/td>\n<td width=\"233\">04\u221512\u22152019<\/td>\n<td width=\"233\">05\u221512\u22152019<\/td>\n<td width=\"233\">06\u221512\u22152019<\/td>\n<\/tr>\n<tr>\n<td width=\"233\">Manh\u00e3<\/td>\n<td width=\"233\">Credenciamento<\/p>\n<p>&nbsp;<\/td>\n<td width=\"233\">Credenciamento<\/p>\n<p>&nbsp;<\/p>\n<p>Minicurso<\/p>\n<p>&nbsp;<\/td>\n<td width=\"233\">Credenciamento<\/p>\n<p>&nbsp;<\/p>\n<p>Minicurso<\/p>\n<p>&nbsp;<\/td>\n<\/tr>\n<tr>\n<td width=\"233\">Tarde<\/td>\n<td width=\"233\">Relatos de Experi\u00eancia no Ensino B\u00e1sico.<\/p>\n<p>&nbsp;<\/td>\n<td width=\"233\">Simp\u00f3sios Tem\u00e1ticos<\/td>\n<td width=\"233\">Simp\u00f3sios Tem\u00e1ticos<\/td>\n<\/tr>\n<tr>\n<td width=\"233\">Noite<\/td>\n<td width=\"233\">Confer\u00eancia de abertura<\/p>\n<p>&nbsp;<\/p>\n<p><em>\u201cHist\u00f3ria do ensino de hist\u00f3ria: por que(m) e para que(m)?\u201d<\/em><\/p>\n<p>Dra. Margarida Dias de Oliveira (UFRN)<\/p>\n<p><em>&nbsp;<\/em><\/td>\n<td width=\"233\">Lan\u00e7amento de Livros<\/p>\n<p>&nbsp;<\/p>\n<p>Relatos de Experi\u00eancia no Ensino B\u00e1sico.<\/p>\n<p>&nbsp;<\/td>\n<td width=\"233\">Confer\u00eancia de Encerramento<\/p>\n<p>&nbsp;<\/p>\n<p><em>&#8220;Livro did\u00e1tico, por que n\u00e3o?\u201d<\/em><\/p>\n<p>Prof. Dr. Kazumi Munakata (PUC-SP)<\/td>\n<\/tr>\n<\/tbody>\n<\/table>\n<p><em>O cronograma completo ser\u00e1 divulgado em breve.<\/em>&nbsp;<\/p>\n<p>&nbsp;<\/p>\n<p><strong>2.Normas para o envio de resumo para apresenta\u00e7\u00e3o de comunica\u00e7\u00e3o oral:<\/strong><\/p>\n<p>O resumo deve conter no m\u00ednimo 150 e no m\u00e1ximo 300 palavras, sem par\u00e1grafos e sem cita\u00e7\u00f5es bibliogr\u00e1ficas. Informar no m\u00ednimo tr\u00eas palavras-chave. Prepare o trabalho em um editor de textos Word com fonte Times New Roman, tamanho 12, espa\u00e7amento entre linhas 1,5 em todo o texto, papel tamanho A4, margens superior e esquerda 3,0 cm, inferior e direita de 2,0 cm. O resumo pode ser escrito em portugu\u00eas, espanhol ou ingl\u00eas. O t\u00edtulo deve ser escrito com letras mai\u00fasculas e em negrito (exceto nomes cient\u00edficos, que devem ser em it\u00e1lico). E-mail: informar e-mail dos autores e v\u00ednculo institucional. As propostas de comunica\u00e7\u00e3o devem ser enviadas por email com o t\u00edtulo &#8220;Submiss\u00e3o de comunica\u00e7\u00e3o oral&#8221; at\u00e9 o dia 22 de novembro de 2019 para: <a href=\"mailto:profhistoriaunifap@yahoo.com\">profhistoriaunifap@yahoo.com<\/a><\/p>\n<p>N\u00e3o ser\u00e3o cobradas taxas.<\/p>\n<p><strong>3.Normas para inscri\u00e7\u00e3o de ouvintes:&nbsp;<\/strong><\/p>\n<p>Enviar nome completo por email com o t\u00edtulo &#8220;ouvinte&#8221; para:&nbsp;<a href=\"mailto:profhistoriaunifap@yahoo.com\">profhistoriaunifap@yahoo.com<\/a><\/p>\n<p>N\u00e3o ser\u00e3o cobradas taxas para emiss\u00e3o de certificado digital.&nbsp;<\/p>\n<p><strong>4.Normas para inscri\u00e7\u00e3o em minicurso:&nbsp;<\/strong><\/p>\n<p>Enviar nome completo por email com o t\u00edtulo &#8220;Inscri\u00e7\u00e3o Minicurso (n\u00famero do minicurso)&#8221; para:&nbsp;<a href=\"mailto:profhistoriaunifap@yahoo.com\">profhistoriaunifap@yahoo.com<\/a><\/p>\n<p>N\u00e3o ser\u00e3o cobradas taxas para participa\u00e7\u00e3o e emiss\u00e3o de certificado digital.&nbsp;<\/p>\n<p><strong>4.1 &#8211; Minicurso 01:<\/strong>&nbsp;<strong>Patrim\u00f4nio Cultural: formas de apresenta\u00e7\u00e3o, formas de preserva\u00e7\u00e3o.<\/strong><\/p>\n<p><em>&nbsp;<\/em><em>Prof. Dr. Almir F\u00e9lix Batista de Oliveira<\/em><\/p>\n<p><strong>Vagas:<\/strong> 30&nbsp;<\/p>\n<p><strong><u>Ementa:<\/u><\/strong><\/p>\n<p>O patrim\u00f4nio cultural brasileiro; Os \u00faltimos 20 anos de preserva\u00e7\u00e3o do patrim\u00f4nio cultural brasileiro; O patrim\u00f4nio cultural brasileiro e o ensino de hist\u00f3ria; O patrim\u00f4nio cultural brasileiro e o livro did\u00e1tico de hist\u00f3ria; O patrim\u00f4nio cultural brasileiro e o turismo.<\/p>\n<p><strong><u>Objetivos:<\/u><\/strong><\/p>\n<p>1-Discutir como se conforma o patrim\u00f4nio cultural brasileiro;<\/p>\n<p>2-Analisar os \u00faltimos 20 anos de preserva\u00e7\u00e3o do patrim\u00f4nio cultural brasileiro;<\/p>\n<p>3-Problematizar algumas formas de apresenta\u00e7\u00e3o e formas de preserva\u00e7\u00e3o do patrim\u00f4nio cultural brasileiro.<\/p>\n<p><strong>4.2 &#8211; Minicurso 02:<\/strong>&nbsp;&nbsp;<strong>Imagina\u00e7\u00e3o espacial e ensino de hist\u00f3ria local<\/strong><\/p>\n<p><em>Prof. Dr.&nbsp;Sidney Lobato&nbsp;<\/em><\/p>\n<p><strong>Vagas:<\/strong> 30&nbsp;<\/p>\n<p><strong><u>Ementa:&nbsp;<\/u><\/strong><\/p>\n<p>O que pode significar \u201clocal\u201d no ensino de hist\u00f3ria local. Formas de imagina\u00e7\u00e3o espacial. Imagens e aprendizagem hist\u00f3rica. An\u00e1lises de mapas e fotografias na sala de aula. Transforma\u00e7\u00f5es na imagina\u00e7\u00e3o espacial de Macap\u00e1: temas e quest\u00f5es para o ensino de hist\u00f3ria local.<\/p>\n<p><strong><u>Objetivos:<\/u><\/strong><\/p>\n<p>Familiarizar professores e estudantes com ferramentas te\u00f3ricas (pressupostos, conceitos e hip\u00f3teses) e metodol\u00f3gicas (fontes, m\u00e9todos e t\u00e9cnicas) que possibilitam a abordagem das transforma\u00e7\u00f5es espaciais locais no Ensino de Hist\u00f3ria.<\/p>\n<p><strong>4.3 \u2013 Minicurso 03:<\/strong>&nbsp;<strong>Ensino de Hist\u00f3ria e Teatro<\/strong><\/p>\n<p><em>Prof. Dr.&nbsp;Giovani Jos\u00e9 da Silva<\/em><\/p>\n<p><strong>Vagas:<\/strong>&nbsp;30&nbsp;<\/p>\n<p><strong><u>Ementa:&nbsp;<\/u><\/strong><\/p>\n<p>O que \u00e9 o Teatro do Oprimido, de Augusto Boal. T\u00e9cnicas do Teatro Jornal. Rela\u00e7\u00f5es entre o Teatro do Oprimido e a obra de Paulo Freire (especialmente a Pedagogia do Oprimido). Emancipa\u00e7\u00e3o, Heteronomia, Autonomia: discutindo conceitos a partir das rela\u00e7\u00f5es entre aluno\/ professor \u2013 entre o ser aut\u00f4mato e o ser aut\u00f4nomo.<\/p>\n<p><strong><u>Objetivos:<\/u><\/strong><\/p>\n<p>Familiarizar professores e estudantes com ferramentas te\u00f3ricas e metodol\u00f3gicas sobre o Teatro do Oprimido, de Augusto Boal, relacionando-a \u00e0 obra de Paulo Freire, na qual se inspira, estabelecendo interfaces com o Ensino de Hist\u00f3ria. Apresentar a proposta de Boal, emancipat\u00f3ria por excel\u00eancia, que auxilia professores e alunos a encontrar, em sala de aula, caminhos pedag\u00f3gicos que partam da heteronomia para a autonomia de pensamento-a\u00e7\u00e3o.<\/p>\n","protected":false},"excerpt":{"rendered":"<p>II Encontro de Ensino de Hist\u00f3ria \u2013 ProfHist\u00f3ria &#8211; UNIFAP Dias 04, 05 e 06 de dezembro de 2019 Universidade Federal do Amap\u00e1 \u2013 Marco Zero \u00c9 com muita satisfa\u00e7\u00e3o de informamos a realiza\u00e7\u00e3o do II Encontro de Ensino de&hellip; <\/p>\n<p><a href=\"https:\/\/www2.unifap.br\/profhistoria\/eventos\/ii-encontro-de-ensino-de-historia\/\" class=\"readmore-button\">Continue Reading<\/a><\/p>\n","protected":false},"author":930,"featured_media":0,"parent":344,"menu_order":0,"comment_status":"closed","ping_status":"closed","template":"","meta":{"inline_featured_image":false,"ngg_post_thumbnail":0,"footnotes":""},"class_list":["post-418","page","type-page","status-publish","hentry"],"_links":{"self":[{"href":"https:\/\/www2.unifap.br\/profhistoria\/wp-json\/wp\/v2\/pages\/418","targetHints":{"allow":["GET"]}}],"collection":[{"href":"https:\/\/www2.unifap.br\/profhistoria\/wp-json\/wp\/v2\/pages"}],"about":[{"href":"https:\/\/www2.unifap.br\/profhistoria\/wp-json\/wp\/v2\/types\/page"}],"author":[{"embeddable":true,"href":"https:\/\/www2.unifap.br\/profhistoria\/wp-json\/wp\/v2\/users\/930"}],"replies":[{"embeddable":true,"href":"https:\/\/www2.unifap.br\/profhistoria\/wp-json\/wp\/v2\/comments?post=418"}],"version-history":[{"count":5,"href":"https:\/\/www2.unifap.br\/profhistoria\/wp-json\/wp\/v2\/pages\/418\/revisions"}],"predecessor-version":[{"id":429,"href":"https:\/\/www2.unifap.br\/profhistoria\/wp-json\/wp\/v2\/pages\/418\/revisions\/429"}],"up":[{"embeddable":true,"href":"https:\/\/www2.unifap.br\/profhistoria\/wp-json\/wp\/v2\/pages\/344"}],"wp:attachment":[{"href":"https:\/\/www2.unifap.br\/profhistoria\/wp-json\/wp\/v2\/media?parent=418"}],"curies":[{"name":"wp","href":"https:\/\/api.w.org\/{rel}","templated":true}]}}