{"id":50,"date":"2016-04-12T19:48:41","date_gmt":"2016-04-12T19:48:41","guid":{"rendered":"http:\/\/www2.unifap.br\/profhistoria\/?page_id=50"},"modified":"2025-01-24T10:57:20","modified_gmt":"2025-01-24T10:57:20","slug":"apresentacao","status":"publish","type":"page","link":"https:\/\/www2.unifap.br\/profhistoria\/apresentacao\/","title":{"rendered":"APRESENTA\u00c7\u00c3O"},"content":{"rendered":"<p><a href=\"http:\/\/www2.unifap.br\/profhistoria\/files\/2016\/04\/BNN-800_B1.jpg\"><img decoding=\"async\" class=\"alignleft size-full wp-image-27\" src=\"http:\/\/www2.unifap.br\/profhistoria\/files\/2016\/04\/BNN-800_B1.jpg\" alt=\"BNN-800_B\" width=\"447\" height=\"100\" srcset=\"https:\/\/www2.unifap.br\/profhistoria\/files\/2016\/04\/BNN-800_B1.jpg 447w, https:\/\/www2.unifap.br\/profhistoria\/files\/2016\/04\/BNN-800_B1-300x67.jpg 300w\" sizes=\"(max-width: 447px) 100vw, 447px\" \/><\/a><\/p>\n<p>&nbsp;<\/p>\n<p>&nbsp;<\/p>\n<p>&nbsp;<\/p>\n<p>&nbsp;<\/p>\n<p>O Programa de Mestrado e Doutorado Profissional em Hist\u00f3ria (ProfHist\u00f3ria), oferecido em rede nacional, \u00e9 um curso presencial que conta com a participa\u00e7\u00e3o de Institui\u00e7\u00f5es de Ensino Superior, &nbsp;coordenado pela Universidade Federal do Rio de Janeiro. Este Programa tem alcance nacional e objetiva, a m\u00e9dio prazo, ser um instrumento importante de forma\u00e7\u00e3o continuada dos professores da Educa\u00e7\u00e3o B\u00e1sica brasileira, que atuam na disciplina escolar Hist\u00f3ria.<\/p>\n<p>A escolha da Universidade Federal do Rio de Janeiro deve-se a sua experi\u00eancia na participa\u00e7\u00e3o em formas associativas de p\u00f3s-gradua\u00e7\u00e3o, a&nbsp; exemplo de v\u00e1rios MINTERs e DINTERs PRONEXs, PROCADs etc. Al\u00e9m disso, participam do projeto docentes vinculados a tr\u00eas programas de&nbsp;p\u00f3s-gradua\u00e7\u00e3o da universidade, sendo dois em Hist\u00f3ria e um em Educa\u00e7\u00e3o.<\/p>\n","protected":false},"excerpt":{"rendered":"<p>&nbsp; &nbsp; &nbsp; &nbsp; O Programa de Mestrado e Doutorado Profissional em Hist\u00f3ria (ProfHist\u00f3ria), oferecido em rede nacional, \u00e9 um curso presencial que conta com a participa\u00e7\u00e3o de Institui\u00e7\u00f5es de Ensino Superior, &nbsp;coordenado pela Universidade Federal do Rio de Janeiro.&hellip; <\/p>\n<p><a href=\"https:\/\/www2.unifap.br\/profhistoria\/apresentacao\/\" class=\"readmore-button\">Continue Reading<\/a><\/p>\n","protected":false},"author":881,"featured_media":0,"parent":0,"menu_order":0,"comment_status":"open","ping_status":"open","template":"","meta":{"inline_featured_image":false,"ngg_post_thumbnail":0,"footnotes":""},"class_list":["post-50","page","type-page","status-publish","hentry"],"_links":{"self":[{"href":"https:\/\/www2.unifap.br\/profhistoria\/wp-json\/wp\/v2\/pages\/50","targetHints":{"allow":["GET"]}}],"collection":[{"href":"https:\/\/www2.unifap.br\/profhistoria\/wp-json\/wp\/v2\/pages"}],"about":[{"href":"https:\/\/www2.unifap.br\/profhistoria\/wp-json\/wp\/v2\/types\/page"}],"author":[{"embeddable":true,"href":"https:\/\/www2.unifap.br\/profhistoria\/wp-json\/wp\/v2\/users\/881"}],"replies":[{"embeddable":true,"href":"https:\/\/www2.unifap.br\/profhistoria\/wp-json\/wp\/v2\/comments?post=50"}],"version-history":[{"count":5,"href":"https:\/\/www2.unifap.br\/profhistoria\/wp-json\/wp\/v2\/pages\/50\/revisions"}],"predecessor-version":[{"id":1054,"href":"https:\/\/www2.unifap.br\/profhistoria\/wp-json\/wp\/v2\/pages\/50\/revisions\/1054"}],"wp:attachment":[{"href":"https:\/\/www2.unifap.br\/profhistoria\/wp-json\/wp\/v2\/media?parent=50"}],"curies":[{"name":"wp","href":"https:\/\/api.w.org\/{rel}","templated":true}]}}