{"id":529,"date":"2021-02-15T18:54:21","date_gmt":"2021-02-15T18:54:21","guid":{"rendered":"http:\/\/www2.unifap.br\/profhistoria\/?page_id=529"},"modified":"2024-01-23T18:43:49","modified_gmt":"2024-01-23T18:43:49","slug":"docente","status":"publish","type":"page","link":"https:\/\/www2.unifap.br\/profhistoria\/docente\/","title":{"rendered":"CORPO DOCENTE"},"content":{"rendered":"<p><a href=\"http:\/\/www2.unifap.br\/profhistoria\/files\/2023\/02\/IMG-20230203-WA0029.jpg\"><img fetchpriority=\"high\" decoding=\"async\" class=\"wp-image-915 alignleft\" src=\"http:\/\/www2.unifap.br\/profhistoria\/files\/2023\/02\/IMG-20230203-WA0029.jpg\" alt=\"\" width=\"234\" height=\"257\"><\/a><\/p>\n<p><strong>Prof Dr Alder de Sousa Dias<\/strong><\/p>\n<p><strong>Curr\u00edculo Lattes<\/strong>:&nbsp;<strong><a href=\"http:\/\/lattes.cnpq.br\/9065211816414800\">http:\/\/lattes.cnpq.br\/9065211816414800<\/a><\/strong><\/p>\n<p><strong>Temas de pesquisa<\/strong>: Ensino de Hist\u00f3ria; Educa\u00e7\u00e3o popular;&nbsp; Pedagogia e did\u00e1tica&nbsp;decolonial; Forma\u00e7\u00e3o de professores.<\/p>\n<p><strong>E-mail: alderdiass@yahoo.com.br<\/strong><\/p>\n<p>&nbsp;<\/p>\n<p>&nbsp;<\/p>\n<p>================================================================================<\/p>\n<p><a href=\"http:\/\/www2.unifap.br\/profhistoria\/files\/2021\/02\/alexandre-1.jpg\"><img decoding=\"async\" class=\"wp-image-568 alignleft\" src=\"http:\/\/www2.unifap.br\/profhistoria\/files\/2021\/02\/alexandre-1-150x150.jpg\" alt=\"\" width=\"240\" height=\"240\" srcset=\"https:\/\/www2.unifap.br\/profhistoria\/files\/2021\/02\/alexandre-1-150x150.jpg 150w, https:\/\/www2.unifap.br\/profhistoria\/files\/2021\/02\/alexandre-1-70x70.jpg 70w\" sizes=\"(max-width: 240px) 100vw, 240px\" \/><\/a><strong>Prof Dr Alexandre Guilherme da Cruz Alves Junior<\/strong><\/p>\n<p><strong>Curr\u00edculo Lattes<\/strong>:<strong>&nbsp;<a href=\"http:\/\/lattes.cnpq.br\/1735802582338351\">http:\/\/lattes.cnpq.br\/1735802582338351<\/a><\/strong><\/p>\n<p><strong>Temas de pesquisa<\/strong>: Hist\u00f3ria Intelectual, Institui\u00e7\u00f5es e Culturas pol\u00edticas nas Am\u00e9ricas; Hist\u00f3ria Contempor\u00e2nea dos Estados Unidos; Rela\u00e7\u00f5es Interamericanas; Hist\u00f3ria e Cinema; Identidades Nacionais nas Am\u00e9ricas e Ensino de Hist\u00f3ria.<\/p>\n<p><strong>E-mail: alexandrecruzunifap@gmail.com<\/strong><\/p>\n<p>&nbsp;<\/p>\n<p>================================================================================<\/p>\n<p><img decoding=\"async\" class=\"alignleft\" src=\"http:\/\/www2.unifap.br\/profhistoria\/files\/2021\/02\/Andrius-150x150.jpg\" width=\"247\" height=\"247\"><\/p>\n<p><strong>Prof Dr <\/strong><strong>Andrius Estevam Noronha<\/strong><\/p>\n<p><strong>Curr\u00edculo Lattes<\/strong>:&nbsp;<strong><a href=\"http:\/\/lattes.cnpq.br\/4662671081661224\">http:\/\/lattes.cnpq.br\/8201491923978973<\/a><\/strong><\/p>\n<p><strong>Temas de&nbsp;pesquisa<\/strong>: Hist\u00f3ria e Pol\u00edtica; Ensino de Hist\u00f3ria Moderna; Hist\u00f3ria Social das Elites; Hist\u00f3ria da Religi\u00e3o e Religiosidade; Imigra\u00e7\u00e3o Europeia; Hist\u00f3ria regional e local; Hist\u00f3ria da Amaz\u00f4nia Colonial; Metodologia da Pesquisa com \u00eanfase em Paleografia e Prosopografia.&nbsp;<\/p>\n<p><strong>E-mail: andriusds@hotmail.com<\/strong><\/p>\n<p>&nbsp;<\/p>\n<p>&nbsp;<\/p>\n<p>================================================================================<\/p>\n<p><img loading=\"lazy\" decoding=\"async\" class=\"alignleft\" src=\"http:\/\/www2.unifap.br\/profhistoria\/files\/2021\/02\/Antonio-150x150.jpg\" width=\"246\" height=\"246\"><\/p>\n<p>&nbsp;<\/p>\n<p><strong>Prof&nbsp;<\/strong><strong>&nbsp;Dr Antonio Carlos Sardinha<\/strong><\/p>\n<p><strong>Curr\u00edculo Lattes<\/strong>:&nbsp;<strong><a href=\"http:\/\/lattes.cnpq.br\/8522818562933819\">http:\/\/lattes.cnpq.br\/8522818562933819<\/a><\/strong><\/p>\n<p><strong>Temas de&nbsp;pesquisa<\/strong>: Ensino de Hist\u00f3ria; Comunica\u00e7\u00e3o e Estudos de Cultura na interface com Quest\u00f5es de G\u00eanero\/Sexualidade e Pol\u00edticas P\u00fablicas.<\/p>\n<p><strong>E-mail: sardinhajor@yahoo.com.br<\/strong><\/p>\n<p>&nbsp;<\/p>\n<p>&nbsp;<\/p>\n<p>================================================================================<\/p>\n<p><a href=\"http:\/\/www2.unifap.br\/profhistoria\/files\/2023\/02\/Foto-Site-2023.jpeg\"><img loading=\"lazy\" decoding=\"async\" class=\"wp-image-909 alignleft\" src=\"http:\/\/www2.unifap.br\/profhistoria\/files\/2023\/02\/Foto-Site-2023.jpeg\" alt=\"\" width=\"212\" height=\"283\"><\/a><\/p>\n<p><strong>Profa Dra Carina Santos Almeida<br \/>\n<\/strong><\/p>\n<div>&nbsp;<\/div>\n<div><strong>Curr\u00edculo Lattes<\/strong>: <strong><a href=\"http:\/\/lattes.cnpq.br\/4662671081661224\">http:\/\/lattes.cnpq.br\/4662671081661224<\/a><\/strong><\/div>\n<div>&nbsp;<\/div>\n<div><b>Temas de pesquisa<\/b>:<\/div>\n<div>\n<div><span style=\"font-family: arial, sans-serif\">Ensino de Hist\u00f3ria Ind\u00edgena; Hist\u00f3ria Oral; Hist\u00f3ria Ind\u00edgena e do Indigenismo; Ag\u00eancias Ind\u00edgenas e Indigenistas (per\u00edodo republicano); Movimento Ind\u00edgena; Educa\u00e7\u00e3o Escolar entre povos ind\u00edgenas; Educa\u00e7\u00e3o Escolar Ind\u00edgena.<\/span><\/div>\n<div><span style=\"font-family: arial, sans-serif\"><strong>E-mail: carina_almaid@yahoo.com.br<\/strong><\/span><\/div>\n<div>&nbsp;<\/div>\n<\/div>\n<p>================================================================================<\/p>\n<p><a href=\"http:\/\/www2.unifap.br\/profhistoria\/files\/2023\/02\/20211231_190551.jpg\"><img loading=\"lazy\" decoding=\"async\" class=\"wp-image-907 alignleft\" src=\"http:\/\/www2.unifap.br\/profhistoria\/files\/2023\/02\/20211231_190551.jpg\" alt=\"\" width=\"235\" height=\"176\"><\/a><strong>Profa Dra Ana Cristina Rocha Silva<\/strong><\/p>\n<p><strong>Curr\u00edculo Lattes<\/strong>: <a title=\"Endere\u00e7o para acessar este CV:\" href=\"https:\/\/wwws.cnpq.br\/cvlattesweb\/PKG_MENU.menu?f_cod=AA4DEFE661581C4C62ECE2916DCAEF92#\" target=\"_blank\" rel=\"noopener\" data-saferedirecturl=\"https:\/\/www.google.com\/url?q=https:\/\/wwws.cnpq.br\/cvlattesweb\/PKG_MENU.menu?f_cod%3DAA4DEFE661581C4C62ECE2916DCAEF92%23&amp;source=gmail&amp;ust=1675515827636000&amp;usg=AOvVaw0DI12Q_g-78YJbc3mrcpyr\"><b>https:\/\/lattes.cnpq.br\/1459668482119185<\/b><\/a><\/p>\n<div><b>Temas de pesquisa<\/b>: Ensino de Hist\u00f3ria; Patrim\u00f4nio cultural e suas conex\u00f5es com as pol\u00edticas p\u00fablicas e o desenvolvimento; Patrim\u00f4nio arqueol\u00f3gico e comunidades na Amaz\u00f4nia; Patrim\u00f4nio, mem\u00f3ria e ensino.<\/div>\n<div><strong>E-mail: tinaunifap@gmail.com<\/strong><\/div>\n<div>&nbsp;<\/div>\n<p>================================================================================<\/p>\n<p><a href=\"http:\/\/www2.unifap.br\/profhistoria\/files\/2021\/02\/Carmentila-scaled.jpg\"><img loading=\"lazy\" decoding=\"async\" class=\" wp-image-571 alignleft\" src=\"http:\/\/www2.unifap.br\/profhistoria\/files\/2021\/02\/Carmentila-150x150.jpg\" alt=\"\" width=\"253\" height=\"253\" srcset=\"https:\/\/www2.unifap.br\/profhistoria\/files\/2021\/02\/Carmentila-150x150.jpg 150w, https:\/\/www2.unifap.br\/profhistoria\/files\/2021\/02\/Carmentila-70x70.jpg 70w\" sizes=\"(max-width: 253px) 100vw, 253px\" \/><\/a><strong>Prof<sup>a<\/sup> Dra Carmentilla das Chagas Martins<\/strong><\/p>\n<p><strong>Curr\u00edculo Lattes<\/strong>:&nbsp;<strong><a href=\"http:\/\/lattes.cnpq.br\/9177083233995620.\">http:\/\/lattes.cnpq.br\/9177083233995620<\/a><\/strong><\/p>\n<p><strong>Temas de&nbsp;pesquisa<\/strong>: Ensino de Hist\u00f3ria; Fronteira Amap\u00e1-Guiana Francesa; Coopera\u00e7\u00e3o fronteiri\u00e7a Brasil-Fran\u00e7a; Mobilidades e Migra\u00e7\u00f5es Transfronteiri\u00e7as.<\/p>\n<p><strong>E-mail: carmentilla.c@gmail.com<\/strong><\/p>\n<p>&nbsp;<\/p>\n<p>================================================================================<\/p>\n<p><img loading=\"lazy\" decoding=\"async\" class=\"alignleft\" src=\"http:\/\/www2.unifap.br\/profhistoria\/files\/2021\/02\/cec%C3%ADlia2-150x150.png\" width=\"236\" height=\"236\"><\/p>\n<p><strong>Prof<sup>a<\/sup> Dra Cecilia Maria Chaves Brito Bastos<\/strong><\/p>\n<p><strong>Curr\u00edculo Lattes<\/strong>:&nbsp;<a href=\"http:\/\/lattes.cnpq.br\/7659465295347039.\"><strong>http:\/\/lattes.cnpq.br\/7659465295347039<\/strong><\/a><\/p>\n<p><strong>Temas de&nbsp;pesquisa<\/strong>: Ensino de Hist\u00f3ria; Hist\u00f3ria e Cultura Ind\u00edgena, Africana e Afro-brasileira e \u00e0 Educa\u00e7\u00e3o; Patrim\u00f4nio Cultural-arqueol\u00f3gico-ambiental e Mem\u00f3ria.<\/p>\n<p><strong>E-mail: cc.bastos@uol.com.br<\/strong><\/p>\n<p>&nbsp;<\/p>\n<p>&nbsp;<\/p>\n<p>================================================================================<\/p>\n<p><a href=\"http:\/\/www2.unifap.br\/profhistoria\/files\/2021\/02\/David.jpg\"><img loading=\"lazy\" decoding=\"async\" class=\"wp-image-534 alignleft\" src=\"http:\/\/www2.unifap.br\/profhistoria\/files\/2021\/02\/David-150x150.jpg\" alt=\"\" width=\"236\" height=\"236\" srcset=\"https:\/\/www2.unifap.br\/profhistoria\/files\/2021\/02\/David-150x150.jpg 150w, https:\/\/www2.unifap.br\/profhistoria\/files\/2021\/02\/David-70x70.jpg 70w\" sizes=\"(max-width: 236px) 100vw, 236px\" \/><\/a><\/p>\n<p><strong>Prof Dr <\/strong><strong>David Junior de Souza Silva<\/strong><\/p>\n<p><strong>Curr\u00edculo Lattes<\/strong>:&nbsp;<a href=\"http:\/\/lattes.cnpq.br\/4265076306351873.\"><strong>http:\/\/lattes.cnpq.br\/4265076306351873<\/strong><\/a><\/p>\n<p><strong>Temas de&nbsp;pesquisa<\/strong>: Ensino de Hist\u00f3ria; Comunidades Tradicionais; Movimentos \u00c9tnicos; Territ\u00f3rios; Justi\u00e7a Ambiental.<\/p>\n<p><strong>E-mail: <\/strong>david@unifap.br<\/p>\n<p>&nbsp;<\/p>\n<p>&nbsp;<\/p>\n<p>================================================================================<\/p>\n<p><a href=\"http:\/\/www2.unifap.br\/profhistoria\/files\/2023\/02\/nhanhy_2023.png\"><img loading=\"lazy\" decoding=\"async\" class=\"wp-image-919 alignleft\" src=\"http:\/\/www2.unifap.br\/profhistoria\/files\/2023\/02\/nhanhy_2023.png\" alt=\"\" width=\"239\" height=\"288\"><\/a><\/p>\n<p><strong>Prof<sup>a<\/sup> Dra Eliane Leal Vasquez<\/strong><\/p>\n<p><strong>Curr\u00edculo Lattes<\/strong>:&nbsp;<a href=\"http:\/\/lattes.cnpq.br\/2391390992585658.\"><strong>http:\/\/lattes.cnpq.br\/2391390992585658<\/strong><\/a><\/p>\n<p><strong>Temas de&nbsp;pesquisa<\/strong>:&nbsp; Ensino de Hist\u00f3ria; Ci\u00eancia penitenci\u00e1ria no Brasil Imp\u00e9rio; Educa\u00e7\u00e3o penitenci\u00e1ria no Amap\u00e1 e Pol\u00edtica educacional; Ensino de Matem\u00e1tica para Estudantes Adultos, Ind\u00edgenas e Presos.<\/p>\n<p><strong>E-mail: elianevasquez@gmail.com<\/strong><\/p>\n<p>&nbsp;<\/p>\n<p>&nbsp;<\/p>\n<p>================================================================================<\/p>\n<p><a href=\"http:\/\/www2.unifap.br\/profhistoria\/files\/2024\/01\/IMG-20240123-WA0007.jpg\"><img loading=\"lazy\" decoding=\"async\" class=\"wp-image-1020 alignleft\" src=\"http:\/\/www2.unifap.br\/profhistoria\/files\/2024\/01\/IMG-20240123-WA0007-738x1024.jpg\" alt=\"\" width=\"245\" height=\"340\" srcset=\"https:\/\/www2.unifap.br\/profhistoria\/files\/2024\/01\/IMG-20240123-WA0007-738x1024.jpg 738w, https:\/\/www2.unifap.br\/profhistoria\/files\/2024\/01\/IMG-20240123-WA0007-216x300.jpg 216w, https:\/\/www2.unifap.br\/profhistoria\/files\/2024\/01\/IMG-20240123-WA0007-768x1066.jpg 768w, https:\/\/www2.unifap.br\/profhistoria\/files\/2024\/01\/IMG-20240123-WA0007.jpg 824w\" sizes=\"(max-width: 245px) 100vw, 245px\" \/><\/a><strong>Profa Dra <\/strong><strong>Julia Monnerat Barbosa<br \/>\n<\/strong><\/p>\n<p>&nbsp;<\/p>\n<p><strong>Curr\u00edculo Lattes:&nbsp;<a href=\"http:\/\/lattes.cnpq.br\/7941015613094664\" target=\"_blank\" rel=\"noopener\" data-saferedirecturl=\"https:\/\/www.google.com\/url?q=http:\/\/lattes.cnpq.br\/7941015613094664&amp;source=gmail&amp;ust=1706120615965000&amp;usg=AOvVaw3bUhlvmgckUY6eNaVp5d8e\">http:\/\/lattes.cnpq.br\/7941015613094664<\/a><\/strong><\/p>\n<p>&nbsp;<\/p>\n<p><strong>Temas de&nbsp;pesquisa<\/strong>: Hist\u00f3ria das rela\u00e7\u00f5es de g\u00eanero; Hist\u00f3ria da ditadura; Forma\u00e7\u00e3o docente<\/p>\n<p>&nbsp;<\/p>\n<p><strong>E-mail: <a href=\"mailto:Juliambarbosa@unifap.br\" target=\"_blank\" rel=\"noopener\">Juliambarbosa@unifap.br<\/a><br \/>\n<\/strong><\/p>\n<p>&nbsp;<\/p>\n<p>================================================================================<\/p>\n<p>&nbsp;<\/p>\n<p><a href=\"http:\/\/www2.unifap.br\/profhistoria\/files\/2023\/03\/simone.jpg\"><img loading=\"lazy\" decoding=\"async\" class=\"size-medium wp-image-941 alignleft\" src=\"http:\/\/www2.unifap.br\/profhistoria\/files\/2023\/03\/simone-300x246.jpg\" alt=\"\" width=\"300\" height=\"246\" srcset=\"https:\/\/www2.unifap.br\/profhistoria\/files\/2023\/03\/simone-300x246.jpg 300w, https:\/\/www2.unifap.br\/profhistoria\/files\/2023\/03\/simone.jpg 504w\" sizes=\"(max-width: 300px) 100vw, 300px\" \/> <\/a><\/p>\n<p>&nbsp;<\/p>\n<p><strong>Profa Dra Simone Garcia Almeida<br \/>\n<\/strong><\/p>\n<p><strong>Curr\u00edculo Lattes<\/strong>: <a href=\"http:\/\/lattes.cnpq.br\/7778887161285186\"><strong>http:\/\/lattes.cnpq.br\/7778887161285186<\/strong><\/a><\/p>\n<p><strong>Temas de&nbsp;pesquisa<\/strong>: Literatura e Ensino de Hist\u00f3ria, Educa\u00e7\u00e3o e rela\u00e7\u00f5es \u00e9tnico-raciais, Ensino de Hist\u00f3ria e Culturas afro-brasileiras e ind\u00edgenas.<\/p>\n<p><strong>E-mail: simonepgarcia@uol.com.br<br \/>\n<\/strong><\/p>\n<p>&nbsp;<\/p>\n<p>================================================================================<\/p>\n<p><a href=\"http:\/\/www2.unifap.br\/profhistoria\/files\/2023\/02\/IMG-20230203-WA0010.jpg\"><img loading=\"lazy\" decoding=\"async\" class=\"wp-image-912 alignleft\" src=\"http:\/\/www2.unifap.br\/profhistoria\/files\/2023\/02\/IMG-20230203-WA0010.jpg\" alt=\"\" width=\"262\" height=\"262\"><\/a><\/p>\n<p><strong>Profa Dra Jacqueline Tatiane Silva Guimar\u00e3es<br \/>\n<\/strong><\/p>\n<div><strong>Curr\u00edculo Lattes<\/strong>:&nbsp;<a href=\"http:\/\/lattes.cnpq.br\/0016401443592564\">http:\/\/lattes.cnpq.br\/0016401443592564<\/a><\/div>\n<div>\n<p><b>Temas de pesquisa<\/b>: Hist\u00f3ria Social da Inf\u00e2ncia na Amaz\u00f4nia e Pol\u00edticas P\u00fablicas; Direitos Humanos e Diversidade \u00c9tnico-Racial na Amaz\u00f4nia, tendo como recorte as Inf\u00e2ncias Negras, Ribeirinhas e Quilombolas.; Hist\u00f3ria do Tempo Presente da Amaz\u00f4nia marajoara. Inf\u00e2ncias, Crian\u00e7as, Territ\u00f3rios e Redes de Prote\u00e7\u00e3o.<\/p>\n<p><strong>E-mail: jacquetsg@gmail.com<\/strong><\/p>\n<\/div>\n<p>================================================================================<\/p>\n<p><a href=\"http:\/\/www2.unifap.br\/profhistoria\/files\/2021\/09\/WhatsApp-Image-2021-09-29-at-10.00.22.jpeg\"><img loading=\"lazy\" decoding=\"async\" class=\"wp-image-736 alignleft\" src=\"http:\/\/www2.unifap.br\/profhistoria\/files\/2021\/09\/WhatsApp-Image-2021-09-29-at-10.00.22.jpeg\" alt=\"\" width=\"266\" height=\"266\" srcset=\"https:\/\/www2.unifap.br\/profhistoria\/files\/2021\/09\/WhatsApp-Image-2021-09-29-at-10.00.22.jpeg 1600w, https:\/\/www2.unifap.br\/profhistoria\/files\/2021\/09\/WhatsApp-Image-2021-09-29-at-10.00.22-300x300.jpeg 300w, https:\/\/www2.unifap.br\/profhistoria\/files\/2021\/09\/WhatsApp-Image-2021-09-29-at-10.00.22-1024x1024.jpeg 1024w, https:\/\/www2.unifap.br\/profhistoria\/files\/2021\/09\/WhatsApp-Image-2021-09-29-at-10.00.22-150x150.jpeg 150w, https:\/\/www2.unifap.br\/profhistoria\/files\/2021\/09\/WhatsApp-Image-2021-09-29-at-10.00.22-768x768.jpeg 768w, https:\/\/www2.unifap.br\/profhistoria\/files\/2021\/09\/WhatsApp-Image-2021-09-29-at-10.00.22-1536x1536.jpeg 1536w, https:\/\/www2.unifap.br\/profhistoria\/files\/2021\/09\/WhatsApp-Image-2021-09-29-at-10.00.22-70x70.jpeg 70w\" sizes=\"(max-width: 266px) 100vw, 266px\" \/><\/a><\/p>\n<p><strong>Prof Dra Maura Leal da Silva<\/strong><\/p>\n<p><strong>Curr\u00edculo Lattes<\/strong>:&nbsp;&nbsp;<a href=\"http:\/\/lattes.cnpq.br\/2236580307920647\"><strong>http:\/\/lattes.cnpq.br\/2236580307920647<\/strong><\/a><\/p>\n<p><strong>Temas de Pesquisa<\/strong>: Brasil Rep\u00fablica, com \u00eanfase em hist\u00f3ria pol\u00edtica e regional, discutindo sobre Democracia e Cidadania; Territ\u00f3rios Federais; Ditadura Civil-Militar; Ensino de Hist\u00f3ria da Ditadura e dos Direitos Humanos.<\/p>\n<p><strong>E-mail: mauraleal.ap@gmail.com<\/strong><\/p>\n<p>&nbsp;<\/p>\n<p>================================================================================<\/p>\n<p><img loading=\"lazy\" decoding=\"async\" class=\"alignleft\" src=\"http:\/\/www2.unifap.br\/profhistoria\/files\/2021\/02\/Cambraia-150x150.jpg\" width=\"257\" height=\"257\"><\/p>\n<p>&nbsp;<\/p>\n<p><strong>Prof Dr Paulo Marcelo Cambraia da Costa<\/strong><\/p>\n<p><strong>Curr\u00edculo Lattes<\/strong>:&nbsp;&nbsp;<a href=\"http:\/\/lattes.cnpq.br\/3670883739410203.\"><strong>http:\/\/lattes.cnpq.br\/3670883739410203<\/strong><\/a><\/p>\n<p><strong>Temas de&nbsp; pesquisa<\/strong>: Ensino de Hist\u00f3ria; Hist\u00f3ria colonial amaz\u00f4nica; Escravid\u00e3o e resist\u00eancias; Fronteiras coloniais; Gr\u00e3o-Par\u00e1 e Guiana Francesa.<\/p>\n<p><strong>E-mail: pcambraia77@unifap.br<\/strong><\/p>\n<p>&nbsp;<\/p>\n<p>================================================================================<\/p>\n<p><a href=\"http:\/\/www2.unifap.br\/profhistoria\/files\/2021\/02\/Diniz2.jpg\"><img loading=\"lazy\" decoding=\"async\" class=\" wp-image-590 alignleft\" src=\"http:\/\/www2.unifap.br\/profhistoria\/files\/2021\/02\/Diniz2-150x150.jpg\" alt=\"\" width=\"248\" height=\"248\" srcset=\"https:\/\/www2.unifap.br\/profhistoria\/files\/2021\/02\/Diniz2-150x150.jpg 150w, https:\/\/www2.unifap.br\/profhistoria\/files\/2021\/02\/Diniz2-70x70.jpg 70w, https:\/\/www2.unifap.br\/profhistoria\/files\/2021\/02\/Diniz2.jpg 225w\" sizes=\"(max-width: 248px) 100vw, 248px\" \/><\/a><\/p>\n<p><strong>Prof Dr Raimundo Erundino Diniz<\/strong><\/p>\n<p><strong>Curr\u00edculo Lattes<\/strong>:&nbsp;&nbsp;<a href=\"http:\/\/lattes.cnpq.br\/6822592071943769.\"><strong>http:\/\/lattes.cnpq.br\/6822592071943769<\/strong><\/a><\/p>\n<p><strong>Temas de&nbsp;pesquisa<\/strong>: Ensino de Hist\u00f3ria; Hist\u00f3ria e Cultura Afrobrasileira e Africana; &nbsp;Educa\u00e7\u00e3o Quilombola; Hist\u00f3ria da Educa\u00e7\u00e3o Brasileira.<\/p>\n<p><strong>E-mail: raimundo.diniz@unifap.br<\/strong><\/p>\n<p>&nbsp;<\/p>\n<p>================================================================================<\/p>\n<p><a href=\"http:\/\/www2.unifap.br\/profhistoria\/files\/2021\/02\/Sidney.jpg\"><img loading=\"lazy\" decoding=\"async\" class=\" wp-image-545 alignleft\" src=\"http:\/\/www2.unifap.br\/profhistoria\/files\/2021\/02\/Sidney-150x150.jpg\" alt=\"\" width=\"249\" height=\"249\" srcset=\"https:\/\/www2.unifap.br\/profhistoria\/files\/2021\/02\/Sidney-150x150.jpg 150w, https:\/\/www2.unifap.br\/profhistoria\/files\/2021\/02\/Sidney-70x70.jpg 70w\" sizes=\"(max-width: 249px) 100vw, 249px\" \/><\/a><\/p>\n<p><strong>Prof Dr Sidney da Silva Lobato<\/strong><\/p>\n<p><strong>Curr\u00edculo Lattes<\/strong>:&nbsp;<strong><a href=\"http:\/\/lattes.cnpq.br\/7693675785742150\">http:\/\/lattes.cnpq.br\/7693675785742150<\/a><\/strong><\/p>\n<p><strong>Temas de&nbsp; pesquisa<\/strong>: Ensino de Hist\u00f3ria; Produ\u00e7\u00e3o e Circula\u00e7\u00e3o de Saberes; T\u00e1ticas de Sobreviv\u00eancia e de Resist\u00eancia de Trabalhadoras e Trabalhadores, tendo como balizas o Espa\u00e7o Amaz\u00f4nico e os S\u00e9culos XIX e XX.<\/p>\n<p><strong>E-mail: lobato.sidney@yahoo.com.br<\/strong><\/p>\n<p>&nbsp;<\/p>\n<p>================================================================================<\/p>\n<p><a href=\"http:\/\/www2.unifap.br\/profhistoria\/files\/2023\/02\/Vitor_NERY_prof_historia.jpg\"><img loading=\"lazy\" decoding=\"async\" class=\"wp-image-921 alignleft\" src=\"http:\/\/www2.unifap.br\/profhistoria\/files\/2023\/02\/Vitor_NERY_prof_historia.jpg\" alt=\"\" width=\"239\" height=\"239\"><\/a><\/p>\n<p><strong>Prof Dr Vitor Sousa Cunha Nery<br \/>\n<\/strong><\/p>\n<div><strong>Curr\u00edculo Lattes: <a href=\"http:\/\/lattes.cnpq.br\/9251181951280163\" target=\"_blank\" rel=\"noopener\" data-saferedirecturl=\"https:\/\/www.google.com\/url?q=http:\/\/lattes.cnpq.br\/9251181951280163&amp;source=gmail&amp;ust=1675532239284000&amp;usg=AOvVaw1JfjvebWlP4iCt_ANem_UD\">http:\/\/lattes.cnpq.br\/9251181951280163<\/a><\/strong><\/div>\n<div><b>Temas de pesquisa<\/b>: Ensino de Hist\u00f3ria e Pensamento Decolonial, Hist\u00f3ria da Educa\u00e7\u00e3o na Amaz\u00f4nia, Pedagogias Decoloniais, Cartografias de Saberes, Cosmologias Afroind\u00edgenas, Saberes e Fazeres de pr\u00e1ticas culturais de povos tradicionais do Amap\u00e1.&nbsp;<\/div>\n<div><strong>E-mail: <\/strong>vitor.nery@ueap.edu.br<\/div>\n<div>&nbsp;<\/div>\n<div>&nbsp;<\/div>\n<div>================================================================================<\/div>\n<div>&nbsp;<\/div>\n<p>&nbsp;<\/p>\n<p>&nbsp;<\/p>\n<p>&nbsp;<\/p>\n<p>&nbsp;<\/p>\n<p>&nbsp;<\/p>\n","protected":false},"excerpt":{"rendered":"<p>Prof Dr Alder de Sousa Dias Curr\u00edculo Lattes:&nbsp;http:\/\/lattes.cnpq.br\/9065211816414800 Temas de pesquisa: Ensino de Hist\u00f3ria; Educa\u00e7\u00e3o popular;&nbsp; Pedagogia e did\u00e1tica&nbsp;decolonial; Forma\u00e7\u00e3o de professores. E-mail: alderdiass@yahoo.com.br &nbsp; &nbsp; ================================================================================ Prof Dr Alexandre Guilherme da Cruz Alves Junior Curr\u00edculo Lattes:&nbsp;http:\/\/lattes.cnpq.br\/1735802582338351 Temas de pesquisa:&hellip; <\/p>\n<p><a href=\"https:\/\/www2.unifap.br\/profhistoria\/docente\/\" class=\"readmore-button\">Continue Reading<\/a><\/p>\n","protected":false},"author":930,"featured_media":0,"parent":0,"menu_order":3,"comment_status":"closed","ping_status":"closed","template":"","meta":{"inline_featured_image":false,"ngg_post_thumbnail":0,"footnotes":""},"class_list":["post-529","page","type-page","status-publish","hentry"],"_links":{"self":[{"href":"https:\/\/www2.unifap.br\/profhistoria\/wp-json\/wp\/v2\/pages\/529","targetHints":{"allow":["GET"]}}],"collection":[{"href":"https:\/\/www2.unifap.br\/profhistoria\/wp-json\/wp\/v2\/pages"}],"about":[{"href":"https:\/\/www2.unifap.br\/profhistoria\/wp-json\/wp\/v2\/types\/page"}],"author":[{"embeddable":true,"href":"https:\/\/www2.unifap.br\/profhistoria\/wp-json\/wp\/v2\/users\/930"}],"replies":[{"embeddable":true,"href":"https:\/\/www2.unifap.br\/profhistoria\/wp-json\/wp\/v2\/comments?post=529"}],"version-history":[{"count":108,"href":"https:\/\/www2.unifap.br\/profhistoria\/wp-json\/wp\/v2\/pages\/529\/revisions"}],"predecessor-version":[{"id":1021,"href":"https:\/\/www2.unifap.br\/profhistoria\/wp-json\/wp\/v2\/pages\/529\/revisions\/1021"}],"wp:attachment":[{"href":"https:\/\/www2.unifap.br\/profhistoria\/wp-json\/wp\/v2\/media?parent=529"}],"curies":[{"name":"wp","href":"https:\/\/api.w.org\/{rel}","templated":true}]}}