{"id":60,"date":"2016-04-12T19:53:28","date_gmt":"2016-04-12T19:53:28","guid":{"rendered":"http:\/\/www2.unifap.br\/profhistoria\/?page_id=60"},"modified":"2023-10-28T13:52:17","modified_gmt":"2023-10-28T13:52:17","slug":"linhas-de-pesquisa","status":"publish","type":"page","link":"https:\/\/www2.unifap.br\/profhistoria\/apresentacao\/linhas-de-pesquisa\/","title":{"rendered":"Linhas de Pesquisa"},"content":{"rendered":"<p><span style=\"color: #000000\"><strong>\u00c1REA DE CONCENTRA\u00c7\u00c3O: Ensino de Hist\u00f3ria<br \/>\n<\/strong><\/span><\/p>\n<p><span style=\"color: #000000\"><strong>-Saberes Hist\u00f3ricos no Espa\u00e7o Escolar<\/strong><\/span><\/p>\n<p><span style=\"color: #000000\"><strong>-Linguagens e Narrativas Hist\u00f3ricas: Produ\u00e7\u00e3o e Difus\u00e3o<\/strong><\/span><\/p>\n<p><span style=\"color: #000000\"><strong>-Saberes&nbsp;Hist\u00f3ricos em Diferentes Espa\u00e7os de Mem\u00f3ria<\/strong><\/span><\/p>\n<p><span style=\"color: #000000\">&nbsp;<\/span><\/p>\n<p style=\"text-align: justify\"><strong>Linha de pesquisa:<\/strong> Saberes Hist\u00f3ricos no Espa\u00e7o Escolar<br \/>\n<strong>Descri\u00e7\u00e3o:<\/strong> Desenvolve pesquisas sobre o processo de ensino e aprendizagem da hist\u00f3ria, considerando as especificidades dos saberes e pr\u00e1ticas mobilizados na escola. O foco recai sobre as condi\u00e7\u00f5es de forma\u00e7\u00e3o do estudante e do professor e o exerc\u00edcio do ensino de Hist\u00f3ria na escola, pensada como lugar de produ\u00e7\u00e3o e transmiss\u00e3o de conte\u00fados, que atende a formas de organiza\u00e7\u00e3o e de classifica\u00e7\u00e3o do conhecimento hist\u00f3rico por meio do curr\u00edculo. Esse \u00faltimo \u00e9 compreendido como conhecimento historicamente constitu\u00eddo, uma forma de regula\u00e7\u00e3o social e disciplinar.<br \/>\n<em><strong>Docentes: <\/strong><\/em><span class=\"dimension-value\" title=\"Alexandre Guilherme da Cruz Alves Junior\">Alexandre Guilherme da Cruz Alves Junior; <\/span><span class=\"dimension-value\" title=\"Carina Santos de Almeida\">Carina Santos de Almeida; <\/span><span class=\"dimension-value\" title=\"Cec\u00edlia Maria Chaves Brito Bastos\">Cec\u00edlia Maria Chaves Brito Bastos; <span class=\"dimension-value\" title=\"Eliane Leal Vasquez\">Eliane Leal Vasquez; <\/span><\/span><span class=\"dimension-value\" title=\"Simone Garcia Almeida\">Simone Garcia Almeida; Vitor Sousa Cunha Nery.<br \/>\n<\/span><\/p>\n<p><strong>Linha de Pesquisa<\/strong>: Linguagens e Narrativas Hist\u00f3ricas: Produ\u00e7\u00e3o e Difus\u00e3o.<br \/>\n<strong>Descri\u00e7\u00e3o<\/strong>: Estudos sobre a quest\u00e3o da linguagem e da narrativa hist\u00f3rica, considerando diferentes tipos de suportes, tais como livros, filmes, programas televisivos, s\u00edtios da Internet, mapas, fotografias etc. A partir da problematiza\u00e7\u00e3o do uso da linguagem, o objetivo \u00e9 produzir materiais destinados ao uso educativo, considerando tamb\u00e9m as possibilidades de difus\u00e3o cient\u00edfica da Hist\u00f3ria.<br \/>\n<strong><i>Docentes<\/i><\/strong>: <span class=\"dimension-value\" title=\"Andrius Estevam Noronha \">Andrius Estevam Noronha; <\/span><span class=\"dimension-value\" title=\"Antonio Carlos Sardinha\">Antonio Carlos Sardinha; <\/span><span class=\"dimension-value\" title=\"Carmentilla das Chagas Martins\">Carmentilla das Chagas Martins; <\/span><span class=\"dimension-value\" title=\"Maura Leal da Silva\">Maura Leal da Silva; Paulo Marcelo Cambraia da Costa.<br \/>\n<\/span><\/p>\n<p><strong>Linhas de Pesquisa<\/strong>: Saberes Hist\u00f3ricos em Diferentes Espa\u00e7os de Mem\u00f3ria<br \/>\n<strong>Descri\u00e7\u00e3o<\/strong>: Desenvolve investiga\u00e7\u00f5es sobre a produ\u00e7\u00e3o e aprendizagem da Hist\u00f3ria fora do espa\u00e7o escolar, considerando lugares distintos como os museus, o teatro, os centros culturais e o espa\u00e7o urbano em geral. Identificando a hist\u00f3ria como pr\u00e1tica sociocultural de refer\u00eancia, o foco recai sobre as variadas formas de representa\u00e7\u00e3o e usos do passado no espa\u00e7o p\u00fablico, com caracter\u00edsticas distintas daquelas observadas na escola, a saber: o turismo de car\u00e1ter hist\u00f3rico, os monumentos, as festas c\u00edvicas, as exposi\u00e7\u00f5es, entre outras.<br \/>\n<strong><i>Docentes: <\/i><\/strong><span class=\"dimension-value\" title=\"Ana Cristina Rocha Silva\">Ana Cristina Rocha Silva; Alder de Sousa Dias; <\/span><span class=\"dimension-value\" title=\"David Junior de Souza Silva\">David Junior de Souza Silva; <\/span><span class=\"dimension-value\" title=\"Eliane Leal Vasquez\">Jacqueline Tatiane da Silva Guimar\u00e3es; <\/span><span class=\"dimension-value\" title=\"Raimundo Erundino Santos Diniz \">Raimundo Erundino Santos Diniz; <\/span><span class=\"dimension-value\" title=\"Sidney da Silva Lobato\">Sidney da Silva Lobato.<\/span><\/p>\n<p>&nbsp;<\/p>\n","protected":false},"excerpt":{"rendered":"<p>\u00c1REA DE CONCENTRA\u00c7\u00c3O: Ensino de Hist\u00f3ria -Saberes Hist\u00f3ricos no Espa\u00e7o Escolar -Linguagens e Narrativas Hist\u00f3ricas: Produ\u00e7\u00e3o e Difus\u00e3o -Saberes&nbsp;Hist\u00f3ricos em Diferentes Espa\u00e7os de Mem\u00f3ria &nbsp; Linha de pesquisa: Saberes Hist\u00f3ricos no Espa\u00e7o Escolar Descri\u00e7\u00e3o: Desenvolve pesquisas sobre o processo de&hellip; <\/p>\n<p><a href=\"https:\/\/www2.unifap.br\/profhistoria\/apresentacao\/linhas-de-pesquisa\/\" class=\"readmore-button\">Continue Reading<\/a><\/p>\n","protected":false},"author":308,"featured_media":0,"parent":50,"menu_order":0,"comment_status":"open","ping_status":"open","template":"","meta":{"inline_featured_image":false,"ngg_post_thumbnail":0,"footnotes":""},"class_list":["post-60","page","type-page","status-publish","hentry"],"_links":{"self":[{"href":"https:\/\/www2.unifap.br\/profhistoria\/wp-json\/wp\/v2\/pages\/60","targetHints":{"allow":["GET"]}}],"collection":[{"href":"https:\/\/www2.unifap.br\/profhistoria\/wp-json\/wp\/v2\/pages"}],"about":[{"href":"https:\/\/www2.unifap.br\/profhistoria\/wp-json\/wp\/v2\/types\/page"}],"author":[{"embeddable":true,"href":"https:\/\/www2.unifap.br\/profhistoria\/wp-json\/wp\/v2\/users\/308"}],"replies":[{"embeddable":true,"href":"https:\/\/www2.unifap.br\/profhistoria\/wp-json\/wp\/v2\/comments?post=60"}],"version-history":[{"count":25,"href":"https:\/\/www2.unifap.br\/profhistoria\/wp-json\/wp\/v2\/pages\/60\/revisions"}],"predecessor-version":[{"id":952,"href":"https:\/\/www2.unifap.br\/profhistoria\/wp-json\/wp\/v2\/pages\/60\/revisions\/952"}],"up":[{"embeddable":true,"href":"https:\/\/www2.unifap.br\/profhistoria\/wp-json\/wp\/v2\/pages\/50"}],"wp:attachment":[{"href":"https:\/\/www2.unifap.br\/profhistoria\/wp-json\/wp\/v2\/media?parent=60"}],"curies":[{"name":"wp","href":"https:\/\/api.w.org\/{rel}","templated":true}]}}