{"id":63,"date":"2016-04-12T20:04:02","date_gmt":"2016-04-12T20:04:02","guid":{"rendered":"http:\/\/www2.unifap.br\/profhistoria\/?page_id=63"},"modified":"2018-06-21T03:15:39","modified_gmt":"2018-06-21T03:15:39","slug":"matriz-curricular","status":"publish","type":"page","link":"https:\/\/www2.unifap.br\/profhistoria\/apresentacao\/matriz-curricular\/","title":{"rendered":"Matriz Curricular"},"content":{"rendered":"<table border=\"1\" cellspacing=\"0\" cellpadding=\"0\">\n<tbody>\n<tr>\n<td valign=\"top\" width=\"144\">\n<p align=\"center\">1\u00ba Semestre<\/p>\n<\/td>\n<td valign=\"top\" width=\"144\">\n<p align=\"center\">2\u00ba Semestre<\/p>\n<\/td>\n<td valign=\"top\" width=\"144\">\n<p align=\"center\">3\u00ba Semestre<\/p>\n<\/td>\n<td valign=\"top\" width=\"144\">\n<p align=\"center\">4\u00ba Semestre<\/p>\n<\/td>\n<\/tr>\n<tr>\n<td valign=\"top\" width=\"144\">Disciplinaobrigat\u00f3ria: Teoria da Hist\u00f3ria(60h\/a)&nbsp;<\/p>\n<p>Disciplina<\/p>\n<p>obrigat\u00f3ria: Hist\u00f3ria do Ensino de Hist\u00f3ria<\/p>\n<p>(60h\/a)<\/p>\n<p>&nbsp;<\/p>\n<p>Optativa de escolha<\/p>\n<p>condicionada (60h\/a)<\/td>\n<td valign=\"top\" width=\"144\">Optativa de escolhacondicionada (60h\/a)&nbsp;<\/p>\n<p>Semin\u00e1rio de Pesquisa<\/p>\n<p>(45h\/a)<\/td>\n<td valign=\"top\" width=\"144\">Semin\u00e1rio Tutorial (45h\/a)Eletiva \/ Livreescolha (45h\/a)<\/p>\n<p>&nbsp;<\/td>\n<td valign=\"top\" width=\"144\">Disserta\u00e7\u00e3o(45h\/a)<\/td>\n<\/tr>\n<\/tbody>\n<\/table>\n","protected":false},"excerpt":{"rendered":"<p>1\u00ba Semestre 2\u00ba Semestre 3\u00ba Semestre 4\u00ba Semestre Disciplinaobrigat\u00f3ria: Teoria da Hist\u00f3ria(60h\/a)&nbsp; Disciplina obrigat\u00f3ria: Hist\u00f3ria do Ensino de Hist\u00f3ria (60h\/a) &nbsp; Optativa de escolha condicionada (60h\/a) Optativa de escolhacondicionada (60h\/a)&nbsp; Semin\u00e1rio de Pesquisa (45h\/a) Semin\u00e1rio Tutorial (45h\/a)Eletiva \/ Livreescolha (45h\/a)&hellip; <\/p>\n<p><a href=\"https:\/\/www2.unifap.br\/profhistoria\/apresentacao\/matriz-curricular\/\" class=\"readmore-button\">Continue Reading<\/a><\/p>\n","protected":false},"author":308,"featured_media":0,"parent":50,"menu_order":3,"comment_status":"open","ping_status":"closed","template":"","meta":{"inline_featured_image":false,"ngg_post_thumbnail":0,"footnotes":""},"class_list":["post-63","page","type-page","status-publish","hentry"],"_links":{"self":[{"href":"https:\/\/www2.unifap.br\/profhistoria\/wp-json\/wp\/v2\/pages\/63","targetHints":{"allow":["GET"]}}],"collection":[{"href":"https:\/\/www2.unifap.br\/profhistoria\/wp-json\/wp\/v2\/pages"}],"about":[{"href":"https:\/\/www2.unifap.br\/profhistoria\/wp-json\/wp\/v2\/types\/page"}],"author":[{"embeddable":true,"href":"https:\/\/www2.unifap.br\/profhistoria\/wp-json\/wp\/v2\/users\/308"}],"replies":[{"embeddable":true,"href":"https:\/\/www2.unifap.br\/profhistoria\/wp-json\/wp\/v2\/comments?post=63"}],"version-history":[{"count":5,"href":"https:\/\/www2.unifap.br\/profhistoria\/wp-json\/wp\/v2\/pages\/63\/revisions"}],"predecessor-version":[{"id":247,"href":"https:\/\/www2.unifap.br\/profhistoria\/wp-json\/wp\/v2\/pages\/63\/revisions\/247"}],"up":[{"embeddable":true,"href":"https:\/\/www2.unifap.br\/profhistoria\/wp-json\/wp\/v2\/pages\/50"}],"wp:attachment":[{"href":"https:\/\/www2.unifap.br\/profhistoria\/wp-json\/wp\/v2\/media?parent=63"}],"curies":[{"name":"wp","href":"https:\/\/api.w.org\/{rel}","templated":true}]}}