{"id":741,"date":"2021-10-19T19:21:24","date_gmt":"2021-10-19T19:21:24","guid":{"rendered":"http:\/\/www2.unifap.br\/profhistoria\/?page_id=741"},"modified":"2021-10-24T10:04:15","modified_gmt":"2021-10-24T10:04:15","slug":"forum-amazonico-de-revistas-cientificas-de-historia","status":"publish","type":"page","link":"https:\/\/www2.unifap.br\/profhistoria\/forum-amazonico-de-revistas-cientificas-de-historia\/","title":{"rendered":"F\u00f3rum Amaz\u00f4nico de Revistas Cient\u00edficas de Hist\u00f3ria"},"content":{"rendered":"<p>O F\u00f3rum de Editores de Revistas Cient\u00edficas de Hist\u00f3ria da Amaz\u00f4nia foi criado no contexto do I\u00ba Simp\u00f3sio Amaz\u00f4nico do ProfHist\u00f3ria.<\/p>\n<p>Seu objetivo \u00e9 reunir as editoras e editores de Revistas de Hist\u00f3ria da regi\u00e3o norte para compartilhar experi\u00eancias e desenvolver estrat\u00e9gias coletivas de fortalecimento dos peri\u00f3dicos da regi\u00e3o.&nbsp;<\/p>\n<p>Espera-se com isso fomentar a produ\u00e7\u00e3o cient\u00edfica na regi\u00e3o e contribuir para a forma\u00e7\u00e3o de historiadoras\/es e professoras\/es de Hist\u00f3ria.<\/p>\n<p>Institui\u00e7\u00f5es que participam do F\u00f3rum s\u00e3o Universidade Federal do Acre (UFAC),&nbsp; Universidade Federal do Amap\u00e1 (UNIFAP), Universidade Federal do Amazonas (UFAM), Universidade Federal do Par\u00e1 (UFPA), Universidade Federal de Rond\u00f4nia (UNIR), Universidade Federal de Roraima (UFRR), Universidade Federal do Tocantins (UFT), Instituto Federal do Amazonas (IFAM) e Regional Amap\u00e1 da ANPUH.&nbsp;<\/p>\n<p>&nbsp;<\/p>\n<h2 style=\"text-align: center\"><strong>Lista de Peri\u00f3dicos associados ao F\u00f3rum<\/strong><\/h2>\n<ul>\n<li>\n<h3><strong>Afros &amp; Amaz\u00f4nicos (UNIR)<\/strong><\/h3>\n<\/li>\n<\/ul>\n<p>&nbsp; &nbsp; &nbsp; &nbsp;Site: <a href=\"https:\/\/periodicos.unir.br\/index.php\/afroseamazonicos\/index\" target=\"_blank\" rel=\"noopener noreferrer\">https:\/\/periodicos.unir.br\/index.php\/afroseamazonicos\/index<\/a><\/p>\n<p>&nbsp; &nbsp; &nbsp; &nbsp;Contato:&nbsp;afros.amazonicos@unir.br<\/p>\n<p>&nbsp;<\/p>\n<ul>\n<li><strong>Ant\u00edgona (UFT)<\/strong><\/li>\n<\/ul>\n<p>&nbsp; &nbsp; &nbsp; &nbsp; &nbsp; &nbsp; &nbsp;Site: <a href=\"https:\/\/sistemas.uft.edu.br\/periodicos\/index.php\/antigona\/about\" target=\"_blank\" rel=\"noopener noreferrer\">https:\/\/sistemas.uft.edu.br\/periodicos\/index.php\/antigona\/about<\/a><\/p>\n<p>&nbsp; &nbsp; &nbsp; &nbsp; &nbsp; &nbsp; &nbsp; Contato: revistaantigona@mail.uft.edu.br&nbsp;&nbsp; &nbsp; &nbsp; &nbsp; &nbsp; &nbsp;<\/p>\n<p>&nbsp;<\/p>\n<ul>\n<li>\n<h3><strong>Canoa do Tempo (UFAM)<\/strong><\/h3>\n<\/li>\n<\/ul>\n<p>&nbsp; &nbsp; &nbsp; &nbsp;Site: <a href=\"https:\/\/www.periodicos.ufam.edu.br\/Canoa_do_Tempo\/\" target=\"_blank\" rel=\"noopener noreferrer\">https:\/\/www.periodicos.ufam.edu.br\/Canoa_do_Tempo\/<\/a><br \/>\n&nbsp; &nbsp; &nbsp; &nbsp;Contato:&nbsp;canoadotempo@gmail.com<\/p>\n<p>&nbsp;<\/p>\n<ul>\n<li>\n<h3><strong>Das Amaz\u00f4nias (UFAC)&nbsp;<\/strong><\/h3>\n<\/li>\n<\/ul>\n<p>&nbsp; &nbsp; &nbsp; &nbsp; Site: <a href=\"https:\/\/periodicos.ufac.br\/index.php\/amazonicas\/index\" target=\"_blank\" rel=\"noopener noreferrer\">https:\/\/periodicos.ufac.br\/index.php\/amazonicas\/index<\/a><\/p>\n<p>&nbsp; &nbsp; &nbsp; &nbsp; Contato:&nbsp;rdam.cfch@ufac.br<\/p>\n<p>&nbsp;<\/p>\n<ul>\n<li>\n<h3><strong>Escritas (UFNT)&nbsp;<\/strong><\/h3>\n<\/li>\n<\/ul>\n<p>&nbsp; &nbsp; &nbsp; &nbsp; &nbsp;Site: <a href=\"https:\/\/sistemas.uft.edu.br\/periodicos\/index.php\/escritas\/about\" target=\"_blank\" rel=\"noopener noreferrer\">https:\/\/sistemas.uft.edu.br\/periodicos\/index.php\/escritas\/about<\/a><\/p>\n<p>&nbsp; &nbsp; &nbsp; &nbsp; &nbsp;Contato:&nbsp;oliviacormineiro@uft.edu.br&nbsp;<\/p>\n<p>&nbsp;<\/p>\n<ul>\n<li>\n<h3><strong>Escritas do Tempo (UNIFESSPA)&nbsp;<\/strong><\/h3>\n<\/li>\n<\/ul>\n<p>&nbsp; &nbsp; &nbsp; &nbsp; &nbsp;Site: <a href=\"https:\/\/periodicos.unifesspa.edu.br\/index.php\/escritasdotempo\/index\" target=\"_blank\" rel=\"noopener noreferrer\">https:\/\/periodicos.unifesspa.edu.br\/index.php\/escritasdotempo\/index<\/a><\/p>\n<p>&nbsp; &nbsp; &nbsp; &nbsp; &nbsp;Contato:&nbsp;escritasdotempo@unifesspa.edu.br&nbsp;<\/p>\n<h3>&nbsp;<\/h3>\n<ul>\n<li>\n<h3><strong>Falas Breves (UFPA\/Maraj\u00f3)<\/strong><\/h3>\n<\/li>\n<\/ul>\n<p>&nbsp; &nbsp; &nbsp; &nbsp; &nbsp; &nbsp; &nbsp; Site: <a href=\"https:\/\/www.falasbreves.ufpa.br\/index.php\/revista-falas-breves\" target=\"_blank\" rel=\"noopener noreferrer\">https:\/\/www.falasbreves.ufpa.br\/index.php\/revista-falas-breves<\/a><\/p>\n<p>&nbsp; &nbsp; &nbsp; &nbsp; &nbsp; &nbsp; &nbsp; Contato: falasbreves@ufpa.br<\/p>\n<p>&nbsp;<\/p>\n<ul>\n<li>\n<h3><strong>Fronteiras e Debates (UNIFAP)&nbsp;<\/strong><\/h3>\n<\/li>\n<\/ul>\n<p>&nbsp; &nbsp; &nbsp; &nbsp; &nbsp; &nbsp; &nbsp; Site:&nbsp;<a href=\"https:\/\/periodicos.unifap.br\/index.php\/fronteiras\/index\" target=\"_blank\" rel=\"noopener noreferrer\">https:\/\/periodicos.unifap.br\/index.php\/fronteiras\/index<\/a><\/p>\n<p>&nbsp; &nbsp; &nbsp; &nbsp; &nbsp; &nbsp; &nbsp; Contato:&nbsp;alexandrecruzunifap@gmail.com&nbsp;<\/p>\n<p>&nbsp;<\/p>\n<ul>\n<li>\n<h3><strong>Jamaxi (UFAC)&nbsp;<\/strong><\/h3>\n<\/li>\n<\/ul>\n<p>&nbsp; &nbsp; &nbsp; &nbsp; &nbsp; &nbsp; &nbsp; Site:<a href=\"https:\/\/periodicos.ufac.br\/index.php\/jamaxi\/index\" target=\"_blank\" rel=\"noopener noreferrer\">&nbsp;https:\/\/periodicos.ufac.br\/index.php\/jamaxi\/index<\/a><\/p>\n<p>&nbsp; &nbsp; &nbsp; &nbsp; &nbsp; &nbsp; &nbsp; Contato:&nbsp;tesesergio@gmail.com<\/p>\n<p>&nbsp;<\/p>\n<ul>\n<li>\n<h3><strong>Kwanissa: Revista de Estudos Africanos e Afro-Brasileiros (UFMA)<\/strong><\/h3>\n<\/li>\n<\/ul>\n<p>&nbsp; &nbsp; &nbsp; &nbsp; &nbsp; &nbsp; &nbsp; Site:&nbsp;<a href=\"http:\/\/www.periodicoseletronicos.ufma.br\/index.php\/kwanissa\" target=\"_blank\" rel=\"noopener noreferrer\">http:\/\/www.periodicoseletronicos.ufma.br\/index.php\/kwanissa<\/a><\/p>\n<p>&nbsp; &nbsp; &nbsp; &nbsp; &nbsp; &nbsp; &nbsp; Contato:&nbsp;kwanissa@ufma.com; savio.jose@ufma.br<\/p>\n<p>&nbsp;<\/p>\n<ul>\n<li>\n<h3><strong>Labirinto (UNIR) <\/strong><\/h3>\n<\/li>\n<\/ul>\n<p>&nbsp; &nbsp; &nbsp; &nbsp; &nbsp; &nbsp; &nbsp;Site: <a href=\"https:\/\/periodicos.unir.br\/index.php\/LABIRINTO\/index\" target=\"_blank\" rel=\"noopener noreferrer\">https:\/\/periodicos.unir.br\/index.php\/LABIRINTO\/index<\/a><\/p>\n<p>&nbsp; &nbsp; &nbsp; &nbsp; &nbsp; &nbsp; &nbsp;Contato: labirinto@unir.br<\/p>\n<p>&nbsp;<\/p>\n<ul>\n<li>\n<h3><strong>Manduarisawa (UFAM)<\/strong><\/h3>\n<\/li>\n<\/ul>\n<p>&nbsp; &nbsp; &nbsp; &nbsp; &nbsp; &nbsp; &nbsp; Site:&nbsp;<a href=\"https:\/\/periodicos.ufam.edu.br\/manduarisawa\" target=\"_blank\" rel=\"noopener noreferrer\">https:\/\/periodicos.ufam.edu.br\/manduarisawa<\/a><\/p>\n<p>&nbsp; &nbsp; &nbsp; &nbsp; &nbsp; &nbsp; &nbsp; Contato: revistadiscentehistoriaufam.com@gmail.com<\/p>\n<p>&nbsp;<\/p>\n<ul>\n<li>\n<h3><strong>Nexus (IFAM)&nbsp;<\/strong><\/h3>\n<\/li>\n<\/ul>\n<p>&nbsp; &nbsp; &nbsp; &nbsp; &nbsp; &nbsp; &nbsp; Site:&nbsp;<a href=\"http:\/\/nexus.ifam.edu.br\/nexus\/index.php?journal\" target=\"_blank\" rel=\"noopener noreferrer\">http:\/\/nexus.ifam.edu.br\/nexus\/index.php?journal<\/a><\/p>\n<p>&nbsp; &nbsp; &nbsp; &nbsp; &nbsp; &nbsp; &nbsp; Contato:&nbsp;revistanexus@ifam.edu.br<\/p>\n<p>&nbsp;<\/p>\n<ul>\n<li>\n<h3>&nbsp;<strong>Outros Tempos (UEMA)&nbsp;<\/strong><\/h3>\n<\/li>\n<\/ul>\n<p>&nbsp; &nbsp; &nbsp; &nbsp; &nbsp; &nbsp; Site:&nbsp;<a href=\"https:\/\/www.outrostempos.uema.br\/index.php\/outros_tempos_uema\" target=\"_blank\" rel=\"noopener noreferrer\">https:\/\/www.outrostempos.uema.br\/index.php\/outros_tempos_uema<\/a><\/p>\n<p>&nbsp; &nbsp; &nbsp; &nbsp; &nbsp; &nbsp;Contato: outrostempos_revista@yahoo.com.br&nbsp;<\/p>\n<p>&nbsp;<\/p>\n<ul>\n<li>\n<h3><strong>Revista em Favor de Igualdade Racial (UFAC)&nbsp;<\/strong><\/h3>\n<\/li>\n<\/ul>\n<p>&nbsp; &nbsp; &nbsp; &nbsp; &nbsp; Site: <a href=\"https:\/\/periodicos.ufac.br\/index.php\/RFIR\/index\" target=\"_blank\" rel=\"noopener noreferrer\">https:\/\/periodicos.ufac.br\/index.php\/RFIR\/index<\/a><\/p>\n<p>&nbsp; &nbsp; &nbsp; &nbsp; &nbsp; Contato: emfavordeigualdaderacial@gmail.com<\/p>\n<h3>&nbsp;<\/h3>\n<ul>\n<li>\n<h3><strong>Tempo Amaz\u00f4nico (ANPUH\/AP)<\/strong><\/h3>\n<\/li>\n<\/ul>\n<p>&nbsp; &nbsp; &nbsp; &nbsp; &nbsp; &nbsp; &nbsp; Site:&nbsp;<a href=\"https:\/\/www.ap.anpuh.org\/tempoamazonico\" target=\"_blank\" rel=\"noopener noreferrer\">https:\/\/www.ap.anpuh.org\/tempoamazonico<\/a><\/p>\n<p>&nbsp; &nbsp; &nbsp; &nbsp; &nbsp; &nbsp; &nbsp; Contato:&nbsp;&nbsp;taanpuhamapa@gmail.com<\/p>\n<p>&nbsp;<\/p>\n<ul>\n<li>\n<h3><strong>Textos e Debates (UFRR)&nbsp;<\/strong><\/h3>\n<\/li>\n<\/ul>\n<p>&nbsp; &nbsp; &nbsp; &nbsp; &nbsp; &nbsp; &nbsp; Site:&nbsp;<a href=\"https:\/\/revista.ufrr.br\/textosedebates\" target=\"_blank\" rel=\"noopener noreferrer\">https:\/\/revista.ufrr.br\/textosedebates<\/a><\/p>\n<p>&nbsp; &nbsp; &nbsp; &nbsp; &nbsp; &nbsp; &nbsp; Contato:&nbsp;rodrigo.chagas@ufrr.br<\/p>\n<p>&nbsp;<\/p>\n<p>&nbsp;<\/p>\n","protected":false},"excerpt":{"rendered":"<p>O F\u00f3rum de Editores de Revistas Cient\u00edficas de Hist\u00f3ria da Amaz\u00f4nia foi criado no contexto do I\u00ba Simp\u00f3sio Amaz\u00f4nico do ProfHist\u00f3ria. Seu objetivo \u00e9 reunir as editoras e editores de Revistas de Hist\u00f3ria da regi\u00e3o norte para compartilhar experi\u00eancias e&hellip; <\/p>\n<p><a href=\"https:\/\/www2.unifap.br\/profhistoria\/forum-amazonico-de-revistas-cientificas-de-historia\/\" class=\"readmore-button\">Continue Reading<\/a><\/p>\n","protected":false},"author":930,"featured_media":0,"parent":0,"menu_order":11,"comment_status":"closed","ping_status":"closed","template":"","meta":{"inline_featured_image":false,"ngg_post_thumbnail":0,"footnotes":""},"class_list":["post-741","page","type-page","status-publish","hentry"],"_links":{"self":[{"href":"https:\/\/www2.unifap.br\/profhistoria\/wp-json\/wp\/v2\/pages\/741","targetHints":{"allow":["GET"]}}],"collection":[{"href":"https:\/\/www2.unifap.br\/profhistoria\/wp-json\/wp\/v2\/pages"}],"about":[{"href":"https:\/\/www2.unifap.br\/profhistoria\/wp-json\/wp\/v2\/types\/page"}],"author":[{"embeddable":true,"href":"https:\/\/www2.unifap.br\/profhistoria\/wp-json\/wp\/v2\/users\/930"}],"replies":[{"embeddable":true,"href":"https:\/\/www2.unifap.br\/profhistoria\/wp-json\/wp\/v2\/comments?post=741"}],"version-history":[{"count":23,"href":"https:\/\/www2.unifap.br\/profhistoria\/wp-json\/wp\/v2\/pages\/741\/revisions"}],"predecessor-version":[{"id":764,"href":"https:\/\/www2.unifap.br\/profhistoria\/wp-json\/wp\/v2\/pages\/741\/revisions\/764"}],"wp:attachment":[{"href":"https:\/\/www2.unifap.br\/profhistoria\/wp-json\/wp\/v2\/media?parent=741"}],"curies":[{"name":"wp","href":"https:\/\/api.w.org\/{rel}","templated":true}]}}