{"id":80,"date":"2016-04-13T11:58:42","date_gmt":"2016-04-13T11:58:42","guid":{"rendered":"http:\/\/www2.unifap.br\/profhistoria\/?page_id=80"},"modified":"2021-08-03T16:59:32","modified_gmt":"2021-08-03T16:59:32","slug":"fale-conosco","status":"publish","type":"page","link":"https:\/\/www2.unifap.br\/profhistoria\/fale-conosco\/","title":{"rendered":"FALE CONOSCO"},"content":{"rendered":"<h3>Coordena\u00e7\u00e3o<\/h3>\n<p>E-mail: profhistoria@unifap.br<\/p>\n<p>Telefone: +55 (96) 3312-1740<\/p>\n<p>&nbsp;<\/p>\n<p>Programa Mestrado Profissional em Hist\u00f3ria &#8211; PROFHIST\u00d3RIA<\/p>\n<p>Universidade Federal do Amap\u00e1 &#8211; UNIFAP<\/p>\n<p>Bloco I, Sala I<\/p>\n<p>Campus Marco Zero do Equador<\/p>\n<p>Rodovia Juscelino Kubitschek, km 02, Bloco T, Bairro Universidade<\/p>\n<p>CEP: 68903-419, Macap\u00e1-AP, Brasil<\/p>\n","protected":false},"excerpt":{"rendered":"<p>Coordena\u00e7\u00e3o E-mail: profhistoria@unifap.br Telefone: +55 (96) 3312-1740 &nbsp; Programa Mestrado Profissional em Hist\u00f3ria &#8211; PROFHIST\u00d3RIA Universidade Federal do Amap\u00e1 &#8211; UNIFAP Bloco I, Sala I Campus Marco Zero do Equador Rodovia Juscelino Kubitschek, km 02, Bloco T, Bairro Universidade CEP:&hellip; <\/p>\n<p><a href=\"https:\/\/www2.unifap.br\/profhistoria\/fale-conosco\/\" class=\"readmore-button\">Continue Reading<\/a><\/p>\n","protected":false},"author":308,"featured_media":0,"parent":0,"menu_order":9,"comment_status":"open","ping_status":"open","template":"","meta":{"inline_featured_image":false,"ngg_post_thumbnail":0,"footnotes":""},"class_list":["post-80","page","type-page","status-publish","hentry"],"_links":{"self":[{"href":"https:\/\/www2.unifap.br\/profhistoria\/wp-json\/wp\/v2\/pages\/80","targetHints":{"allow":["GET"]}}],"collection":[{"href":"https:\/\/www2.unifap.br\/profhistoria\/wp-json\/wp\/v2\/pages"}],"about":[{"href":"https:\/\/www2.unifap.br\/profhistoria\/wp-json\/wp\/v2\/types\/page"}],"author":[{"embeddable":true,"href":"https:\/\/www2.unifap.br\/profhistoria\/wp-json\/wp\/v2\/users\/308"}],"replies":[{"embeddable":true,"href":"https:\/\/www2.unifap.br\/profhistoria\/wp-json\/wp\/v2\/comments?post=80"}],"version-history":[{"count":10,"href":"https:\/\/www2.unifap.br\/profhistoria\/wp-json\/wp\/v2\/pages\/80\/revisions"}],"predecessor-version":[{"id":720,"href":"https:\/\/www2.unifap.br\/profhistoria\/wp-json\/wp\/v2\/pages\/80\/revisions\/720"}],"wp:attachment":[{"href":"https:\/\/www2.unifap.br\/profhistoria\/wp-json\/wp\/v2\/media?parent=80"}],"curies":[{"name":"wp","href":"https:\/\/api.w.org\/{rel}","templated":true}]}}