{"id":21,"date":"2021-02-23T11:36:12","date_gmt":"2021-02-23T14:36:12","guid":{"rendered":"http:\/\/www2.unifap.br\/profid\/?page_id=21"},"modified":"2021-04-27T15:34:12","modified_gmt":"2021-04-27T18:34:12","slug":"processos-seletivos","status":"publish","type":"page","link":"https:\/\/www2.unifap.br\/profid\/processos-seletivos\/","title":{"rendered":"Processos Seletivos PROFID"},"content":{"rendered":"\t\t<div data-elementor-type=\"wp-page\" data-elementor-id=\"21\" class=\"elementor elementor-21\">\n\t\t\t\t\t\t<section class=\"elementor-section elementor-top-section elementor-element elementor-element-6fb8b24 elementor-section-boxed elementor-section-height-default elementor-section-height-default\" data-id=\"6fb8b24\" data-element_type=\"section\" data-e-type=\"section\">\n\t\t\t\t\t\t<div class=\"elementor-container elementor-column-gap-default\">\n\t\t\t\t\t<div class=\"elementor-column elementor-col-100 elementor-top-column elementor-element elementor-element-39e5aef\" data-id=\"39e5aef\" data-element_type=\"column\" data-e-type=\"column\">\n\t\t\t<div class=\"elementor-widget-wrap elementor-element-populated\">\n\t\t\t\t\t\t<div class=\"elementor-element elementor-element-b30c055 elementor-widget elementor-widget-heading\" data-id=\"b30c055\" data-element_type=\"widget\" data-e-type=\"widget\" data-widget_type=\"heading.default\">\n\t\t\t\t<div class=\"elementor-widget-container\">\n\t\t\t\t\t<h2 class=\"elementor-heading-title elementor-size-default\">EDITAIS EM ANDAMENTO<\/h2>\t\t\t\t<\/div>\n\t\t\t\t<\/div>\n\t\t\t\t<div class=\"elementor-element elementor-element-e8af5c0 elementor-widget elementor-widget-text-editor\" data-id=\"e8af5c0\" data-element_type=\"widget\" data-e-type=\"widget\" data-widget_type=\"text-editor.default\">\n\t\t\t\t<div class=\"elementor-widget-container\">\n\t\t\t\t\t\t\t\t\t<p><span style=\"color: #000000\"><strong>PROJETO DE EXTENS\u00c3O JOVEM BIL\u00cdNGUE (INGL\u00caS E FRANC\u00caS)<\/strong><\/span><\/p><p>27\/04\/2021 &#8211; <a href=\"http:\/\/www2.unifap.br\/profid\/convocatoria-do-cadastro-reserva-nive_1\/\">CONVOCAT\u00d3RIA CADASTRO RESERVA N\u00cdVEL I<\/a><\/p><p>09\/04\/2021 &#8211;<a href=\"http:\/\/www2.unifap.br\/profid\/lista-atualizada-com-cadastro-reserva-e-turmas\/\"> TURMAS ATUALIZADAS COM CADASTRO RESERVA<\/a>\u00a0<\/p><p>09\/04\/2021 &#8211; <a href=\"http:\/\/www2.unifap.br\/profid\/convocatoria-cadastro-reserva\/\">CONVOCAT\u00d3RIA CADASTRO RESERVA<\/a><\/p><p style=\"text-align: left\">26\/03\/2021 &#8211; <a href=\"http:\/\/www2.unifap.br\/profid\/turmas-atualizadas-com-cadastro-reserva\/\">TURMAS ATUALIZADAS COM CADASTRO RESERVA<\/a><\/p><p>26\/03\/2021 &#8211; <a href=\"http:\/\/www2.unifap.br\/profid\/convocatoria-cadastro-reserva_jb\/\">CONVOCAT\u00d3RIA CADASTRO RESERVA JOVEM BIL\u00cdNGUE<\/a><\/p><p>22\/03\/2021 &#8211; <a href=\"http:\/\/www2.unifap.br\/profid\/resultado-final-retificacao-jb-22-03-2021\/\">RETIFICA\u00c7\u00c3O RESULTADO FINAL INGL\u00caS E FRANC\u00caS NIVEL I<\/a><\/p><p>22\/03\/2021 &#8211; <a href=\"http:\/\/www2.unifap.br\/profid\/retificacao-do-resultado-final-para-o-nivel-i-dos-cursos-de-ingles-e-frances\/\">RETIFICA\u00c7\u00c3O JOVEM BIL\u00cdNGUE N\u00cdVEL I<\/a><\/p><p>19\/03\/2021 &#8211; <a href=\"http:\/\/www2.unifap.br\/profid\/resultado-final-retificacao-jb\/\">RETIFICA\u00c7\u00c3O RESULTADO FINAL JOVEM BIL\u00cdNGUE NIVEL I E NI\u00cdVEL II<\/a><\/p><p>19\/03\/2021 &#8211; <a href=\"http:\/\/www2.unifap.br\/profid\/retificacao-nivel-i\/\">RETIFICA\u00c7\u00c3O JOVEM BIL\u00cdNGUE N\u00cdVEL I<\/a><br \/>19\/03\/2021 &#8211; <a href=\"http:\/\/www2.unifap.br\/profid\/retificacao-nivel-ii\/\">RETIFICA\u00c7\u00c3O JOVEM BIL\u00cdNGUE NIVEL II<\/a><\/p><p>18\/03\/2021 &#8211; <a href=\"http:\/\/www2.unifap.br\/profid\/lista-final-dos-aprovados-nivel-ii\/\">RESULTADO FINAL\u00a0 JOVEM BIL\u00cdNGUE NIVEL II<\/a><\/p><p>18\/03\/2021 &#8211; <a href=\"http:\/\/www2.unifap.br\/profid\/resultado-final-jovem-bilingue\/\">RESULTADO FINAL JOVEM BIL\u00cdNGUE NIVEL I<\/a><\/p><p>15\/03\/2021 &#8211; <a href=\"https:\/\/forms.gle\/hRM4M1vh5Pv3NAJV8\">FORMUL\u00c1RIO PARA RECURSO<\/a><\/p><p>15\/03\/2021 &#8211; <a href=\"http:\/\/www2.unifap.br\/profid\/resultado-preliminar-ingles-e-frances-nivel-i\/\">RESULTADO PRELIMINAR INGL\u00caS E FRANC\u00caS N\u00cdVEL I<\/a><\/p><p>15\/03\/2021 &#8211; <a href=\"http:\/\/www2.unifap.br\/profid\/resultado-preliminar-ingles-e-frances-nivel-ii\/\">RESULTADO PRELIMINAR INGL\u00caS E FRANC\u00caS N\u00cdVEL II<\/a><\/p><p>15\/03\/2021 &#8211; <a href=\"http:\/\/www2.unifap.br\/profid\/retificacao_04-jb\/\">RETIFICA\u00c7\u00c3O 04<\/a><\/p><p>08\/03\/2021 &#8211; <a href=\"https:\/\/www2.unifap.br\/profid\/retificacao-03\/\">\u00a0RETIFICA\u00c7\u00c3O 03 EDITAL 03\/2021\/DEPLA\/PROFID\/UNIFAP<\/a><\/p><p>05\/03\/2021 &#8211;\u00a0 <a href=\"https:\/\/www2.unifap.br\/profid\/retificacao-02\/\">RETIFICA\u00c7\u00c3O 02- EDITAL 03\/2021-DEPLA\/PROFID\/UNIFAP<\/a><\/p><p>02\/03\/2021 &#8211;\u00a0 <a href=\"https:\/\/www2.unifap.br\/profid\/retificacao-01\/\">RETIFICA\u00c7\u00c3O 01- EDITAL 03\/2021-DEPLA\/PROFID\/UNIFAP<\/a><\/p><p>01\/03\/2021 &#8211; <a href=\"https:\/\/www2.unifap.br\/profid\/edital-jovem-bilingue-2021-1\/\">EDITAL 03\/2021- DEPLA\/PROFID\/UNIFAP(INGL\u00caS E FRANC\u00caS) \u2013 N\u00cdVEL I e N\u00cdVEL II \u2013 60 horas<\/a><\/p>\t\t\t\t\t\t\t\t<\/div>\n\t\t\t\t<\/div>\n\t\t\t\t<div class=\"elementor-element elementor-element-b62fe9c elementor-widget elementor-widget-text-editor\" data-id=\"b62fe9c\" data-element_type=\"widget\" data-e-type=\"widget\" data-widget_type=\"text-editor.default\">\n\t\t\t\t<div class=\"elementor-widget-container\">\n\t\t\t\t\t\t\t\t\t<p><span style=\"color: #000000\"><strong style=\"font-size: 1em;letter-spacing: -0.6px\">PROJETO LIBRAS PARA A COMUNIDADE<\/strong><\/span><\/p><p>25\/03\/2021 &#8211; <a href=\"http:\/\/www2.unifap.br\/profid\/resultado-final-definitivo\/\">RESULTADO FINAL<\/a><\/p><p>25\/03\/2021 &#8211; <a href=\"http:\/\/www2.unifap.br\/profid\/convocatoria-cadastro-de-reserva\/\">CONVOCAT\u00d3RIA CADASTRO RESERVA<\/a><\/p><p>24\/03\/2021 &#8211; <a href=\"http:\/\/www2.unifap.br\/profid\/files\/2021\/03\/RESULTADO-FINAL-VAGAS-REMANESCENTE.pdf\">RESULTADO FINAL VAGAS REMANESCENTE<\/a><\/p><p>24\/03\/2021 &#8211; <a href=\"http:\/\/www2.unifap.br\/profid\/resultado-recursos-edital-003-2021-depla-unifap-vr\/\">RESULTADO DA ANALISE DE RECURSO VAGAS REMANESCENTE<\/a><\/p><p>22\/03\/2021 &#8211; <a href=\"https:\/\/forms.gle\/zL5mvkoVTe4gmKvu7\">FORMUL\u00c1RIO DE RECURSO VAGAS REMANESCENTE<\/a><\/p><p>22\/03\/2021 &#8211; <a href=\"http:\/\/www2.unifap.br\/profid\/resultado-preliminar-vagas-remanescente\/\">RESULTADO PRELIMINAR VAGAS REMANESCENTE<\/a><\/p><p>19\/03\/2021 &#8211; <a href=\"http:\/\/www2.unifap.br\/profid\/convocatoria-vagas-remanescente-projeto-lb-edital-03\/\">CONVOCAT\u00d3RIA VAGAS REMANESCENTES DO EDITAL 03\/2021 DEPLA\/UNIFAP<\/a><\/p><p>18\/03\/2021 &#8211; <a href=\"http:\/\/www2.unifap.br\/profid\/resultado-final-libras-para-comunidade\/\">RESULTADO FINAL LIBRAS PARA COMUNIDADE<\/a><\/p><p>17\/03\/2021 &#8211; <a href=\"http:\/\/www2.unifap.br\/profid\/resultado-recursos-edital-003-2021-depla-unifap-libras\/\">LIBRAS PARA A COMUNIDADE AN\u00c1LISE DOS RECURSOS<\/a><br \/>17\/03\/2021 &#8211; <a href=\"http:\/\/www2.unifap.br\/profid\/retificacao-resultado-preliminar\/\">RETIFICA\u00c7\u00c3O DO RESULTADO PRELIMINAR<\/a><\/p><p>15\/03\/2021 &#8211; <a href=\"https:\/\/forms.gle\/KxmvPuiARRfURJzCA\">FORMUL\u00c1RIO PARA RECURSO<\/a><\/p><p>15\/03\/2021 &#8211; <a href=\"http:\/\/www2.unifap.br\/profid\/resultado-preliminar-libras-para-comunidade\/\">RESULTADO PRELIMINAR<\/a><\/p><p>15\/03\/2021 &#8211; <a href=\"http:\/\/www2.unifap.br\/profid\/retificacao-02_lb\/\">RETIFICA\u00c7\u00c3O 02<\/a><\/p><p>03\/03\/2021 &#8211;\u00a0<a href=\"https:\/\/www2.unifap.br\/profid\/retificacao-01-edital-libras-2\/\">RETIFICA\u00c7\u00c3O EDITAL 03\/2021 DEPLA\/UNIFAP\/LIBRAS<\/a><\/p><p>01\/03\/2021 &#8211;\u00a0<a style=\"font-size: 14px\" href=\"https:\/\/www2.unifap.br\/profid\/edital-libras-para-a-comunidade-2021-1\/\">EDITAL 03\/2021 DEPLA\/UNIFAP CURSO DE LIBRAS \u2013 EaD N\u00cdVEIS I, II e III 180h<\/a><\/p>\t\t\t\t\t\t\t\t<\/div>\n\t\t\t\t<\/div>\n\t\t\t\t\t<\/div>\n\t\t<\/div>\n\t\t\t\t\t<\/div>\n\t\t<\/section>\n\t\t\t\t<section class=\"elementor-section elementor-top-section elementor-element elementor-element-dc62f48 elementor-section-boxed elementor-section-height-default elementor-section-height-default\" data-id=\"dc62f48\" data-element_type=\"section\" data-e-type=\"section\">\n\t\t\t\t\t\t<div class=\"elementor-container elementor-column-gap-default\">\n\t\t\t\t\t<div class=\"elementor-column elementor-col-100 elementor-top-column elementor-element elementor-element-ae50dab\" data-id=\"ae50dab\" data-element_type=\"column\" data-e-type=\"column\">\n\t\t\t<div class=\"elementor-widget-wrap\">\n\t\t\t\t\t\t\t<\/div>\n\t\t<\/div>\n\t\t\t\t\t<\/div>\n\t\t<\/section>\n\t\t\t\t<\/div>\n\t\t","protected":false},"excerpt":{"rendered":"<p>EDITAIS EM ANDAMENTO PROJETO DE EXTENS\u00c3O JOVEM BIL\u00cdNGUE (INGL\u00caS E FRANC\u00caS) 27\/04\/2021 &#8211; CONVOCAT\u00d3RIA CADASTRO RESERVA N\u00cdVEL I 09\/04\/2021 &#8211; TURMAS ATUALIZADAS COM CADASTRO RESERVA\u00a0 09\/04\/2021 &#8211; CONVOCAT\u00d3RIA CADASTRO RESERVA 26\/03\/2021 &#8211; TURMAS ATUALIZADAS COM CADASTRO RESERVA 26\/03\/2021 &#8211; CONVOCAT\u00d3RIA CADASTRO RESERVA JOVEM BIL\u00cdNGUE 22\/03\/2021 &#8211; RETIFICA\u00c7\u00c3O RESULTADO FINAL INGL\u00caS E FRANC\u00caS NIVEL I 22\/03\/2021&#8230;<\/p>\n","protected":false},"author":3909,"featured_media":0,"parent":0,"menu_order":0,"comment_status":"closed","ping_status":"closed","template":"","meta":{"inline_featured_image":false,"ngg_post_thumbnail":0,"footnotes":""},"class_list":["post-21","page","type-page","status-publish","hentry","entry"],"_links":{"self":[{"href":"https:\/\/www2.unifap.br\/profid\/wp-json\/wp\/v2\/pages\/21","targetHints":{"allow":["GET"]}}],"collection":[{"href":"https:\/\/www2.unifap.br\/profid\/wp-json\/wp\/v2\/pages"}],"about":[{"href":"https:\/\/www2.unifap.br\/profid\/wp-json\/wp\/v2\/types\/page"}],"author":[{"embeddable":true,"href":"https:\/\/www2.unifap.br\/profid\/wp-json\/wp\/v2\/users\/3909"}],"replies":[{"embeddable":true,"href":"https:\/\/www2.unifap.br\/profid\/wp-json\/wp\/v2\/comments?post=21"}],"version-history":[{"count":70,"href":"https:\/\/www2.unifap.br\/profid\/wp-json\/wp\/v2\/pages\/21\/revisions"}],"predecessor-version":[{"id":566,"href":"https:\/\/www2.unifap.br\/profid\/wp-json\/wp\/v2\/pages\/21\/revisions\/566"}],"wp:attachment":[{"href":"https:\/\/www2.unifap.br\/profid\/wp-json\/wp\/v2\/media?parent=21"}],"curies":[{"name":"wp","href":"https:\/\/api.w.org\/{rel}","templated":true}]}}