{"id":2688,"date":"2024-07-26T14:00:12","date_gmt":"2024-07-26T17:00:12","guid":{"rendered":"https:\/\/www2.unifap.br\/profid\/?page_id=2688"},"modified":"2024-10-29T18:38:58","modified_gmt":"2024-10-29T21:38:58","slug":"sobre-o-profid","status":"publish","type":"page","link":"https:\/\/www2.unifap.br\/profid\/sobre-o-profid\/","title":{"rendered":"SOBRE O PROFID"},"content":{"rendered":"\t\t<div data-elementor-type=\"wp-page\" data-elementor-id=\"2688\" class=\"elementor elementor-2688\">\n\t\t\t\t<div class=\"elementor-element elementor-element-50311576 e-con-full e-flex e-con e-parent\" data-id=\"50311576\" data-element_type=\"container\" data-e-type=\"container\" data-settings=\"{&quot;background_background&quot;:&quot;classic&quot;}\">\n\t\t\t\t<div class=\"elementor-element elementor-element-0b374d1 elementor-widget elementor-widget-heading\" data-id=\"0b374d1\" data-element_type=\"widget\" data-e-type=\"widget\" data-widget_type=\"heading.default\">\n\t\t\t\t<div class=\"elementor-widget-container\">\n\t\t\t\t\t<h1 class=\"elementor-heading-title elementor-size-default\">Sobre o profid<\/h1>\t\t\t\t<\/div>\n\t\t\t\t<\/div>\n\t\t<div class=\"elementor-element elementor-element-37676899 e-con-full e-flex e-con e-child\" data-id=\"37676899\" data-element_type=\"container\" data-e-type=\"container\">\n\t\t\t\t<div class=\"elementor-element elementor-element-683b9db elementor-widget__width-inherit elementor-widget elementor-widget-text-editor\" data-id=\"683b9db\" data-element_type=\"widget\" data-e-type=\"widget\" data-widget_type=\"text-editor.default\">\n\t\t\t\t<div class=\"elementor-widget-container\">\n\t\t\t\t\t\t\t\t\t<p><span style=\"font-size: 23px\"><b>O Programa de Forma\u00e7\u00e3o, Aperfei\u00e7oamento, Qualifica\u00e7\u00e3o Profissional e Idiomas (Profid) \u00e9 um programa de extens\u00e3o da Universidade Federal do Amap\u00e1 (Unifap) que tem atendido os munic\u00edpios do Amap\u00e1 desde 2021. Com mais de 30 projetos e mais de 10 mil pessoas beneficiadas<\/b><\/span><b style=\"letter-spacing: -0.1px;font-size: 23px\">, o Profid objetiva promover o di\u00e1logo permanente da Unifap com a sociedade. Seu prop\u00f3sito \u00e9 contribuir para a forma\u00e7\u00e3o de uma universidade mais inclusiva e engajada, democratizando conhecimentos, artes, cultura e ci\u00eancias produzidas nesta Institui\u00e7\u00e3o de Ensino Superior.<\/b><\/p><p><span style=\"font-size: 23px\"><b>\u00a0<\/b><\/span><\/p>\t\t\t\t\t\t\t\t<\/div>\n\t\t\t\t<\/div>\n\t\t\t\t<div class=\"elementor-element elementor-element-5f11fcb elementor-widget__width-inherit elementor-widget-mobile__width-inherit elementor-widget elementor-widget-image-carousel\" data-id=\"5f11fcb\" data-element_type=\"widget\" data-e-type=\"widget\" data-settings=\"{&quot;image_spacing_custom&quot;:{&quot;unit&quot;:&quot;px&quot;,&quot;size&quot;:&quot;10&quot;,&quot;sizes&quot;:[]},&quot;navigation&quot;:&quot;none&quot;,&quot;speed&quot;:500,&quot;image_spacing_custom_tablet&quot;:{&quot;unit&quot;:&quot;px&quot;,&quot;size&quot;:&quot;&quot;,&quot;sizes&quot;:[]},&quot;image_spacing_custom_mobile&quot;:{&quot;unit&quot;:&quot;px&quot;,&quot;size&quot;:&quot;&quot;,&quot;sizes&quot;:[]}}\" data-widget_type=\"image-carousel.default\">\n\t\t\t\t<div class=\"elementor-widget-container\">\n\t\t\t\t\t\t\t<div class=\"elementor-image-carousel-wrapper swiper\" role=\"region\" aria-roledescription=\"carousel\" aria-label=\"Carrossel de imagens\" dir=\"ltr\">\n\t\t\t<div class=\"elementor-image-carousel swiper-wrapper\" aria-live=\"polite\">\n\t\t\t\t\t\t\t\t<div class=\"swiper-slide\" role=\"group\" aria-roledescription=\"slide\" aria-label=\"1 de 3\"><figure class=\"swiper-slide-inner\"><img decoding=\"async\" class=\"swiper-slide-image\" src=\"https:\/\/www2.unifap.br\/profid\/files\/2024\/10\/CSA-87-768x512.jpg\" alt=\"CSA-87\" \/><\/figure><\/div><div class=\"swiper-slide\" role=\"group\" aria-roledescription=\"slide\" aria-label=\"2 de 3\"><figure class=\"swiper-slide-inner\"><img decoding=\"async\" class=\"swiper-slide-image\" src=\"https:\/\/www2.unifap.br\/profid\/files\/2024\/10\/BONSAI-40-768x512.jpg\" alt=\"BONSAI-40\" \/><\/figure><\/div><div class=\"swiper-slide\" role=\"group\" aria-roledescription=\"slide\" aria-label=\"3 de 3\"><figure class=\"swiper-slide-inner\"><img decoding=\"async\" class=\"swiper-slide-image\" src=\"https:\/\/www2.unifap.br\/profid\/files\/2024\/10\/CSAFSC_24-768x512.jpg\" alt=\"CSAFSC_24\" \/><\/figure><\/div>\t\t\t<\/div>\n\t\t\t\t\t\t\t\n\t\t\t\t\t\t\t\t\t<\/div>\n\t\t\t\t\t\t<\/div>\n\t\t\t\t<\/div>\n\t\t\t\t<\/div>\n\t\t\t\t<\/div>\n\t\t<div class=\"elementor-element elementor-element-73f5d249 e-con-full e-flex e-con e-parent\" data-id=\"73f5d249\" data-element_type=\"container\" data-e-type=\"container\" data-settings=\"{&quot;background_background&quot;:&quot;classic&quot;}\">\n\t\t<div class=\"elementor-element elementor-element-6dd4fb2d e-con-full e-flex e-con e-child\" data-id=\"6dd4fb2d\" data-element_type=\"container\" data-e-type=\"container\">\n\t\t\t\t<div class=\"elementor-element elementor-element-21d8983d elementor-widget elementor-widget-heading\" data-id=\"21d8983d\" data-element_type=\"widget\" data-e-type=\"widget\" data-widget_type=\"heading.default\">\n\t\t\t\t<div class=\"elementor-widget-container\">\n\t\t\t\t\t<h1 class=\"elementor-heading-title elementor-size-default\">Nossos Benefici\u00e1rios<\/h1>\t\t\t\t<\/div>\n\t\t\t\t<\/div>\n\t\t\t\t<\/div>\n\t\t<div class=\"elementor-element elementor-element-204f6d9d e-con-full e-flex e-con e-child\" data-id=\"204f6d9d\" data-element_type=\"container\" data-e-type=\"container\" data-settings=\"{&quot;background_background&quot;:&quot;classic&quot;}\">\n\t\t<div class=\"elementor-element elementor-element-b1727ff e-con-full e-flex e-con e-child\" data-id=\"b1727ff\" data-element_type=\"container\" data-e-type=\"container\">\n\t\t<div class=\"elementor-element elementor-element-06ef013 e-con-full e-flex e-con e-child\" data-id=\"06ef013\" data-element_type=\"container\" data-e-type=\"container\">\n\t\t\t\t<div class=\"elementor-element elementor-element-3cd6191 elementor-widget__width-initial elementor-widget-mobile__width-inherit elementor-widget elementor-widget-image\" data-id=\"3cd6191\" data-element_type=\"widget\" data-e-type=\"widget\" data-widget_type=\"image.default\">\n\t\t\t\t<div class=\"elementor-widget-container\">\n\t\t\t\t\t\t\t\t\t\t\t\t\t\t\t<img fetchpriority=\"high\" decoding=\"async\" width=\"800\" height=\"450\" src=\"https:\/\/www2.unifap.br\/profid\/files\/2024\/10\/IMG_7792-800x450.jpg\" class=\"attachment-ocean-thumb-ml size-ocean-thumb-ml wp-image-3791\" alt=\"\" \/>\t\t\t\t\t\t\t\t\t\t\t\t\t\t\t<\/div>\n\t\t\t\t<\/div>\n\t\t\t\t<div class=\"elementor-element elementor-element-ca9a59e elementor-widget-mobile__width-inherit elementor-widget elementor-widget-text-editor\" data-id=\"ca9a59e\" data-element_type=\"widget\" data-e-type=\"widget\" data-widget_type=\"text-editor.default\">\n\t\t\t\t<div class=\"elementor-widget-container\">\n\t\t\t\t\t\t\t\t\t<p style=\"font-family: Quicksand, sans-serif;font-size: 28px;font-style: normal;font-weight: 400;color: #026846;letter-spacing: -0.1px;text-align: center\"><span style=\"font-size: 23px\"><span style=\"font-size: 23px;font-weight: bold\">Atendemos a comunidade acad\u00eamica e a sociedade amapaense em geral.<\/span><\/span><\/p>\n<p style=\"font-family: Quicksand, sans-serif;font-size: 28px;font-style: normal;font-weight: 400;color: #026846;letter-spacing: -0.1px\"><span style=\"font-size: 23px;font-weight: bold;letter-spacing: -0.1px\">Nossos benefici\u00e1rios s\u00e3o pessoas que buscam qualifica\u00e7\u00e3o para aprimorar o curr\u00edculo e ingressar no mercado de trabalho e oportunidades de atendimento em diversas \u00e1reas de conhecimento e atua\u00e7\u00e3o da Unifap, como artes, cultura, sa\u00fade, educa\u00e7\u00e3o, esportes, entre outros.<\/span><\/p>\n<div><span style=\"font-size: 23px;font-weight: bold;letter-spacing: -0.1px\">&nbsp;<\/span><\/div>\t\t\t\t\t\t\t\t<\/div>\n\t\t\t\t<\/div>\n\t\t\t\t<\/div>\n\t\t\t\t<\/div>\n\t\t\t\t<\/div>\n\t\t\t\t<\/div>\n\t\t<div class=\"elementor-element elementor-element-71d664cd e-con-full e-flex e-con e-parent\" data-id=\"71d664cd\" data-element_type=\"container\" data-e-type=\"container\" id=\"next\" data-settings=\"{&quot;background_background&quot;:&quot;classic&quot;}\">\n\t\t\t\t<div class=\"elementor-element elementor-element-5a2295ad elementor-widget-mobile__width-inherit elementor-widget elementor-widget-heading\" data-id=\"5a2295ad\" data-element_type=\"widget\" data-e-type=\"widget\" data-widget_type=\"heading.default\">\n\t\t\t\t<div class=\"elementor-widget-container\">\n\t\t\t\t\t<h3 class=\"elementor-heading-title elementor-size-default\">Nossa Equipe<\/h3>\t\t\t\t<\/div>\n\t\t\t\t<\/div>\n\t\t\t\t<div class=\"elementor-element elementor-element-3b05724 elementor-widget-mobile__width-inherit elementor-widget__width-initial elementor-widget elementor-widget-text-editor\" data-id=\"3b05724\" data-element_type=\"widget\" data-e-type=\"widget\" data-widget_type=\"text-editor.default\">\n\t\t\t\t<div class=\"elementor-widget-container\">\n\t\t\t\t\t\t\t\t\t<p><span style=\"font-size: 23px;font-weight: bold;letter-spacing: -0.1px\">&nbsp;<\/span><\/p>\n<p><span style=\"font-family: Quicksand, sans-serif;font-size: 23px;font-style: normal;font-weight: bold;letter-spacing: -0.1px\">Prof. Ms. Melque Lima &#8211;&nbsp;<\/span><span style=\"font-family: Quicksand, sans-serif;font-style: normal;letter-spacing: -0.1px;font-size: 23px\">coordenador&nbsp;<\/span><span style=\"font-family: Quicksand, sans-serif;font-style: normal;letter-spacing: -0.1px;font-size: 23px\">geral<\/span><\/p>\n<p><span style=\"font-family: Quicksand, sans-serif;font-style: normal;letter-spacing: -0.1px;font-size: 23px\"><b>Profa. Ms. Nat\u00e1lia Vasconcelos &#8211; <\/b>vice-coordenadora<\/span><\/p>\n<p><span style=\"font-family: Quicksand, sans-serif;font-style: normal;letter-spacing: -0.1px;font-size: 23px;font-weight: bold\">Profa. Ms. Inajara Amanda Viana &#8211; <\/span><span style=\"font-family: Quicksand, sans-serif;font-style: normal;letter-spacing: -0.1px;font-size: 23px\">apoio \u00e0 coordena\u00e7\u00e3o<\/span><\/p>\n<p><span style=\"font-family: Quicksand, sans-serif;font-style: normal;letter-spacing: -0.1px;font-size: 23px;font-weight: bold\">Briane Costa &#8211; <\/span><span style=\"font-family: Quicksand, sans-serif;font-style: normal;letter-spacing: -0.1px;font-size: 23px\">apoio \u00e0 coordena\u00e7\u00e3o: secretaria<\/span><\/p>\n<p><span style=\"font-family: Quicksand, sans-serif;font-style: normal;letter-spacing: -0.1px;font-size: 23px;font-weight: bold\">Darlen Raquel Maia &#8211; <\/span><span style=\"font-family: Quicksand, sans-serif;font-style: normal;letter-spacing: -0.1px;font-size: 23px\">apoio \u00e0 Assessoria Administrativa Financeira<\/span><\/p>\n<p><span style=\"font-family: Quicksand, sans-serif;font-style: normal;letter-spacing: -0.1px;font-size: 23px;font-weight: bold\">Janio Cesar Silva &#8211; <\/span><span style=\"font-family: Quicksand, sans-serif;font-style: normal;letter-spacing: -0.1px;font-size: 23px\">apoio \u00e0 coordena\u00e7\u00e3o: inform\u00e1tica<\/span><\/p>\n<p><span style=\"font-family: Quicksand, sans-serif;font-style: normal;letter-spacing: -0.1px;font-size: 23px;font-weight: bold\">Nat\u00e1lia Melo &#8211; <\/span><span style=\"font-family: Quicksand, sans-serif;font-style: normal;letter-spacing: -0.1px;font-size: 23px\">apoio \u00e0 Assessoria Administrativa<\/span><\/p>\n<p><span style=\"font-family: Quicksand, sans-serif;font-style: normal;letter-spacing: -0.1px;font-size: 23px;font-weight: bold\">Rodrigo Santos &#8211; <\/span><span style=\"font-family: Quicksand, sans-serif;font-style: normal;letter-spacing: -0.1px;font-size: 23px\">apoio \u00e0 coordena\u00e7\u00e3o<\/span><\/p>\n<p><span style=\"font-family: Quicksand, sans-serif;font-style: normal;letter-spacing: -0.1px;font-size: 23px;font-weight: bold\">Rosilene Aguiar &#8211; <\/span><span style=\"font-family: Quicksand, sans-serif;font-style: normal;letter-spacing: -0.1px;font-size: 23px\">assessora administrativa financeira<\/span><\/p>\n<p><span style=\"font-family: Quicksand, sans-serif;font-size: 24px;font-style: normal;font-weight: 400;letter-spacing: -0.3px\"><br><\/span><\/p>\n<p><span style=\"font-family: Quicksand, sans-serif;font-size: 24px;letter-spacing: -0.3px\">Al\u00e9m da equipe de coordena\u00e7\u00e3o geral, o Programa conta com docentes, t\u00e9cnicos administrativos e acad\u00eamicos (graduando e p\u00f3s-graduandos) da Unifap.<\/span><\/p>\n<p><span style=\"font-family: Quicksand, sans-serif;font-style: normal;letter-spacing: -0.1px;font-size: 23px\">&nbsp;<\/span><\/p>\n<p><\/p>\n<p dir=\"ltr\" style=\"line-height: 1.7999999999999998;text-align: justify;margin-top: 0pt;margin-bottom: 8pt\">\n<\/p>\t\t\t\t\t\t\t\t<\/div>\n\t\t\t\t<\/div>\n\t\t\t\t<\/div>\n\t\t<div class=\"elementor-element elementor-element-39493ca4 e-con-full e-flex e-con e-parent\" data-id=\"39493ca4\" data-element_type=\"container\" data-e-type=\"container\" data-settings=\"{&quot;background_background&quot;:&quot;classic&quot;}\">\n\t\t\t\t<div class=\"elementor-element elementor-element-79d2d96c elementor-widget-mobile__width-inherit elementor-widget elementor-widget-heading\" data-id=\"79d2d96c\" data-element_type=\"widget\" data-e-type=\"widget\" data-widget_type=\"heading.default\">\n\t\t\t\t<div class=\"elementor-widget-container\">\n\t\t\t\t\t<h3 class=\"elementor-heading-title elementor-size-default\">Profid em n\u00fameros e projetos<\/h3>\t\t\t\t<\/div>\n\t\t\t\t<\/div>\n\t\t<div class=\"elementor-element elementor-element-4cfed1b e-con-full e-flex e-con e-child\" data-id=\"4cfed1b\" data-element_type=\"container\" data-e-type=\"container\">\n\t\t\t\t<div class=\"elementor-element elementor-element-d0b8fc3 elementor-widget__width-initial elementor-widget-mobile__width-inherit elementor-widget elementor-widget-image\" data-id=\"d0b8fc3\" data-element_type=\"widget\" data-e-type=\"widget\" data-widget_type=\"image.default\">\n\t\t\t\t<div class=\"elementor-widget-container\">\n\t\t\t\t\t\t\t\t\t\t\t\t\t\t\t<img decoding=\"async\" width=\"1536\" height=\"864\" src=\"https:\/\/www2.unifap.br\/profid\/files\/2024\/10\/Apresentacao-de-Slides-Corporativo-Preto-e-Amarelo-1536x864.png\" class=\"attachment-1536x1536 size-1536x1536 wp-image-3842\" alt=\"\" srcset=\"https:\/\/www2.unifap.br\/profid\/files\/2024\/10\/Apresentacao-de-Slides-Corporativo-Preto-e-Amarelo-1536x864.png 1536w, https:\/\/www2.unifap.br\/profid\/files\/2024\/10\/Apresentacao-de-Slides-Corporativo-Preto-e-Amarelo-300x169.png 300w, https:\/\/www2.unifap.br\/profid\/files\/2024\/10\/Apresentacao-de-Slides-Corporativo-Preto-e-Amarelo-1024x576.png 1024w, https:\/\/www2.unifap.br\/profid\/files\/2024\/10\/Apresentacao-de-Slides-Corporativo-Preto-e-Amarelo-768x432.png 768w, https:\/\/www2.unifap.br\/profid\/files\/2024\/10\/Apresentacao-de-Slides-Corporativo-Preto-e-Amarelo-800x450.png 800w, https:\/\/www2.unifap.br\/profid\/files\/2024\/10\/Apresentacao-de-Slides-Corporativo-Preto-e-Amarelo.png 1920w\" sizes=\"(max-width: 1536px) 100vw, 1536px\" \/>\t\t\t\t\t\t\t\t\t\t\t\t\t\t\t<\/div>\n\t\t\t\t<\/div>\n\t\t\t\t<div class=\"elementor-element elementor-element-d881128 elementor-widget__width-initial elementor-widget-mobile__width-inherit elementor-widget elementor-widget-text-editor\" data-id=\"d881128\" data-element_type=\"widget\" data-e-type=\"widget\" data-widget_type=\"text-editor.default\">\n\t\t\t\t<div class=\"elementor-widget-container\">\n\t\t\t\t\t\t\t\t\t<p><span style=\"font-size: 23px\"><b>H\u00e1 4 anos transformando vidas!<\/b><\/span><\/p><p><span style=\"font-size: 23px\"><b>+ 30 projetos entregues \u00e0 sociedade amapaense.<\/b><\/span><\/p><p><span style=\"font-size: 23px\"><b>+ 15.000 pessoas atendidas em todo o estado do Amap\u00e1.<\/b><\/span><\/p><p><span style=\"font-size: 23px\"><b>Alcan\u00e7amos todo o territ\u00f3rio nacional em 2024, rompendo barreiras e estendendo o conhecimento universit\u00e1rio.<\/b><\/span><\/p>\t\t\t\t\t\t\t\t<\/div>\n\t\t\t\t<\/div>\n\t\t\t\t<\/div>\n\t\t\t\t<\/div>\n\t\t<div class=\"elementor-element elementor-element-96db6e5 e-con-full e-flex e-con e-child\" data-id=\"96db6e5\" data-element_type=\"container\" data-e-type=\"container\" data-settings=\"{&quot;background_background&quot;:&quot;classic&quot;}\">\n\t\t<div class=\"elementor-element elementor-element-4bec904 e-con-full e-flex e-con e-child\" data-id=\"4bec904\" data-element_type=\"container\" data-e-type=\"container\">\n\t\t\t\t<div class=\"elementor-element elementor-element-9275249 elementor-widget elementor-widget-image\" data-id=\"9275249\" data-element_type=\"widget\" data-e-type=\"widget\" data-widget_type=\"image.default\">\n\t\t\t\t<div class=\"elementor-widget-container\">\n\t\t\t\t\t\t\t\t\t\t\t\t\t\t\t<img decoding=\"async\" width=\"147\" height=\"163\" src=\"https:\/\/www2.unifap.br\/profid\/files\/2024\/05\/Logo-do-Profid-HD.png\" class=\"attachment-full size-full wp-image-2103\" alt=\"\" \/>\t\t\t\t\t\t\t\t\t\t\t\t\t\t\t<\/div>\n\t\t\t\t<\/div>\n\t\t\t\t<div class=\"elementor-element elementor-element-64e7b77 elementor-widget elementor-widget-text-editor\" data-id=\"64e7b77\" data-element_type=\"widget\" data-e-type=\"widget\" data-widget_type=\"text-editor.default\">\n\t\t\t\t<div class=\"elementor-widget-container\">\n\t\t\t\t\t\t\t\t\t<p>\u00a0 \u00a0 \u00a0 \u00a0 \u00a0 \u00a0 \u00a0 \u00a0 \u00a0 \u00a0 \u00a0 \u00a0 \u00a0 \u00a0 \u00a0 \u00a0 \u00a0 \u00a0 \u00a0 \u00a0 \u00a0 \u00a0 \u00a0 \u00a0 \u00a0 \u00a0 \u00a0 \u00a0 \u00a0 \u00a0 \u00a0UNIFAP-DEPLA<\/p><p>Rod. Josmar Chaves Pinto, KM 02 &#8211; Universidade, Macap\u00e1 &#8211; AP, 68903-419<\/p><p>\u00a0 \u00a0 \u00a0 \u00a0 \u00a0 \u00a0 \u00a0 \u00a0 \u00a0 \u00a0 \u00a0 \u00a0 \u00a0 \u00a0 \u00a0 \u00a0 \u00a0 \u00a0 \u00a0 \u00a0 \u00a0 \u00a0 \u00a0 \u00a0 \u00a0 \u00a0 \u00a0 \u00a0 \u00a0 Seg-Sex 8:00 &#8211; 17:00<\/p>\t\t\t\t\t\t\t\t<\/div>\n\t\t\t\t<\/div>\n\t\t\t\t<div class=\"elementor-element elementor-element-f860281 elementor-shape-circle elementor-grid-2 elementor-widget-mobile__width-inherit elementor-widget__width-initial e-grid-align-center elementor-widget elementor-widget-social-icons\" data-id=\"f860281\" data-element_type=\"widget\" data-e-type=\"widget\" data-widget_type=\"social-icons.default\">\n\t\t\t\t<div class=\"elementor-widget-container\">\n\t\t\t\t\t\t\t<div class=\"elementor-social-icons-wrapper elementor-grid\" role=\"list\">\n\t\t\t\t\t\t\t<span class=\"elementor-grid-item\" role=\"listitem\">\n\t\t\t\t\t<a class=\"elementor-icon elementor-social-icon elementor-social-icon-youtube elementor-repeater-item-c4cd766\" href=\"https:\/\/www.youtube.com\/channel\/UCttpQPd50OHkTlfPnnZEMvA\" target=\"_blank\">\n\t\t\t\t\t\t<span class=\"elementor-screen-only\">Youtube<\/span>\n\t\t\t\t\t\t<svg aria-hidden=\"true\" class=\"e-font-icon-svg e-fab-youtube\" viewBox=\"0 0 576 512\" xmlns=\"http:\/\/www.w3.org\/2000\/svg\"><path d=\"M549.655 124.083c-6.281-23.65-24.787-42.276-48.284-48.597C458.781 64 288 64 288 64S117.22 64 74.629 75.486c-23.497 6.322-42.003 24.947-48.284 48.597-11.412 42.867-11.412 132.305-11.412 132.305s0 89.438 11.412 132.305c6.281 23.65 24.787 41.5 48.284 47.821C117.22 448 288 448 288 448s170.78 0 213.371-11.486c23.497-6.321 42.003-24.171 48.284-47.821 11.412-42.867 11.412-132.305 11.412-132.305s0-89.438-11.412-132.305zm-317.51 213.508V175.185l142.739 81.205-142.739 81.201z\"><\/path><\/svg>\t\t\t\t\t<\/a>\n\t\t\t\t<\/span>\n\t\t\t\t\t\t\t<span class=\"elementor-grid-item\" role=\"listitem\">\n\t\t\t\t\t<a class=\"elementor-icon elementor-social-icon elementor-social-icon-instagram elementor-repeater-item-1986d6b\" href=\"https:\/\/www.instagram.com\/profid_unifap\/\" target=\"_blank\">\n\t\t\t\t\t\t<span class=\"elementor-screen-only\">Instagram<\/span>\n\t\t\t\t\t\t<svg aria-hidden=\"true\" class=\"e-font-icon-svg e-fab-instagram\" viewBox=\"0 0 448 512\" xmlns=\"http:\/\/www.w3.org\/2000\/svg\"><path d=\"M224.1 141c-63.6 0-114.9 51.3-114.9 114.9s51.3 114.9 114.9 114.9S339 319.5 339 255.9 287.7 141 224.1 141zm0 189.6c-41.1 0-74.7-33.5-74.7-74.7s33.5-74.7 74.7-74.7 74.7 33.5 74.7 74.7-33.6 74.7-74.7 74.7zm146.4-194.3c0 14.9-12 26.8-26.8 26.8-14.9 0-26.8-12-26.8-26.8s12-26.8 26.8-26.8 26.8 12 26.8 26.8zm76.1 27.2c-1.7-35.9-9.9-67.7-36.2-93.9-26.2-26.2-58-34.4-93.9-36.2-37-2.1-147.9-2.1-184.9 0-35.8 1.7-67.6 9.9-93.9 36.1s-34.4 58-36.2 93.9c-2.1 37-2.1 147.9 0 184.9 1.7 35.9 9.9 67.7 36.2 93.9s58 34.4 93.9 36.2c37 2.1 147.9 2.1 184.9 0 35.9-1.7 67.7-9.9 93.9-36.2 26.2-26.2 34.4-58 36.2-93.9 2.1-37 2.1-147.8 0-184.8zM398.8 388c-7.8 19.6-22.9 34.7-42.6 42.6-29.5 11.7-99.5 9-132.1 9s-102.7 2.6-132.1-9c-19.6-7.8-34.7-22.9-42.6-42.6-11.7-29.5-9-99.5-9-132.1s-2.6-102.7 9-132.1c7.8-19.6 22.9-34.7 42.6-42.6 29.5-11.7 99.5-9 132.1-9s102.7-2.6 132.1 9c19.6 7.8 34.7 22.9 42.6 42.6 11.7 29.5 9 99.5 9 132.1s2.7 102.7-9 132.1z\"><\/path><\/svg>\t\t\t\t\t<\/a>\n\t\t\t\t<\/span>\n\t\t\t\t\t<\/div>\n\t\t\t\t\t\t<\/div>\n\t\t\t\t<\/div>\n\t\t\t\t<\/div>\n\t\t\t\t<\/div>\n\t\t<div class=\"elementor-element elementor-element-b32a9f0 e-con-full e-flex e-con e-child\" data-id=\"b32a9f0\" data-element_type=\"container\" data-e-type=\"container\" data-settings=\"{&quot;background_background&quot;:&quot;classic&quot;}\">\n\t\t\t\t<div class=\"elementor-element elementor-element-c367710 elementor-widget elementor-widget-heading\" data-id=\"c367710\" data-element_type=\"widget\" data-e-type=\"widget\" data-widget_type=\"heading.default\">\n\t\t\t\t<div class=\"elementor-widget-container\">\n\t\t\t\t\t<p class=\"elementor-heading-title elementor-size-default\">\u00a9Todos os Direitos Reservados PROFID-UNIFAP<\/p>\t\t\t\t<\/div>\n\t\t\t\t<\/div>\n\t\t\t\t<\/div>\n\t\t\t\t<\/div>\n\t\t","protected":false},"excerpt":{"rendered":"<p>\/*! elementor &#8211; v3.21.0 &#8211; 26-05-2024 *\/ .elementor-heading-title{padding:0;margin:0;line-height:1}.elementor-widget-heading .elementor-heading-title[class*=elementor-size-]&gt;a{color:inherit;font-size:inherit;line-height:inherit}.elementor-widget-heading .elementor-heading-title.elementor-size-small{font-size:15px}.elementor-widget-heading .elementor-heading-title.elementor-size-medium{font-size:19px}.elementor-widget-heading .elementor-heading-title.elementor-size-large{font-size:29px}.elementor-widget-heading .elementor-heading-title.elementor-size-xl{font-size:39px}.elementor-widget-heading .elementor-heading-title.elementor-size-xxl{font-size:59px} Sobre o profid O Programa de Forma\u00e7\u00e3o, Aperfei\u00e7oamento, Qualifica\u00e7\u00e3o Profissional e Idiomas (Profid) \u00e9 um programa de extens\u00e3o da Universidade Federal do Amap\u00e1 (Unifap) que tem atendido os munic\u00edpios do Amap\u00e1 desde 2021. Com mais de 30 projetos e mais de&#8230;<\/p>\n","protected":false},"author":4020,"featured_media":0,"parent":0,"menu_order":0,"comment_status":"closed","ping_status":"closed","template":"elementor_header_footer","meta":{"inline_featured_image":false,"ngg_post_thumbnail":0,"footnotes":""},"class_list":["post-2688","page","type-page","status-publish","hentry","entry"],"_links":{"self":[{"href":"https:\/\/www2.unifap.br\/profid\/wp-json\/wp\/v2\/pages\/2688","targetHints":{"allow":["GET"]}}],"collection":[{"href":"https:\/\/www2.unifap.br\/profid\/wp-json\/wp\/v2\/pages"}],"about":[{"href":"https:\/\/www2.unifap.br\/profid\/wp-json\/wp\/v2\/types\/page"}],"author":[{"embeddable":true,"href":"https:\/\/www2.unifap.br\/profid\/wp-json\/wp\/v2\/users\/4020"}],"replies":[{"embeddable":true,"href":"https:\/\/www2.unifap.br\/profid\/wp-json\/wp\/v2\/comments?post=2688"}],"version-history":[{"count":255,"href":"https:\/\/www2.unifap.br\/profid\/wp-json\/wp\/v2\/pages\/2688\/revisions"}],"predecessor-version":[{"id":3846,"href":"https:\/\/www2.unifap.br\/profid\/wp-json\/wp\/v2\/pages\/2688\/revisions\/3846"}],"wp:attachment":[{"href":"https:\/\/www2.unifap.br\/profid\/wp-json\/wp\/v2\/media?parent=2688"}],"curies":[{"name":"wp","href":"https:\/\/api.w.org\/{rel}","templated":true}]}}