{"id":600,"date":"2021-09-20T16:45:50","date_gmt":"2021-09-20T19:45:50","guid":{"rendered":"http:\/\/www2.unifap.br\/profid\/?page_id=600"},"modified":"2021-10-08T13:46:40","modified_gmt":"2021-10-08T16:46:40","slug":"iv-e-v-niveis-de-libras","status":"publish","type":"page","link":"https:\/\/www2.unifap.br\/profid\/iv-e-v-niveis-de-libras\/","title":{"rendered":"IV e V n\u00edveis de Libras"},"content":{"rendered":"\t\t<div data-elementor-type=\"wp-page\" data-elementor-id=\"600\" class=\"elementor elementor-600\">\n\t\t\t\t\t\t<section class=\"elementor-section elementor-top-section elementor-element elementor-element-bbfb695 elementor-section-boxed elementor-section-height-default elementor-section-height-default\" data-id=\"bbfb695\" data-element_type=\"section\" data-e-type=\"section\">\n\t\t\t\t\t\t<div class=\"elementor-container elementor-column-gap-default\">\n\t\t\t\t\t<div class=\"elementor-column elementor-col-100 elementor-top-column elementor-element elementor-element-8c21ef1\" data-id=\"8c21ef1\" data-element_type=\"column\" data-e-type=\"column\">\n\t\t\t<div class=\"elementor-widget-wrap elementor-element-populated\">\n\t\t\t\t\t\t<div class=\"elementor-element elementor-element-039c1e4 elementor-widget elementor-widget-heading\" data-id=\"039c1e4\" data-element_type=\"widget\" data-e-type=\"widget\" data-widget_type=\"heading.default\">\n\t\t\t\t<div class=\"elementor-widget-container\">\n\t\t\t\t\t<h2 class=\"elementor-heading-title elementor-size-default\">Editais Abertos<\/h2>\t\t\t\t<\/div>\n\t\t\t\t<\/div>\n\t\t\t\t\t<\/div>\n\t\t<\/div>\n\t\t\t\t\t<\/div>\n\t\t<\/section>\n\t\t\t\t<section class=\"elementor-section elementor-top-section elementor-element elementor-element-ccbc1f3 elementor-section-boxed elementor-section-height-default elementor-section-height-default\" data-id=\"ccbc1f3\" data-element_type=\"section\" data-e-type=\"section\">\n\t\t\t\t\t\t<div class=\"elementor-container elementor-column-gap-default\">\n\t\t\t\t\t<div class=\"elementor-column elementor-col-100 elementor-top-column elementor-element elementor-element-cf38731\" data-id=\"cf38731\" data-element_type=\"column\" data-e-type=\"column\">\n\t\t\t<div class=\"elementor-widget-wrap elementor-element-populated\">\n\t\t\t\t\t\t<div class=\"elementor-element elementor-element-510f6f6 elementor-widget elementor-widget-text-editor\" data-id=\"510f6f6\" data-element_type=\"widget\" data-e-type=\"widget\" data-widget_type=\"text-editor.default\">\n\t\t\t\t<div class=\"elementor-widget-container\">\n\t\t\t\t\t\t\t\t\t<p>08\/10\/2021 &#8211; <a href=\"http:\/\/www2.unifap.br\/profid\/files\/2021\/10\/RETIFICA\u00c7\u00c3O-02-AULA-INAUGURAL-IV-E-V-N\u00cdVEL-DE-LIBRAS.pdf\">RETIFICA\u00c7\u00c3O 02 AULA INAUGURAL IV E V N\u00cdVEL DE LIBRAS<\/a><\/p><p>06\/10\/2021 &#8211; <a href=\"http:\/\/www2.unifap.br\/profid\/files\/2021\/10\/RESULTADO-DEFINITIVO-IV-E-V-DE-LIBRAS-.pdf\">RESULTADO FINAL SELE\u00c7\u00c3O DE ALUNOS IV E V N\u00cdVEIS DE LIBRAS<\/a> \u00a0<\/p><p>04\/10\/2021 &#8211; <a href=\"http:\/\/www2.unifap.br\/profid\/files\/2021\/10\/RESULTADO-PRELIMINAR-SELE\u00c7\u00c3O-ALUNOS-IV-E-V-N\u00cdVEIS-DE-LIBRAS.pdf\">RESULTADO PRELIMINAR SELE\u00c7\u00c3O DE ALUNOS<\/a>\u00a0<\/p><p>24\/09\/2021 &#8211; <a href=\"http:\/\/www2.unifap.br\/profid\/files\/2021\/09\/RETIFICA\u00c7\u00c3O-IV-E-V-N\u00cdVEIS-24.09.21.pdf\">RETIFICA\u00c7\u00c3O EDITAL\u00a0 IV E V N\u00cdVEIS DE LIBRAS<\/a><\/p>\t\t\t\t\t\t\t\t<\/div>\n\t\t\t\t<\/div>\n\t\t\t\t\t<\/div>\n\t\t<\/div>\n\t\t\t\t\t<\/div>\n\t\t<\/section>\n\t\t\t\t<section class=\"elementor-section elementor-top-section elementor-element elementor-element-c161fbe elementor-section-boxed elementor-section-height-default elementor-section-height-default\" data-id=\"c161fbe\" data-element_type=\"section\" data-e-type=\"section\">\n\t\t\t\t\t\t<div class=\"elementor-container elementor-column-gap-default\">\n\t\t\t\t\t<div class=\"elementor-column elementor-col-50 elementor-top-column elementor-element elementor-element-eb0b954\" data-id=\"eb0b954\" data-element_type=\"column\" data-e-type=\"column\">\n\t\t\t<div class=\"elementor-widget-wrap elementor-element-populated\">\n\t\t\t\t\t\t<div class=\"elementor-element elementor-element-1e1f95a elementor-widget elementor-widget-text-editor\" data-id=\"1e1f95a\" data-element_type=\"widget\" data-e-type=\"widget\" data-widget_type=\"text-editor.default\">\n\t\t\t\t<div class=\"elementor-widget-container\">\n\t\t\t\t\t\t\t\t\t<p>\u00a0<\/p><p>20\/09\/2021 \u2013 Para baixar o edital <a href=\"http:\/\/www2.unifap.br\/profid\/files\/2021\/09\/EDITAL-004-IV-E-V-N\u00cdVEIS.-PROFID-20.09.21.pdf\"><strong>Clique aqui!<\/strong><\/a><\/p><p>ou leia o\u00a0<b>QRCODE<\/b>\u00a0ao lado!<\/p>\t\t\t\t\t\t\t\t<\/div>\n\t\t\t\t<\/div>\n\t\t\t\t\t<\/div>\n\t\t<\/div>\n\t\t\t\t<div class=\"elementor-column elementor-col-50 elementor-top-column elementor-element elementor-element-cdefa3c\" data-id=\"cdefa3c\" data-element_type=\"column\" data-e-type=\"column\">\n\t\t\t<div class=\"elementor-widget-wrap elementor-element-populated\">\n\t\t\t\t\t\t<div class=\"elementor-element elementor-element-831e757 elementor-widget elementor-widget-image\" data-id=\"831e757\" data-element_type=\"widget\" data-e-type=\"widget\" data-widget_type=\"image.default\">\n\t\t\t\t<div class=\"elementor-widget-container\">\n\t\t\t\t\t\t\t\t\t\t\t\t\t\t\t<img decoding=\"async\" src=\"https:\/\/www2.unifap.br\/profid\/files\/2021\/09\/IV_e_V_niveis_de_libras.png\" title=\"IV_e_V_niveis_de_libras\" alt=\"IV_e_V_niveis_de_libras\" loading=\"lazy\" \/>\t\t\t\t\t\t\t\t\t\t\t\t\t\t\t<\/div>\n\t\t\t\t<\/div>\n\t\t\t\t\t<\/div>\n\t\t<\/div>\n\t\t\t\t\t<\/div>\n\t\t<\/section>\n\t\t\t\t<\/div>\n\t\t","protected":false},"excerpt":{"rendered":"<p>Editais Abertos 08\/10\/2021 &#8211; RETIFICA\u00c7\u00c3O 02 AULA INAUGURAL IV E V N\u00cdVEL DE LIBRAS 06\/10\/2021 &#8211; RESULTADO FINAL SELE\u00c7\u00c3O DE ALUNOS IV E V N\u00cdVEIS DE LIBRAS \u00a0 04\/10\/2021 &#8211; RESULTADO PRELIMINAR SELE\u00c7\u00c3O DE ALUNOS\u00a0 24\/09\/2021 &#8211; RETIFICA\u00c7\u00c3O EDITAL\u00a0 IV E V N\u00cdVEIS DE LIBRAS \u00a0 20\/09\/2021 \u2013 Para baixar o edital Clique aqui! ou&#8230;<\/p>\n","protected":false},"author":902,"featured_media":0,"parent":0,"menu_order":0,"comment_status":"closed","ping_status":"closed","template":"","meta":{"inline_featured_image":false,"ngg_post_thumbnail":0,"footnotes":""},"class_list":["post-600","page","type-page","status-publish","hentry","entry"],"_links":{"self":[{"href":"https:\/\/www2.unifap.br\/profid\/wp-json\/wp\/v2\/pages\/600","targetHints":{"allow":["GET"]}}],"collection":[{"href":"https:\/\/www2.unifap.br\/profid\/wp-json\/wp\/v2\/pages"}],"about":[{"href":"https:\/\/www2.unifap.br\/profid\/wp-json\/wp\/v2\/types\/page"}],"author":[{"embeddable":true,"href":"https:\/\/www2.unifap.br\/profid\/wp-json\/wp\/v2\/users\/902"}],"replies":[{"embeddable":true,"href":"https:\/\/www2.unifap.br\/profid\/wp-json\/wp\/v2\/comments?post=600"}],"version-history":[{"count":11,"href":"https:\/\/www2.unifap.br\/profid\/wp-json\/wp\/v2\/pages\/600\/revisions"}],"predecessor-version":[{"id":784,"href":"https:\/\/www2.unifap.br\/profid\/wp-json\/wp\/v2\/pages\/600\/revisions\/784"}],"wp:attachment":[{"href":"https:\/\/www2.unifap.br\/profid\/wp-json\/wp\/v2\/media?parent=600"}],"curies":[{"name":"wp","href":"https:\/\/api.w.org\/{rel}","templated":true}]}}