{"id":813,"date":"2021-10-28T18:59:20","date_gmt":"2021-10-28T21:59:20","guid":{"rendered":"http:\/\/www2.unifap.br\/profid\/?page_id=813"},"modified":"2021-11-17T10:34:43","modified_gmt":"2021-11-17T12:34:43","slug":"maturidade-digital","status":"publish","type":"page","link":"https:\/\/www2.unifap.br\/profid\/maturidade-digital\/","title":{"rendered":"Maturidade Digital"},"content":{"rendered":"\t\t<div data-elementor-type=\"wp-page\" data-elementor-id=\"813\" class=\"elementor elementor-813\">\n\t\t\t\t\t\t<section class=\"elementor-section elementor-top-section elementor-element elementor-element-4b984e6 elementor-section-boxed elementor-section-height-default elementor-section-height-default\" data-id=\"4b984e6\" data-element_type=\"section\" data-e-type=\"section\">\n\t\t\t\t\t\t<div class=\"elementor-container elementor-column-gap-default\">\n\t\t\t\t\t<div class=\"elementor-column elementor-col-100 elementor-top-column elementor-element elementor-element-35da641\" data-id=\"35da641\" data-element_type=\"column\" data-e-type=\"column\">\n\t\t\t<div class=\"elementor-widget-wrap elementor-element-populated\">\n\t\t\t\t\t\t<div class=\"elementor-element elementor-element-182558e elementor-widget elementor-widget-text-editor\" data-id=\"182558e\" data-element_type=\"widget\" data-e-type=\"widget\" data-widget_type=\"text-editor.default\">\n\t\t\t\t<div class=\"elementor-widget-container\">\n\t\t\t\t\t\t\t\t\t<p>28\/10\/2021 &#8211; <a href=\"https:\/\/forms.gle\/Vnqsa5jXaP1p1cvD9\">FORMUL\u00c1RIO PARA INTERPOLA\u00c7\u00c3O DE RECURSOS<\/a><\/p>\t\t\t\t\t\t\t\t<\/div>\n\t\t\t\t<\/div>\n\t\t\t\t\t<\/div>\n\t\t<\/div>\n\t\t\t\t\t<\/div>\n\t\t<\/section>\n\t\t\t\t<section class=\"elementor-section elementor-top-section elementor-element elementor-element-89ea9f1 elementor-section-boxed elementor-section-height-default elementor-section-height-default\" data-id=\"89ea9f1\" data-element_type=\"section\" data-e-type=\"section\">\n\t\t\t\t\t\t<div class=\"elementor-container elementor-column-gap-default\">\n\t\t\t\t\t<div class=\"elementor-column elementor-col-100 elementor-top-column elementor-element elementor-element-2f630ea\" data-id=\"2f630ea\" data-element_type=\"column\" data-e-type=\"column\">\n\t\t\t<div class=\"elementor-widget-wrap elementor-element-populated\">\n\t\t\t\t\t\t<div class=\"elementor-element elementor-element-6b51a00 elementor-widget elementor-widget-text-editor\" data-id=\"6b51a00\" data-element_type=\"widget\" data-e-type=\"widget\" data-widget_type=\"text-editor.default\">\n\t\t\t\t<div class=\"elementor-widget-container\">\n\t\t\t\t\t\t\t\t\t28\/10\/2021 &#8211; <a style=\"color: blue;\" href=\"https:\/\/docs.google.com\/forms\/d\/e\/1FAIpQLSfYDTJuigca5ZeVSZ6SlrjTF6rD-NK7Na9eJdZ6q5RE6lsTfQ\/viewform\">FORMUL\u00c1RIO DE INSCRI\u00c7\u00c3O<\/a>\t\t\t\t\t\t\t\t<\/div>\n\t\t\t\t<\/div>\n\t\t\t\t\t<\/div>\n\t\t<\/div>\n\t\t\t\t\t<\/div>\n\t\t<\/section>\n\t\t\t\t<section class=\"elementor-section elementor-top-section elementor-element elementor-element-1a11929 elementor-section-boxed elementor-section-height-default elementor-section-height-default\" data-id=\"1a11929\" data-element_type=\"section\" data-e-type=\"section\">\n\t\t\t\t\t\t<div class=\"elementor-container elementor-column-gap-default\">\n\t\t\t\t\t<div class=\"elementor-column elementor-col-50 elementor-top-column elementor-element elementor-element-1f541c0\" data-id=\"1f541c0\" data-element_type=\"column\" data-e-type=\"column\">\n\t\t\t<div class=\"elementor-widget-wrap elementor-element-populated\">\n\t\t\t\t\t\t<div class=\"elementor-element elementor-element-f6733db elementor-widget elementor-widget-text-editor\" data-id=\"f6733db\" data-element_type=\"widget\" data-e-type=\"widget\" data-widget_type=\"text-editor.default\">\n\t\t\t\t<div class=\"elementor-widget-container\">\n\t\t\t\t\t\t\t\t\t<p>16\/11\/2021 &#8211; <a style=\"color: blue;\" href=\"http:\/\/www2.unifap.br\/profid\/files\/2021\/11\/RETIFICA\u00c7\u00c3O-EDITAL-10-2021-UNIFAP-DEPLA-PROFID-de-28-de-setembro-de-2021-maturidade-digital.pdf\">RETIFICA\u00c7\u00c3O DO EDITAL<\/a><\/p><p>28\/10\/2021 &#8211; <a href=\"http:\/\/www2.unifap.br\/profid\/files\/2021\/10\/EDITAL-SELE\u00c7\u00c3O-DOS-ALUNOS-DO-PROJETO-MATURIDADE-DIGITAL-2021.pdf\">EDITAL SELE\u00c7\u00c3O DOS ALUNOS DO PROJETO MATURIDADE DIGITAL, PARA BAIXAR CLIQUE AQUI OU LEIA O QRCODE.<\/a><\/p>\t\t\t\t\t\t\t\t<\/div>\n\t\t\t\t<\/div>\n\t\t\t\t\t<\/div>\n\t\t<\/div>\n\t\t\t\t<div class=\"elementor-column elementor-col-50 elementor-top-column elementor-element elementor-element-5fd3ccb\" data-id=\"5fd3ccb\" data-element_type=\"column\" data-e-type=\"column\">\n\t\t\t<div class=\"elementor-widget-wrap elementor-element-populated\">\n\t\t\t\t\t\t<div class=\"elementor-element elementor-element-2ec9a4d elementor-widget elementor-widget-image\" data-id=\"2ec9a4d\" data-element_type=\"widget\" data-e-type=\"widget\" data-widget_type=\"image.default\">\n\t\t\t\t<div class=\"elementor-widget-container\">\n\t\t\t\t\t\t\t\t\t\t\t\t\t\t\t<img decoding=\"async\" width=\"100\" height=\"100\" src=\"https:\/\/www2.unifap.br\/profid\/files\/2021\/10\/maturidade_digital.png\" class=\"attachment-large size-large wp-image-815\" alt=\"\" srcset=\"https:\/\/www2.unifap.br\/profid\/files\/2021\/10\/maturidade_digital.png 100w, https:\/\/www2.unifap.br\/profid\/files\/2021\/10\/maturidade_digital-70x70.png 70w\" sizes=\"(max-width: 100px) 100vw, 100px\" \/>\t\t\t\t\t\t\t\t\t\t\t\t\t\t\t<\/div>\n\t\t\t\t<\/div>\n\t\t\t\t\t<\/div>\n\t\t<\/div>\n\t\t\t\t\t<\/div>\n\t\t<\/section>\n\t\t\t\t<\/div>\n\t\t","protected":false},"excerpt":{"rendered":"<p>28\/10\/2021 &#8211; FORMUL\u00c1RIO PARA INTERPOLA\u00c7\u00c3O DE RECURSOS 28\/10\/2021 &#8211; FORMUL\u00c1RIO DE INSCRI\u00c7\u00c3O 16\/11\/2021 &#8211; RETIFICA\u00c7\u00c3O DO EDITAL 28\/10\/2021 &#8211; EDITAL SELE\u00c7\u00c3O DOS ALUNOS DO PROJETO MATURIDADE DIGITAL, PARA BAIXAR CLIQUE AQUI OU LEIA O QRCODE.<\/p>\n","protected":false},"author":902,"featured_media":0,"parent":0,"menu_order":0,"comment_status":"closed","ping_status":"closed","template":"","meta":{"inline_featured_image":false,"ngg_post_thumbnail":0,"footnotes":""},"class_list":["post-813","page","type-page","status-publish","hentry","entry"],"_links":{"self":[{"href":"https:\/\/www2.unifap.br\/profid\/wp-json\/wp\/v2\/pages\/813","targetHints":{"allow":["GET"]}}],"collection":[{"href":"https:\/\/www2.unifap.br\/profid\/wp-json\/wp\/v2\/pages"}],"about":[{"href":"https:\/\/www2.unifap.br\/profid\/wp-json\/wp\/v2\/types\/page"}],"author":[{"embeddable":true,"href":"https:\/\/www2.unifap.br\/profid\/wp-json\/wp\/v2\/users\/902"}],"replies":[{"embeddable":true,"href":"https:\/\/www2.unifap.br\/profid\/wp-json\/wp\/v2\/comments?post=813"}],"version-history":[{"count":4,"href":"https:\/\/www2.unifap.br\/profid\/wp-json\/wp\/v2\/pages\/813\/revisions"}],"predecessor-version":[{"id":848,"href":"https:\/\/www2.unifap.br\/profid\/wp-json\/wp\/v2\/pages\/813\/revisions\/848"}],"wp:attachment":[{"href":"https:\/\/www2.unifap.br\/profid\/wp-json\/wp\/v2\/media?parent=813"}],"curies":[{"name":"wp","href":"https:\/\/api.w.org\/{rel}","templated":true}]}}