{"id":905,"date":"2022-01-27T16:22:11","date_gmt":"2022-01-27T18:22:11","guid":{"rendered":"http:\/\/www2.unifap.br\/profid\/?page_id=905"},"modified":"2022-06-30T16:47:37","modified_gmt":"2022-06-30T19:47:37","slug":"jovem-visionario-2022","status":"publish","type":"page","link":"https:\/\/www2.unifap.br\/profid\/jovem-visionario-2022\/","title":{"rendered":"Jovem Vision\u00e1rio 2022"},"content":{"rendered":"\t\t<div data-elementor-type=\"wp-page\" data-elementor-id=\"905\" class=\"elementor elementor-905\">\n\t\t\t\t\t\t<section class=\"elementor-section elementor-top-section elementor-element elementor-element-375313f elementor-section-boxed elementor-section-height-default elementor-section-height-default\" data-id=\"375313f\" data-element_type=\"section\" data-e-type=\"section\">\n\t\t\t\t\t\t<div class=\"elementor-container elementor-column-gap-default\">\n\t\t\t\t\t<div class=\"elementor-column elementor-col-100 elementor-top-column elementor-element elementor-element-c8e9482\" data-id=\"c8e9482\" data-element_type=\"column\" data-e-type=\"column\">\n\t\t\t<div class=\"elementor-widget-wrap elementor-element-populated\">\n\t\t\t\t\t\t<div class=\"elementor-element elementor-element-154badd elementor-widget elementor-widget-heading\" data-id=\"154badd\" data-element_type=\"widget\" data-e-type=\"widget\" data-widget_type=\"heading.default\">\n\t\t\t\t<div class=\"elementor-widget-container\">\n\t\t\t\t\t<h2 class=\"elementor-heading-title elementor-size-default\">Editais<\/h2>\t\t\t\t<\/div>\n\t\t\t\t<\/div>\n\t\t\t\t\t<\/div>\n\t\t<\/div>\n\t\t\t\t\t<\/div>\n\t\t<\/section>\n\t\t\t\t<section class=\"elementor-section elementor-top-section elementor-element elementor-element-f5d7960 elementor-section-boxed elementor-section-height-default elementor-section-height-default\" data-id=\"f5d7960\" data-element_type=\"section\" data-e-type=\"section\">\n\t\t\t\t\t\t<div class=\"elementor-container elementor-column-gap-default\">\n\t\t\t\t\t<div class=\"elementor-column elementor-col-100 elementor-top-column elementor-element elementor-element-36ff4e2\" data-id=\"36ff4e2\" data-element_type=\"column\" data-e-type=\"column\">\n\t\t\t<div class=\"elementor-widget-wrap elementor-element-populated\">\n\t\t\t\t\t\t<div class=\"elementor-element elementor-element-ba9f13e elementor-widget elementor-widget-text-editor\" data-id=\"ba9f13e\" data-element_type=\"widget\" data-e-type=\"widget\" data-widget_type=\"text-editor.default\">\n\t\t\t\t<div class=\"elementor-widget-container\">\n\t\t\t\t\t\t\t\t\t30\/06\/2022 &#8211; <strong><a style=\"color: blue;\" href=\"http:\/\/www2.unifap.br\/profid\/files\/2022\/06\/RESULTADO-FINAL-DA-5a-OFERTA-DO-PROJETO-DE-EXTENSAO-JOVEM-VISIONARIO.pdf\">RESULTADO FINAL DA 5\u00aa OFERTA DO PROJETO DE EXTENS\u00c3O JOVEM VISION\u00c1RIO<\/a><\/strong>\t\t\t\t\t\t\t\t<\/div>\n\t\t\t\t<\/div>\n\t\t\t\t\t<\/div>\n\t\t<\/div>\n\t\t\t\t\t<\/div>\n\t\t<\/section>\n\t\t\t\t<section class=\"elementor-section elementor-top-section elementor-element elementor-element-ee50bdb elementor-section-boxed elementor-section-height-default elementor-section-height-default\" data-id=\"ee50bdb\" data-element_type=\"section\" data-e-type=\"section\">\n\t\t\t\t\t\t<div class=\"elementor-container elementor-column-gap-default\">\n\t\t\t\t\t<div class=\"elementor-column elementor-col-100 elementor-top-column elementor-element elementor-element-78feed2\" data-id=\"78feed2\" data-element_type=\"column\" data-e-type=\"column\">\n\t\t\t<div class=\"elementor-widget-wrap elementor-element-populated\">\n\t\t\t\t\t\t<div class=\"elementor-element elementor-element-02f2f7e elementor-widget elementor-widget-text-editor\" data-id=\"02f2f7e\" data-element_type=\"widget\" data-e-type=\"widget\" data-widget_type=\"text-editor.default\">\n\t\t\t\t<div class=\"elementor-widget-container\">\n\t\t\t\t\t\t\t\t\t<p>28\/06\/2022 &#8211; <a href=\"http:\/\/www2.unifap.br\/profid\/files\/2022\/06\/RESULTADO-PRELIMINAR-DA-5a-OFERTA-DO-PROJETO-DE-EXTENSAO-JOVEM-VISIONARIO.pdf\">RESULTADO PRELIMINAR DA 5\u00aa OFERTA<\/a><\/p>\t\t\t\t\t\t\t\t<\/div>\n\t\t\t\t<\/div>\n\t\t\t\t\t<\/div>\n\t\t<\/div>\n\t\t\t\t\t<\/div>\n\t\t<\/section>\n\t\t\t\t<section class=\"elementor-section elementor-top-section elementor-element elementor-element-815a545 elementor-section-boxed elementor-section-height-default elementor-section-height-default\" data-id=\"815a545\" data-element_type=\"section\" data-e-type=\"section\">\n\t\t\t\t\t\t<div class=\"elementor-container elementor-column-gap-default\">\n\t\t\t\t\t<div class=\"elementor-column elementor-col-100 elementor-top-column elementor-element elementor-element-66ac1db\" data-id=\"66ac1db\" data-element_type=\"column\" data-e-type=\"column\">\n\t\t\t<div class=\"elementor-widget-wrap elementor-element-populated\">\n\t\t\t\t\t\t<div class=\"elementor-element elementor-element-6e8361e elementor-widget elementor-widget-text-editor\" data-id=\"6e8361e\" data-element_type=\"widget\" data-e-type=\"widget\" data-widget_type=\"text-editor.default\">\n\t\t\t\t<div class=\"elementor-widget-container\">\n\t\t\t\t\t\t\t\t\t<p>22\/06\/2022 &#8211; <a href=\"http:\/\/www2.unifap.br\/profid\/files\/2022\/06\/RETIFICACAO-I-JOVEM-VISIONARIO.pdf\"><span class=\"media-list-title\">RETIFICA\u00c7\u00c3O I &#8211; JOVEM VISION\u00c1RIO<\/span><\/a><\/p>\t\t\t\t\t\t\t\t<\/div>\n\t\t\t\t<\/div>\n\t\t\t\t\t<\/div>\n\t\t<\/div>\n\t\t\t\t\t<\/div>\n\t\t<\/section>\n\t\t\t\t<section class=\"elementor-section elementor-top-section elementor-element elementor-element-f83ddb2 elementor-section-boxed elementor-section-height-default elementor-section-height-default\" data-id=\"f83ddb2\" data-element_type=\"section\" data-e-type=\"section\">\n\t\t\t\t\t\t<div class=\"elementor-container elementor-column-gap-default\">\n\t\t\t\t\t<div class=\"elementor-column elementor-col-100 elementor-top-column elementor-element elementor-element-10bcbda\" data-id=\"10bcbda\" data-element_type=\"column\" data-e-type=\"column\">\n\t\t\t<div class=\"elementor-widget-wrap elementor-element-populated\">\n\t\t\t\t\t\t<div class=\"elementor-element elementor-element-7f7ad08 elementor-widget elementor-widget-text-editor\" data-id=\"7f7ad08\" data-element_type=\"widget\" data-e-type=\"widget\" data-widget_type=\"text-editor.default\">\n\t\t\t\t<div class=\"elementor-widget-container\">\n\t\t\t\t\t\t\t\t\t09\/06\/2022 &#8211; <a href=\"http:\/\/www2.unifap.br\/profid\/files\/2022\/06\/EDITAL-16.2022-9-de-junho-de-2022-SELECAO-ALUNOS-JOVEM-VISONARIO.pdf\">EDITAL 16.2022 SELECAO ALUNOS JOVEM VISON\u00c1RIO.<\/a>\t\t\t\t\t\t\t\t<\/div>\n\t\t\t\t<\/div>\n\t\t\t\t\t<\/div>\n\t\t<\/div>\n\t\t\t\t\t<\/div>\n\t\t<\/section>\n\t\t\t\t<section class=\"elementor-section elementor-top-section elementor-element elementor-element-b866249 elementor-section-boxed elementor-section-height-default elementor-section-height-default\" data-id=\"b866249\" data-element_type=\"section\" data-e-type=\"section\">\n\t\t\t\t\t\t<div class=\"elementor-container elementor-column-gap-default\">\n\t\t\t\t\t<div class=\"elementor-column elementor-col-100 elementor-top-column elementor-element elementor-element-78639e4\" data-id=\"78639e4\" data-element_type=\"column\" data-e-type=\"column\">\n\t\t\t<div class=\"elementor-widget-wrap elementor-element-populated\">\n\t\t\t\t\t\t<div class=\"elementor-element elementor-element-36a2e6f elementor-widget elementor-widget-text-editor\" data-id=\"36a2e6f\" data-element_type=\"widget\" data-e-type=\"widget\" data-widget_type=\"text-editor.default\">\n\t\t\t\t<div class=\"elementor-widget-container\">\n\t\t\t\t\t\t\t\t\t18\/05\/2022 &#8211; <a href=\"http:\/\/www2.unifap.br\/profid\/files\/2022\/05\/RESULTADO-FINAL-DA-4-OFERTA-JOVEM-VISIONARIO-MAIO-A-JUNHO.pdf\">RESULTADO FINAL DA 4 OFERTA JOVEM VISION\u00c1RIO &#8211; MAIO A JUNHO<\/a>\t\t\t\t\t\t\t\t<\/div>\n\t\t\t\t<\/div>\n\t\t\t\t\t<\/div>\n\t\t<\/div>\n\t\t\t\t\t<\/div>\n\t\t<\/section>\n\t\t\t\t<section class=\"elementor-section elementor-top-section elementor-element elementor-element-9a50c57 elementor-section-boxed elementor-section-height-default elementor-section-height-default\" data-id=\"9a50c57\" data-element_type=\"section\" data-e-type=\"section\">\n\t\t\t\t\t\t<div class=\"elementor-container elementor-column-gap-default\">\n\t\t\t\t\t<div class=\"elementor-column elementor-col-100 elementor-top-column elementor-element elementor-element-da7cd62\" data-id=\"da7cd62\" data-element_type=\"column\" data-e-type=\"column\">\n\t\t\t<div class=\"elementor-widget-wrap elementor-element-populated\">\n\t\t\t\t\t\t<div class=\"elementor-element elementor-element-27182c4 elementor-widget elementor-widget-text-editor\" data-id=\"27182c4\" data-element_type=\"widget\" data-e-type=\"widget\" data-widget_type=\"text-editor.default\">\n\t\t\t\t<div class=\"elementor-widget-container\">\n\t\t\t\t\t\t\t\t\t16\/05\/2022 &#8211; <a href=\"http:\/\/www2.unifap.br\/profid\/files\/2022\/05\/RETIFICACAO-01-edital-14-AULA-INAUGURAL-PROJETO-JOVEM-VISIONARIO.pdf\">RETIFICA\u00c7\u00c3O 01 edital 14 AULA INAUGURAL PROJETO JOVEM VISION\u00c1RIO<\/a>\t\t\t\t\t\t\t\t<\/div>\n\t\t\t\t<\/div>\n\t\t\t\t\t<\/div>\n\t\t<\/div>\n\t\t\t\t\t<\/div>\n\t\t<\/section>\n\t\t\t\t<section class=\"elementor-section elementor-top-section elementor-element elementor-element-92b2c1b elementor-section-boxed elementor-section-height-default elementor-section-height-default\" data-id=\"92b2c1b\" data-element_type=\"section\" data-e-type=\"section\">\n\t\t\t\t\t\t<div class=\"elementor-container elementor-column-gap-default\">\n\t\t\t\t\t<div class=\"elementor-column elementor-col-100 elementor-top-column elementor-element elementor-element-4c68d48\" data-id=\"4c68d48\" data-element_type=\"column\" data-e-type=\"column\">\n\t\t\t<div class=\"elementor-widget-wrap elementor-element-populated\">\n\t\t\t\t\t\t<div class=\"elementor-element elementor-element-8b56e7c elementor-widget elementor-widget-text-editor\" data-id=\"8b56e7c\" data-element_type=\"widget\" data-e-type=\"widget\" data-widget_type=\"text-editor.default\">\n\t\t\t\t<div class=\"elementor-widget-container\">\n\t\t\t\t\t\t\t\t\t16\/05\/2022 &#8211; <a  href=\"http:\/\/www2.unifap.br\/profid\/files\/2022\/05\/RESULTADO-PRELIMINAR-DA-4-OFERTA-JOVEM-VISIONARIO.pdf\">RESULTADO PRELIMINAR DA 4 OFERTA JOVEM VISION\u00c1RIO<\/a>\t\t\t\t\t\t\t\t<\/div>\n\t\t\t\t<\/div>\n\t\t\t\t\t<\/div>\n\t\t<\/div>\n\t\t\t\t\t<\/div>\n\t\t<\/section>\n\t\t\t\t<section class=\"elementor-section elementor-top-section elementor-element elementor-element-428943c elementor-section-boxed elementor-section-height-default elementor-section-height-default\" data-id=\"428943c\" data-element_type=\"section\" data-e-type=\"section\">\n\t\t\t\t\t\t<div class=\"elementor-container elementor-column-gap-default\">\n\t\t\t\t\t<div class=\"elementor-column elementor-col-100 elementor-top-column elementor-element elementor-element-6df04a0\" data-id=\"6df04a0\" data-element_type=\"column\" data-e-type=\"column\">\n\t\t\t<div class=\"elementor-widget-wrap elementor-element-populated\">\n\t\t\t\t\t\t<div class=\"elementor-element elementor-element-56d2b77 elementor-widget elementor-widget-text-editor\" data-id=\"56d2b77\" data-element_type=\"widget\" data-e-type=\"widget\" data-widget_type=\"text-editor.default\">\n\t\t\t\t<div class=\"elementor-widget-container\">\n\t\t\t\t\t\t\t\t\t28\/04\/2022 &#8211; <a  href=\"http:\/\/www2.unifap.br\/profid\/files\/2022\/04\/EDITAL-14.2022-SELECAO-ALUNOS-JOVEM-VISONARIO.pdf\">EDITAL 14.2022 SELE\u00c7\u00c3O ALUNOS JOVEM VISON\u00c1RIO<\/a>\t\t\t\t\t\t\t\t<\/div>\n\t\t\t\t<\/div>\n\t\t\t\t\t<\/div>\n\t\t<\/div>\n\t\t\t\t\t<\/div>\n\t\t<\/section>\n\t\t\t\t<section class=\"elementor-section elementor-top-section elementor-element elementor-element-b7b0aab elementor-section-boxed elementor-section-height-default elementor-section-height-default\" data-id=\"b7b0aab\" data-element_type=\"section\" data-e-type=\"section\">\n\t\t\t\t\t\t<div class=\"elementor-container elementor-column-gap-default\">\n\t\t\t\t\t<div class=\"elementor-column elementor-col-100 elementor-top-column elementor-element elementor-element-f205ef4\" data-id=\"f205ef4\" data-element_type=\"column\" data-e-type=\"column\">\n\t\t\t<div class=\"elementor-widget-wrap elementor-element-populated\">\n\t\t\t\t\t\t<div class=\"elementor-element elementor-element-479bf41 elementor-widget elementor-widget-text-editor\" data-id=\"479bf41\" data-element_type=\"widget\" data-e-type=\"widget\" data-widget_type=\"text-editor.default\">\n\t\t\t\t<div class=\"elementor-widget-container\">\n\t\t\t\t\t\t\t\t\t28\/02\/2022 &#8211; <a href=\"http:\/\/www2.unifap.br\/profid\/files\/2022\/02\/RESULTADO-FINAL-3\u00aa-OFERTA-JOVEM-VISION\u00c1RIO.pdf\">RESULTADO FINAL, 3\u00aa OFERTA JOVEM VISION\u00c1RIO<\/a>\t\t\t\t\t\t\t\t<\/div>\n\t\t\t\t<\/div>\n\t\t\t\t\t<\/div>\n\t\t<\/div>\n\t\t\t\t\t<\/div>\n\t\t<\/section>\n\t\t\t\t<section class=\"elementor-section elementor-top-section elementor-element elementor-element-d9fdcec elementor-section-boxed elementor-section-height-default elementor-section-height-default\" data-id=\"d9fdcec\" data-element_type=\"section\" data-e-type=\"section\">\n\t\t\t\t\t\t<div class=\"elementor-container elementor-column-gap-default\">\n\t\t\t\t\t<div class=\"elementor-column elementor-col-100 elementor-top-column elementor-element elementor-element-4e30f40\" data-id=\"4e30f40\" data-element_type=\"column\" data-e-type=\"column\">\n\t\t\t<div class=\"elementor-widget-wrap elementor-element-populated\">\n\t\t\t\t\t\t<div class=\"elementor-element elementor-element-8bc41cc elementor-widget elementor-widget-text-editor\" data-id=\"8bc41cc\" data-element_type=\"widget\" data-e-type=\"widget\" data-widget_type=\"text-editor.default\">\n\t\t\t\t<div class=\"elementor-widget-container\">\n\t\t\t\t\t\t\t\t\t24\/02\/2022 &#8211; <a href=\"http:\/\/www2.unifap.br\/profid\/files\/2022\/02\/RESULTADO-PRELIMINAR-3\u00aa-OFERTA.pdf\">RESULTADO PRELIMINAR 3\u00aa OFERTA<\/a>\t\t\t\t\t\t\t\t<\/div>\n\t\t\t\t<\/div>\n\t\t\t\t\t<\/div>\n\t\t<\/div>\n\t\t\t\t\t<\/div>\n\t\t<\/section>\n\t\t\t\t<section class=\"elementor-section elementor-top-section elementor-element elementor-element-9e28aa8 elementor-section-boxed elementor-section-height-default elementor-section-height-default\" data-id=\"9e28aa8\" data-element_type=\"section\" data-e-type=\"section\">\n\t\t\t\t\t\t<div class=\"elementor-container elementor-column-gap-default\">\n\t\t\t\t\t<div class=\"elementor-column elementor-col-100 elementor-top-column elementor-element elementor-element-fd290ee\" data-id=\"fd290ee\" data-element_type=\"column\" data-e-type=\"column\">\n\t\t\t<div class=\"elementor-widget-wrap elementor-element-populated\">\n\t\t\t\t\t\t<div class=\"elementor-element elementor-element-221e2c8 elementor-widget elementor-widget-text-editor\" data-id=\"221e2c8\" data-element_type=\"widget\" data-e-type=\"widget\" data-widget_type=\"text-editor.default\">\n\t\t\t\t<div class=\"elementor-widget-container\">\n\t\t\t\t\t\t\t\t\t<p>27\/01\/2022 &#8211; <a href=\"http:\/\/www2.unifap.br\/profid\/files\/2022\/01\/2-EDITAL-02.2022-SELE\u00c7\u00c3O-ALUNOS-JOVEM-VISON\u00c1RIO.pdf\" target=\"_blank\" rel=\"noopener\">EDITAL 02.2022 SELE\u00c7\u00c3O ALUNOS JOVEM VISON\u00c1RIO<\/a><\/p>\t\t\t\t\t\t\t\t<\/div>\n\t\t\t\t<\/div>\n\t\t\t\t\t<\/div>\n\t\t<\/div>\n\t\t\t\t\t<\/div>\n\t\t<\/section>\n\t\t\t\t<\/div>\n\t\t","protected":false},"excerpt":{"rendered":"<p>Editais 30\/06\/2022 &#8211; RESULTADO FINAL DA 5\u00aa OFERTA DO PROJETO DE EXTENS\u00c3O JOVEM VISION\u00c1RIO 28\/06\/2022 &#8211; RESULTADO PRELIMINAR DA 5\u00aa OFERTA 22\/06\/2022 &#8211; RETIFICA\u00c7\u00c3O I &#8211; JOVEM VISION\u00c1RIO 09\/06\/2022 &#8211; EDITAL 16.2022 SELECAO ALUNOS JOVEM VISON\u00c1RIO.18\/05\/2022 &#8211; RESULTADO FINAL DA 4 OFERTA JOVEM VISION\u00c1RIO &#8211; MAIO A JUNHO16\/05\/2022 &#8211; RETIFICA\u00c7\u00c3O 01 edital 14 AULA INAUGURAL&#8230;<\/p>\n","protected":false},"author":902,"featured_media":0,"parent":0,"menu_order":0,"comment_status":"closed","ping_status":"closed","template":"","meta":{"inline_featured_image":false,"ngg_post_thumbnail":0,"footnotes":""},"class_list":["post-905","page","type-page","status-publish","hentry","entry"],"_links":{"self":[{"href":"https:\/\/www2.unifap.br\/profid\/wp-json\/wp\/v2\/pages\/905","targetHints":{"allow":["GET"]}}],"collection":[{"href":"https:\/\/www2.unifap.br\/profid\/wp-json\/wp\/v2\/pages"}],"about":[{"href":"https:\/\/www2.unifap.br\/profid\/wp-json\/wp\/v2\/types\/page"}],"author":[{"embeddable":true,"href":"https:\/\/www2.unifap.br\/profid\/wp-json\/wp\/v2\/users\/902"}],"replies":[{"embeddable":true,"href":"https:\/\/www2.unifap.br\/profid\/wp-json\/wp\/v2\/comments?post=905"}],"version-history":[{"count":26,"href":"https:\/\/www2.unifap.br\/profid\/wp-json\/wp\/v2\/pages\/905\/revisions"}],"predecessor-version":[{"id":1287,"href":"https:\/\/www2.unifap.br\/profid\/wp-json\/wp\/v2\/pages\/905\/revisions\/1287"}],"wp:attachment":[{"href":"https:\/\/www2.unifap.br\/profid\/wp-json\/wp\/v2\/media?parent=905"}],"curies":[{"name":"wp","href":"https:\/\/api.w.org\/{rel}","templated":true}]}}