{"id":907,"date":"2022-01-27T16:22:44","date_gmt":"2022-01-27T18:22:44","guid":{"rendered":"http:\/\/www2.unifap.br\/profid\/?page_id=907"},"modified":"2024-04-04T10:20:04","modified_gmt":"2024-04-04T13:20:04","slug":"formacao-de-tilsp-2022","status":"publish","type":"page","link":"https:\/\/www2.unifap.br\/profid\/formacao-de-tilsp-2022\/","title":{"rendered":"Forma\u00e7\u00e3o de TILSP 2022"},"content":{"rendered":"\t\t<div data-elementor-type=\"wp-page\" data-elementor-id=\"907\" class=\"elementor elementor-907\">\n\t\t\t\t\t\t<section class=\"elementor-section elementor-top-section elementor-element elementor-element-57e0ba0 elementor-section-boxed elementor-section-height-default elementor-section-height-default\" data-id=\"57e0ba0\" data-element_type=\"section\" data-e-type=\"section\">\n\t\t\t\t\t\t<div class=\"elementor-container elementor-column-gap-default\">\n\t\t\t\t\t<div class=\"elementor-column elementor-col-100 elementor-top-column elementor-element elementor-element-467882a\" data-id=\"467882a\" data-element_type=\"column\" data-e-type=\"column\">\n\t\t\t<div class=\"elementor-widget-wrap elementor-element-populated\">\n\t\t\t\t\t\t<div class=\"elementor-element elementor-element-1895681 elementor-widget elementor-widget-heading\" data-id=\"1895681\" data-element_type=\"widget\" data-e-type=\"widget\" data-widget_type=\"heading.default\">\n\t\t\t\t<div class=\"elementor-widget-container\">\n\t\t\t\t\t<h2 class=\"elementor-heading-title elementor-size-default\">Editais<\/h2>\t\t\t\t<\/div>\n\t\t\t\t<\/div>\n\t\t\t\t\t<\/div>\n\t\t<\/div>\n\t\t\t\t\t<\/div>\n\t\t<\/section>\n\t\t\t\t<section class=\"elementor-section elementor-top-section elementor-element elementor-element-7ff5b88 elementor-section-boxed elementor-section-height-default elementor-section-height-default\" data-id=\"7ff5b88\" data-element_type=\"section\" data-e-type=\"section\">\n\t\t\t\t\t\t<div class=\"elementor-container elementor-column-gap-default\">\n\t\t\t\t\t<div class=\"elementor-column elementor-col-100 elementor-top-column elementor-element elementor-element-f26ae94\" data-id=\"f26ae94\" data-element_type=\"column\" data-e-type=\"column\">\n\t\t\t<div class=\"elementor-widget-wrap elementor-element-populated\">\n\t\t\t\t\t\t<div class=\"elementor-element elementor-element-4cf391e elementor-widget elementor-widget-text-editor\" data-id=\"4cf391e\" data-element_type=\"widget\" data-e-type=\"widget\" data-widget_type=\"text-editor.default\">\n\t\t\t\t<div class=\"elementor-widget-container\">\n\t\t\t\t\t\t\t\t\t<p>17\/03\/2022 &#8211; <a style=\"color: blue;\" href=\"http:\/\/www2.unifap.br\/profid\/files\/2022\/03\/RESULTADO-DAS-SOLICITA\u00c7\u00d5ES-DE-RECURSOS-TILSP-2022.pdf\" target=\"_blank\" rel=\"noopener\">RESULTADO DAS SOLICITA\u00c7\u00d5ES DE RECURSOS &#8211; TILSP 2022<\/a><\/p><p>17\/03\/2022 &#8211; <a style=\"color: blue;\" href=\"http:\/\/www2.unifap.br\/profid\/files\/2022\/03\/AMAP\u00c1_RESULTADO-FINAL-02-TILSP-2022.pdf\" target=\"_blank\" rel=\"noopener\">AMAP\u00c1 RESULTADO FINAL 02 -TILSP 2022<\/a>\u00a0<\/p><p>17\/03\/2022 &#8211; <a style=\"color: blue;\" href=\"http:\/\/www2.unifap.br\/profid\/files\/2022\/03\/DEMAIS-ESTADOS_RESULTADO-FINAL-02-TILSP-2022.pdf\" target=\"_blank\" rel=\"noopener\">DEMAIS ESTADOS RESULTADO FINAL 02 &#8211; TILSP 2022<\/a><\/p>\t\t\t\t\t\t\t\t<\/div>\n\t\t\t\t<\/div>\n\t\t\t\t\t<\/div>\n\t\t<\/div>\n\t\t\t\t\t<\/div>\n\t\t<\/section>\n\t\t\t\t<section class=\"elementor-section elementor-top-section elementor-element elementor-element-d92273f elementor-section-boxed elementor-section-height-default elementor-section-height-default\" data-id=\"d92273f\" data-element_type=\"section\" data-e-type=\"section\">\n\t\t\t\t\t\t<div class=\"elementor-container elementor-column-gap-default\">\n\t\t\t\t\t<div class=\"elementor-column elementor-col-100 elementor-top-column elementor-element elementor-element-1d61168\" data-id=\"1d61168\" data-element_type=\"column\" data-e-type=\"column\">\n\t\t\t<div class=\"elementor-widget-wrap elementor-element-populated\">\n\t\t\t\t\t\t<div class=\"elementor-element elementor-element-761e1ec elementor-widget elementor-widget-text-editor\" data-id=\"761e1ec\" data-element_type=\"widget\" data-e-type=\"widget\" data-widget_type=\"text-editor.default\">\n\t\t\t\t<div class=\"elementor-widget-container\">\n\t\t\t\t\t\t\t\t\t<p>15\/03\/2022 &#8211; <a style=\"color: blue;\" href=\"http:\/\/www2.unifap.br\/profid\/files\/2022\/03\/AMAP\u00c1_RESULTADO-PROVIS\u00d3RIO-02-TILSP-2022.pdf\" target=\"_blank\" rel=\"noopener\">AMAP\u00c1 RESULTADO PROVIS\u00d3RIO 02 -TILSP 2022<\/a>\u00a0<\/p><p>15\/03\/2022 &#8211; <a style=\"color: blue;\" href=\"http:\/\/www2.unifap.br\/profid\/files\/2022\/03\/DEMAIS-ESTADOS_RESULTADO-PROVIS\u00d3RIO-02-TILSP-2022.pdf\" target=\"_blank\" rel=\"noopener\">DEMAIS ESTADOS RESULTADO PROVIS\u00d3RIO 02 &#8211; TILSP 2022<\/a><\/p>\t\t\t\t\t\t\t\t<\/div>\n\t\t\t\t<\/div>\n\t\t\t\t\t<\/div>\n\t\t<\/div>\n\t\t\t\t\t<\/div>\n\t\t<\/section>\n\t\t\t\t<section class=\"elementor-section elementor-top-section elementor-element elementor-element-f424229 elementor-section-boxed elementor-section-height-default elementor-section-height-default\" data-id=\"f424229\" data-element_type=\"section\" data-e-type=\"section\">\n\t\t\t\t\t\t<div class=\"elementor-container elementor-column-gap-default\">\n\t\t\t\t\t<div class=\"elementor-column elementor-col-100 elementor-top-column elementor-element elementor-element-8a16f95\" data-id=\"8a16f95\" data-element_type=\"column\" data-e-type=\"column\">\n\t\t\t<div class=\"elementor-widget-wrap elementor-element-populated\">\n\t\t\t\t\t\t<div class=\"elementor-element elementor-element-043eb80 elementor-widget elementor-widget-text-editor\" data-id=\"043eb80\" data-element_type=\"widget\" data-e-type=\"widget\" data-widget_type=\"text-editor.default\">\n\t\t\t\t<div class=\"elementor-widget-container\">\n\t\t\t\t\t\t\t\t\t<p>11\/03\/2022 &#8211; <a style=\"color: blue;\" href=\"http:\/\/www2.unifap.br\/profid\/files\/2022\/03\/LISTA-CANDIDATOS-DO-ESTADO-DO-AMAP\u00c1-2022.pdf\" target=\"_blank\" rel=\"noopener\">LISTA DOS CANDIDATOS DO ESTADO DO AMAP\u00c1 2022<\/a>\u00a0<\/p><p>11\/03\/2022 &#8211; <a style=\"color: blue;\" href=\"http:\/\/www2.unifap.br\/profid\/files\/2022\/03\/LISTA-DEMAIS-ESTADOS-DO-BRASIL-2022.pdf\" target=\"_blank\" rel=\"noopener\">LISTA DOS DEMAIS ESTADOS DO BRASIL 2022<\/a><\/p>\t\t\t\t\t\t\t\t<\/div>\n\t\t\t\t<\/div>\n\t\t\t\t\t<\/div>\n\t\t<\/div>\n\t\t\t\t\t<\/div>\n\t\t<\/section>\n\t\t\t\t<section class=\"elementor-section elementor-top-section elementor-element elementor-element-ff8a01a elementor-section-boxed elementor-section-height-default elementor-section-height-default\" data-id=\"ff8a01a\" data-element_type=\"section\" data-e-type=\"section\">\n\t\t\t\t\t\t<div class=\"elementor-container elementor-column-gap-default\">\n\t\t\t\t\t<div class=\"elementor-column elementor-col-100 elementor-top-column elementor-element elementor-element-e0e67e5\" data-id=\"e0e67e5\" data-element_type=\"column\" data-e-type=\"column\">\n\t\t\t<div class=\"elementor-widget-wrap elementor-element-populated\">\n\t\t\t\t\t\t<div class=\"elementor-element elementor-element-660510b elementor-widget elementor-widget-text-editor\" data-id=\"660510b\" data-element_type=\"widget\" data-e-type=\"widget\" data-widget_type=\"text-editor.default\">\n\t\t\t\t<div class=\"elementor-widget-container\">\n\t\t\t\t\t\t\t\t\t04\/03\/2022 &#8211; <a href=\"http:\/\/www2.unifap.br\/profid\/files\/2022\/03\/EDITAL-SELE\u00c7\u00c3O-ALUNS-FORMA\u00c7\u00c3O-TILSP-2022.-02.pdf\">EDITAL SELE\u00c7\u00c3O ALUNOS \u00a0FORMA\u00c7\u00c3O TILSP 2022. 02<\/a>\t\t\t\t\t\t\t\t<\/div>\n\t\t\t\t<\/div>\n\t\t\t\t\t<\/div>\n\t\t<\/div>\n\t\t\t\t\t<\/div>\n\t\t<\/section>\n\t\t\t\t<section class=\"elementor-section elementor-top-section elementor-element elementor-element-65b0fa8 elementor-section-boxed elementor-section-height-default elementor-section-height-default\" data-id=\"65b0fa8\" data-element_type=\"section\" data-e-type=\"section\">\n\t\t\t\t\t\t<div class=\"elementor-container elementor-column-gap-default\">\n\t\t\t\t\t<div class=\"elementor-column elementor-col-100 elementor-top-column elementor-element elementor-element-6158a61\" data-id=\"6158a61\" data-element_type=\"column\" data-e-type=\"column\">\n\t\t\t<div class=\"elementor-widget-wrap elementor-element-populated\">\n\t\t\t\t\t\t<div class=\"elementor-element elementor-element-a3b4f66 elementor-widget elementor-widget-text-editor\" data-id=\"a3b4f66\" data-element_type=\"widget\" data-e-type=\"widget\" data-widget_type=\"text-editor.default\">\n\t\t\t\t<div class=\"elementor-widget-container\">\n\t\t\t\t\t\t\t\t\t<p>28\/02\/2022 &#8211; <a href=\"http:\/\/www2.unifap.br\/profid\/files\/2022\/02\/AMAP\u00c1_RESULTADO-final-TILSP.pdf\">AMAP\u00c1 RESULTADO FINAL FORMA\u00c7\u00c3O TILSP<\/a>\u00a0<\/p><p>28\/02\/2022 &#8211; <a href=\"http:\/\/www2.unifap.br\/profid\/files\/2022\/02\/DEMAIS-ESTADOS_RESULTADO-FINAL-TILSP.pdf\">DEMAIS ESTADOS_RESULTADO FINAL FORMA\u00c7\u00c3O TILSP<\/a><\/p>\t\t\t\t\t\t\t\t<\/div>\n\t\t\t\t<\/div>\n\t\t\t\t\t<\/div>\n\t\t<\/div>\n\t\t\t\t\t<\/div>\n\t\t<\/section>\n\t\t\t\t<section class=\"elementor-section elementor-top-section elementor-element elementor-element-05b64a3 elementor-section-boxed elementor-section-height-default elementor-section-height-default\" data-id=\"05b64a3\" data-element_type=\"section\" data-e-type=\"section\">\n\t\t\t\t\t\t<div class=\"elementor-container elementor-column-gap-default\">\n\t\t\t\t\t<div class=\"elementor-column elementor-col-100 elementor-top-column elementor-element elementor-element-13d3362\" data-id=\"13d3362\" data-element_type=\"column\" data-e-type=\"column\">\n\t\t\t<div class=\"elementor-widget-wrap elementor-element-populated\">\n\t\t\t\t\t\t<div class=\"elementor-element elementor-element-f1b5929 elementor-widget elementor-widget-text-editor\" data-id=\"f1b5929\" data-element_type=\"widget\" data-e-type=\"widget\" data-widget_type=\"text-editor.default\">\n\t\t\t\t<div class=\"elementor-widget-container\">\n\t\t\t\t\t\t\t\t\t<p>24\/02\/2022 &#8211; <a href=\"http:\/\/www2.unifap.br\/profid\/files\/2022\/02\/AMAP\u00c1_RESULTADO-PROVIS\u00d3RIO-1-ETAPA-TILSP.pdf\">AMAP\u00c1 RESULTADO-PROVIS\u00d3RIO-1-ETAPA-TILSP<\/a>\u00a0<\/p><p>24\/02\/2022 &#8211; <a href=\"http:\/\/www2.unifap.br\/profid\/files\/2022\/02\/DEMAIS-ESTADOS_RESULTADO-PROVIS\u00d3RIO-1-ETAPA-TILSP.pdf\">DEMAIS ESTADOS_RESULTADO-PROVIS\u00d3RIO-1-ETAPA-TILSP<\/a><\/p>\t\t\t\t\t\t\t\t<\/div>\n\t\t\t\t<\/div>\n\t\t\t\t\t<\/div>\n\t\t<\/div>\n\t\t\t\t\t<\/div>\n\t\t<\/section>\n\t\t\t\t<section class=\"elementor-section elementor-top-section elementor-element elementor-element-779b741 elementor-section-boxed elementor-section-height-default elementor-section-height-default\" data-id=\"779b741\" data-element_type=\"section\" data-e-type=\"section\">\n\t\t\t\t\t\t<div class=\"elementor-container elementor-column-gap-default\">\n\t\t\t\t\t<div class=\"elementor-column elementor-col-100 elementor-top-column elementor-element elementor-element-17e9a6b\" data-id=\"17e9a6b\" data-element_type=\"column\" data-e-type=\"column\">\n\t\t\t<div class=\"elementor-widget-wrap elementor-element-populated\">\n\t\t\t\t\t\t<div class=\"elementor-element elementor-element-832b9fc elementor-widget elementor-widget-text-editor\" data-id=\"832b9fc\" data-element_type=\"widget\" data-e-type=\"widget\" data-widget_type=\"text-editor.default\">\n\t\t\t\t<div class=\"elementor-widget-container\">\n\t\t\t\t\t\t\t\t\t<p>17\/02\/2022 &#8211; <a href=\"http:\/\/www2.unifap.br\/profid\/files\/2022\/02\/LISTA-DEMAIS-ESTADOS-DO-BRASIL.pdf\">LISTA DEMAIS ESTADOS DO BRASIL\u00a0PARA PROVA ONLINE\u00a0<\/a><\/p><p>17\/02\/2022 &#8211; <a href=\"http:\/\/www2.unifap.br\/profid\/files\/2022\/02\/LISTA-CANDIDATOS-DO-ESTADO-DO-AMAP\u00c1.pdf\">LISTA CANDIDATOS DO ESTADO DO AMAP\u00c1 PARA PROVA ONLINE<\/a><\/p><p>27\/01\/2022 &#8211; <a href=\"http:\/\/www2.unifap.br\/profid\/files\/2022\/01\/3-EDITAL-SELE\u00c7\u00c3O-ALUNS-FORMA\u00c7\u00c3O-TILSP-2022.pdf\" target=\"_blank\" rel=\"noopener\">EDITAL PARA SELE\u00c7\u00c3O ALUNOS NA FORMA\u00c7\u00c3O TILSP 2022<\/a><\/p>\t\t\t\t\t\t\t\t<\/div>\n\t\t\t\t<\/div>\n\t\t\t\t\t<\/div>\n\t\t<\/div>\n\t\t\t\t\t<\/div>\n\t\t<\/section>\n\t\t\t\t<\/div>\n\t\t","protected":false},"excerpt":{"rendered":"<p>Editais 17\/03\/2022 &#8211; RESULTADO DAS SOLICITA\u00c7\u00d5ES DE RECURSOS &#8211; TILSP 2022 17\/03\/2022 &#8211; AMAP\u00c1 RESULTADO FINAL 02 -TILSP 2022\u00a0 17\/03\/2022 &#8211; DEMAIS ESTADOS RESULTADO FINAL 02 &#8211; TILSP 2022 15\/03\/2022 &#8211; AMAP\u00c1 RESULTADO PROVIS\u00d3RIO 02 -TILSP 2022\u00a0 15\/03\/2022 &#8211; DEMAIS ESTADOS RESULTADO PROVIS\u00d3RIO 02 &#8211; TILSP 2022 11\/03\/2022 &#8211; LISTA DOS CANDIDATOS DO ESTADO DO&#8230;<\/p>\n","protected":false},"author":902,"featured_media":0,"parent":0,"menu_order":0,"comment_status":"closed","ping_status":"closed","template":"","meta":{"inline_featured_image":false,"ngg_post_thumbnail":0,"footnotes":""},"class_list":["post-907","page","type-page","status-publish","hentry","entry"],"_links":{"self":[{"href":"https:\/\/www2.unifap.br\/profid\/wp-json\/wp\/v2\/pages\/907","targetHints":{"allow":["GET"]}}],"collection":[{"href":"https:\/\/www2.unifap.br\/profid\/wp-json\/wp\/v2\/pages"}],"about":[{"href":"https:\/\/www2.unifap.br\/profid\/wp-json\/wp\/v2\/types\/page"}],"author":[{"embeddable":true,"href":"https:\/\/www2.unifap.br\/profid\/wp-json\/wp\/v2\/users\/902"}],"replies":[{"embeddable":true,"href":"https:\/\/www2.unifap.br\/profid\/wp-json\/wp\/v2\/comments?post=907"}],"version-history":[{"count":15,"href":"https:\/\/www2.unifap.br\/profid\/wp-json\/wp\/v2\/pages\/907\/revisions"}],"predecessor-version":[{"id":1858,"href":"https:\/\/www2.unifap.br\/profid\/wp-json\/wp\/v2\/pages\/907\/revisions\/1858"}],"wp:attachment":[{"href":"https:\/\/www2.unifap.br\/profid\/wp-json\/wp\/v2\/media?parent=907"}],"curies":[{"name":"wp","href":"https:\/\/api.w.org\/{rel}","templated":true}]}}