{"id":909,"date":"2022-01-27T16:23:30","date_gmt":"2022-01-27T18:23:30","guid":{"rendered":"http:\/\/www2.unifap.br\/profid\/?page_id=909"},"modified":"2022-07-01T10:21:55","modified_gmt":"2022-07-01T13:21:55","slug":"iv-e-v-niveis-de-libras-2022","status":"publish","type":"page","link":"https:\/\/www2.unifap.br\/profid\/iv-e-v-niveis-de-libras-2022\/","title":{"rendered":"IV e V n\u00edveis de Libras 2022"},"content":{"rendered":"\t\t<div data-elementor-type=\"wp-page\" data-elementor-id=\"909\" class=\"elementor elementor-909\">\n\t\t\t\t\t\t<section class=\"elementor-section elementor-top-section elementor-element elementor-element-0e1241a elementor-section-boxed elementor-section-height-default elementor-section-height-default\" data-id=\"0e1241a\" data-element_type=\"section\" data-e-type=\"section\">\n\t\t\t\t\t\t<div class=\"elementor-container elementor-column-gap-default\">\n\t\t\t\t\t<div class=\"elementor-column elementor-col-100 elementor-top-column elementor-element elementor-element-1d7258d\" data-id=\"1d7258d\" data-element_type=\"column\" data-e-type=\"column\">\n\t\t\t<div class=\"elementor-widget-wrap elementor-element-populated\">\n\t\t\t\t\t\t<div class=\"elementor-element elementor-element-543cda8 elementor-widget elementor-widget-heading\" data-id=\"543cda8\" data-element_type=\"widget\" data-e-type=\"widget\" data-widget_type=\"heading.default\">\n\t\t\t\t<div class=\"elementor-widget-container\">\n\t\t\t\t\t<h2 class=\"elementor-heading-title elementor-size-default\">Editais<\/h2>\t\t\t\t<\/div>\n\t\t\t\t<\/div>\n\t\t\t\t\t<\/div>\n\t\t<\/div>\n\t\t\t\t\t<\/div>\n\t\t<\/section>\n\t\t\t\t<section class=\"elementor-section elementor-top-section elementor-element elementor-element-874a774 elementor-section-boxed elementor-section-height-default elementor-section-height-default\" data-id=\"874a774\" data-element_type=\"section\" data-e-type=\"section\">\n\t\t\t\t\t\t<div class=\"elementor-container elementor-column-gap-default\">\n\t\t\t\t\t<div class=\"elementor-column elementor-col-100 elementor-top-column elementor-element elementor-element-8c865ed\" data-id=\"8c865ed\" data-element_type=\"column\" data-e-type=\"column\">\n\t\t\t<div class=\"elementor-widget-wrap elementor-element-populated\">\n\t\t\t\t\t\t<div class=\"elementor-element elementor-element-9ece1af elementor-widget elementor-widget-text-editor\" data-id=\"9ece1af\" data-element_type=\"widget\" data-e-type=\"widget\" data-widget_type=\"text-editor.default\">\n\t\t\t\t<div class=\"elementor-widget-container\">\n\t\t\t\t\t\t\t\t\t30\/06\/2022 &#8211; <a style=\"color: blue;\" href=\"http:\/\/www2.unifap.br\/profid\/files\/2022\/07\/IV-E-V-NIVEL-2022.2-1.pdf\"><strong>RESULTADO DEFINITIVO 2022.2<\/strong><\/a>\t\t\t\t\t\t\t\t<\/div>\n\t\t\t\t<\/div>\n\t\t\t\t\t<\/div>\n\t\t<\/div>\n\t\t\t\t\t<\/div>\n\t\t<\/section>\n\t\t\t\t<section class=\"elementor-section elementor-top-section elementor-element elementor-element-d2469e4 elementor-section-boxed elementor-section-height-default elementor-section-height-default\" data-id=\"d2469e4\" data-element_type=\"section\" data-e-type=\"section\">\n\t\t\t\t\t\t<div class=\"elementor-container elementor-column-gap-default\">\n\t\t\t\t\t<div class=\"elementor-column elementor-col-100 elementor-top-column elementor-element elementor-element-d1188fd\" data-id=\"d1188fd\" data-element_type=\"column\" data-e-type=\"column\">\n\t\t\t<div class=\"elementor-widget-wrap elementor-element-populated\">\n\t\t\t\t\t\t<div class=\"elementor-element elementor-element-a06db74 elementor-widget elementor-widget-text-editor\" data-id=\"a06db74\" data-element_type=\"widget\" data-e-type=\"widget\" data-widget_type=\"text-editor.default\">\n\t\t\t\t<div class=\"elementor-widget-container\">\n\t\t\t\t\t\t\t\t\t<p>28\/06\/2022 &#8211; <a href=\"http:\/\/www2.unifap.br\/profid\/files\/2022\/06\/IV-E-V-NIVEL-2022.2.pdf\">RESULTADO PRELIMINAR 2022.2<\/a><\/p>\t\t\t\t\t\t\t\t<\/div>\n\t\t\t\t<\/div>\n\t\t\t\t\t<\/div>\n\t\t<\/div>\n\t\t\t\t\t<\/div>\n\t\t<\/section>\n\t\t\t\t<section class=\"elementor-section elementor-top-section elementor-element elementor-element-caee11b elementor-section-boxed elementor-section-height-default elementor-section-height-default\" data-id=\"caee11b\" data-element_type=\"section\" data-e-type=\"section\">\n\t\t\t\t\t\t<div class=\"elementor-container elementor-column-gap-default\">\n\t\t\t\t\t<div class=\"elementor-column elementor-col-100 elementor-top-column elementor-element elementor-element-98f60d1\" data-id=\"98f60d1\" data-element_type=\"column\" data-e-type=\"column\">\n\t\t\t<div class=\"elementor-widget-wrap elementor-element-populated\">\n\t\t\t\t\t\t<div class=\"elementor-element elementor-element-f916eff elementor-widget elementor-widget-text-editor\" data-id=\"f916eff\" data-element_type=\"widget\" data-e-type=\"widget\" data-widget_type=\"text-editor.default\">\n\t\t\t\t<div class=\"elementor-widget-container\">\n\t\t\t\t\t\t\t\t\t<p>22\/06\/2022 &#8211; <a href=\"http:\/\/www2.unifap.br\/profid\/files\/2022\/06\/RETIFICACAO-I-4-e-5-niveis-de-LIBRAS.pdf\">RETIFICA\u00c7\u00c3O I &#8211; 4 e 5 n\u00edveis de LIBRAS<\/a><\/p>\t\t\t\t\t\t\t\t<\/div>\n\t\t\t\t<\/div>\n\t\t\t\t\t<\/div>\n\t\t<\/div>\n\t\t\t\t\t<\/div>\n\t\t<\/section>\n\t\t\t\t<section class=\"elementor-section elementor-top-section elementor-element elementor-element-6a11702 elementor-section-boxed elementor-section-height-default elementor-section-height-default\" data-id=\"6a11702\" data-element_type=\"section\" data-e-type=\"section\">\n\t\t\t\t\t\t<div class=\"elementor-container elementor-column-gap-default\">\n\t\t\t\t\t<div class=\"elementor-column elementor-col-100 elementor-top-column elementor-element elementor-element-cf8ee91\" data-id=\"cf8ee91\" data-element_type=\"column\" data-e-type=\"column\">\n\t\t\t<div class=\"elementor-widget-wrap elementor-element-populated\">\n\t\t\t\t\t\t<div class=\"elementor-element elementor-element-37c98b6 elementor-widget elementor-widget-text-editor\" data-id=\"37c98b6\" data-element_type=\"widget\" data-e-type=\"widget\" data-widget_type=\"text-editor.default\">\n\t\t\t\t<div class=\"elementor-widget-container\">\n\t\t\t\t\t\t\t\t\t09\/06\/2022 &#8211; <a href=\"http:\/\/www2.unifap.br\/profid\/files\/2022\/06\/EDITAL-18-SELECAO-ALUNOS-IV-E-V-NIVEIS-DE-LIBRAS-2022-ATUALIZADO.pdf\">EDITAL 18, REVISADO E ATUALIZADO, DE SELE\u00c7\u00c3O ALUNOS IV E V N\u00cdVEIS DE LIBRAS 2022<\/a>\t\t\t\t\t\t\t\t<\/div>\n\t\t\t\t<\/div>\n\t\t\t\t\t<\/div>\n\t\t<\/div>\n\t\t\t\t\t<\/div>\n\t\t<\/section>\n\t\t\t\t<section class=\"elementor-section elementor-top-section elementor-element elementor-element-6339f62 elementor-section-boxed elementor-section-height-default elementor-section-height-default\" data-id=\"6339f62\" data-element_type=\"section\" data-e-type=\"section\">\n\t\t\t\t\t\t<div class=\"elementor-container elementor-column-gap-default\">\n\t\t\t\t\t<div class=\"elementor-column elementor-col-100 elementor-top-column elementor-element elementor-element-d65d3c2\" data-id=\"d65d3c2\" data-element_type=\"column\" data-e-type=\"column\">\n\t\t\t<div class=\"elementor-widget-wrap elementor-element-populated\">\n\t\t\t\t\t\t<div class=\"elementor-element elementor-element-68b3835 elementor-widget elementor-widget-text-editor\" data-id=\"68b3835\" data-element_type=\"widget\" data-e-type=\"widget\" data-widget_type=\"text-editor.default\">\n\t\t\t\t<div class=\"elementor-widget-container\">\n\t\t\t\t\t\t\t\t\t<p>28\/02\/2022 &#8211; <a href=\"http:\/\/www2.unifap.br\/profid\/files\/2022\/02\/RESULTADO-DEFINITIVO-DAS-INSCRI\u00c7OES-PARA-O-IV-E-V-N\u00cdVEIS-DE-LIBRAS.pdf\">RESULTADO DEFINITIVO<\/a><\/p><p>\u00a0<\/p><p>28\/02\/2022 &#8211; <a href=\"http:\/\/www2.unifap.br\/profid\/files\/2022\/02\/RESULTADO-Recursos-.pdf\">RESULTADO DOS RECURSOS\u00a0<\/a><\/p>\t\t\t\t\t\t\t\t<\/div>\n\t\t\t\t<\/div>\n\t\t\t\t\t<\/div>\n\t\t<\/div>\n\t\t\t\t\t<\/div>\n\t\t<\/section>\n\t\t\t\t<section class=\"elementor-section elementor-top-section elementor-element elementor-element-f08f8fb elementor-section-boxed elementor-section-height-default elementor-section-height-default\" data-id=\"f08f8fb\" data-element_type=\"section\" data-e-type=\"section\">\n\t\t\t\t\t\t<div class=\"elementor-container elementor-column-gap-default\">\n\t\t\t\t\t<div class=\"elementor-column elementor-col-100 elementor-top-column elementor-element elementor-element-3b389e5\" data-id=\"3b389e5\" data-element_type=\"column\" data-e-type=\"column\">\n\t\t\t<div class=\"elementor-widget-wrap elementor-element-populated\">\n\t\t\t\t\t\t<div class=\"elementor-element elementor-element-cf41069 elementor-widget elementor-widget-text-editor\" data-id=\"cf41069\" data-element_type=\"widget\" data-e-type=\"widget\" data-widget_type=\"text-editor.default\">\n\t\t\t\t<div class=\"elementor-widget-container\">\n\t\t\t\t\t\t\t\t\t<p>24\/02\/2022 &#8211; <a href=\"http:\/\/www2.unifap.br\/profid\/files\/2022\/02\/RESULTADO-PRELIMINAR-IV-E-V-N\u00cdVEIS-DE-LIBRAS.pdf\">RESULTADO PRELIMINAR IV E V N\u00cdVEIS DE LIBRAS<\/a>\u00a0\u00a0<\/p><p>24\/02\/2022 &#8211; <a href=\"http:\/\/www2.unifap.br\/profid\/files\/2022\/02\/FORMULARIO-PARA-RECURSO.pdf\">FORMUL\u00c1RIO PARA RECURSO<\/a><\/p>\t\t\t\t\t\t\t\t<\/div>\n\t\t\t\t<\/div>\n\t\t\t\t\t<\/div>\n\t\t<\/div>\n\t\t\t\t\t<\/div>\n\t\t<\/section>\n\t\t\t\t<section class=\"elementor-section elementor-top-section elementor-element elementor-element-8ecb298 elementor-section-boxed elementor-section-height-default elementor-section-height-default\" data-id=\"8ecb298\" data-element_type=\"section\" data-e-type=\"section\">\n\t\t\t\t\t\t<div class=\"elementor-container elementor-column-gap-default\">\n\t\t\t\t\t<div class=\"elementor-column elementor-col-100 elementor-top-column elementor-element elementor-element-c2d6a83\" data-id=\"c2d6a83\" data-element_type=\"column\" data-e-type=\"column\">\n\t\t\t<div class=\"elementor-widget-wrap elementor-element-populated\">\n\t\t\t\t\t\t<div class=\"elementor-element elementor-element-abfeebc elementor-widget elementor-widget-text-editor\" data-id=\"abfeebc\" data-element_type=\"widget\" data-e-type=\"widget\" data-widget_type=\"text-editor.default\">\n\t\t\t\t<div class=\"elementor-widget-container\">\n\t\t\t\t\t\t\t\t\t<p>27\/01\/2022 &#8211; <a href=\"http:\/\/www2.unifap.br\/profid\/files\/2022\/01\/4-EDITAL-SELE\u00c7\u00c3O-ALUNOS-IV-E-I-V-N\u00cdVEIS-DE-LIBRAS-2022.pdf\" target=\"_blank\" rel=\"noopener\">EDITAL PARA SELE\u00c7\u00c3O DE ALUNOS IV E I V N\u00cdVEIS DE LIBRAS 2022<\/a><\/p>\t\t\t\t\t\t\t\t<\/div>\n\t\t\t\t<\/div>\n\t\t\t\t\t<\/div>\n\t\t<\/div>\n\t\t\t\t\t<\/div>\n\t\t<\/section>\n\t\t\t\t<\/div>\n\t\t","protected":false},"excerpt":{"rendered":"<p>Editais 30\/06\/2022 &#8211; RESULTADO DEFINITIVO 2022.2 28\/06\/2022 &#8211; RESULTADO PRELIMINAR 2022.2 22\/06\/2022 &#8211; RETIFICA\u00c7\u00c3O I &#8211; 4 e 5 n\u00edveis de LIBRAS 09\/06\/2022 &#8211; EDITAL 18, REVISADO E ATUALIZADO, DE SELE\u00c7\u00c3O ALUNOS IV E V N\u00cdVEIS DE LIBRAS 2022 28\/02\/2022 &#8211; RESULTADO DEFINITIVO \u00a0 28\/02\/2022 &#8211; RESULTADO DOS RECURSOS\u00a0 24\/02\/2022 &#8211; RESULTADO PRELIMINAR IV E&#8230;<\/p>\n","protected":false},"author":902,"featured_media":0,"parent":0,"menu_order":0,"comment_status":"closed","ping_status":"closed","template":"","meta":{"inline_featured_image":false,"ngg_post_thumbnail":0,"footnotes":""},"class_list":["post-909","page","type-page","status-publish","hentry","entry"],"_links":{"self":[{"href":"https:\/\/www2.unifap.br\/profid\/wp-json\/wp\/v2\/pages\/909","targetHints":{"allow":["GET"]}}],"collection":[{"href":"https:\/\/www2.unifap.br\/profid\/wp-json\/wp\/v2\/pages"}],"about":[{"href":"https:\/\/www2.unifap.br\/profid\/wp-json\/wp\/v2\/types\/page"}],"author":[{"embeddable":true,"href":"https:\/\/www2.unifap.br\/profid\/wp-json\/wp\/v2\/users\/902"}],"replies":[{"embeddable":true,"href":"https:\/\/www2.unifap.br\/profid\/wp-json\/wp\/v2\/comments?post=909"}],"version-history":[{"count":28,"href":"https:\/\/www2.unifap.br\/profid\/wp-json\/wp\/v2\/pages\/909\/revisions"}],"predecessor-version":[{"id":1305,"href":"https:\/\/www2.unifap.br\/profid\/wp-json\/wp\/v2\/pages\/909\/revisions\/1305"}],"wp:attachment":[{"href":"https:\/\/www2.unifap.br\/profid\/wp-json\/wp\/v2\/media?parent=909"}],"curies":[{"name":"wp","href":"https:\/\/api.w.org\/{rel}","templated":true}]}}