{"id":911,"date":"2022-01-27T16:23:56","date_gmt":"2022-01-27T18:23:56","guid":{"rendered":"http:\/\/www2.unifap.br\/profid\/?page_id=911"},"modified":"2024-04-04T10:20:04","modified_gmt":"2024-04-04T13:20:04","slug":"escreve-amapa-2022","status":"publish","type":"page","link":"https:\/\/www2.unifap.br\/profid\/escreve-amapa-2022\/","title":{"rendered":"Escreve Amap\u00e1 2022"},"content":{"rendered":"\t\t<div data-elementor-type=\"wp-page\" data-elementor-id=\"911\" class=\"elementor elementor-911\">\n\t\t\t\t\t\t<section class=\"elementor-section elementor-top-section elementor-element elementor-element-49724c8 elementor-section-boxed elementor-section-height-default elementor-section-height-default\" data-id=\"49724c8\" data-element_type=\"section\" data-e-type=\"section\">\n\t\t\t\t\t\t<div class=\"elementor-container elementor-column-gap-default\">\n\t\t\t\t\t<div class=\"elementor-column elementor-col-100 elementor-top-column elementor-element elementor-element-8fd19b7\" data-id=\"8fd19b7\" data-element_type=\"column\" data-e-type=\"column\">\n\t\t\t<div class=\"elementor-widget-wrap elementor-element-populated\">\n\t\t\t\t\t\t<div class=\"elementor-element elementor-element-cdecee1 elementor-widget elementor-widget-heading\" data-id=\"cdecee1\" data-element_type=\"widget\" data-e-type=\"widget\" data-widget_type=\"heading.default\">\n\t\t\t\t<div class=\"elementor-widget-container\">\n\t\t\t\t\t<h2 class=\"elementor-heading-title elementor-size-default\">Editais<\/h2>\t\t\t\t<\/div>\n\t\t\t\t<\/div>\n\t\t\t\t\t<\/div>\n\t\t<\/div>\n\t\t\t\t\t<\/div>\n\t\t<\/section>\n\t\t\t\t<section class=\"elementor-section elementor-top-section elementor-element elementor-element-1dd3170 elementor-section-boxed elementor-section-height-default elementor-section-height-default\" data-id=\"1dd3170\" data-element_type=\"section\" data-e-type=\"section\">\n\t\t\t\t\t\t<div class=\"elementor-container elementor-column-gap-default\">\n\t\t\t\t\t<div class=\"elementor-column elementor-col-100 elementor-top-column elementor-element elementor-element-40248e3\" data-id=\"40248e3\" data-element_type=\"column\" data-e-type=\"column\">\n\t\t\t<div class=\"elementor-widget-wrap elementor-element-populated\">\n\t\t\t\t\t\t<div class=\"elementor-element elementor-element-808cbb5 elementor-widget elementor-widget-text-editor\" data-id=\"808cbb5\" data-element_type=\"widget\" data-e-type=\"widget\" data-widget_type=\"text-editor.default\">\n\t\t\t\t<div class=\"elementor-widget-container\">\n\t\t\t\t\t\t\t\t\t28\/02\/2022 &#8211; <a style=\"color: blue;\" href=\"http:\/\/www2.unifap.br\/profid\/files\/2022\/02\/ESCREVE-AMAP\u00c1-RESULTADO-FINAL-2022.LISTA-DE-CLASSIFICADOS.CADASTRO-RESERVA.pdf\">RESULTADO FINAL 2022 LISTA DE CLASSIFICADOS.CADASTRO RESERVA<\/a>\t\t\t\t\t\t\t\t<\/div>\n\t\t\t\t<\/div>\n\t\t\t\t\t<\/div>\n\t\t<\/div>\n\t\t\t\t\t<\/div>\n\t\t<\/section>\n\t\t\t\t<section class=\"elementor-section elementor-top-section elementor-element elementor-element-e26fbf8 elementor-section-boxed elementor-section-height-default elementor-section-height-default\" data-id=\"e26fbf8\" data-element_type=\"section\" data-e-type=\"section\">\n\t\t\t\t\t\t<div class=\"elementor-container elementor-column-gap-default\">\n\t\t\t\t\t<div class=\"elementor-column elementor-col-100 elementor-top-column elementor-element elementor-element-d6bc6f8\" data-id=\"d6bc6f8\" data-element_type=\"column\" data-e-type=\"column\">\n\t\t\t<div class=\"elementor-widget-wrap elementor-element-populated\">\n\t\t\t\t\t\t<div class=\"elementor-element elementor-element-4de84e9 elementor-widget elementor-widget-text-editor\" data-id=\"4de84e9\" data-element_type=\"widget\" data-e-type=\"widget\" data-widget_type=\"text-editor.default\">\n\t\t\t\t<div class=\"elementor-widget-container\">\n\t\t\t\t\t\t\t\t\t24\/02\/2022 &#8211; <a href=\"http:\/\/www2.unifap.br\/profid\/files\/2022\/02\/ESCREVE-AMAP\u00c1-ETAPA-1.2022.LISTA-DE-CLASSIFICADOS.CADASTRO-RESERVA.pdf\">ESCREVE AMAP\u00c1 ETAPA 1.2022. CLASSIFICADOS.CADASTRO RESERVA<\/a>\t\t\t\t\t\t\t\t<\/div>\n\t\t\t\t<\/div>\n\t\t\t\t\t<\/div>\n\t\t<\/div>\n\t\t\t\t\t<\/div>\n\t\t<\/section>\n\t\t\t\t<section class=\"elementor-section elementor-top-section elementor-element elementor-element-399512f elementor-section-boxed elementor-section-height-default elementor-section-height-default\" data-id=\"399512f\" data-element_type=\"section\" data-e-type=\"section\">\n\t\t\t\t\t\t<div class=\"elementor-container elementor-column-gap-default\">\n\t\t\t\t\t<div class=\"elementor-column elementor-col-100 elementor-top-column elementor-element elementor-element-cf328c7\" data-id=\"cf328c7\" data-element_type=\"column\" data-e-type=\"column\">\n\t\t\t<div class=\"elementor-widget-wrap elementor-element-populated\">\n\t\t\t\t\t\t<div class=\"elementor-element elementor-element-f7aa000 elementor-widget elementor-widget-text-editor\" data-id=\"f7aa000\" data-element_type=\"widget\" data-e-type=\"widget\" data-widget_type=\"text-editor.default\">\n\t\t\t\t<div class=\"elementor-widget-container\">\n\t\t\t\t\t\t\t\t\t27\/01\/2022 &#8211; <a  href=\"http:\/\/www2.unifap.br\/profid\/files\/2022\/01\/5-ESCREVE-AMAP\u00c1-2022-EDITAL-CURSISTAS.pdf\" target=\"_blank\" rel=\"noopener\">EDITAL PARA\u00a0 SELE\u00c7\u00c3O DOS ALUNOS ESCREVE AMAP\u00c1 2022<\/a>\t\t\t\t\t\t\t\t<\/div>\n\t\t\t\t<\/div>\n\t\t\t\t\t<\/div>\n\t\t<\/div>\n\t\t\t\t\t<\/div>\n\t\t<\/section>\n\t\t\t\t<\/div>\n\t\t","protected":false},"excerpt":{"rendered":"<p>Editais 28\/02\/2022 &#8211; RESULTADO FINAL 2022 LISTA DE CLASSIFICADOS.CADASTRO RESERVA24\/02\/2022 &#8211; ESCREVE AMAP\u00c1 ETAPA 1.2022. CLASSIFICADOS.CADASTRO RESERVA27\/01\/2022 &#8211; EDITAL PARA\u00a0 SELE\u00c7\u00c3O DOS ALUNOS ESCREVE AMAP\u00c1 2022<\/p>\n","protected":false},"author":902,"featured_media":0,"parent":0,"menu_order":0,"comment_status":"closed","ping_status":"closed","template":"","meta":{"inline_featured_image":false,"ngg_post_thumbnail":0,"footnotes":""},"class_list":["post-911","page","type-page","status-publish","hentry","entry"],"_links":{"self":[{"href":"https:\/\/www2.unifap.br\/profid\/wp-json\/wp\/v2\/pages\/911","targetHints":{"allow":["GET"]}}],"collection":[{"href":"https:\/\/www2.unifap.br\/profid\/wp-json\/wp\/v2\/pages"}],"about":[{"href":"https:\/\/www2.unifap.br\/profid\/wp-json\/wp\/v2\/types\/page"}],"author":[{"embeddable":true,"href":"https:\/\/www2.unifap.br\/profid\/wp-json\/wp\/v2\/users\/902"}],"replies":[{"embeddable":true,"href":"https:\/\/www2.unifap.br\/profid\/wp-json\/wp\/v2\/comments?post=911"}],"version-history":[{"count":6,"href":"https:\/\/www2.unifap.br\/profid\/wp-json\/wp\/v2\/pages\/911\/revisions"}],"predecessor-version":[{"id":1857,"href":"https:\/\/www2.unifap.br\/profid\/wp-json\/wp\/v2\/pages\/911\/revisions\/1857"}],"wp:attachment":[{"href":"https:\/\/www2.unifap.br\/profid\/wp-json\/wp\/v2\/media?parent=911"}],"curies":[{"name":"wp","href":"https:\/\/api.w.org\/{rel}","templated":true}]}}