{"id":101,"date":"2023-08-25T07:25:01","date_gmt":"2023-08-25T10:25:01","guid":{"rendered":"https:\/\/www2.unifap.br\/profmat\/?page_id=101"},"modified":"2024-01-18T11:10:19","modified_gmt":"2024-01-18T14:10:19","slug":"coordenacao","status":"publish","type":"page","link":"https:\/\/www2.unifap.br\/profmat\/coordenacao\/","title":{"rendered":"COORDENA\u00c7\u00c2O"},"content":{"rendered":"<ul>\n<li><strong>Coordenador Institucional PROFMAT-UNIFAP<\/strong>: Dr. M\u00e1rcio Bahia<\/li>\n<li><strong>E-mail<\/strong>: profmat@unifap.br<\/li>\n<li><strong>Endere\u00e7o<\/strong>: Universidade Federal do Amap\u00e1. Rodovia Josmar Chaves Pinto &#8211; KM 02, CEP 68903-419<\/li>\n<\/ul>\n","protected":false},"excerpt":{"rendered":"<p>Coordenador Institucional PROFMAT-UNIFAP: Dr. M\u00e1rcio Bahia E-mail: profmat@unifap.br Endere\u00e7o: Universidade Federal do Amap\u00e1. Rodovia Josmar Chaves Pinto &#8211; KM 02, CEP 68903-419<\/p>\n","protected":false},"author":2772,"featured_media":0,"parent":0,"menu_order":0,"comment_status":"closed","ping_status":"closed","template":"","meta":{"inline_featured_image":false,"ngg_post_thumbnail":0,"footnotes":""},"class_list":["post-101","page","type-page","status-publish","hentry","entry"],"_links":{"self":[{"href":"https:\/\/www2.unifap.br\/profmat\/wp-json\/wp\/v2\/pages\/101","targetHints":{"allow":["GET"]}}],"collection":[{"href":"https:\/\/www2.unifap.br\/profmat\/wp-json\/wp\/v2\/pages"}],"about":[{"href":"https:\/\/www2.unifap.br\/profmat\/wp-json\/wp\/v2\/types\/page"}],"author":[{"embeddable":true,"href":"https:\/\/www2.unifap.br\/profmat\/wp-json\/wp\/v2\/users\/2772"}],"replies":[{"embeddable":true,"href":"https:\/\/www2.unifap.br\/profmat\/wp-json\/wp\/v2\/comments?post=101"}],"version-history":[{"count":3,"href":"https:\/\/www2.unifap.br\/profmat\/wp-json\/wp\/v2\/pages\/101\/revisions"}],"predecessor-version":[{"id":250,"href":"https:\/\/www2.unifap.br\/profmat\/wp-json\/wp\/v2\/pages\/101\/revisions\/250"}],"wp:attachment":[{"href":"https:\/\/www2.unifap.br\/profmat\/wp-json\/wp\/v2\/media?parent=101"}],"curies":[{"name":"wp","href":"https:\/\/api.w.org\/{rel}","templated":true}]}}