{"id":55,"date":"2023-08-25T04:48:35","date_gmt":"2023-08-25T07:48:35","guid":{"rendered":"https:\/\/www2.unifap.br\/profmat\/?page_id=55"},"modified":"2023-12-06T09:31:25","modified_gmt":"2023-12-06T12:31:25","slug":"ena-2024","status":"publish","type":"page","link":"https:\/\/www2.unifap.br\/profmat\/ena-2024\/","title":{"rendered":"ENA 2024"},"content":{"rendered":"<ul>\n<li style=\"list-style-type: none\">\n<ul>\n<li style=\"list-style-type: none\">\n<ul>\n<li><strong>(NOVO) <\/strong><a href=\"http:\/\/www.unifap.br\/editais\/convocacao-para-a-matricula-dos-candidatos-aprovados-no-processo-seletivo-do-mestrado-profissional-em-matematica-em-rede-nacional-profmat-unifap\/\"><b class=\"editais-titulo\">CONVOCA\u00c7\u00c3O PARA A MATR\u00cdCULA DOS CANDIDATOS APROVADOS NO PROCESSO SELETIVO DO MESTRADO PROFISSIONAL EM MATEM\u00c1TICA EM REDE NACIONAL \u2013 PROFMAT\/UNIFAP<\/b><\/a><\/li>\n<\/ul>\n<p>&nbsp;<\/p>\n<ul>\n<li>LISTA DOS CLASSIFICADOS \u2013 ENA 2024 \u2013 PROFMAT &#8211; UNIFAP: <a href=\"https:\/\/www2.unifap.br\/profmat\/2023\/11\/24\/lista-dos-classificados-ena-2024-profmat-unifap\/ena_2024_classificados-unifap\/\" rel=\"attachment wp-att-217\">ENA_2024_classificados-UNIFAP<\/a>&nbsp;<\/li>\n<\/ul>\n<ul>\n<li>Resultado Final das notas individuais, ap\u00f3s recursos, do ENA 2024 PROFMAT-UNIFAP: <a href=\"https:\/\/www2.unifap.br\/profmat\/2023\/11\/13\/resultado-final-das-notas-individuais-apos-recursos-do-ena-2024-profmat-unifap\/ena_2024_resultados_individuais_apos_recursos\/\">ENA_2024_Resultado_Final&nbsp;<\/a><\/li>\n<\/ul>\n<ul>\n<li>Notas individuais ENA-2024 PROFMAT-UNIFAP:&nbsp; <a href=\"https:\/\/www2.unifap.br\/profmat\/2023\/10\/27\/notas-individuais-ena-2024-profmat-unifap\/ena_2024_resultados_individuais\/\" rel=\"attachment wp-att-159\">ENA_2024_resultados_individuais<\/a><\/li>\n<\/ul>\n<\/li>\n<\/ul>\n<ul>\n<li style=\"list-style-type: none\">\n<ul>\n<li>Distribui\u00e7\u00e3o dos candidatos com inscri\u00e7\u00e3o confirmada por sala de prova: <a href=\"https:\/\/www2.unifap.br\/profmat\/ena_2024_distribuicao_de_salas_inscricoes_confirmadas\/\" rel=\"attachment wp-att-152\">ENA_2024_distribui\u00e7\u00e3o_de_salas_inscri\u00e7\u00f5es_confirmadas<\/a><\/li>\n<\/ul>\n<\/li>\n<li style=\"list-style-type: none\">\n<ul>\n<li>Foi publicado o Edital do Exame de Acesso 2024 ao Profmat. Confira o Edital completo em <a href=\"https:\/\/ena.profmat-sbm.org.br\/EDITAL_ENA_2024.pdf\">https:\/\/ena.profmat-sbm.org.br\/EDITAL_ENA_2024.pdf<\/a>.<\/li>\n<li>Os interessados ter\u00e3o at\u00e9 \u00e0s 17h (hor\u00e1rio de Bras\u00edlia) de 6 de outubro para registrarem sua inscri\u00e7\u00e3o no site <a href=\"https:\/\/ena.profmat-sbm.org.br\/\">https:\/\/ena.profmat-sbm.org.br\/<\/a>&nbsp;<\/li>\n<li>A avalia\u00e7\u00e3o ser\u00e1 realizada no dia&nbsp;<strong>21 de outubro de 2023<\/strong>, em&nbsp;car\u00e1ter presencial,&nbsp;iniciando-se \u00e0s 14h com t\u00e9rmino \u00e0s 17h.<\/li>\n<\/ul>\n<\/li>\n<\/ul>\n<\/li>\n<\/ul>\n","protected":false},"excerpt":{"rendered":"<p>(NOVO) CONVOCA\u00c7\u00c3O PARA A MATR\u00cdCULA DOS CANDIDATOS APROVADOS NO PROCESSO SELETIVO DO MESTRADO PROFISSIONAL EM MATEM\u00c1TICA EM REDE NACIONAL \u2013 PROFMAT\/UNIFAP &nbsp; LISTA DOS CLASSIFICADOS \u2013 ENA 2024 \u2013 PROFMAT &#8211; UNIFAP: ENA_2024_classificados-UNIFAP&nbsp; Resultado Final das notas individuais, ap\u00f3s recursos, do ENA 2024 PROFMAT-UNIFAP: ENA_2024_Resultado_Final&nbsp; Notas individuais ENA-2024 PROFMAT-UNIFAP:&nbsp; ENA_2024_resultados_individuais Distribui\u00e7\u00e3o dos candidatos com inscri\u00e7\u00e3o&#8230;<\/p>\n","protected":false},"author":2772,"featured_media":0,"parent":0,"menu_order":0,"comment_status":"closed","ping_status":"closed","template":"","meta":{"inline_featured_image":false,"ngg_post_thumbnail":0,"footnotes":""},"class_list":["post-55","page","type-page","status-publish","hentry","entry"],"_links":{"self":[{"href":"https:\/\/www2.unifap.br\/profmat\/wp-json\/wp\/v2\/pages\/55","targetHints":{"allow":["GET"]}}],"collection":[{"href":"https:\/\/www2.unifap.br\/profmat\/wp-json\/wp\/v2\/pages"}],"about":[{"href":"https:\/\/www2.unifap.br\/profmat\/wp-json\/wp\/v2\/types\/page"}],"author":[{"embeddable":true,"href":"https:\/\/www2.unifap.br\/profmat\/wp-json\/wp\/v2\/users\/2772"}],"replies":[{"embeddable":true,"href":"https:\/\/www2.unifap.br\/profmat\/wp-json\/wp\/v2\/comments?post=55"}],"version-history":[{"count":11,"href":"https:\/\/www2.unifap.br\/profmat\/wp-json\/wp\/v2\/pages\/55\/revisions"}],"predecessor-version":[{"id":223,"href":"https:\/\/www2.unifap.br\/profmat\/wp-json\/wp\/v2\/pages\/55\/revisions\/223"}],"wp:attachment":[{"href":"https:\/\/www2.unifap.br\/profmat\/wp-json\/wp\/v2\/media?parent=55"}],"curies":[{"name":"wp","href":"https:\/\/api.w.org\/{rel}","templated":true}]}}