{"id":94,"date":"2023-08-25T06:57:58","date_gmt":"2023-08-25T09:57:58","guid":{"rendered":"https:\/\/www2.unifap.br\/profmat\/?page_id=94"},"modified":"2026-03-06T17:59:30","modified_gmt":"2026-03-06T20:59:30","slug":"o-programa","status":"publish","type":"page","link":"https:\/\/www2.unifap.br\/profmat\/","title":{"rendered":"o programa"},"content":{"rendered":"\t\t<div data-elementor-type=\"wp-page\" data-elementor-id=\"94\" class=\"elementor elementor-94\">\n\t\t\t\t\t\t<section class=\"elementor-section elementor-top-section elementor-element elementor-element-2bb7d0a elementor-section-full_width elementor-section-stretched elementor-section-height-default elementor-section-height-default\" data-id=\"2bb7d0a\" data-element_type=\"section\" data-e-type=\"section\" data-settings=\"{&quot;stretch_section&quot;:&quot;section-stretched&quot;,&quot;background_background&quot;:&quot;classic&quot;}\">\n\t\t\t\t\t\t<div class=\"elementor-container elementor-column-gap-no\">\n\t\t\t\t\t<div class=\"elementor-column elementor-col-100 elementor-top-column elementor-element elementor-element-c8dd7db\" data-id=\"c8dd7db\" data-element_type=\"column\" data-e-type=\"column\">\n\t\t\t<div class=\"elementor-widget-wrap elementor-element-populated\">\n\t\t\t\t\t\t<div class=\"elementor-element elementor-element-ab8fe89 elementor-icon-list--layout-traditional elementor-list-item-link-full_width elementor-widget elementor-widget-icon-list\" data-id=\"ab8fe89\" data-element_type=\"widget\" data-e-type=\"widget\" data-widget_type=\"icon-list.default\">\n\t\t\t\t<div class=\"elementor-widget-container\">\n\t\t\t\t\t\t\t<ul class=\"elementor-icon-list-items\">\n\t\t\t\t\t\t\t<li class=\"elementor-icon-list-item\">\n\t\t\t\t\t\t\t\t\t\t\t<span class=\"elementor-icon-list-icon\">\n\t\t\t\t\t\t\t<i aria-hidden=\"true\" class=\"fas fa-chevron-right\"><\/i>\t\t\t\t\t\t<\/span>\n\t\t\t\t\t\t\t\t\t\t<span class=\"elementor-icon-list-text\">PROFMAT \u2013 MESTRADO PROFISSIONAL EM MATEM\u00c1TICA<\/span>\n\t\t\t\t\t\t\t\t\t<\/li>\n\t\t\t\t\t\t<\/ul>\n\t\t\t\t\t\t<\/div>\n\t\t\t\t<\/div>\n\t\t\t\t\t<\/div>\n\t\t<\/div>\n\t\t\t\t\t<\/div>\n\t\t<\/section>\n\t\t\t\t<section class=\"elementor-section elementor-top-section elementor-element elementor-element-551ba9c elementor-section-boxed elementor-section-height-default elementor-section-height-default\" data-id=\"551ba9c\" data-element_type=\"section\" data-e-type=\"section\">\n\t\t\t\t\t\t<div class=\"elementor-container elementor-column-gap-default\">\n\t\t\t\t\t<div class=\"elementor-column elementor-col-100 elementor-top-column elementor-element elementor-element-03be8d4\" data-id=\"03be8d4\" data-element_type=\"column\" data-e-type=\"column\">\n\t\t\t<div class=\"elementor-widget-wrap elementor-element-populated\">\n\t\t\t\t\t\t<div class=\"elementor-element elementor-element-e8b185d elementor-widget elementor-widget-spacer\" data-id=\"e8b185d\" data-element_type=\"widget\" data-e-type=\"widget\" data-widget_type=\"spacer.default\">\n\t\t\t\t<div class=\"elementor-widget-container\">\n\t\t\t\t\t\t\t<div class=\"elementor-spacer\">\n\t\t\t<div class=\"elementor-spacer-inner\"><\/div>\n\t\t<\/div>\n\t\t\t\t\t\t<\/div>\n\t\t\t\t<\/div>\n\t\t\t\t\t<\/div>\n\t\t<\/div>\n\t\t\t\t\t<\/div>\n\t\t<\/section>\n\t\t\t\t<section class=\"elementor-section elementor-top-section elementor-element elementor-element-71df893 elementor-section-content-top elementor-section-boxed elementor-section-height-default elementor-section-height-default\" data-id=\"71df893\" data-element_type=\"section\" data-e-type=\"section\">\n\t\t\t\t\t\t<div class=\"elementor-container elementor-column-gap-default\">\n\t\t\t\t\t<div class=\"elementor-column elementor-col-50 elementor-top-column elementor-element elementor-element-5696b0f\" data-id=\"5696b0f\" data-element_type=\"column\" data-e-type=\"column\">\n\t\t\t<div class=\"elementor-widget-wrap elementor-element-populated\">\n\t\t\t\t\t\t<div class=\"elementor-element elementor-element-e88b97f elementor-widget elementor-widget-image\" data-id=\"e88b97f\" data-element_type=\"widget\" data-e-type=\"widget\" data-widget_type=\"image.default\">\n\t\t\t\t<div class=\"elementor-widget-container\">\n\t\t\t\t\t\t\t\t\t\t\t\t\t\t\t<img decoding=\"async\" src=\"http:\/\/www2.unifap.br\/profmat\/files\/elementor\/thumbs\/biblioteca-unifap-rk4ivq13o3un39l2ycfeulq8jgrfmdo0m85emq5idg.jpeg\" title=\"biblioteca unifap\" alt=\"biblioteca unifap\" loading=\"lazy\" \/>\t\t\t\t\t\t\t\t\t\t\t\t\t\t\t<\/div>\n\t\t\t\t<\/div>\n\t\t\t\t<div class=\"elementor-element elementor-element-981ec2e elementor-widget-divider--view-line elementor-widget elementor-widget-divider\" data-id=\"981ec2e\" data-element_type=\"widget\" data-e-type=\"widget\" data-widget_type=\"divider.default\">\n\t\t\t\t<div class=\"elementor-widget-container\">\n\t\t\t\t\t\t\t<div class=\"elementor-divider\">\n\t\t\t<span class=\"elementor-divider-separator\">\n\t\t\t\t\t\t<\/span>\n\t\t<\/div>\n\t\t\t\t\t\t<\/div>\n\t\t\t\t<\/div>\n\t\t\t\t\t<\/div>\n\t\t<\/div>\n\t\t\t\t<div class=\"elementor-column elementor-col-50 elementor-top-column elementor-element elementor-element-50a6631\" data-id=\"50a6631\" data-element_type=\"column\" data-e-type=\"column\">\n\t\t\t<div class=\"elementor-widget-wrap elementor-element-populated\">\n\t\t\t\t\t\t<div class=\"elementor-element elementor-element-b9fdfff elementor-widget elementor-widget-contentviews_widget_list1\" data-id=\"b9fdfff\" data-element_type=\"widget\" data-e-type=\"widget\" data-widget_type=\"contentviews_widget_list1.default\">\n\t\t\t\t<div class=\"elementor-widget-container\">\n\t\t\t\t\t<div class='pt-cv-wrapper'> <div class=\"pt-cv-view pt-cv-blockgrid iscvblock iscvelementor list1\" id=\"pt-cv-view-b9fdfff\"><div data-id=\"pt-cv-page-1\" class=\"pt-cv-page\" data-cvc=\"1\"><div class=\" pt-cv-content-item pt-cv-2-col\" ><h4 class=\"pt-cv-title\"><a href=\"https:\/\/www2.unifap.br\/profmat\/2026\/03\/15\/resultado-da-selecao-referente-ao-edital-no-22-para-concessao-de-bolsas-de-estudos-capes-profmat-turma-2026-publicado-em-10-de-fevereiro-de-2026\/\" class=\"_self\" target=\"_self\" >RESULTADO DA SELE\u00c7\u00c3O REFERENTE AO EDITAL N\u00ba 22 PARA CONCESS\u00c3O DE BOLSAS DE ESTUDOS CAPES\/PROFMAT \u2013 TURMA 2026 PUBLICADO EM 10 DE FEVEREIRO DE 2026<\/a><\/h4>\n<div class=\"pt-cv-content\">Resultado_da_Selecao_bolsas_2026_assinado ...<\/div>\n<div class=\"pt-cv-meta-fields\"><span class=\"entry-date\"> <time datetime=\"2026-03-15T01:29:24-03:00\">15 de mar\u00e7o de 2026<\/time><\/span><span> \/ <\/span><span class=\"author\"> <a href=\"https:\/\/www2.unifap.br\/profmat\/author\/marciobahia\/\" rel=\"author\">M\u00e1rcio Bahia<\/a><\/span><\/div><\/div>\n<div class=\" pt-cv-content-item pt-cv-2-col\" ><h4 class=\"pt-cv-title\"><a href=\"https:\/\/www2.unifap.br\/profmat\/2026\/02\/19\/informacoes-sobre-o-enq-2026-1\/\" class=\"_self\" target=\"_self\" >INFORMA\u00c7\u00d5ES SOBRE O ENQ 2026.1<\/a><\/h4>\n<div class=\"pt-cv-content\">Prezados Mestrandos, Segue, ABAIXO, a Lista Definitiva dos mestrandos do PROFMAT\/UNIFAP aptos para o ENQ 2026.1, que acontecer\u00e1 no dia ...<\/div>\n<div class=\"pt-cv-meta-fields\"><span class=\"entry-date\"> <time datetime=\"2026-02-19T13:57:10-03:00\">19 de fevereiro de 2026<\/time><\/span><span> \/ <\/span><span class=\"author\"> <a href=\"https:\/\/www2.unifap.br\/profmat\/author\/marciobahia\/\" rel=\"author\">M\u00e1rcio Bahia<\/a><\/span><\/div><\/div>\n<div class=\" pt-cv-content-item pt-cv-2-col\" ><h4 class=\"pt-cv-title\"><a href=\"https:\/\/www2.unifap.br\/profmat\/2026\/02\/18\/chamada-para-concessao-de-bolsas\/\" class=\"_self\" target=\"_self\" >CHAMADA PARA CONCESS\u00c3O DE BOLSAS<\/a><\/h4>\n<div class=\"pt-cv-content\">CHAMADA PARA CONCESS\u00c3O DE BOLSAS \u2013 TURMA 2026 - EDITAL N\u00b0 22 - BOLSAS DE ESTUDOS CAPES\/PROFMAT Prezado(a)s discentes da ...<\/div>\n<div class=\"pt-cv-meta-fields\"><span class=\"entry-date\"> <time datetime=\"2026-02-18T18:47:31-03:00\">18 de fevereiro de 2026<\/time><\/span><span> \/ <\/span><span class=\"author\"> <a href=\"https:\/\/www2.unifap.br\/profmat\/author\/marciobahia\/\" rel=\"author\">M\u00e1rcio Bahia<\/a><\/span><\/div><\/div>\n<div class=\" pt-cv-content-item pt-cv-2-col\" ><h4 class=\"pt-cv-title\"><a href=\"https:\/\/www2.unifap.br\/profmat\/2026\/01\/09\/quadro-dos-horarios-das-disciplinas-de-2026\/\" class=\"_self\" target=\"_self\" >QUADRO DOS HOR\u00c1RIOS DAS DISCIPLINAS DE 2026<\/a><\/h4>\n<div class=\"pt-cv-content\">Quadro dos hor\u00e1rios das disciplinas 2026 ...<\/div>\n<div class=\"pt-cv-meta-fields\"><span class=\"entry-date\"> <time datetime=\"2026-01-09T10:05:07-03:00\">9 de janeiro de 2026<\/time><\/span><span> \/ <\/span><span class=\"author\"> <a href=\"https:\/\/www2.unifap.br\/profmat\/author\/marciobahia\/\" rel=\"author\">M\u00e1rcio Bahia<\/a><\/span><\/div><\/div>\n<div class=\" pt-cv-content-item pt-cv-2-col\" ><h4 class=\"pt-cv-title\"><a href=\"https:\/\/www2.unifap.br\/profmat\/2025\/11\/20\/edital-matricula-no-01-2025-profmat-unifap-ena-2026\/\" class=\"_self\" target=\"_self\" >EDITAL MATRICULA N\u00ba 01\/2025 &#8211; PROFMAT\/UNIFAP &#8211; ENA 2026<\/a><\/h4>\n<div class=\"pt-cv-content\">EDITAL_MATRICULA_NBA_01_2025_PROFMAT_-_UNIFAP_-_ENA_2026_assinado ANEXO II - FORMUL\u00c1RIO DE MATRICULA - ENA 2026 ...<\/div>\n<div class=\"pt-cv-meta-fields\"><span class=\"entry-date\"> <time datetime=\"2025-11-20T00:41:13-03:00\">20 de novembro de 2025<\/time><\/span><span> \/ <\/span><span class=\"author\"> <a href=\"https:\/\/www2.unifap.br\/profmat\/author\/marciobahia\/\" rel=\"author\">M\u00e1rcio Bahia<\/a><\/span><\/div><\/div>\n<div class=\" pt-cv-content-item pt-cv-2-col\" ><h4 class=\"pt-cv-title\"><a href=\"https:\/\/www2.unifap.br\/profmat\/2025\/11\/19\/resultado-final-dos-aprovados-e-classificados-ena-2026\/\" class=\"_self\" target=\"_self\" >RESULTADO FINAL DOS APROVADOS E CLASSIFICADOS &#8211; ENA 2026<\/a><\/h4>\n<div class=\"pt-cv-content\">RESULTADO_FINAL_DOS_APROVADOS_E_CLASSIFICADOS_-_ENA_2026_assinado ...<\/div>\n<div class=\"pt-cv-meta-fields\"><span class=\"entry-date\"> <time datetime=\"2025-11-19T19:18:49-03:00\">19 de novembro de 2025<\/time><\/span><span> \/ <\/span><span class=\"author\"> <a href=\"https:\/\/www2.unifap.br\/profmat\/author\/marciobahia\/\" rel=\"author\">M\u00e1rcio Bahia<\/a><\/span><\/div><\/div><\/div><\/div> <\/div> \t\t\t\t<\/div>\n\t\t\t\t<\/div>\n\t\t\t\t\t<\/div>\n\t\t<\/div>\n\t\t\t\t\t<\/div>\n\t\t<\/section>\n\t\t\t\t<\/div>\n\t\t","protected":false},"excerpt":{"rendered":"<p>PROFMAT \u2013 MESTRADO PROFISSIONAL EM MATEM\u00c1TICA INFORMA\u00c7\u00d5ES SOBRE O ENQ 2026.1 Prezados Mestrandos, Segue, ABAIXO, a Lista Definitiva dos mestrandos do PROFMAT\/UNIFAP aptos para o ENQ 2026.1, que acontecer\u00e1 no dia &#8230; 19 de fevereiro de 2026 \/ M\u00e1rcio Bahia CHAMADA PARA CONCESS\u00c3O DE BOLSAS CHAMADA PARA CONCESS\u00c3O DE BOLSAS \u2013 TURMA 2026 &#8211; EDITAL&#8230;<\/p>\n","protected":false},"author":2772,"featured_media":0,"parent":0,"menu_order":0,"comment_status":"closed","ping_status":"closed","template":"","meta":{"inline_featured_image":false,"ngg_post_thumbnail":0,"footnotes":""},"class_list":["post-94","page","type-page","status-publish","hentry","entry"],"_links":{"self":[{"href":"https:\/\/www2.unifap.br\/profmat\/wp-json\/wp\/v2\/pages\/94","targetHints":{"allow":["GET"]}}],"collection":[{"href":"https:\/\/www2.unifap.br\/profmat\/wp-json\/wp\/v2\/pages"}],"about":[{"href":"https:\/\/www2.unifap.br\/profmat\/wp-json\/wp\/v2\/types\/page"}],"author":[{"embeddable":true,"href":"https:\/\/www2.unifap.br\/profmat\/wp-json\/wp\/v2\/users\/2772"}],"replies":[{"embeddable":true,"href":"https:\/\/www2.unifap.br\/profmat\/wp-json\/wp\/v2\/comments?post=94"}],"version-history":[{"count":80,"href":"https:\/\/www2.unifap.br\/profmat\/wp-json\/wp\/v2\/pages\/94\/revisions"}],"predecessor-version":[{"id":441,"href":"https:\/\/www2.unifap.br\/profmat\/wp-json\/wp\/v2\/pages\/94\/revisions\/441"}],"wp:attachment":[{"href":"https:\/\/www2.unifap.br\/profmat\/wp-json\/wp\/v2\/media?parent=94"}],"curies":[{"name":"wp","href":"https:\/\/api.w.org\/{rel}","templated":true}]}}