{"id":55,"date":"2018-04-03T03:32:33","date_gmt":"2018-04-03T03:32:33","guid":{"rendered":"http:\/\/www2.unifap.br\/profnit\/?page_id=55"},"modified":"2018-04-05T18:02:41","modified_gmt":"2018-04-05T18:02:41","slug":"fortec","status":"publish","type":"page","link":"https:\/\/www2.unifap.br\/profnit\/curso\/fortec\/","title":{"rendered":"FORTEC"},"content":{"rendered":"<p>O FORTEC \u2013 Associa\u00e7\u00e3o F\u00f3rum Nacional de Gestores de Inova\u00e7\u00e3o e Transfer\u00eancia de Tecnologia \u2013 \u00e9 uma associa\u00e7\u00e3o civil de direito privado sem fins lucrativos, de dura\u00e7\u00e3o indeterminada, de representa\u00e7\u00e3o dos respons\u00e1veis nas universidades e institutos de pesquisa e institui\u00e7\u00f5es gestoras de inova\u00e7\u00e3o e pessoas f\u00edsicas, pelo gerenciamento das pol\u00edticas de inova\u00e7\u00e3o e das atividades relacionadas \u00e0 propriedade intelectual e \u00e0 transfer\u00eancia de tecnologia, incluindo-se, neste conceito, os n\u00facleos de inova\u00e7\u00e3o tecnol\u00f3gica (NITs), ag\u00eancias, escrit\u00f3rios e cong\u00eaneres.<\/p>\n<p>Foi criado em 1\u00ba de maio de 2006, e o seu Estatuto Social foi aprovado pela Assembleia Geral em 14 de outubro de 2011 e registrado em cart\u00f3rio.<\/p>\n<p>O FORTEC tem os objetivos de:<\/p>\n<p>Disseminar a cultura da inova\u00e7\u00e3o, da propriedade intelectual e da transfer\u00eancia de tecnologia;<br \/>\nPotencializar e difundir o papel das Entidades de Ci\u00eancia, Tecnologia e Inova\u00e7\u00e3o (ECTI);<br \/>\nAuxiliar na cria\u00e7\u00e3o e na institucionaliza\u00e7\u00e3o dos N\u00facleos de Inova\u00e7\u00e3o Tecnol\u00f3gica (NIT) e de outras Inst\u00e2ncias Gestoras de Inova\u00e7\u00e3o (IGI);<br \/>\nEstimular a capacita\u00e7\u00e3o profissional dos que atuam nos NIT e nas IGI;<br \/>\nEstabelecer, promover e difundir as melhores pr\u00e1ticas para os NIT e para as IGI;<br \/>\nApoiar os NIT e as IGI em suas gest\u00f5es junto ao Poder P\u00fablico e demais organiza\u00e7\u00f5es da sociedade civil;<br \/>\nMapear e divulgar as atividades e indicadores dos NIT e IGI;<br \/>\nApoiar eventos de interesse de seus associados;<br \/>\nPromover a coopera\u00e7\u00e3o e atua\u00e7\u00e3o em rede entre seus associados;<br \/>\nContribuir para a proposi\u00e7\u00e3o de pol\u00edticas p\u00fablicas relacionadas \u00e0 inova\u00e7\u00e3o tecnol\u00f3gica, propriedade intelectual e transfer\u00eancia de tecnologia nos \u00e2mbitos nacional, estadual e municipal;<br \/>\nIncentivar a pesquisa, o desenvolvimento cient\u00edfico e tecnol\u00f3gico, a inova\u00e7\u00e3o, a propriedade intelectual e a transfer\u00eancia de tecnologia no \u00e2mbito nacional, estadual e municipal;<br \/>\nFomentar e cooperar com a capacita\u00e7\u00e3o, forma\u00e7\u00e3o e o desenvolvimento dos profissionais envolvidos no esfor\u00e7o de gest\u00e3o da inova\u00e7\u00e3o, propriedade intelectual e transfer\u00eancia de tecnologia para as ECTI que atuam no pa\u00eds;<br \/>\nPromover a coopera\u00e7\u00e3o e o interc\u00e2mbio com Associa\u00e7\u00f5es e entidades p\u00fablicas ou privadas nacionais e internacionais;<br \/>\nElaborar por conta pr\u00f3pria ou por demanda de seus associados ou de entidades ou parceiros externos, estudos, levantamentos, pesquisas, diagn\u00f3sticos, projetos, ferramentas, sistemas, programas, cursos, semin\u00e1rios e publica\u00e7\u00f5es relativos ao seu \u00e2mbito de atua\u00e7\u00e3o e coerentes com os princ\u00edpios do FORTEC.<br \/>\nO FORTEC desenvolve suas atividades por meio da execu\u00e7\u00e3o direta de projetos, programas ou planos de a\u00e7\u00f5es, por meio da doa\u00e7\u00e3o de recursos f\u00edsicos, humanos e financeiros, ou presta\u00e7\u00e3o de servi\u00e7os intermedi\u00e1rios de apoio a outras organiza\u00e7\u00f5es sem fins lucrativos e a \u00f3rg\u00e3os do setor p\u00fablico que atuam em \u00e1reas afins.<\/p>\n<p>A estrutura organizacional do FORTEC consiste em Diretoria, Coordena\u00e7\u00f5es Regionais, Conselho Fiscal e Grupos de Trabalho.<\/p>\n","protected":false},"excerpt":{"rendered":"<p>O FORTEC \u2013 Associa\u00e7\u00e3o F\u00f3rum Nacional de Gestores de Inova\u00e7\u00e3o e Transfer\u00eancia de Tecnologia \u2013 \u00e9 uma associa\u00e7\u00e3o civil de direito privado sem fins lucrativos, de dura\u00e7\u00e3o indeterminada, de representa\u00e7\u00e3o dos respons\u00e1veis nas universidades e institutos de pesquisa e institui\u00e7\u00f5es gestoras de inova\u00e7\u00e3o e pessoas f\u00edsicas, pelo gerenciamento das pol\u00edticas de inova\u00e7\u00e3o e das atividades relacionadas \u00e0 propriedade intelectual e \u00e0 transfer\u00eancia de tecnologia, incluindo-se, neste conceito, os n\u00facleos de inova\u00e7\u00e3o tecnol\u00f3gica (NITs), ag\u00eancias, escrit\u00f3rios e cong\u00eaneres. Foi criado em 1\u00ba de maio de 2006, e o seu Estatuto Social foi aprovado pela Assembleia Geral em 14 de outubro de 2011 e registrado em cart\u00f3rio. O FORTEC tem os objetivos de: Disseminar a cultura da inova\u00e7\u00e3o, da propriedade intelectual e da transfer\u00eancia de tecnologia; Potencializar e difundir o papel das Entidades de Ci\u00eancia, Tecnologia e Inova\u00e7\u00e3o (ECTI); Auxiliar na cria\u00e7\u00e3o e na institucionaliza\u00e7\u00e3o dos N\u00facleos de Inova\u00e7\u00e3o Tecnol\u00f3gica (NIT) e de outras Inst\u00e2ncias Gestoras de Inova\u00e7\u00e3o (IGI); Estimular a capacita\u00e7\u00e3o profissional dos que atuam nos NIT e nas IGI; Estabelecer, promover e difundir as melhores pr\u00e1ticas para os NIT e para as IGI; Apoiar os NIT e as IGI em suas gest\u00f5es junto ao Poder P\u00fablico e demais organiza\u00e7\u00f5es da sociedade civil; Mapear e divulgar as atividades e indicadores dos NIT e IGI; Apoiar eventos de interesse de seus associados; Promover a coopera\u00e7\u00e3o e atua\u00e7\u00e3o em rede entre seus associados; Contribuir para a proposi\u00e7\u00e3o de pol\u00edticas p\u00fablicas relacionadas \u00e0 inova\u00e7\u00e3o tecnol\u00f3gica, propriedade intelectual e transfer\u00eancia de tecnologia nos \u00e2mbitos nacional, estadual e municipal; Incentivar a pesquisa, o desenvolvimento cient\u00edfico e tecnol\u00f3gico, a inova\u00e7\u00e3o, a propriedade intelectual e a transfer\u00eancia de tecnologia no \u00e2mbito nacional, estadual e municipal; Fomentar e cooperar com a capacita\u00e7\u00e3o, forma\u00e7\u00e3o e o desenvolvimento dos profissionais envolvidos no esfor\u00e7o de gest\u00e3o da inova\u00e7\u00e3o, propriedade intelectual e transfer\u00eancia de tecnologia para as ECTI que atuam no pa\u00eds; Promover a coopera\u00e7\u00e3o e o interc\u00e2mbio com Associa\u00e7\u00f5es e entidades p\u00fablicas ou privadas nacionais e internacionais; Elaborar por conta pr\u00f3pria ou por demanda de seus associados ou de entidades ou parceiros externos, estudos, levantamentos, pesquisas, diagn\u00f3sticos, projetos, ferramentas, sistemas, programas, cursos, semin\u00e1rios e publica\u00e7\u00f5es relativos ao seu \u00e2mbito de atua\u00e7\u00e3o e coerentes com os princ\u00edpios do FORTEC. O FORTEC desenvolve suas atividades por meio da execu\u00e7\u00e3o direta de projetos, programas ou planos de a\u00e7\u00f5es, por meio da doa\u00e7\u00e3o de recursos f\u00edsicos, humanos e financeiros, ou presta\u00e7\u00e3o de servi\u00e7os intermedi\u00e1rios de apoio a outras organiza\u00e7\u00f5es sem fins lucrativos e a \u00f3rg\u00e3os do setor p\u00fablico que atuam em \u00e1reas afins. A estrutura organizacional do FORTEC consiste em Diretoria, Coordena\u00e7\u00f5es Regionais, Conselho Fiscal e Grupos de Trabalho.<\/p>\n","protected":false},"author":168,"featured_media":0,"parent":5,"menu_order":4,"comment_status":"open","ping_status":"closed","template":"","meta":{"inline_featured_image":false,"ngg_post_thumbnail":0,"footnotes":""},"class_list":["post-55","page","type-page","status-publish","hentry","entry"],"_links":{"self":[{"href":"https:\/\/www2.unifap.br\/profnit\/wp-json\/wp\/v2\/pages\/55","targetHints":{"allow":["GET"]}}],"collection":[{"href":"https:\/\/www2.unifap.br\/profnit\/wp-json\/wp\/v2\/pages"}],"about":[{"href":"https:\/\/www2.unifap.br\/profnit\/wp-json\/wp\/v2\/types\/page"}],"author":[{"embeddable":true,"href":"https:\/\/www2.unifap.br\/profnit\/wp-json\/wp\/v2\/users\/168"}],"replies":[{"embeddable":true,"href":"https:\/\/www2.unifap.br\/profnit\/wp-json\/wp\/v2\/comments?post=55"}],"version-history":[{"count":2,"href":"https:\/\/www2.unifap.br\/profnit\/wp-json\/wp\/v2\/pages\/55\/revisions"}],"predecessor-version":[{"id":66,"href":"https:\/\/www2.unifap.br\/profnit\/wp-json\/wp\/v2\/pages\/55\/revisions\/66"}],"up":[{"embeddable":true,"href":"https:\/\/www2.unifap.br\/profnit\/wp-json\/wp\/v2\/pages\/5"}],"wp:attachment":[{"href":"https:\/\/www2.unifap.br\/profnit\/wp-json\/wp\/v2\/media?parent=55"}],"curies":[{"name":"wp","href":"https:\/\/api.w.org\/{rel}","templated":true}]}}