{"id":620,"date":"2023-10-11T19:49:59","date_gmt":"2023-10-11T19:49:59","guid":{"rendered":"https:\/\/www2.unifap.br\/profnit\/?page_id=620"},"modified":"2024-01-11T18:03:02","modified_gmt":"2024-01-11T18:03:02","slug":"ena24","status":"publish","type":"page","link":"https:\/\/www2.unifap.br\/profnit\/selecao\/ena24\/","title":{"rendered":"ENA2024"},"content":{"rendered":"<header>\n<h1>Exame Nacional de Acesso \u2013 ENA24<\/h1>\n<p><a href=\"http:\/\/www.unifap.br\/editais\/convocacao-para-a-matricula-dos-aprovados-no-processo-seletivo-para-o-mestrado-profissional-em-propriedade-intelectual-e-transferencia-de-tecnologia-para-inovacao-profnit-2024\/\" target=\"_blank\" rel=\"noopener\">Convoca\u00e7\u00e3o para Matr\u00edcula&nbsp;&#8211; publicado em 11.01.2024<\/a><\/p>\n<p><a href=\"http:\/\/www2.unifap.br\/profnit\/files\/2023\/12\/03_RESULTADO_FINAL_CHAMADA_ENA24__assinado.pdf\" target=\"_blank\" rel=\"noopener\">Resultado Final da Chamada ENA24<\/a><\/p>\n<\/header>\n<p><a href=\"http:\/\/www2.unifap.br\/profnit\/files\/2023\/12\/02_RESULTADO_VERIFICACAO_DOS_CANDIDATOS_AS_VAGAS_RESERVADAS_assinado.pdf\" target=\"_blank\" rel=\"noopener\">Resultado da Verifica\u00e7\u00e3o dos Candidatos as Vagas Reservadas \u00e0s Cotas<\/a><\/p>\n<p><a href=\"http:\/\/www2.unifap.br\/profnit\/files\/2023\/11\/RESULTADO_PRELIMINAR_CHAMADA_ENA24_assinado.pdf\" target=\"_blank\" rel=\"noopener\">Resultado Preliminar da Chamada ENA24<\/a><\/p>\n<p><a href=\"http:\/\/www2.unifap.br\/profnit\/files\/2023\/11\/Resultado_Final_-_Etapa_2-Unifap_assinado.pdf\" target=\"_blank\" rel=\"noopener\">Resultado Final &#8211; Etapa 2<\/a><\/p>\n<p><a href=\"http:\/\/www2.unifap.br\/profnit\/files\/2023\/11\/Resultado_dos_recursos_etapa_2_-_ENA24_assinado.pdf\" target=\"_blank\" rel=\"noopener\">Resultado dos recursos referentes \u00e0 Etapa 2 &#8211; An\u00e1lise Curricular<\/a><\/p>\n<p><strong>PUBLICA\u00c7\u00c3O da AN\u00c1LISE Curricular &#8211; preliminar<\/strong><\/p>\n<p>A Comiss\u00e3o Acad\u00eamica Institucional do Ponto Focal UNIFAP do PROFNIT informa a AN\u00c1LISE CURRICULAR, de acordo com a Chamada ENA24 constante na p\u00e1gina <a href=\"http:\/\/www.profnit.org.br\" target=\"_blank\" rel=\"noopener\">www.profnit.org.br<\/a>.<\/p>\n<p><a href=\"http:\/\/www2.unifap.br\/profnit\/files\/2023\/11\/Resultado_preliminar_-_Etapa_2-Unifap_assinado.pdf\" target=\"_blank\" rel=\"noopener\"><u>RESULTADO PRELIMINAR &#8211; ETAPA 2<\/u><\/a><\/p>\n<p>Pr\u00f3ximas etapas do ENA24:<\/p>\n<table id=\"eael-data-table-0cef025\">\n<thead>\n<tr>\n<th id=\"\" colspan=\"\">Etapa<\/th>\n<th id=\"\" colspan=\"\">Per\u00edodo<\/th>\n<th id=\"\" colspan=\"\">Orienta\u00e7\u00f5es<\/th>\n<\/tr>\n<\/thead>\n<tbody>\n<tr>\n<td id=\"\" colspan=\"\" rowspan=\"\">Per\u00edodo de recursos referentes \u00e0 An\u00e1lise Curricular<\/td>\n<td id=\"\" colspan=\"\" rowspan=\"\">De 06 a 08\/nov\/2023<\/td>\n<td id=\"\" colspan=\"\" rowspan=\"\">Exclusivamente de forma online, atrav\u00e9s de formul\u00e1rio indicado pelos Pontos Focais do PROFNIT no qual o candidato escolheu para realizar seu curso. N\u00e3o ser\u00e3o aceitos recursos por e-mail ou via postal.<\/td>\n<\/tr>\n<tr>\n<td id=\"\" colspan=\"\" rowspan=\"\">Comunica\u00e7\u00e3o do resultado dos recursos referentes \u00e0 An\u00e1lise Curricular<\/td>\n<td id=\"\" colspan=\"\" rowspan=\"\">At\u00e9 10\/nov\/2023<\/td>\n<td id=\"\" colspan=\"\" rowspan=\"\">Pelos Pontos Focais, exclusivamente por e-mail para os candidatos que entraram com recursos.<\/td>\n<\/tr>\n<\/tbody>\n<\/table>\n<p>&nbsp;<\/p>\n","protected":false},"excerpt":{"rendered":"<p>Exame Nacional de Acesso \u2013 ENA24 Convoca\u00e7\u00e3o para Matr\u00edcula&nbsp;&#8211; publicado em 11.01.2024 Resultado Final da Chamada ENA24 Resultado da Verifica\u00e7\u00e3o dos Candidatos as Vagas Reservadas \u00e0s Cotas Resultado Preliminar da Chamada ENA24 Resultado Final &#8211; Etapa 2 Resultado dos recursos referentes \u00e0 Etapa 2 &#8211; An\u00e1lise Curricular PUBLICA\u00c7\u00c3O da AN\u00c1LISE Curricular &#8211; preliminar A Comiss\u00e3o Acad\u00eamica Institucional do Ponto Focal UNIFAP do PROFNIT informa a AN\u00c1LISE CURRICULAR, de acordo com a Chamada ENA24 constante na p\u00e1gina www.profnit.org.br. RESULTADO PRELIMINAR &#8211; ETAPA 2 Pr\u00f3ximas etapas do ENA24: Etapa Per\u00edodo Orienta\u00e7\u00f5es Per\u00edodo de recursos referentes \u00e0 An\u00e1lise Curricular De 06 a 08\/nov\/2023 Exclusivamente de forma online, atrav\u00e9s de formul\u00e1rio indicado pelos Pontos Focais do PROFNIT no qual o candidato escolheu para realizar seu curso. N\u00e3o ser\u00e3o aceitos recursos por e-mail ou via postal. Comunica\u00e7\u00e3o do resultado dos recursos referentes \u00e0 An\u00e1lise Curricular At\u00e9 10\/nov\/2023 Pelos Pontos Focais, exclusivamente por e-mail para os candidatos que entraram com recursos. &nbsp;<\/p>\n","protected":false},"author":3881,"featured_media":0,"parent":46,"menu_order":3,"comment_status":"closed","ping_status":"closed","template":"","meta":{"inline_featured_image":false,"ngg_post_thumbnail":0,"footnotes":""},"class_list":["post-620","page","type-page","status-publish","hentry","entry"],"_links":{"self":[{"href":"https:\/\/www2.unifap.br\/profnit\/wp-json\/wp\/v2\/pages\/620","targetHints":{"allow":["GET"]}}],"collection":[{"href":"https:\/\/www2.unifap.br\/profnit\/wp-json\/wp\/v2\/pages"}],"about":[{"href":"https:\/\/www2.unifap.br\/profnit\/wp-json\/wp\/v2\/types\/page"}],"author":[{"embeddable":true,"href":"https:\/\/www2.unifap.br\/profnit\/wp-json\/wp\/v2\/users\/3881"}],"replies":[{"embeddable":true,"href":"https:\/\/www2.unifap.br\/profnit\/wp-json\/wp\/v2\/comments?post=620"}],"version-history":[{"count":25,"href":"https:\/\/www2.unifap.br\/profnit\/wp-json\/wp\/v2\/pages\/620\/revisions"}],"predecessor-version":[{"id":695,"href":"https:\/\/www2.unifap.br\/profnit\/wp-json\/wp\/v2\/pages\/620\/revisions\/695"}],"up":[{"embeddable":true,"href":"https:\/\/www2.unifap.br\/profnit\/wp-json\/wp\/v2\/pages\/46"}],"wp:attachment":[{"href":"https:\/\/www2.unifap.br\/profnit\/wp-json\/wp\/v2\/media?parent=620"}],"curies":[{"name":"wp","href":"https:\/\/api.w.org\/{rel}","templated":true}]}}