{"id":3055,"date":"2023-02-28T10:13:35","date_gmt":"2023-02-28T13:13:35","guid":{"rendered":"https:\/\/www2.unifap.br\/prograd\/?page_id=3055"},"modified":"2023-02-28T10:13:55","modified_gmt":"2023-02-28T13:13:55","slug":"interiorizacao-quilombola","status":"publish","type":"page","link":"https:\/\/www2.unifap.br\/prograd\/interiorizacao-quilombola\/","title":{"rendered":"Interioriza\u00e7\u00e3o Quilombola"},"content":{"rendered":"\t\t<div data-elementor-type=\"wp-page\" data-elementor-id=\"3055\" class=\"elementor elementor-3055\">\n\t\t\t\t\t\t<section class=\"elementor-section elementor-top-section elementor-element elementor-element-fd1c312 elementor-section-boxed elementor-section-height-default elementor-section-height-default wpr-particle-no wpr-jarallax-no wpr-parallax-no wpr-sticky-section-no\" data-id=\"fd1c312\" data-element_type=\"section\" data-e-type=\"section\">\n\t\t\t\t\t\t<div class=\"elementor-container elementor-column-gap-default\">\n\t\t\t\t\t<div class=\"elementor-column elementor-col-100 elementor-top-column elementor-element elementor-element-34e0295\" data-id=\"34e0295\" data-element_type=\"column\" data-e-type=\"column\">\n\t\t\t<div class=\"elementor-widget-wrap elementor-element-populated\">\n\t\t\t\t\t\t<div class=\"elementor-element elementor-element-5e495c7 elementor-widget elementor-widget-heading\" data-id=\"5e495c7\" data-element_type=\"widget\" data-e-type=\"widget\" data-widget_type=\"heading.default\">\n\t\t\t\t<div class=\"elementor-widget-container\">\n\t\t\t\t\t<h2 class=\"elementor-heading-title elementor-size-default\">Interioriza\u00e7\u00e3o Quilombola<\/h2>\t\t\t\t<\/div>\n\t\t\t\t<\/div>\n\t\t\t\t<div class=\"elementor-element elementor-element-2e4c8f2 elementor-widget elementor-widget-text-editor\" data-id=\"2e4c8f2\" data-element_type=\"widget\" data-e-type=\"widget\" data-widget_type=\"text-editor.default\">\n\t\t\t\t<div class=\"elementor-widget-container\">\n\t\t\t\t\t\t\t\t\t<p>Pensar em oportunidades educacionais \u00e0s popula\u00e7\u00f5es Quilombolas do Estado do Amap\u00e1 \u00e9 tamb\u00e9m pensar nas repara\u00e7\u00f5es hist\u00f3ricas, como forma de enfrentar o racismo, o preconceito, o colonialismo e a real tentativa de apagamento social que estas comunidades v\u00eam sofrendo ao longo dos anos. <br \/>Assim, a Universidade Federal do Amap\u00e1, por meio do Projeto de Interioriza\u00e7\u00e3o Quilombola \u00e9 proporcionar forma\u00e7\u00e3o em n\u00edvel superior para concluintes do Ensino M\u00e9dio e Professores de escolas p\u00fablicas situadas nas comunidades Quilombolas do Estado do Amap\u00e1, visando atender demanda induzida da CONAQ\/AP, ofertando cursos em n\u00edvel de Gradua\u00e7\u00e3o a moradores e aos concluintes do Ensino M\u00e9dio, al\u00e9m de Professores de escolas p\u00fablicas situadas nas comunidades Quilombolas do Estado do Amap\u00e1; desenvolver atividades de ensino, pesquisa e extens\u00e3o, respeitando os saberes locais das comunidades Quilombolas; ampliar e aprimorar os saberes cient\u00edfico, t\u00e9cnico, cultural e popular das comunidades Quilombolas atendidos pelo Programa; formar profissionais em n\u00edvel de gradua\u00e7\u00e3o para atuar em espa\u00e7os de tens\u00e3o, luta e constru\u00e7\u00e3o de uma sociedade melhor. <br \/>O Projeto de Interioriza\u00e7\u00e3o Quilombola ofertou 300 vagas no ano de 2022 nas seguintes comunidades com seus respectivos cursos: <br \/><br \/><\/p><p>\u2713 Torr\u00e3o do Matapi &#8211; Curso de Pedagogia \u2013 50 vagas; <br \/>\u2713 Carmo do Maruanum &#8211; Curso de Pedagogia \u2013 50 vagas; <br \/>\u2713 Igarap\u00e9 do Lago &#8211; Curso de Pedagogia \u2013 50 vagas; <br \/>\u2713 Curia\u00fa &#8211; Curso de Letras \u2013 50 vagas; <br \/>\u2713 Mazag\u00e3o Velho &#8211; Curso de Letras \u2013 50 vagas; <br \/>\u2713 Abacate da Pedreira &#8211; Curso Ci\u00eancias de Biol\u00f3gicas \u2013 50 vagas.<\/p>\t\t\t\t\t\t\t\t<\/div>\n\t\t\t\t<\/div>\n\t\t\t\t\t<\/div>\n\t\t<\/div>\n\t\t\t\t\t<\/div>\n\t\t<\/section>\n\t\t\t\t<\/div>\n\t\t","protected":false},"excerpt":{"rendered":"<p>Interioriza\u00e7\u00e3o Quilombola Pensar em oportunidades educacionais \u00e0s popula\u00e7\u00f5es Quilombolas do Estado do Amap\u00e1 \u00e9 tamb\u00e9m pensar nas repara\u00e7\u00f5es hist\u00f3ricas, como forma de enfrentar o racismo, o preconceito, o colonialismo e a real tentativa de apagamento social que estas comunidades v\u00eam sofrendo ao longo dos anos. Assim, a Universidade Federal do Amap\u00e1, por meio do Projeto de Interioriza\u00e7\u00e3o Quilombola \u00e9 proporcionar forma\u00e7\u00e3o em n\u00edvel superior para concluintes do Ensino M\u00e9dio e Professores de escolas p\u00fablicas situadas nas comunidades Quilombolas do Estado do Amap\u00e1, visando atender demanda induzida da CONAQ\/AP, ofertando cursos em n\u00edvel de Gradua\u00e7\u00e3o a moradores e aos concluintes do Ensino M\u00e9dio, al\u00e9m de Professores de escolas p\u00fablicas situadas nas comunidades Quilombolas do Estado do Amap\u00e1; desenvolver atividades de ensino, pesquisa e extens\u00e3o, respeitando os saberes locais das comunidades Quilombolas; ampliar e aprimorar os saberes cient\u00edfico, t\u00e9cnico, cultural e popular das comunidades Quilombolas atendidos pelo Programa; formar profissionais em n\u00edvel de gradua\u00e7\u00e3o para atuar em espa\u00e7os de tens\u00e3o, luta e constru\u00e7\u00e3o de uma sociedade melhor. O Projeto de Interioriza\u00e7\u00e3o Quilombola ofertou 300 vagas no ano de 2022 nas seguintes comunidades com seus respectivos cursos: \u2713 Torr\u00e3o do Matapi &#8211; Curso de Pedagogia \u2013 50 vagas; \u2713 Carmo do Maruanum &#8211; Curso de Pedagogia \u2013 50 vagas; \u2713 Igarap\u00e9 do Lago &#8211; Curso de Pedagogia \u2013 50 vagas; \u2713 Curia\u00fa &#8211; Curso de Letras \u2013 50 vagas; \u2713 Mazag\u00e3o Velho &#8211; Curso de Letras \u2013 50 vagas; \u2713 Abacate da Pedreira &#8211; Curso Ci\u00eancias de Biol\u00f3gicas \u2013 50 vagas.<\/p>\n","protected":false},"author":924,"featured_media":0,"parent":0,"menu_order":0,"comment_status":"closed","ping_status":"closed","template":"","meta":{"inline_featured_image":false,"site-sidebar-layout":"no-sidebar","site-content-layout":"page-builder","ast-site-content-layout":"default","site-content-style":"default","site-sidebar-style":"default","ast-global-header-display":"","ast-banner-title-visibility":"","ast-main-header-display":"","ast-hfb-above-header-display":"","ast-hfb-below-header-display":"","ast-hfb-mobile-header-display":"","site-post-title":"disabled","ast-breadcrumbs-content":"","ast-featured-img":"disabled","footer-sml-layout":"","theme-transparent-header-meta":"","adv-header-id-meta":"","stick-header-meta":"","header-above-stick-meta":"","header-main-stick-meta":"","header-below-stick-meta":"","astra-migrate-meta-layouts":"default","ast-page-background-enabled":"default","ast-page-background-meta":{"desktop":{"background-color":"var(--ast-global-color-4)","background-image":"","background-repeat":"repeat","background-position":"center center","background-size":"auto","background-attachment":"scroll","background-type":"","background-media":"","overlay-type":"","overlay-color":"","overlay-opacity":"","overlay-gradient":""},"tablet":{"background-color":"","background-image":"","background-repeat":"repeat","background-position":"center center","background-size":"auto","background-attachment":"scroll","background-type":"","background-media":"","overlay-type":"","overlay-color":"","overlay-opacity":"","overlay-gradient":""},"mobile":{"background-color":"","background-image":"","background-repeat":"repeat","background-position":"center center","background-size":"auto","background-attachment":"scroll","background-type":"","background-media":"","overlay-type":"","overlay-color":"","overlay-opacity":"","overlay-gradient":""}},"ast-content-background-meta":{"desktop":{"background-color":"var(--ast-global-color-5)","background-image":"","background-repeat":"repeat","background-position":"center center","background-size":"auto","background-attachment":"scroll","background-type":"","background-media":"","overlay-type":"","overlay-color":"","overlay-opacity":"","overlay-gradient":""},"tablet":{"background-color":"var(--ast-global-color-5)","background-image":"","background-repeat":"repeat","background-position":"center center","background-size":"auto","background-attachment":"scroll","background-type":"","background-media":"","overlay-type":"","overlay-color":"","overlay-opacity":"","overlay-gradient":""},"mobile":{"background-color":"var(--ast-global-color-5)","background-image":"","background-repeat":"repeat","background-position":"center center","background-size":"auto","background-attachment":"scroll","background-type":"","background-media":"","overlay-type":"","overlay-color":"","overlay-opacity":"","overlay-gradient":""}},"ngg_post_thumbnail":0,"footnotes":""},"class_list":["post-3055","page","type-page","status-publish","hentry"],"_links":{"self":[{"href":"https:\/\/www2.unifap.br\/prograd\/wp-json\/wp\/v2\/pages\/3055","targetHints":{"allow":["GET"]}}],"collection":[{"href":"https:\/\/www2.unifap.br\/prograd\/wp-json\/wp\/v2\/pages"}],"about":[{"href":"https:\/\/www2.unifap.br\/prograd\/wp-json\/wp\/v2\/types\/page"}],"author":[{"embeddable":true,"href":"https:\/\/www2.unifap.br\/prograd\/wp-json\/wp\/v2\/users\/924"}],"replies":[{"embeddable":true,"href":"https:\/\/www2.unifap.br\/prograd\/wp-json\/wp\/v2\/comments?post=3055"}],"version-history":[{"count":3,"href":"https:\/\/www2.unifap.br\/prograd\/wp-json\/wp\/v2\/pages\/3055\/revisions"}],"predecessor-version":[{"id":3058,"href":"https:\/\/www2.unifap.br\/prograd\/wp-json\/wp\/v2\/pages\/3055\/revisions\/3058"}],"wp:attachment":[{"href":"https:\/\/www2.unifap.br\/prograd\/wp-json\/wp\/v2\/media?parent=3055"}],"curies":[{"name":"wp","href":"https:\/\/api.w.org\/{rel}","templated":true}]}}