{"id":3102,"date":"2023-04-15T17:12:40","date_gmt":"2023-04-15T20:12:40","guid":{"rendered":"https:\/\/www2.unifap.br\/prograd\/?page_id=3102"},"modified":"2023-04-18T02:29:37","modified_gmt":"2023-04-18T05:29:37","slug":"residencia-pedagogica","status":"publish","type":"page","link":"https:\/\/www2.unifap.br\/prograd\/residencia-pedagogica\/","title":{"rendered":"Resid\u00eancia Pedag\u00f3gica"},"content":{"rendered":"\t\t<div data-elementor-type=\"wp-page\" data-elementor-id=\"3102\" class=\"elementor elementor-3102\">\n\t\t\t\t\t\t<section class=\"elementor-section elementor-top-section elementor-element elementor-element-deca95e elementor-section-boxed elementor-section-height-default elementor-section-height-default wpr-particle-no wpr-jarallax-no wpr-parallax-no wpr-sticky-section-no\" data-id=\"deca95e\" data-element_type=\"section\" data-e-type=\"section\">\n\t\t\t\t\t\t<div class=\"elementor-container elementor-column-gap-default\">\n\t\t\t\t\t<div class=\"elementor-column elementor-col-100 elementor-top-column elementor-element elementor-element-e15e900\" data-id=\"e15e900\" data-element_type=\"column\" data-e-type=\"column\">\n\t\t\t<div class=\"elementor-widget-wrap elementor-element-populated\">\n\t\t\t\t\t\t<div class=\"elementor-element elementor-element-5157156 elementor-widget elementor-widget-heading\" data-id=\"5157156\" data-element_type=\"widget\" data-e-type=\"widget\" data-widget_type=\"heading.default\">\n\t\t\t\t<div class=\"elementor-widget-container\">\n\t\t\t\t\t<h2 class=\"elementor-heading-title elementor-size-default\">Resid\u00eancia Pedag\u00f3gica<\/h2>\t\t\t\t<\/div>\n\t\t\t\t<\/div>\n\t\t\t\t\t<\/div>\n\t\t<\/div>\n\t\t\t\t\t<\/div>\n\t\t<\/section>\n\t\t\t\t<section class=\"elementor-section elementor-top-section elementor-element elementor-element-370a3a1 elementor-section-boxed elementor-section-height-default elementor-section-height-default wpr-particle-no wpr-jarallax-no wpr-parallax-no wpr-sticky-section-no\" data-id=\"370a3a1\" data-element_type=\"section\" data-e-type=\"section\">\n\t\t\t\t\t\t<div class=\"elementor-container elementor-column-gap-default\">\n\t\t\t\t\t<div class=\"elementor-column elementor-col-100 elementor-top-column elementor-element elementor-element-81fa8ab\" data-id=\"81fa8ab\" data-element_type=\"column\" data-e-type=\"column\">\n\t\t\t<div class=\"elementor-widget-wrap elementor-element-populated\">\n\t\t\t\t\t\t<div class=\"elementor-element elementor-element-ffe28bc elementor-widget elementor-widget-text-editor\" data-id=\"ffe28bc\" data-element_type=\"widget\" data-e-type=\"widget\" data-widget_type=\"text-editor.default\">\n\t\t\t\t<div class=\"elementor-widget-container\">\n\t\t\t\t\t\t\t\t\t<p>O Programa de Resid\u00eancia Pedag\u00f3gica (PRP) \u00e9 uma das a\u00e7\u00f5es que integram a Pol\u00edtica Nacional de Forma\u00e7\u00e3o de Professores e tem por objetivo induzir o aperfei\u00e7oamento da forma\u00e7\u00e3o pr\u00e1tica nos cursos de licenciatura, promovendo a imers\u00e3o do licenciando na escola de educa\u00e7\u00e3o b\u00e1sica, a partir da segunda metade de seu curso.<\/p>\t\t\t\t\t\t\t\t<\/div>\n\t\t\t\t<\/div>\n\t\t\t\t<div class=\"elementor-element elementor-element-0194b2a elementor-widget elementor-widget-toggle\" data-id=\"0194b2a\" data-element_type=\"widget\" data-e-type=\"widget\" data-widget_type=\"toggle.default\">\n\t\t\t\t<div class=\"elementor-widget-container\">\n\t\t\t\t\t\t\t<div class=\"elementor-toggle\">\n\t\t\t\t\t\t\t<div class=\"elementor-toggle-item\">\n\t\t\t\t\t<div id=\"elementor-tab-title-1651\" class=\"elementor-tab-title\" data-tab=\"1\" role=\"button\" aria-controls=\"elementor-tab-content-1651\" aria-expanded=\"false\">\n\t\t\t\t\t\t\t\t\t\t\t\t<span class=\"elementor-toggle-icon elementor-toggle-icon-left\" aria-hidden=\"true\">\n\t\t\t\t\t\t\t\t\t\t\t\t\t\t\t<span class=\"elementor-toggle-icon-closed\"><i class=\"fas fa-caret-right\"><\/i><\/span>\n\t\t\t\t\t\t\t\t<span class=\"elementor-toggle-icon-opened\"><i class=\"elementor-toggle-icon-opened fas fa-caret-up\"><\/i><\/span>\n\t\t\t\t\t\t\t\t\t\t\t\t\t<\/span>\n\t\t\t\t\t\t\t\t\t\t\t\t<a class=\"elementor-toggle-title\" tabindex=\"0\">Saiba mais sobre a Resid\u00eancia Pedag\u00f3gica<\/a>\n\t\t\t\t\t<\/div>\n\n\t\t\t\t\t<div id=\"elementor-tab-content-1651\" class=\"elementor-tab-content elementor-clearfix\" data-tab=\"1\" role=\"region\" aria-labelledby=\"elementor-tab-title-1651\"><p align=\"justify\">No \u00e2mbito da UNIFAP, o PRP auxilia na forma\u00e7\u00e3o dos futuros docentes, a partir da reflex\u00e3o sobre sua imers\u00e3o no ambiente escolar, por meio do desenvolvimento de projetos que fortale\u00e7am e conduzam o licenciando a exercitar de forma ativa a rela\u00e7\u00e3o entre teoria e pr\u00e1tica profissional docente, utilizando coleta de dados e diagn\u00f3stico sobre o ensino e a aprendizagem escolar, entre outras did\u00e1ticas e metodologias.<\/p><p align=\"justify\">O PRP UNIFAP tem a dura\u00e7\u00e3o de\u00a018 meses, com carga horaria total de 414h, divididos em 3 m\u00f3dulos de 138h cada. Os residentes recebem bolsas CAPES para desenvolverem atividades did\u00e1tico-pedag\u00f3gicas, sob a orienta\u00e7\u00e3o de um docente de licenciatura e de um professor da escola.<\/p><\/div>\n\t\t\t\t<\/div>\n\t\t\t\t\t\t\t\t<\/div>\n\t\t\t\t\t\t<\/div>\n\t\t\t\t<\/div>\n\t\t\t\t\t<\/div>\n\t\t<\/div>\n\t\t\t\t\t<\/div>\n\t\t<\/section>\n\t\t\t\t<section class=\"elementor-section elementor-top-section elementor-element elementor-element-ea8768e elementor-section-boxed elementor-section-height-default elementor-section-height-default wpr-particle-no wpr-jarallax-no wpr-parallax-no wpr-sticky-section-no\" data-id=\"ea8768e\" data-element_type=\"section\" data-e-type=\"section\">\n\t\t\t\t\t\t<div class=\"elementor-container elementor-column-gap-default\">\n\t\t\t\t\t<div class=\"elementor-column elementor-col-100 elementor-top-column elementor-element elementor-element-2e43443\" data-id=\"2e43443\" data-element_type=\"column\" data-e-type=\"column\">\n\t\t\t<div class=\"elementor-widget-wrap elementor-element-populated\">\n\t\t\t\t\t\t<div class=\"elementor-element elementor-element-119c5de elementor-widget elementor-widget-spacer\" data-id=\"119c5de\" data-element_type=\"widget\" data-e-type=\"widget\" data-widget_type=\"spacer.default\">\n\t\t\t\t<div class=\"elementor-widget-container\">\n\t\t\t\t\t\t\t<div class=\"elementor-spacer\">\n\t\t\t<div class=\"elementor-spacer-inner\"><\/div>\n\t\t<\/div>\n\t\t\t\t\t\t<\/div>\n\t\t\t\t<\/div>\n\t\t\t\t\t<\/div>\n\t\t<\/div>\n\t\t\t\t\t<\/div>\n\t\t<\/section>\n\t\t\t\t<section class=\"elementor-section elementor-top-section elementor-element elementor-element-038aa30 elementor-section-boxed elementor-section-height-default elementor-section-height-default wpr-particle-no wpr-jarallax-no wpr-parallax-no wpr-sticky-section-no\" data-id=\"038aa30\" data-element_type=\"section\" data-e-type=\"section\">\n\t\t\t\t\t\t<div class=\"elementor-container elementor-column-gap-default\">\n\t\t\t\t\t<div class=\"elementor-column elementor-col-100 elementor-top-column elementor-element elementor-element-618bd1c\" data-id=\"618bd1c\" data-element_type=\"column\" data-e-type=\"column\">\n\t\t\t<div class=\"elementor-widget-wrap elementor-element-populated\">\n\t\t\t\t\t\t<div class=\"elementor-element elementor-element-7d65eaf elementor-widget elementor-widget-heading\" data-id=\"7d65eaf\" data-element_type=\"widget\" data-e-type=\"widget\" data-widget_type=\"heading.default\">\n\t\t\t\t<div class=\"elementor-widget-container\">\n\t\t\t\t\t<h3 class=\"elementor-heading-title elementor-size-default\">Programa<\/h3>\t\t\t\t<\/div>\n\t\t\t\t<\/div>\n\t\t\t\t<div class=\"elementor-element elementor-element-fee9fd0 elementor-icon-list--layout-traditional elementor-list-item-link-full_width elementor-widget elementor-widget-icon-list\" data-id=\"fee9fd0\" data-element_type=\"widget\" data-e-type=\"widget\" data-widget_type=\"icon-list.default\">\n\t\t\t\t<div class=\"elementor-widget-container\">\n\t\t\t\t\t\t\t<ul class=\"elementor-icon-list-items\">\n\t\t\t\t\t\t\t<li class=\"elementor-icon-list-item\">\n\t\t\t\t\t\t\t\t\t\t\t<a href=\"http:\/\/www2.unifap.br\/prograd\/files\/2020\/09\/PORTARIA-N\u00ba-259-DE-17-DEZEMBRO-DE-2019_RESIDENCIA_PEDAGOGICA.pdf\">\n\n\t\t\t\t\t\t\t\t\t\t\t\t<span class=\"elementor-icon-list-icon\">\n\t\t\t\t\t\t\t<i aria-hidden=\"true\" class=\"fas fa-chevron-right\"><\/i>\t\t\t\t\t\t<\/span>\n\t\t\t\t\t\t\t\t\t\t<span class=\"elementor-icon-list-text\">Portaria sobre Programa<\/span>\n\t\t\t\t\t\t\t\t\t\t\t<\/a>\n\t\t\t\t\t\t\t\t\t<\/li>\n\t\t\t\t\t\t<\/ul>\n\t\t\t\t\t\t<\/div>\n\t\t\t\t<\/div>\n\t\t\t\t\t<\/div>\n\t\t<\/div>\n\t\t\t\t\t<\/div>\n\t\t<\/section>\n\t\t\t\t<section class=\"elementor-section elementor-top-section elementor-element elementor-element-fec6b91 elementor-section-boxed elementor-section-height-default elementor-section-height-default wpr-particle-no wpr-jarallax-no wpr-parallax-no wpr-sticky-section-no\" data-id=\"fec6b91\" data-element_type=\"section\" data-e-type=\"section\">\n\t\t\t\t\t\t<div class=\"elementor-container elementor-column-gap-default\">\n\t\t\t\t\t<div class=\"elementor-column elementor-col-100 elementor-top-column elementor-element elementor-element-d49e409\" data-id=\"d49e409\" data-element_type=\"column\" data-e-type=\"column\">\n\t\t\t<div class=\"elementor-widget-wrap elementor-element-populated\">\n\t\t\t\t\t\t<div class=\"elementor-element elementor-element-7799559 elementor-widget elementor-widget-spacer\" data-id=\"7799559\" data-element_type=\"widget\" data-e-type=\"widget\" data-widget_type=\"spacer.default\">\n\t\t\t\t<div class=\"elementor-widget-container\">\n\t\t\t\t\t\t\t<div class=\"elementor-spacer\">\n\t\t\t<div class=\"elementor-spacer-inner\"><\/div>\n\t\t<\/div>\n\t\t\t\t\t\t<\/div>\n\t\t\t\t<\/div>\n\t\t\t\t\t<\/div>\n\t\t<\/div>\n\t\t\t\t\t<\/div>\n\t\t<\/section>\n\t\t\t\t<section class=\"elementor-section elementor-top-section elementor-element elementor-element-502acf5 elementor-section-boxed elementor-section-height-default elementor-section-height-default wpr-particle-no wpr-jarallax-no wpr-parallax-no wpr-sticky-section-no\" data-id=\"502acf5\" data-element_type=\"section\" data-e-type=\"section\">\n\t\t\t\t\t\t<div class=\"elementor-container elementor-column-gap-default\">\n\t\t\t\t\t<div class=\"elementor-column elementor-col-100 elementor-top-column elementor-element elementor-element-935c61b\" data-id=\"935c61b\" data-element_type=\"column\" data-e-type=\"column\">\n\t\t\t<div class=\"elementor-widget-wrap elementor-element-populated\">\n\t\t\t\t\t\t<div class=\"elementor-element elementor-element-6d9e7f3 elementor-widget elementor-widget-heading\" data-id=\"6d9e7f3\" data-element_type=\"widget\" data-e-type=\"widget\" data-widget_type=\"heading.default\">\n\t\t\t\t<div class=\"elementor-widget-container\">\n\t\t\t\t\t<h3 class=\"elementor-heading-title elementor-size-default\">Documentos Resid\u00eancia pedag\u00f3gica<\/h3>\t\t\t\t<\/div>\n\t\t\t\t<\/div>\n\t\t\t\t<div class=\"elementor-element elementor-element-b3d5f89 animated-slow elementor-invisible elementor-widget elementor-widget-toggle\" data-id=\"b3d5f89\" data-element_type=\"widget\" data-e-type=\"widget\" data-settings=\"{&quot;_animation&quot;:&quot;fadeInLeft&quot;}\" data-widget_type=\"toggle.default\">\n\t\t\t\t<div class=\"elementor-widget-container\">\n\t\t\t\t\t\t\t<div class=\"elementor-toggle\">\n\t\t\t\t\t\t\t<div class=\"elementor-toggle-item\">\n\t\t\t\t\t<div id=\"elementor-tab-title-1881\" class=\"elementor-tab-title\" data-tab=\"1\" role=\"button\" aria-controls=\"elementor-tab-content-1881\" aria-expanded=\"false\">\n\t\t\t\t\t\t\t\t\t\t\t\t<span class=\"elementor-toggle-icon elementor-toggle-icon-left\" aria-hidden=\"true\">\n\t\t\t\t\t\t\t\t\t\t\t\t\t\t\t<span class=\"elementor-toggle-icon-closed\"><i class=\"fas fa-caret-square-down\"><\/i><\/span>\n\t\t\t\t\t\t\t\t<span class=\"elementor-toggle-icon-opened\"><i class=\"elementor-toggle-icon-opened far fa-caret-square-up\"><\/i><\/span>\n\t\t\t\t\t\t\t\t\t\t\t\t\t<\/span>\n\t\t\t\t\t\t\t\t\t\t\t\t<a class=\"elementor-toggle-title\" tabindex=\"0\">2022<\/a>\n\t\t\t\t\t<\/div>\n\n\t\t\t\t\t<div id=\"elementor-tab-content-1881\" class=\"elementor-tab-content elementor-clearfix\" data-tab=\"1\" role=\"region\" aria-labelledby=\"elementor-tab-title-1881\"><ul><li><a href=\"http:\/\/www2.unifap.br\/prograd\/files\/2022\/11\/RESULTADO-FINAL-DAS-BOLSAS-DE-RESIDENCIA-PEDAGOGICA_EDITAL_001_2022.pdf\">RESULTADO FINAL DAS BOLSAS DE RESID\u00caNCIA PEDAG\u00d3GICA_EDITAL_001_2022<\/a><\/li><li><a href=\"http:\/\/www2.unifap.br\/prograd\/files\/2022\/10\/INSCRICAO-SIMPLIFICADA-PARA-PREENCHIMENTO-DE-VAGAS-REMANESCENTEDE-DISCENTES-PARA-RESIDENTES-DO-PROGRAMA-DE-RESIDENCIA-PEDAGOGICA.pdf\">INSCRI\u00c7\u00c3O SIMPLIFICADA PARA PREENCHIMENTO DE VAGAS REMANESCENTEDE DISCENTES PARA RESIDENTES DO PROGRAMA DE RESID\u00caNCIA PEDAG\u00d3GICA<\/a><\/li><li><a href=\"http:\/\/www2.unifap.br\/prograd\/files\/2022\/10\/RETIFICACAO_02_EDITAL_002_2022_RESIDENCIA_PEDAGOGICA_RESIDENTES_DISCENTES.pd_.pdf\">RETIFICA\u00c7\u00c3O_02_EDITAL_002_2022_RESID\u00caNCIA_PEDAG\u00d3GICA_RESIDENTES_DISCENTES.pd<\/a><\/li><li><a href=\"http:\/\/www2.unifap.br\/prograd\/files\/2022\/10\/RETIFICACAO_EDITAL_001_2022_RESIDENCIA_PEDAGOGICA_PRECEPTORES.pdf\">RETIFICA\u00c7\u00c3O_EDITAL_001_2022_RESID\u00caNCIA_PEDAG\u00d3GICA_PRECEPTORES<\/a><\/li><li><a href=\"http:\/\/www2.unifap.br\/prograd\/files\/2022\/10\/RETIFICACAO_EDITAL_002_2022_RESIDENCIA_PEDAGOGICA_RESIDENTES_DISCENTES.pdf\">RETIFICA\u00c7\u00c3O_EDITAL_002_2022_RESID\u00caNCIA_PEDAG\u00d3GICA_RESIDENTES_DISCENTES<\/a><\/li><li><a href=\"http:\/\/www2.unifap.br\/prograd\/files\/2022\/09\/EDITAL_001_2022_RESIDENCIA_PEDAGOGICA_PRECEPTORES.pdf\">EDITAL_001_2022_RESID\u00caNCIA_PEDAG\u00d3GICA_PRECEPTORES<\/a><\/li><li><a href=\"http:\/\/www2.unifap.br\/prograd\/files\/2022\/09\/EDITAL_002_2022_RESIDENCIA_PEDAGOGICA_RESIDENTES_DISCENTES.pdf\">EDITAL_002_2022_RESID\u00caNCIA_PEDAG\u00d3GICA_RESIDENTES_DISCENTES<\/a><\/li><\/ul><\/div>\n\t\t\t\t<\/div>\n\t\t\t\t\t\t\t\t<\/div>\n\t\t\t\t\t\t<\/div>\n\t\t\t\t<\/div>\n\t\t\t\t\t<\/div>\n\t\t<\/div>\n\t\t\t\t\t<\/div>\n\t\t<\/section>\n\t\t\t\t<\/div>\n\t\t","protected":false},"excerpt":{"rendered":"<p>Resid\u00eancia Pedag\u00f3gica O Programa de Resid\u00eancia Pedag\u00f3gica (PRP) \u00e9 uma das a\u00e7\u00f5es que integram a Pol\u00edtica Nacional de Forma\u00e7\u00e3o de Professores e tem por objetivo induzir o aperfei\u00e7oamento da forma\u00e7\u00e3o pr\u00e1tica nos cursos de licenciatura, promovendo a imers\u00e3o do licenciando na escola de educa\u00e7\u00e3o b\u00e1sica, a partir da segunda metade de seu curso. Saiba mais sobre a Resid\u00eancia Pedag\u00f3gica No \u00e2mbito da UNIFAP, o PRP auxilia na forma\u00e7\u00e3o dos futuros docentes, a partir da reflex\u00e3o sobre sua imers\u00e3o no ambiente escolar, por meio do desenvolvimento de projetos que fortale\u00e7am e conduzam o licenciando a exercitar de forma ativa a rela\u00e7\u00e3o entre teoria e pr\u00e1tica profissional docente, utilizando coleta de dados e diagn\u00f3stico sobre o ensino e a aprendizagem escolar, entre outras did\u00e1ticas e metodologias. O PRP UNIFAP tem a dura\u00e7\u00e3o de\u00a018 meses, com carga horaria total de 414h, divididos em 3 m\u00f3dulos de 138h cada. Os residentes recebem bolsas CAPES para desenvolverem atividades did\u00e1tico-pedag\u00f3gicas, sob a orienta\u00e7\u00e3o de um docente de licenciatura e de um professor da escola. Programa Portaria sobre Programa Documentos Resid\u00eancia pedag\u00f3gica 2022 RESULTADO FINAL DAS BOLSAS DE RESID\u00caNCIA PEDAG\u00d3GICA_EDITAL_001_2022 INSCRI\u00c7\u00c3O SIMPLIFICADA PARA PREENCHIMENTO DE VAGAS REMANESCENTEDE DISCENTES PARA RESIDENTES DO PROGRAMA DE RESID\u00caNCIA PEDAG\u00d3GICA RETIFICA\u00c7\u00c3O_02_EDITAL_002_2022_RESID\u00caNCIA_PEDAG\u00d3GICA_RESIDENTES_DISCENTES.pd RETIFICA\u00c7\u00c3O_EDITAL_001_2022_RESID\u00caNCIA_PEDAG\u00d3GICA_PRECEPTORES RETIFICA\u00c7\u00c3O_EDITAL_002_2022_RESID\u00caNCIA_PEDAG\u00d3GICA_RESIDENTES_DISCENTES EDITAL_001_2022_RESID\u00caNCIA_PEDAG\u00d3GICA_PRECEPTORES EDITAL_002_2022_RESID\u00caNCIA_PEDAG\u00d3GICA_RESIDENTES_DISCENTES<\/p>\n","protected":false},"author":924,"featured_media":0,"parent":0,"menu_order":0,"comment_status":"closed","ping_status":"closed","template":"","meta":{"inline_featured_image":false,"site-sidebar-layout":"no-sidebar","site-content-layout":"page-builder","ast-site-content-layout":"default","site-content-style":"default","site-sidebar-style":"default","ast-global-header-display":"","ast-banner-title-visibility":"","ast-main-header-display":"","ast-hfb-above-header-display":"","ast-hfb-below-header-display":"","ast-hfb-mobile-header-display":"","site-post-title":"disabled","ast-breadcrumbs-content":"","ast-featured-img":"disabled","footer-sml-layout":"","theme-transparent-header-meta":"","adv-header-id-meta":"","stick-header-meta":"","header-above-stick-meta":"","header-main-stick-meta":"","header-below-stick-meta":"","astra-migrate-meta-layouts":"default","ast-page-background-enabled":"default","ast-page-background-meta":{"desktop":{"background-color":"var(--ast-global-color-4)","background-image":"","background-repeat":"repeat","background-position":"center center","background-size":"auto","background-attachment":"scroll","background-type":"","background-media":"","overlay-type":"","overlay-color":"","overlay-opacity":"","overlay-gradient":""},"tablet":{"background-color":"","background-image":"","background-repeat":"repeat","background-position":"center center","background-size":"auto","background-attachment":"scroll","background-type":"","background-media":"","overlay-type":"","overlay-color":"","overlay-opacity":"","overlay-gradient":""},"mobile":{"background-color":"","background-image":"","background-repeat":"repeat","background-position":"center center","background-size":"auto","background-attachment":"scroll","background-type":"","background-media":"","overlay-type":"","overlay-color":"","overlay-opacity":"","overlay-gradient":""}},"ast-content-background-meta":{"desktop":{"background-color":"var(--ast-global-color-5)","background-image":"","background-repeat":"repeat","background-position":"center center","background-size":"auto","background-attachment":"scroll","background-type":"","background-media":"","overlay-type":"","overlay-color":"","overlay-opacity":"","overlay-gradient":""},"tablet":{"background-color":"var(--ast-global-color-5)","background-image":"","background-repeat":"repeat","background-position":"center center","background-size":"auto","background-attachment":"scroll","background-type":"","background-media":"","overlay-type":"","overlay-color":"","overlay-opacity":"","overlay-gradient":""},"mobile":{"background-color":"var(--ast-global-color-5)","background-image":"","background-repeat":"repeat","background-position":"center center","background-size":"auto","background-attachment":"scroll","background-type":"","background-media":"","overlay-type":"","overlay-color":"","overlay-opacity":"","overlay-gradient":""}},"ngg_post_thumbnail":0,"footnotes":""},"class_list":["post-3102","page","type-page","status-publish","hentry"],"_links":{"self":[{"href":"https:\/\/www2.unifap.br\/prograd\/wp-json\/wp\/v2\/pages\/3102","targetHints":{"allow":["GET"]}}],"collection":[{"href":"https:\/\/www2.unifap.br\/prograd\/wp-json\/wp\/v2\/pages"}],"about":[{"href":"https:\/\/www2.unifap.br\/prograd\/wp-json\/wp\/v2\/types\/page"}],"author":[{"embeddable":true,"href":"https:\/\/www2.unifap.br\/prograd\/wp-json\/wp\/v2\/users\/924"}],"replies":[{"embeddable":true,"href":"https:\/\/www2.unifap.br\/prograd\/wp-json\/wp\/v2\/comments?post=3102"}],"version-history":[{"count":12,"href":"https:\/\/www2.unifap.br\/prograd\/wp-json\/wp\/v2\/pages\/3102\/revisions"}],"predecessor-version":[{"id":3165,"href":"https:\/\/www2.unifap.br\/prograd\/wp-json\/wp\/v2\/pages\/3102\/revisions\/3165"}],"wp:attachment":[{"href":"https:\/\/www2.unifap.br\/prograd\/wp-json\/wp\/v2\/media?parent=3102"}],"curies":[{"name":"wp","href":"https:\/\/api.w.org\/{rel}","templated":true}]}}