{"id":3106,"date":"2023-04-15T17:19:08","date_gmt":"2023-04-15T20:19:08","guid":{"rendered":"https:\/\/www2.unifap.br\/prograd\/?page_id=3106"},"modified":"2023-04-18T02:37:11","modified_gmt":"2023-04-18T05:37:11","slug":"pibid-2","status":"publish","type":"page","link":"https:\/\/www2.unifap.br\/prograd\/pibid-2\/","title":{"rendered":"PIBID\/CAPES-UNIFAP"},"content":{"rendered":"\t\t<div data-elementor-type=\"wp-page\" data-elementor-id=\"3106\" class=\"elementor elementor-3106\">\n\t\t\t\t\t\t<section class=\"elementor-section elementor-top-section elementor-element elementor-element-ac829a9 elementor-section-boxed elementor-section-height-default elementor-section-height-default wpr-particle-no wpr-jarallax-no wpr-parallax-no wpr-sticky-section-no\" data-id=\"ac829a9\" data-element_type=\"section\" data-e-type=\"section\">\n\t\t\t\t\t\t<div class=\"elementor-container elementor-column-gap-default\">\n\t\t\t\t\t<div class=\"elementor-column elementor-col-100 elementor-top-column elementor-element elementor-element-393ac40\" data-id=\"393ac40\" data-element_type=\"column\" data-e-type=\"column\">\n\t\t\t<div class=\"elementor-widget-wrap elementor-element-populated\">\n\t\t\t\t\t\t<div class=\"elementor-element elementor-element-2708041 elementor-widget elementor-widget-heading\" data-id=\"2708041\" data-element_type=\"widget\" data-e-type=\"widget\" data-widget_type=\"heading.default\">\n\t\t\t\t<div class=\"elementor-widget-container\">\n\t\t\t\t\t<h2 class=\"elementor-heading-title elementor-size-default\">PIBID\/CAPES-UNIFAP<\/h2>\t\t\t\t<\/div>\n\t\t\t\t<\/div>\n\t\t\t\t\t<\/div>\n\t\t<\/div>\n\t\t\t\t\t<\/div>\n\t\t<\/section>\n\t\t\t\t<section class=\"elementor-section elementor-top-section elementor-element elementor-element-f4e1ab8 elementor-section-boxed elementor-section-height-default elementor-section-height-default wpr-particle-no wpr-jarallax-no wpr-parallax-no wpr-sticky-section-no\" data-id=\"f4e1ab8\" data-element_type=\"section\" data-e-type=\"section\">\n\t\t\t\t\t\t<div class=\"elementor-container elementor-column-gap-default\">\n\t\t\t\t\t<div class=\"elementor-column elementor-col-100 elementor-top-column elementor-element elementor-element-41e8872\" data-id=\"41e8872\" data-element_type=\"column\" data-e-type=\"column\">\n\t\t\t<div class=\"elementor-widget-wrap elementor-element-populated\">\n\t\t\t\t\t\t<div class=\"elementor-element elementor-element-f092595 elementor-widget elementor-widget-text-editor\" data-id=\"f092595\" data-element_type=\"widget\" data-e-type=\"widget\" data-widget_type=\"text-editor.default\">\n\t\t\t\t<div class=\"elementor-widget-container\">\n\t\t\t\t\t\t\t\t\t<p>Desde 2007, o Programa Institucional de Bolsa de Inicia\u00e7\u00e3o \u00e0 Doc\u00eancia (PIBID), criado pela Coordena\u00e7\u00e3o de Aperfei\u00e7oamento de Pessoal de N\u00edvel Superior (CAPES), vem aproximando os discentes de Licenciaturas das Universidades P\u00fablicas ao contexto da educa\u00e7\u00e3o b\u00e1sica desde o princ\u00edpio de sua forma\u00e7\u00e3o, estimulando a observa\u00e7\u00e3o e a reflex\u00e3o sobre a pr\u00e1tica profissional no cotidiano escolar e contribuindo para a valoriza\u00e7\u00e3o do Magist\u00e9rio.<\/p>\t\t\t\t\t\t\t\t<\/div>\n\t\t\t\t<\/div>\n\t\t\t\t<div class=\"elementor-element elementor-element-e9fc12d elementor-widget elementor-widget-toggle\" data-id=\"e9fc12d\" data-element_type=\"widget\" data-e-type=\"widget\" data-widget_type=\"toggle.default\">\n\t\t\t\t<div class=\"elementor-widget-container\">\n\t\t\t\t\t\t\t<div class=\"elementor-toggle\">\n\t\t\t\t\t\t\t<div class=\"elementor-toggle-item\">\n\t\t\t\t\t<div id=\"elementor-tab-title-2451\" class=\"elementor-tab-title\" data-tab=\"1\" role=\"button\" aria-controls=\"elementor-tab-content-2451\" aria-expanded=\"false\">\n\t\t\t\t\t\t\t\t\t\t\t\t<span class=\"elementor-toggle-icon elementor-toggle-icon-left\" aria-hidden=\"true\">\n\t\t\t\t\t\t\t\t\t\t\t\t\t\t\t<span class=\"elementor-toggle-icon-closed\"><i class=\"fas fa-caret-right\"><\/i><\/span>\n\t\t\t\t\t\t\t\t<span class=\"elementor-toggle-icon-opened\"><i class=\"elementor-toggle-icon-opened fas fa-caret-up\"><\/i><\/span>\n\t\t\t\t\t\t\t\t\t\t\t\t\t<\/span>\n\t\t\t\t\t\t\t\t\t\t\t\t<a class=\"elementor-toggle-title\" tabindex=\"0\">Saiba mais sobre o programa PIBID<\/a>\n\t\t\t\t\t<\/div>\n\n\t\t\t\t\t<div id=\"elementor-tab-content-2451\" class=\"elementor-tab-content elementor-clearfix\" data-tab=\"1\" role=\"region\" aria-labelledby=\"elementor-tab-title-2451\"><p align=\"justify\">Nesta edi\u00e7\u00e3o de 2020, a UNIFAP apresentou um Projeto Institucional (PI) inovador baseado nas \u00c1reas do Conhecimento da \u201cBase Nacional Comum Curricular\u201d (BNCC). Assim, com dois n\u00facleos, \u201cCi\u00eancias Exatas e da Natureza\u201d e \u201cCi\u00eancias Humanas e Linguagens\u201d, o PIBID\/CAPES-UNIFAP 2020 conta com dez componentes curriculares da educa\u00e7\u00e3o b\u00e1sica.<\/p><p align=\"justify\">Cada componente tem seus pr\u00f3prios Coordenadores de \u00c1rea (CA), que s\u00e3o docentes da UNIFAP, engajados desde a cria\u00e7\u00e3o do PI. A partir de novembro, as equipes dos n\u00facleos passar\u00e3o a ser compostas, tamb\u00e9m, por 12 Professores Supervisores (PS), profissionais da rede p\u00fablica de Educa\u00e7\u00e3o do estado do Amap\u00e1 e 60 discentes dos Cursos de Licenciaturas da UNIFAP.<\/p><p align=\"justify\">Al\u00e9m disso, o PIBID\/CAPES-UNIFAP 2020 atuar\u00e1, diretamente, em tr\u00eas munic\u00edpios do estado do Amap\u00e1: Macap\u00e1, Mazag\u00e3o e Oiapoque, com a parceira da SEED\/AP e Secretarias Municipais de Educa\u00e7\u00e3o. Os trabalhos ser\u00e3o desenvolvidos durante 18 meses, com in\u00edcio previsto para novembro de 2020.<\/p><p align=\"justify\">No decorrer do per\u00edodo, ser\u00e3o realizados v\u00e1rios eventos espec\u00edficos das \u00e1reas do conhecimento e, tamb\u00e9m, interdisciplinares dos n\u00facleos. Toda a comunidade amapaense est\u00e1 convidada a conhecer e participar desse Projeto.<\/p><p align=\"justify\">As atividades, agendas e cronogramas ser\u00e3o divulgados aqui!<\/p><\/div>\n\t\t\t\t<\/div>\n\t\t\t\t\t\t\t\t<\/div>\n\t\t\t\t\t\t<\/div>\n\t\t\t\t<\/div>\n\t\t\t\t\t<\/div>\n\t\t<\/div>\n\t\t\t\t\t<\/div>\n\t\t<\/section>\n\t\t\t\t<section class=\"elementor-section elementor-top-section elementor-element elementor-element-1b169a3 elementor-section-boxed elementor-section-height-default elementor-section-height-default wpr-particle-no wpr-jarallax-no wpr-parallax-no wpr-sticky-section-no\" data-id=\"1b169a3\" data-element_type=\"section\" data-e-type=\"section\">\n\t\t\t\t\t\t<div class=\"elementor-container elementor-column-gap-default\">\n\t\t\t\t\t<div class=\"elementor-column elementor-col-100 elementor-top-column elementor-element elementor-element-8c1d78d\" data-id=\"8c1d78d\" data-element_type=\"column\" data-e-type=\"column\">\n\t\t\t<div class=\"elementor-widget-wrap elementor-element-populated\">\n\t\t\t\t\t\t<div class=\"elementor-element elementor-element-8d4fb29 elementor-widget elementor-widget-heading\" data-id=\"8d4fb29\" data-element_type=\"widget\" data-e-type=\"widget\" data-widget_type=\"heading.default\">\n\t\t\t\t<div class=\"elementor-widget-container\">\n\t\t\t\t\t<h3 class=\"elementor-heading-title elementor-size-default\">Equipe PIBID<\/h3>\t\t\t\t<\/div>\n\t\t\t\t<\/div>\n\t\t\t\t\t<\/div>\n\t\t<\/div>\n\t\t\t\t\t<\/div>\n\t\t<\/section>\n\t\t\t\t<section class=\"elementor-section elementor-top-section elementor-element elementor-element-dedd639 elementor-section-boxed elementor-section-height-default elementor-section-height-default wpr-particle-no wpr-jarallax-no wpr-parallax-no wpr-sticky-section-no\" data-id=\"dedd639\" data-element_type=\"section\" data-e-type=\"section\">\n\t\t\t\t\t\t<div class=\"elementor-container elementor-column-gap-default\">\n\t\t\t\t\t<div class=\"elementor-column elementor-col-100 elementor-top-column elementor-element elementor-element-259c4e2\" data-id=\"259c4e2\" data-element_type=\"column\" data-e-type=\"column\">\n\t\t\t<div class=\"elementor-widget-wrap elementor-element-populated\">\n\t\t\t\t\t\t<div class=\"elementor-element elementor-element-04f3115 elementor-widget elementor-widget-heading\" data-id=\"04f3115\" data-element_type=\"widget\" data-e-type=\"widget\" data-widget_type=\"heading.default\">\n\t\t\t\t<div class=\"elementor-widget-container\">\n\t\t\t\t\t<h3 class=\"elementor-heading-title elementor-size-default\">Documentos PIBID<\/h3>\t\t\t\t<\/div>\n\t\t\t\t<\/div>\n\t\t\t\t<div class=\"elementor-element elementor-element-f317946 animated-slow elementor-invisible elementor-widget elementor-widget-toggle\" data-id=\"f317946\" data-element_type=\"widget\" data-e-type=\"widget\" data-settings=\"{&quot;_animation&quot;:&quot;fadeInLeft&quot;}\" data-widget_type=\"toggle.default\">\n\t\t\t\t<div class=\"elementor-widget-container\">\n\t\t\t\t\t\t\t<div class=\"elementor-toggle\">\n\t\t\t\t\t\t\t<div class=\"elementor-toggle-item\">\n\t\t\t\t\t<div id=\"elementor-tab-title-2541\" class=\"elementor-tab-title\" data-tab=\"1\" role=\"button\" aria-controls=\"elementor-tab-content-2541\" aria-expanded=\"false\">\n\t\t\t\t\t\t\t\t\t\t\t\t<span class=\"elementor-toggle-icon elementor-toggle-icon-left\" aria-hidden=\"true\">\n\t\t\t\t\t\t\t\t\t\t\t\t\t\t\t<span class=\"elementor-toggle-icon-closed\"><i class=\"fas fa-caret-square-down\"><\/i><\/span>\n\t\t\t\t\t\t\t\t<span class=\"elementor-toggle-icon-opened\"><i class=\"elementor-toggle-icon-opened far fa-caret-square-up\"><\/i><\/span>\n\t\t\t\t\t\t\t\t\t\t\t\t\t<\/span>\n\t\t\t\t\t\t\t\t\t\t\t\t<a class=\"elementor-toggle-title\" tabindex=\"0\">2022<\/a>\n\t\t\t\t\t<\/div>\n\n\t\t\t\t\t<div id=\"elementor-tab-content-2541\" class=\"elementor-tab-content elementor-clearfix\" data-tab=\"1\" role=\"region\" aria-labelledby=\"elementor-tab-title-2541\"><p><a href=\"http:\/\/www2.unifap.br\/prograd\/files\/2022\/11\/LISTA-FINAL-DE-CANDIDATOS_AS-APROVADOS-PARA-VAGAS-DE-PROFESSORES-SUPERVISORES_EDITAL-N.-02_PROGRAD_PIBID_2022.pdf\">LISTA FINAL DE CANDIDATOS_AS APROVADOS PARA VAGAS DE PROFESSORES SUPERVISORES_EDITAL N. 02_PROGRAD_PIBID_2022<\/a><\/p><p><a href=\"http:\/\/www2.unifap.br\/prograd\/files\/2022\/11\/LISTA-PRELIMINAR-DE-CANDIDATOS_AS-APROVADOS-PARA-VAGAS-DE-PROFESSORES-SUPERVISORES_EDITAL-N.-02_PROGRAD_PIBID_2022.pdf\">LISTA PRELIMINAR DE CANDIDATOS_AS APROVADOS PARA VAGAS DE PROFESSORES SUPERVISORES_EDITAL N. 02_PROGRAD_PIBID_2022<\/a><\/p><p><a href=\"http:\/\/www2.unifap.br\/prograd\/files\/2022\/11\/LISTA-DE-INSCRICOES-HOMOLOGADAS-DE-PROFESSORES-SUPERVISORES_EDITAL-N.-02_PROGRAD_PIBID_2022.pdf\">LISTA DE INSCRI\u00c7\u00d5ES HOMOLOGADAS DE PROFESSORES SUPERVISORES_EDITAL N. 02_PROGRAD_PIBID_2022<\/a><\/p><p><a href=\"http:\/\/www2.unifap.br\/prograd\/files\/2022\/11\/LISTA-DE-INSCRICOES-DE-PROFESSORES-SUPERVISORES_EDITAL-N.-02_PROGRAD_PIBID_2022.pdf\">LISTA DE INSCRI\u00c7\u00d5ES DE PROFESSORES SUPERVISORES_EDITAL N. 02_PROGRAD_PIBID_2022<\/a><\/p><p><a href=\"http:\/\/www2.unifap.br\/prograd\/files\/2022\/10\/LISTA-PRELIMINAR-DOS_AS-CANDIDATOS_AS-AS-VAGAS-DE-DISCENTES-BOLSISTAS-PIBID.pdf\">LISTA PRELIMINAR DOS_AS CANDIDATOS_AS \u00c0S VAGAS DE DISCENTES BOLSISTAS PIBID<\/a><\/p><p><a href=\"http:\/\/www2.unifap.br\/prograd\/files\/2022\/10\/LISTA-PRELIMINAR-DOS_AS-CANDIDATOS_AS-INSCRITOS-PARA-AS-VAGAS-PROFESSORES-BOLSISTAS-PIBID.pdf\">LISTA PRELIMINAR DOS_AS CANDIDATOS_AS INSCRITOS PARA AS VAGAS PROFESSORES BOLSISTAS PIBID<\/a><\/p><p><a href=\"http:\/\/www2.unifap.br\/prograd\/files\/2022\/10\/2\u00b0-RETIFICACAO_EDITAL_001_2022_PROGRAMA-INSTITUCIONAL_BOLSA_INICIACAO_PIBID_PROFESSORES_assinado.pdf\">2\u00b0 RETIFICACAO_EDITAL_001_2022_PROGRAMA-INSTITUCIONAL_BOLSA_INICIACAO_PIBID_PROFESSORES_assinado<\/a><\/p><p><a href=\"http:\/\/www2.unifap.br\/prograd\/files\/2022\/10\/1a-RETIFICACAO_EDITAL_002_2022_PROGRAMA-INSTITUCIONAL_BOLSA_INICIACAO_PIBID_DISCENTES_assinado.pdf\">1\u00aa RETIFICA\u00c7\u00c3O_EDITAL_002_2022_PROGRAMA INSTITUCIONAL_BOLSA_INICIA\u00c7\u00c3O_PIBID_DISCENTES_assinado<\/a><\/p><p><a href=\"http:\/\/www2.unifap.br\/prograd\/files\/2022\/10\/1\u00b0-RETIFICACAO_EDITAL_001_2022_PROGRAMA-INSTITUCIONAL_BOLSA_INICIACAO_PIBID_PROFESSORES_assinado.pdf_assinado.pdf\">1\u00b0 RETIFICACAO_EDITAL_001_2022_PROGRAMA-INSTITUCIONAL_BOLSA_INICIACAO_PIBID_PROFESSORES_assinado.pdf_assinado<\/a><\/p><p><a href=\"http:\/\/www2.unifap.br\/prograd\/files\/2022\/10\/EDITAL_002_2022_PROGRAMA-INSTITUCIONAL_BOLSA_INICIACAO_PIBID_DISCENTES.pdf\">EDITAL_002_2022_PROGRAMA INSTITUCIONAL_BOLSA_INICIA\u00c7\u00c3O_PIBID_DISCENTES<\/a><\/p><p><a href=\"http:\/\/www2.unifap.br\/prograd\/files\/2022\/10\/EDITAL_001_2022_PROGRAMA-INSTITUCIONAL_BOLSA_INICIACAO_PIBID_PROFESSORES.pdf\">EDITAL_001_2022_PROGRAMA INSTITUCIONAL_BOLSA_INICIA\u00c7\u00c3O_PIBID_PROFESSORES<\/a><\/p><\/div>\n\t\t\t\t<\/div>\n\t\t\t\t\t\t\t\t<\/div>\n\t\t\t\t\t\t<\/div>\n\t\t\t\t<\/div>\n\t\t\t\t\t<\/div>\n\t\t<\/div>\n\t\t\t\t\t<\/div>\n\t\t<\/section>\n\t\t\t\t<\/div>\n\t\t","protected":false},"excerpt":{"rendered":"<p>PIBID\/CAPES-UNIFAP Desde 2007, o Programa Institucional de Bolsa de Inicia\u00e7\u00e3o \u00e0 Doc\u00eancia (PIBID), criado pela Coordena\u00e7\u00e3o de Aperfei\u00e7oamento de Pessoal de N\u00edvel Superior (CAPES), vem aproximando os discentes de Licenciaturas das Universidades P\u00fablicas ao contexto da educa\u00e7\u00e3o b\u00e1sica desde o princ\u00edpio de sua forma\u00e7\u00e3o, estimulando a observa\u00e7\u00e3o e a reflex\u00e3o sobre a pr\u00e1tica profissional no cotidiano escolar e contribuindo para a valoriza\u00e7\u00e3o do Magist\u00e9rio. Saiba mais sobre o programa PIBID Nesta edi\u00e7\u00e3o de 2020, a UNIFAP apresentou um Projeto Institucional (PI) inovador baseado nas \u00c1reas do Conhecimento da \u201cBase Nacional Comum Curricular\u201d (BNCC). Assim, com dois n\u00facleos, \u201cCi\u00eancias Exatas e da Natureza\u201d e \u201cCi\u00eancias Humanas e Linguagens\u201d, o PIBID\/CAPES-UNIFAP 2020 conta com dez componentes curriculares da educa\u00e7\u00e3o b\u00e1sica. Cada componente tem seus pr\u00f3prios Coordenadores de \u00c1rea (CA), que s\u00e3o docentes da UNIFAP, engajados desde a cria\u00e7\u00e3o do PI. A partir de novembro, as equipes dos n\u00facleos passar\u00e3o a ser compostas, tamb\u00e9m, por 12 Professores Supervisores (PS), profissionais da rede p\u00fablica de Educa\u00e7\u00e3o do estado do Amap\u00e1 e 60 discentes dos Cursos de Licenciaturas da UNIFAP. Al\u00e9m disso, o PIBID\/CAPES-UNIFAP 2020 atuar\u00e1, diretamente, em tr\u00eas munic\u00edpios do estado do Amap\u00e1: Macap\u00e1, Mazag\u00e3o e Oiapoque, com a parceira da SEED\/AP e Secretarias Municipais de Educa\u00e7\u00e3o. Os trabalhos ser\u00e3o desenvolvidos durante 18 meses, com in\u00edcio previsto para novembro de 2020. No decorrer do per\u00edodo, ser\u00e3o realizados v\u00e1rios eventos espec\u00edficos das \u00e1reas do conhecimento e, tamb\u00e9m, interdisciplinares dos n\u00facleos. Toda a comunidade amapaense est\u00e1 convidada a conhecer e participar desse Projeto. As atividades, agendas e cronogramas ser\u00e3o divulgados aqui! Equipe PIBID Documentos PIBID 2022 LISTA FINAL DE CANDIDATOS_AS APROVADOS PARA VAGAS DE PROFESSORES SUPERVISORES_EDITAL N. 02_PROGRAD_PIBID_2022 LISTA PRELIMINAR DE CANDIDATOS_AS APROVADOS PARA VAGAS DE PROFESSORES SUPERVISORES_EDITAL N. 02_PROGRAD_PIBID_2022 LISTA DE INSCRI\u00c7\u00d5ES HOMOLOGADAS DE PROFESSORES SUPERVISORES_EDITAL N. 02_PROGRAD_PIBID_2022 LISTA DE INSCRI\u00c7\u00d5ES DE PROFESSORES SUPERVISORES_EDITAL N. 02_PROGRAD_PIBID_2022 LISTA PRELIMINAR DOS_AS CANDIDATOS_AS \u00c0S VAGAS DE DISCENTES BOLSISTAS PIBID LISTA PRELIMINAR DOS_AS CANDIDATOS_AS INSCRITOS PARA AS VAGAS PROFESSORES BOLSISTAS PIBID 2\u00b0 RETIFICACAO_EDITAL_001_2022_PROGRAMA-INSTITUCIONAL_BOLSA_INICIACAO_PIBID_PROFESSORES_assinado 1\u00aa RETIFICA\u00c7\u00c3O_EDITAL_002_2022_PROGRAMA INSTITUCIONAL_BOLSA_INICIA\u00c7\u00c3O_PIBID_DISCENTES_assinado 1\u00b0 RETIFICACAO_EDITAL_001_2022_PROGRAMA-INSTITUCIONAL_BOLSA_INICIACAO_PIBID_PROFESSORES_assinado.pdf_assinado EDITAL_002_2022_PROGRAMA INSTITUCIONAL_BOLSA_INICIA\u00c7\u00c3O_PIBID_DISCENTES EDITAL_001_2022_PROGRAMA INSTITUCIONAL_BOLSA_INICIA\u00c7\u00c3O_PIBID_PROFESSORES<\/p>\n","protected":false},"author":924,"featured_media":0,"parent":0,"menu_order":0,"comment_status":"closed","ping_status":"closed","template":"","meta":{"inline_featured_image":false,"site-sidebar-layout":"no-sidebar","site-content-layout":"page-builder","ast-site-content-layout":"default","site-content-style":"default","site-sidebar-style":"default","ast-global-header-display":"","ast-banner-title-visibility":"","ast-main-header-display":"","ast-hfb-above-header-display":"","ast-hfb-below-header-display":"","ast-hfb-mobile-header-display":"","site-post-title":"disabled","ast-breadcrumbs-content":"","ast-featured-img":"disabled","footer-sml-layout":"","theme-transparent-header-meta":"default","adv-header-id-meta":"","stick-header-meta":"","header-above-stick-meta":"","header-main-stick-meta":"","header-below-stick-meta":"","astra-migrate-meta-layouts":"default","ast-page-background-enabled":"default","ast-page-background-meta":{"desktop":{"background-color":"var(--ast-global-color-4)","background-image":"","background-repeat":"repeat","background-position":"center center","background-size":"auto","background-attachment":"scroll","background-type":"","background-media":"","overlay-type":"","overlay-color":"","overlay-opacity":"","overlay-gradient":""},"tablet":{"background-color":"","background-image":"","background-repeat":"repeat","background-position":"center center","background-size":"auto","background-attachment":"scroll","background-type":"","background-media":"","overlay-type":"","overlay-color":"","overlay-opacity":"","overlay-gradient":""},"mobile":{"background-color":"","background-image":"","background-repeat":"repeat","background-position":"center center","background-size":"auto","background-attachment":"scroll","background-type":"","background-media":"","overlay-type":"","overlay-color":"","overlay-opacity":"","overlay-gradient":""}},"ast-content-background-meta":{"desktop":{"background-color":"var(--ast-global-color-5)","background-image":"","background-repeat":"repeat","background-position":"center center","background-size":"auto","background-attachment":"scroll","background-type":"","background-media":"","overlay-type":"","overlay-color":"","overlay-opacity":"","overlay-gradient":""},"tablet":{"background-color":"var(--ast-global-color-5)","background-image":"","background-repeat":"repeat","background-position":"center center","background-size":"auto","background-attachment":"scroll","background-type":"","background-media":"","overlay-type":"","overlay-color":"","overlay-opacity":"","overlay-gradient":""},"mobile":{"background-color":"var(--ast-global-color-5)","background-image":"","background-repeat":"repeat","background-position":"center center","background-size":"auto","background-attachment":"scroll","background-type":"","background-media":"","overlay-type":"","overlay-color":"","overlay-opacity":"","overlay-gradient":""}},"ngg_post_thumbnail":0,"footnotes":""},"class_list":["post-3106","page","type-page","status-publish","hentry"],"_links":{"self":[{"href":"https:\/\/www2.unifap.br\/prograd\/wp-json\/wp\/v2\/pages\/3106","targetHints":{"allow":["GET"]}}],"collection":[{"href":"https:\/\/www2.unifap.br\/prograd\/wp-json\/wp\/v2\/pages"}],"about":[{"href":"https:\/\/www2.unifap.br\/prograd\/wp-json\/wp\/v2\/types\/page"}],"author":[{"embeddable":true,"href":"https:\/\/www2.unifap.br\/prograd\/wp-json\/wp\/v2\/users\/924"}],"replies":[{"embeddable":true,"href":"https:\/\/www2.unifap.br\/prograd\/wp-json\/wp\/v2\/comments?post=3106"}],"version-history":[{"count":10,"href":"https:\/\/www2.unifap.br\/prograd\/wp-json\/wp\/v2\/pages\/3106\/revisions"}],"predecessor-version":[{"id":3174,"href":"https:\/\/www2.unifap.br\/prograd\/wp-json\/wp\/v2\/pages\/3106\/revisions\/3174"}],"wp:attachment":[{"href":"https:\/\/www2.unifap.br\/prograd\/wp-json\/wp\/v2\/media?parent=3106"}],"curies":[{"name":"wp","href":"https:\/\/api.w.org\/{rel}","templated":true}]}}