{"id":3175,"date":"2023-04-18T02:40:06","date_gmt":"2023-04-18T05:40:06","guid":{"rendered":"https:\/\/www2.unifap.br\/prograd\/?page_id=3175"},"modified":"2023-04-18T03:00:27","modified_gmt":"2023-04-18T06:00:27","slug":"documentos-e-formulario","status":"publish","type":"page","link":"https:\/\/www2.unifap.br\/prograd\/documentos-e-formulario\/","title":{"rendered":"Documentos e Formul\u00e1rio"},"content":{"rendered":"\t\t<div data-elementor-type=\"wp-page\" data-elementor-id=\"3175\" class=\"elementor elementor-3175\">\n\t\t\t\t\t\t<section class=\"elementor-section elementor-top-section elementor-element elementor-element-7f196a0 elementor-section-content-middle elementor-section-boxed elementor-section-height-default elementor-section-height-default wpr-particle-no wpr-jarallax-no wpr-parallax-no wpr-sticky-section-no\" data-id=\"7f196a0\" data-element_type=\"section\" data-e-type=\"section\">\n\t\t\t\t\t\t<div class=\"elementor-container elementor-column-gap-no\">\n\t\t\t\t\t<div class=\"elementor-column elementor-col-50 elementor-top-column elementor-element elementor-element-dae13de\" data-id=\"dae13de\" data-element_type=\"column\" data-e-type=\"column\">\n\t\t\t<div class=\"elementor-widget-wrap elementor-element-populated\">\n\t\t\t\t\t\t<div class=\"elementor-element elementor-element-7c7a8bb elementor-widget elementor-widget-heading\" data-id=\"7c7a8bb\" data-element_type=\"widget\" data-e-type=\"widget\" data-widget_type=\"heading.default\">\n\t\t\t\t<div class=\"elementor-widget-container\">\n\t\t\t\t\t<h6 class=\"elementor-heading-title elementor-size-default\">Transpar\u00eancia<\/h6>\t\t\t\t<\/div>\n\t\t\t\t<\/div>\n\t\t\t\t<div class=\"elementor-element elementor-element-9384426 elementor-widget elementor-widget-heading\" data-id=\"9384426\" data-element_type=\"widget\" data-e-type=\"widget\" data-widget_type=\"heading.default\">\n\t\t\t\t<div class=\"elementor-widget-container\">\n\t\t\t\t\t<h5 class=\"elementor-heading-title elementor-size-default\">Documentos, modelos e orienta\u00e7\u00f5es<\/h5>\t\t\t\t<\/div>\n\t\t\t\t<\/div>\n\t\t\t\t\t<\/div>\n\t\t<\/div>\n\t\t\t\t<div class=\"elementor-column elementor-col-50 elementor-top-column elementor-element elementor-element-604c1f1\" data-id=\"604c1f1\" data-element_type=\"column\" data-e-type=\"column\">\n\t\t\t<div class=\"elementor-widget-wrap elementor-element-populated\">\n\t\t\t\t\t\t<div class=\"elementor-element elementor-element-125e0f6 animated-slow elementor-invisible elementor-widget elementor-widget-toggle\" data-id=\"125e0f6\" data-element_type=\"widget\" data-e-type=\"widget\" data-settings=\"{&quot;_animation&quot;:&quot;fadeInLeft&quot;}\" data-widget_type=\"toggle.default\">\n\t\t\t\t<div class=\"elementor-widget-container\">\n\t\t\t\t\t\t\t<div class=\"elementor-toggle\">\n\t\t\t\t\t\t\t<div class=\"elementor-toggle-item\">\n\t\t\t\t\t<div id=\"elementor-tab-title-1921\" class=\"elementor-tab-title\" data-tab=\"1\" role=\"button\" aria-controls=\"elementor-tab-content-1921\" aria-expanded=\"false\">\n\t\t\t\t\t\t\t\t\t\t\t\t<span class=\"elementor-toggle-icon elementor-toggle-icon-left\" aria-hidden=\"true\">\n\t\t\t\t\t\t\t\t\t\t\t\t\t\t\t<span class=\"elementor-toggle-icon-closed\"><i class=\"fas fa-caret-square-down\"><\/i><\/span>\n\t\t\t\t\t\t\t\t<span class=\"elementor-toggle-icon-opened\"><i class=\"elementor-toggle-icon-opened far fa-caret-square-up\"><\/i><\/span>\n\t\t\t\t\t\t\t\t\t\t\t\t\t<\/span>\n\t\t\t\t\t\t\t\t\t\t\t\t<a class=\"elementor-toggle-title\" tabindex=\"0\">Guia para o preenchimento do PAID no SIGAA<\/a>\n\t\t\t\t\t<\/div>\n\n\t\t\t\t\t<div id=\"elementor-tab-content-1921\" class=\"elementor-tab-content elementor-clearfix\" data-tab=\"1\" role=\"region\" aria-labelledby=\"elementor-tab-title-1921\"><ul><li><a href=\"http:\/\/www2.unifap.br\/prograd\/files\/2020\/09\/DAD_Guia_para_o_preenchimento_do_PAID_no_SIGAA.pdf\">Download do guia<\/a><\/li><\/ul><\/div>\n\t\t\t\t<\/div>\n\t\t\t\t\t\t\t\t<\/div>\n\t\t\t\t\t\t<\/div>\n\t\t\t\t<\/div>\n\t\t\t\t<div class=\"elementor-element elementor-element-1a6f728 animated-slow elementor-invisible elementor-widget elementor-widget-toggle\" data-id=\"1a6f728\" data-element_type=\"widget\" data-e-type=\"widget\" data-settings=\"{&quot;_animation&quot;:&quot;fadeInLeft&quot;}\" data-widget_type=\"toggle.default\">\n\t\t\t\t<div class=\"elementor-widget-container\">\n\t\t\t\t\t\t\t<div class=\"elementor-toggle\">\n\t\t\t\t\t\t\t<div class=\"elementor-toggle-item\">\n\t\t\t\t\t<div id=\"elementor-tab-title-2771\" class=\"elementor-tab-title\" data-tab=\"1\" role=\"button\" aria-controls=\"elementor-tab-content-2771\" aria-expanded=\"false\">\n\t\t\t\t\t\t\t\t\t\t\t\t<span class=\"elementor-toggle-icon elementor-toggle-icon-left\" aria-hidden=\"true\">\n\t\t\t\t\t\t\t\t\t\t\t\t\t\t\t<span class=\"elementor-toggle-icon-closed\"><i class=\"fas fa-caret-square-down\"><\/i><\/span>\n\t\t\t\t\t\t\t\t<span class=\"elementor-toggle-icon-opened\"><i class=\"elementor-toggle-icon-opened far fa-caret-square-up\"><\/i><\/span>\n\t\t\t\t\t\t\t\t\t\t\t\t\t<\/span>\n\t\t\t\t\t\t\t\t\t\t\t\t<a class=\"elementor-toggle-title\" tabindex=\"0\">Modelo exemplificativo para avalia\u00e7\u00e3o de est\u00e1gio probat\u00f3rio docente<\/a>\n\t\t\t\t\t<\/div>\n\n\t\t\t\t\t<div id=\"elementor-tab-content-2771\" class=\"elementor-tab-content elementor-clearfix\" data-tab=\"1\" role=\"region\" aria-labelledby=\"elementor-tab-title-2771\"><ul><li><a href=\"http:\/\/www2.unifap.br\/prograd\/files\/2020\/09\/dad_Modelo_exemplificativo_para_avalia\u00e7ao_de_estagio_probatorio_docente_1.pdf\">Documento 1<\/a><\/li><li><a href=\"http:\/\/www2.unifap.br\/prograd\/files\/2020\/09\/DAD_Modelo_exemplificativo_para_avaliacao_de_estagio_probatorio_docente_2.pdf\">Documento 2<\/a><\/li><\/ul><\/div>\n\t\t\t\t<\/div>\n\t\t\t\t\t\t\t\t<\/div>\n\t\t\t\t\t\t<\/div>\n\t\t\t\t<\/div>\n\t\t\t\t<div class=\"elementor-element elementor-element-b09c348 animated-slow elementor-invisible elementor-widget elementor-widget-toggle\" data-id=\"b09c348\" data-element_type=\"widget\" data-e-type=\"widget\" data-settings=\"{&quot;_animation&quot;:&quot;fadeInLeft&quot;}\" data-widget_type=\"toggle.default\">\n\t\t\t\t<div class=\"elementor-widget-container\">\n\t\t\t\t\t\t\t<div class=\"elementor-toggle\">\n\t\t\t\t\t\t\t<div class=\"elementor-toggle-item\">\n\t\t\t\t\t<div id=\"elementor-tab-title-1851\" class=\"elementor-tab-title\" data-tab=\"1\" role=\"button\" aria-controls=\"elementor-tab-content-1851\" aria-expanded=\"false\">\n\t\t\t\t\t\t\t\t\t\t\t\t<span class=\"elementor-toggle-icon elementor-toggle-icon-left\" aria-hidden=\"true\">\n\t\t\t\t\t\t\t\t\t\t\t\t\t\t\t<span class=\"elementor-toggle-icon-closed\"><i class=\"fas fa-caret-square-down\"><\/i><\/span>\n\t\t\t\t\t\t\t\t<span class=\"elementor-toggle-icon-opened\"><i class=\"elementor-toggle-icon-opened far fa-caret-square-up\"><\/i><\/span>\n\t\t\t\t\t\t\t\t\t\t\t\t\t<\/span>\n\t\t\t\t\t\t\t\t\t\t\t\t<a class=\"elementor-toggle-title\" tabindex=\"0\">Orienta\u00e7\u00e3o para consulta de processo<\/a>\n\t\t\t\t\t<\/div>\n\n\t\t\t\t\t<div id=\"elementor-tab-content-1851\" class=\"elementor-tab-content elementor-clearfix\" data-tab=\"1\" role=\"region\" aria-labelledby=\"elementor-tab-title-1851\"><ul><li><a href=\"http:\/\/www2.unifap.br\/prograd\/files\/2020\/09\/DAD_Orienta\u00e7ao_para_consulta_de_processo_em_arquivo_PDF.pdf\">Download do arquivo<\/a><\/li><\/ul><\/div>\n\t\t\t\t<\/div>\n\t\t\t\t\t\t\t\t<\/div>\n\t\t\t\t\t\t<\/div>\n\t\t\t\t<\/div>\n\t\t\t\t<div class=\"elementor-element elementor-element-baf6995 animated-slow elementor-invisible elementor-widget elementor-widget-toggle\" data-id=\"baf6995\" data-element_type=\"widget\" data-e-type=\"widget\" data-settings=\"{&quot;_animation&quot;:&quot;fadeInLeft&quot;}\" data-widget_type=\"toggle.default\">\n\t\t\t\t<div class=\"elementor-widget-container\">\n\t\t\t\t\t\t\t<div class=\"elementor-toggle\">\n\t\t\t\t\t\t\t<div class=\"elementor-toggle-item\">\n\t\t\t\t\t<div id=\"elementor-tab-title-1961\" class=\"elementor-tab-title\" data-tab=\"1\" role=\"button\" aria-controls=\"elementor-tab-content-1961\" aria-expanded=\"false\">\n\t\t\t\t\t\t\t\t\t\t\t\t<span class=\"elementor-toggle-icon elementor-toggle-icon-left\" aria-hidden=\"true\">\n\t\t\t\t\t\t\t\t\t\t\t\t\t\t\t<span class=\"elementor-toggle-icon-closed\"><i class=\"fas fa-caret-square-down\"><\/i><\/span>\n\t\t\t\t\t\t\t\t<span class=\"elementor-toggle-icon-opened\"><i class=\"elementor-toggle-icon-opened far fa-caret-square-up\"><\/i><\/span>\n\t\t\t\t\t\t\t\t\t\t\t\t\t<\/span>\n\t\t\t\t\t\t\t\t\t\t\t\t<a class=\"elementor-toggle-title\" tabindex=\"0\">Modelo do plano de ensino<\/a>\n\t\t\t\t\t<\/div>\n\n\t\t\t\t\t<div id=\"elementor-tab-content-1961\" class=\"elementor-tab-content elementor-clearfix\" data-tab=\"1\" role=\"region\" aria-labelledby=\"elementor-tab-title-1961\"><ul><li><a href=\"http:\/\/www2.unifap.br\/prograd\/files\/2020\/09\/DAD_Modelo-de-Plano-de-Ensino.doc\">Download do modelo<\/a><\/li><\/ul><\/div>\n\t\t\t\t<\/div>\n\t\t\t\t\t\t\t\t<\/div>\n\t\t\t\t\t\t<\/div>\n\t\t\t\t<\/div>\n\t\t\t\t<div class=\"elementor-element elementor-element-389a98b animated-slow elementor-invisible elementor-widget elementor-widget-toggle\" data-id=\"389a98b\" data-element_type=\"widget\" data-e-type=\"widget\" data-settings=\"{&quot;_animation&quot;:&quot;fadeInLeft&quot;}\" data-widget_type=\"toggle.default\">\n\t\t\t\t<div class=\"elementor-widget-container\">\n\t\t\t\t\t\t\t<div class=\"elementor-toggle\">\n\t\t\t\t\t\t\t<div class=\"elementor-toggle-item\">\n\t\t\t\t\t<div id=\"elementor-tab-title-5931\" class=\"elementor-tab-title\" data-tab=\"1\" role=\"button\" aria-controls=\"elementor-tab-content-5931\" aria-expanded=\"false\">\n\t\t\t\t\t\t\t\t\t\t\t\t<span class=\"elementor-toggle-icon elementor-toggle-icon-left\" aria-hidden=\"true\">\n\t\t\t\t\t\t\t\t\t\t\t\t\t\t\t<span class=\"elementor-toggle-icon-closed\"><i class=\"fas fa-caret-square-down\"><\/i><\/span>\n\t\t\t\t\t\t\t\t<span class=\"elementor-toggle-icon-opened\"><i class=\"elementor-toggle-icon-opened far fa-caret-square-up\"><\/i><\/span>\n\t\t\t\t\t\t\t\t\t\t\t\t\t<\/span>\n\t\t\t\t\t\t\t\t\t\t\t\t<a class=\"elementor-toggle-title\" tabindex=\"0\">Plano de trabalho de est\u00e1gio probat\u00f3rio<\/a>\n\t\t\t\t\t<\/div>\n\n\t\t\t\t\t<div id=\"elementor-tab-content-5931\" class=\"elementor-tab-content elementor-clearfix\" data-tab=\"1\" role=\"region\" aria-labelledby=\"elementor-tab-title-5931\"><ul><li><a href=\"http:\/\/www2.unifap.br\/prograd\/files\/2020\/09\/DAD_Plano-de-Trabalho-de-est\u00e1gio-Probat\u00f3rio.doc\">Download do plano de trabalho<\/a><\/li><\/ul><\/div>\n\t\t\t\t<\/div>\n\t\t\t\t\t\t\t\t<\/div>\n\t\t\t\t\t\t<\/div>\n\t\t\t\t<\/div>\n\t\t\t\t\t<\/div>\n\t\t<\/div>\n\t\t\t\t\t<\/div>\n\t\t<\/section>\n\t\t\t\t<section class=\"elementor-section elementor-top-section elementor-element elementor-element-c8fc924 elementor-section-content-middle elementor-section-boxed elementor-section-height-default elementor-section-height-default wpr-particle-no wpr-jarallax-no wpr-parallax-no wpr-sticky-section-no\" data-id=\"c8fc924\" data-element_type=\"section\" data-e-type=\"section\">\n\t\t\t\t\t\t<div class=\"elementor-container elementor-column-gap-no\">\n\t\t\t\t\t<div class=\"elementor-column elementor-col-50 elementor-top-column elementor-element elementor-element-c5471dd\" data-id=\"c5471dd\" data-element_type=\"column\" data-e-type=\"column\">\n\t\t\t<div class=\"elementor-widget-wrap elementor-element-populated\">\n\t\t\t\t\t\t<div class=\"elementor-element elementor-element-f7dad1f elementor-widget elementor-widget-heading\" data-id=\"f7dad1f\" data-element_type=\"widget\" data-e-type=\"widget\" data-widget_type=\"heading.default\">\n\t\t\t\t<div class=\"elementor-widget-container\">\n\t\t\t\t\t<h6 class=\"elementor-heading-title elementor-size-default\">Transpar\u00eancia<\/h6>\t\t\t\t<\/div>\n\t\t\t\t<\/div>\n\t\t\t\t<div class=\"elementor-element elementor-element-87eacf6 elementor-widget elementor-widget-heading\" data-id=\"87eacf6\" data-element_type=\"widget\" data-e-type=\"widget\" data-widget_type=\"heading.default\">\n\t\t\t\t<div class=\"elementor-widget-container\">\n\t\t\t\t\t<h5 class=\"elementor-heading-title elementor-size-default\">Relat\u00f3rios<\/h5>\t\t\t\t<\/div>\n\t\t\t\t<\/div>\n\t\t\t\t\t<\/div>\n\t\t<\/div>\n\t\t\t\t<div class=\"elementor-column elementor-col-50 elementor-top-column elementor-element elementor-element-722b140\" data-id=\"722b140\" data-element_type=\"column\" data-e-type=\"column\">\n\t\t\t<div class=\"elementor-widget-wrap elementor-element-populated\">\n\t\t\t\t\t\t<div class=\"elementor-element elementor-element-00927f2 animated-slow elementor-invisible elementor-widget elementor-widget-toggle\" data-id=\"00927f2\" data-element_type=\"widget\" data-e-type=\"widget\" data-settings=\"{&quot;_animation&quot;:&quot;fadeInLeft&quot;}\" data-widget_type=\"toggle.default\">\n\t\t\t\t<div class=\"elementor-widget-container\">\n\t\t\t\t\t\t\t<div class=\"elementor-toggle\">\n\t\t\t\t\t\t\t<div class=\"elementor-toggle-item\">\n\t\t\t\t\t<div id=\"elementor-tab-title-6001\" class=\"elementor-tab-title\" data-tab=\"1\" role=\"button\" aria-controls=\"elementor-tab-content-6001\" aria-expanded=\"false\">\n\t\t\t\t\t\t\t\t\t\t\t\t<span class=\"elementor-toggle-icon elementor-toggle-icon-left\" aria-hidden=\"true\">\n\t\t\t\t\t\t\t\t\t\t\t\t\t\t\t<span class=\"elementor-toggle-icon-closed\"><i class=\"fas fa-caret-square-down\"><\/i><\/span>\n\t\t\t\t\t\t\t\t<span class=\"elementor-toggle-icon-opened\"><i class=\"elementor-toggle-icon-opened far fa-caret-square-up\"><\/i><\/span>\n\t\t\t\t\t\t\t\t\t\t\t\t\t<\/span>\n\t\t\t\t\t\t\t\t\t\t\t\t<a class=\"elementor-toggle-title\" tabindex=\"0\">2020<\/a>\n\t\t\t\t\t<\/div>\n\n\t\t\t\t\t<div id=\"elementor-tab-content-6001\" class=\"elementor-tab-content elementor-clearfix\" data-tab=\"1\" role=\"region\" aria-labelledby=\"elementor-tab-title-6001\"><p><strong>Relat\u00f3rio t\u00e9cnico referente a atualiza\u00e7\u00e3o dos projetos pedag\u00f3gicos de cursos da UNIFAP \u2013 2020<\/strong><\/p><ul><li><a href=\"http:\/\/www2.unifap.br\/prograd\/files\/2020\/09\/DCP_RELAT\u00d3RIO-T\u00c9CNICO-REFERENTE-\u00c0-ATUALIZA\u00c7\u00c3O-DOS-PROJETOS-PEDAG\u00d3GICOS-DE-CURSOS-DA-UNIFAP-\u2013-2020.pdf\">Download do relat\u00f3rio<\/a><\/li><\/ul><p><strong>Relato\u0301rio de recredeciamento da Prograd<\/strong><\/p><ul><li><a href=\"http:\/\/www2.unifap.br\/prograd\/files\/2020\/09\/DCP_Relato\u0301rio-de-recredeciamento-da-Prograd.pdf\">Baixar relat\u00f3rio<\/a><\/li><\/ul><p><strong>Tabela de acompanhamento de PPC &#8211; Atualizada em janeiro\/2020<\/strong><\/p><ul><li><a href=\"http:\/\/www2.unifap.br\/prograd\/files\/2020\/09\/DCP_-TABELA-DE-ACOMPANHAMENTO-DE-PPC-atualizada-em-janeiro-de-2020-1.pdf\">Baixar tabela<\/a><\/li><\/ul><\/div>\n\t\t\t\t<\/div>\n\t\t\t\t\t\t\t\t<\/div>\n\t\t\t\t\t\t<\/div>\n\t\t\t\t<\/div>\n\t\t\t\t<div class=\"elementor-element elementor-element-37d4170 animated-slow elementor-invisible elementor-widget elementor-widget-toggle\" data-id=\"37d4170\" data-element_type=\"widget\" data-e-type=\"widget\" data-settings=\"{&quot;_animation&quot;:&quot;fadeInLeft&quot;}\" data-widget_type=\"toggle.default\">\n\t\t\t\t<div class=\"elementor-widget-container\">\n\t\t\t\t\t\t\t<div class=\"elementor-toggle\">\n\t\t\t\t\t\t\t<div class=\"elementor-toggle-item\">\n\t\t\t\t\t<div id=\"elementor-tab-title-5851\" class=\"elementor-tab-title\" data-tab=\"1\" role=\"button\" aria-controls=\"elementor-tab-content-5851\" aria-expanded=\"false\">\n\t\t\t\t\t\t\t\t\t\t\t\t<span class=\"elementor-toggle-icon elementor-toggle-icon-left\" aria-hidden=\"true\">\n\t\t\t\t\t\t\t\t\t\t\t\t\t\t\t<span class=\"elementor-toggle-icon-closed\"><i class=\"fas fa-caret-square-down\"><\/i><\/span>\n\t\t\t\t\t\t\t\t<span class=\"elementor-toggle-icon-opened\"><i class=\"elementor-toggle-icon-opened far fa-caret-square-up\"><\/i><\/span>\n\t\t\t\t\t\t\t\t\t\t\t\t\t<\/span>\n\t\t\t\t\t\t\t\t\t\t\t\t<a class=\"elementor-toggle-title\" tabindex=\"0\">2019<\/a>\n\t\t\t\t\t<\/div>\n\n\t\t\t\t\t<div id=\"elementor-tab-content-5851\" class=\"elementor-tab-content elementor-clearfix\" data-tab=\"1\" role=\"region\" aria-labelledby=\"elementor-tab-title-5851\"><p><strong>Relat\u00f3rio institucional consolidado 2019<\/strong><\/p><ul><li><a href=\"http:\/\/www2.unifap.br\/prograd\/files\/2020\/09\/Relat\u00f3rio-Institucional-Consolidado-2019-PET.pdf\">Download do relat\u00f3rio<\/a><\/li><\/ul><p><strong>Relat\u00f3rio &#8211; Seguro acad\u00eamico<\/strong><\/p><ul><li><a href=\"http:\/\/www2.unifap.br\/prograd\/files\/2020\/09\/DCRAE_RELAT\u00d3RIO_SEGURO_ACAD\u00caMICO_.pdf\">Baixar arquivo<\/a><\/li><\/ul><p><strong>Documentos Comprobat\u00f3rios &#8211; Seguro acad\u00eamico<\/strong><\/p><ul><li><a href=\"http:\/\/www2.unifap.br\/prograd\/files\/2020\/09\/DCRAE_doc_comprobatorios_SEGURO_ACAD\u00caMICO_-Junho_2019.pdf\">Seguro acad\u00eamico &#8211; junho\/2019<\/a><\/li><li><a href=\"http:\/\/www2.unifap.br\/prograd\/files\/2020\/09\/DCRAE_doc_comprobatorios_SEGURO_ACADEMICO_-agosto_2019.pdf\">Seguro acad\u00eamico &#8211; agosto\/2019<\/a><\/li><li><a href=\"http:\/\/www2.unifap.br\/prograd\/files\/2020\/09\/DCRAE_doc_comprobatorios_SEGURO_ACADEMICO_-setembro_2019.pdf\">Seguro acad\u00eamico &#8211; setembro\/2019<\/a><\/li><li><a href=\"http:\/\/www2.unifap.br\/prograd\/files\/2020\/09\/DCRAE_doc_comprobatorios_SEGURO_ACADEMICO_-outubro_2019.pdf\">Seguro acad\u00eamico &#8211; outubro\/2019<\/a><\/li><li><a href=\"http:\/\/www2.unifap.br\/prograd\/files\/2020\/09\/DCRAE_documentos_comprobatorios-_SEGURO_ACADEMICO_novembro_2019.pdf\">Seguro acad\u00eamico &#8211; novembro\/2019<\/a><\/li><li><a href=\"http:\/\/www2.unifap.br\/prograd\/files\/2020\/09\/DCRAE_documentos_comprobatorios_SEGURAO_ACADEMICO_-dezembro_2019.pdf\">Seguro acad\u00eamico &#8211; dezembro\/2019<\/a><\/li><\/ul><p><strong>Relat\u00f3rio de pagamento de bolsas &#8211; Programa de Preceptoria 2019<\/strong><\/p><ul><li><a href=\"http:\/\/www2.unifap.br\/prograd\/files\/2020\/09\/DCREA_RELAT\u00d3RIO_PAGAMENTO_BOLSA_PRECEPTORIA.pdf\">Baixar relat\u00f3rio<\/a><\/li><\/ul><p><strong>Relat\u00f3rio de pagamento de atividade de campo<\/strong><\/p><ul><li><a href=\"http:\/\/www2.unifap.br\/prograd\/files\/2020\/09\/RELAT\u00d3RIO_PAGAMENTO_ATIVIDADE_CAMPO_EXERCICIO_2019.pdf\">Baixar relat\u00f3rio<\/a><\/li><\/ul><p><strong>Relat\u00f3rio de pagamento de bolsas do programa de monitoria<\/strong><\/p><ul><li><a href=\"http:\/\/www2.unifap.br\/prograd\/files\/2020\/09\/RELAT\u00d3RIO_PAGAMENTO_BOLSA_MONITORIA_CAMPUS_SANTANA_2019.pdf\">Campus Santana<\/a><\/li><li><a href=\"http:\/\/www2.unifap.br\/prograd\/files\/2020\/09\/RELAT\u00d3RIO_PAGAMENTO_BOLSA_MONITORIA_CAMPUS_BINACIONAL_2019.pdf\">Campus Binacional<\/a><\/li><\/ul><p><strong>Relat\u00f3rio de pagamento de bolsa monitoria &#8211; DCBS &#8211; Campus Marco Zero<\/strong><\/p><ul><li><a href=\"http:\/\/www2.unifap.br\/prograd\/files\/2020\/09\/RELAT\u00d3RIO_PAGAMENTO_BOLSA_MONITORIA_DCBS_CAMPUS_MARCO_ZERO.pdf\">Baixar relat\u00f3rio<\/a><\/li><\/ul><p><strong>Relat\u00f3rio de pagamento de bolsas do programa de monitoria do Campus Marco Zero &#8211; DED<\/strong><\/p><ul><li><a href=\"http:\/\/www2.unifap.br\/prograd\/files\/2020\/09\/RELAT\u00d3RIO_PAGAMENTO_BOLSA_MONITORIA_DED.pdf\">Baixar relat\u00f3rio<\/a><\/li><\/ul><p><strong>Relat\u00f3rio de pagamento de bolsas do programa de monitoria do Campus Marco Zero &#8211; DEPLA<\/strong><\/p><ul><li><a href=\"http:\/\/www2.unifap.br\/prograd\/files\/2020\/09\/RELAT\u00d3RIO_PAGAMENTO_BOLSA_MONITORIA_DEPLA.pdf\">Baixar relat\u00f3rio<\/a><\/li><\/ul><\/div>\n\t\t\t\t<\/div>\n\t\t\t\t\t\t\t\t<\/div>\n\t\t\t\t\t\t<\/div>\n\t\t\t\t<\/div>\n\t\t\t\t\t<\/div>\n\t\t<\/div>\n\t\t\t\t\t<\/div>\n\t\t<\/section>\n\t\t\t\t<\/div>\n\t\t","protected":false},"excerpt":{"rendered":"<p>Transpar\u00eancia Documentos, modelos e orienta\u00e7\u00f5es Guia para o preenchimento do PAID no SIGAA Download do guia Modelo exemplificativo para avalia\u00e7\u00e3o de est\u00e1gio probat\u00f3rio docente Documento 1 Documento 2 Orienta\u00e7\u00e3o para consulta de processo Download do arquivo Modelo do plano de ensino Download do modelo Plano de trabalho de est\u00e1gio probat\u00f3rio Download do plano de trabalho Transpar\u00eancia Relat\u00f3rios 2020 Relat\u00f3rio t\u00e9cnico referente a atualiza\u00e7\u00e3o dos projetos pedag\u00f3gicos de cursos da UNIFAP \u2013 2020 Download do relat\u00f3rio Relato\u0301rio de recredeciamento da Prograd Baixar relat\u00f3rio Tabela de acompanhamento de PPC &#8211; Atualizada em janeiro\/2020 Baixar tabela 2019 Relat\u00f3rio institucional consolidado 2019 Download do relat\u00f3rio Relat\u00f3rio &#8211; Seguro acad\u00eamico Baixar arquivo Documentos Comprobat\u00f3rios &#8211; Seguro acad\u00eamico Seguro acad\u00eamico &#8211; junho\/2019 Seguro acad\u00eamico &#8211; agosto\/2019 Seguro acad\u00eamico &#8211; setembro\/2019 Seguro acad\u00eamico &#8211; outubro\/2019 Seguro acad\u00eamico &#8211; novembro\/2019 Seguro acad\u00eamico &#8211; dezembro\/2019 Relat\u00f3rio de pagamento de bolsas &#8211; Programa de Preceptoria 2019 Baixar relat\u00f3rio Relat\u00f3rio de pagamento de atividade de campo Baixar relat\u00f3rio Relat\u00f3rio de pagamento de bolsas do programa de monitoria Campus Santana Campus Binacional Relat\u00f3rio de pagamento de bolsa monitoria &#8211; DCBS &#8211; Campus Marco Zero Baixar relat\u00f3rio Relat\u00f3rio de pagamento de bolsas do programa de monitoria do Campus Marco Zero &#8211; DED Baixar relat\u00f3rio Relat\u00f3rio de pagamento de bolsas do programa de monitoria do Campus Marco Zero &#8211; DEPLA Baixar relat\u00f3rio<\/p>\n","protected":false},"author":924,"featured_media":0,"parent":0,"menu_order":0,"comment_status":"closed","ping_status":"closed","template":"","meta":{"inline_featured_image":false,"site-sidebar-layout":"no-sidebar","site-content-layout":"page-builder","ast-site-content-layout":"default","site-content-style":"default","site-sidebar-style":"default","ast-global-header-display":"","ast-banner-title-visibility":"","ast-main-header-display":"","ast-hfb-above-header-display":"","ast-hfb-below-header-display":"","ast-hfb-mobile-header-display":"","site-post-title":"disabled","ast-breadcrumbs-content":"","ast-featured-img":"disabled","footer-sml-layout":"","theme-transparent-header-meta":"","adv-header-id-meta":"","stick-header-meta":"","header-above-stick-meta":"","header-main-stick-meta":"","header-below-stick-meta":"","astra-migrate-meta-layouts":"default","ast-page-background-enabled":"default","ast-page-background-meta":{"desktop":{"background-color":"var(--ast-global-color-4)","background-image":"","background-repeat":"repeat","background-position":"center center","background-size":"auto","background-attachment":"scroll","background-type":"","background-media":"","overlay-type":"","overlay-color":"","overlay-opacity":"","overlay-gradient":""},"tablet":{"background-color":"","background-image":"","background-repeat":"repeat","background-position":"center center","background-size":"auto","background-attachment":"scroll","background-type":"","background-media":"","overlay-type":"","overlay-color":"","overlay-opacity":"","overlay-gradient":""},"mobile":{"background-color":"","background-image":"","background-repeat":"repeat","background-position":"center center","background-size":"auto","background-attachment":"scroll","background-type":"","background-media":"","overlay-type":"","overlay-color":"","overlay-opacity":"","overlay-gradient":""}},"ast-content-background-meta":{"desktop":{"background-color":"var(--ast-global-color-5)","background-image":"","background-repeat":"repeat","background-position":"center center","background-size":"auto","background-attachment":"scroll","background-type":"","background-media":"","overlay-type":"","overlay-color":"","overlay-opacity":"","overlay-gradient":""},"tablet":{"background-color":"var(--ast-global-color-5)","background-image":"","background-repeat":"repeat","background-position":"center center","background-size":"auto","background-attachment":"scroll","background-type":"","background-media":"","overlay-type":"","overlay-color":"","overlay-opacity":"","overlay-gradient":""},"mobile":{"background-color":"var(--ast-global-color-5)","background-image":"","background-repeat":"repeat","background-position":"center center","background-size":"auto","background-attachment":"scroll","background-type":"","background-media":"","overlay-type":"","overlay-color":"","overlay-opacity":"","overlay-gradient":""}},"ngg_post_thumbnail":0,"footnotes":""},"class_list":["post-3175","page","type-page","status-publish","hentry"],"_links":{"self":[{"href":"https:\/\/www2.unifap.br\/prograd\/wp-json\/wp\/v2\/pages\/3175","targetHints":{"allow":["GET"]}}],"collection":[{"href":"https:\/\/www2.unifap.br\/prograd\/wp-json\/wp\/v2\/pages"}],"about":[{"href":"https:\/\/www2.unifap.br\/prograd\/wp-json\/wp\/v2\/types\/page"}],"author":[{"embeddable":true,"href":"https:\/\/www2.unifap.br\/prograd\/wp-json\/wp\/v2\/users\/924"}],"replies":[{"embeddable":true,"href":"https:\/\/www2.unifap.br\/prograd\/wp-json\/wp\/v2\/comments?post=3175"}],"version-history":[{"count":6,"href":"https:\/\/www2.unifap.br\/prograd\/wp-json\/wp\/v2\/pages\/3175\/revisions"}],"predecessor-version":[{"id":3183,"href":"https:\/\/www2.unifap.br\/prograd\/wp-json\/wp\/v2\/pages\/3175\/revisions\/3183"}],"wp:attachment":[{"href":"https:\/\/www2.unifap.br\/prograd\/wp-json\/wp\/v2\/media?parent=3175"}],"curies":[{"name":"wp","href":"https:\/\/api.w.org\/{rel}","templated":true}]}}