{"id":3311,"date":"2023-08-10T13:32:29","date_gmt":"2023-08-10T16:32:29","guid":{"rendered":"https:\/\/www2.unifap.br\/prograd\/?page_id=3311"},"modified":"2024-12-17T15:40:51","modified_gmt":"2024-12-17T18:40:51","slug":"editais","status":"publish","type":"page","link":"https:\/\/www2.unifap.br\/prograd\/editais\/","title":{"rendered":"Editais"},"content":{"rendered":"\t\t<div data-elementor-type=\"wp-page\" data-elementor-id=\"3311\" class=\"elementor elementor-3311\">\n\t\t\t\t<div class=\"elementor-element elementor-element-5aa16b4 e-flex e-con-boxed wpr-particle-no wpr-jarallax-no wpr-parallax-no wpr-sticky-section-no e-con e-parent\" data-id=\"5aa16b4\" data-element_type=\"container\" data-e-type=\"container\">\n\t\t\t\t\t<div class=\"e-con-inner\">\n\t\t<div class=\"elementor-element elementor-element-a4cd81e e-con-full e-flex wpr-particle-no wpr-jarallax-no wpr-parallax-no wpr-sticky-section-no e-con e-child\" data-id=\"a4cd81e\" data-element_type=\"container\" data-e-type=\"container\">\n\t\t\t\t<div class=\"elementor-element elementor-element-eff03ba elementor-view-default elementor-position-block-start elementor-mobile-position-block-start elementor-widget elementor-widget-icon-box\" data-id=\"eff03ba\" data-element_type=\"widget\" data-e-type=\"widget\" data-widget_type=\"icon-box.default\">\n\t\t\t\t<div class=\"elementor-widget-container\">\n\t\t\t\t\t\t\t<div class=\"elementor-icon-box-wrapper\">\n\n\t\t\t\t\t\t<div class=\"elementor-icon-box-icon\">\n\t\t\t\t<a href=\"https:\/\/www2.unifap.br\/prograd\/tag\/editais\/\" class=\"elementor-icon\" tabindex=\"-1\" aria-label=\"Editais publicados\">\n\t\t\t\t<i aria-hidden=\"true\" class=\"far fa-file-pdf\"><\/i>\t\t\t\t<\/a>\n\t\t\t<\/div>\n\t\t\t\n\t\t\t\t\t\t<div class=\"elementor-icon-box-content\">\n\n\t\t\t\t\t\t\t\t\t<h3 class=\"elementor-icon-box-title\">\n\t\t\t\t\t\t<a href=\"https:\/\/www2.unifap.br\/prograd\/tag\/editais\/\" >\n\t\t\t\t\t\t\tEditais publicados\t\t\t\t\t\t<\/a>\n\t\t\t\t\t<\/h3>\n\t\t\t\t\n\t\t\t\t\n\t\t\t<\/div>\n\t\t\t\n\t\t<\/div>\n\t\t\t\t\t\t<\/div>\n\t\t\t\t<\/div>\n\t\t\t\t<\/div>\n\t\t<div class=\"elementor-element elementor-element-3606177 e-con-full e-flex wpr-particle-no wpr-jarallax-no wpr-parallax-no wpr-sticky-section-no e-con e-child\" data-id=\"3606177\" data-element_type=\"container\" data-e-type=\"container\">\n\t\t\t\t<div class=\"elementor-element elementor-element-dace2d3 elementor-view-default elementor-position-block-start elementor-mobile-position-block-start elementor-widget elementor-widget-icon-box\" data-id=\"dace2d3\" data-element_type=\"widget\" data-e-type=\"widget\" data-widget_type=\"icon-box.default\">\n\t\t\t\t<div class=\"elementor-widget-container\">\n\t\t\t\t\t\t\t<div class=\"elementor-icon-box-wrapper\">\n\n\t\t\t\t\t\t<div class=\"elementor-icon-box-icon\">\n\t\t\t\t<a href=\"https:\/\/www2.unifap.br\/prograd\/tag\/pet\/\" class=\"elementor-icon\" tabindex=\"-1\" aria-label=\"PET\">\n\t\t\t\t<i aria-hidden=\"true\" class=\"far fa-file-pdf\"><\/i>\t\t\t\t<\/a>\n\t\t\t<\/div>\n\t\t\t\n\t\t\t\t\t\t<div class=\"elementor-icon-box-content\">\n\n\t\t\t\t\t\t\t\t\t<h3 class=\"elementor-icon-box-title\">\n\t\t\t\t\t\t<a href=\"https:\/\/www2.unifap.br\/prograd\/tag\/pet\/\" >\n\t\t\t\t\t\t\tPET\t\t\t\t\t\t<\/a>\n\t\t\t\t\t<\/h3>\n\t\t\t\t\n\t\t\t\t\n\t\t\t<\/div>\n\t\t\t\n\t\t<\/div>\n\t\t\t\t\t\t<\/div>\n\t\t\t\t<\/div>\n\t\t\t\t<\/div>\n\t\t<div class=\"elementor-element elementor-element-8fed157 e-con-full e-flex wpr-particle-no wpr-jarallax-no wpr-parallax-no wpr-sticky-section-no e-con e-child\" data-id=\"8fed157\" data-element_type=\"container\" data-e-type=\"container\">\n\t\t\t\t<div class=\"elementor-element elementor-element-47e4616 elementor-view-default elementor-position-block-start elementor-mobile-position-block-start elementor-widget elementor-widget-icon-box\" data-id=\"47e4616\" data-element_type=\"widget\" data-e-type=\"widget\" data-widget_type=\"icon-box.default\">\n\t\t\t\t<div class=\"elementor-widget-container\">\n\t\t\t\t\t\t\t<div class=\"elementor-icon-box-wrapper\">\n\n\t\t\t\t\t\t<div class=\"elementor-icon-box-icon\">\n\t\t\t\t<a href=\"https:\/\/www2.unifap.br\/prograd\/tag\/pibid\/\" class=\"elementor-icon\" tabindex=\"-1\" aria-label=\"PIBID\">\n\t\t\t\t<i aria-hidden=\"true\" class=\"far fa-file-pdf\"><\/i>\t\t\t\t<\/a>\n\t\t\t<\/div>\n\t\t\t\n\t\t\t\t\t\t<div class=\"elementor-icon-box-content\">\n\n\t\t\t\t\t\t\t\t\t<h3 class=\"elementor-icon-box-title\">\n\t\t\t\t\t\t<a href=\"https:\/\/www2.unifap.br\/prograd\/tag\/pibid\/\" >\n\t\t\t\t\t\t\tPIBID\t\t\t\t\t\t<\/a>\n\t\t\t\t\t<\/h3>\n\t\t\t\t\n\t\t\t\t\n\t\t\t<\/div>\n\t\t\t\n\t\t<\/div>\n\t\t\t\t\t\t<\/div>\n\t\t\t\t<\/div>\n\t\t\t\t<\/div>\n\t\t<div class=\"elementor-element elementor-element-e984288 e-con-full e-flex wpr-particle-no wpr-jarallax-no wpr-parallax-no wpr-sticky-section-no e-con e-child\" data-id=\"e984288\" data-element_type=\"container\" data-e-type=\"container\">\n\t\t\t\t<div class=\"elementor-element elementor-element-4a97a20 elementor-view-default elementor-position-block-start elementor-mobile-position-block-start elementor-widget elementor-widget-icon-box\" data-id=\"4a97a20\" data-element_type=\"widget\" data-e-type=\"widget\" data-widget_type=\"icon-box.default\">\n\t\t\t\t<div class=\"elementor-widget-container\">\n\t\t\t\t\t\t\t<div class=\"elementor-icon-box-wrapper\">\n\n\t\t\t\t\t\t<div class=\"elementor-icon-box-icon\">\n\t\t\t\t<a href=\"https:\/\/www2.unifap.br\/prograd\/eleicao-departamental-post\/\" class=\"elementor-icon\" tabindex=\"-1\" aria-label=\"Elei\u00e7\u00e3o Departamental 2023\">\n\t\t\t\t<i aria-hidden=\"true\" class=\"far fa-file-pdf\"><\/i>\t\t\t\t<\/a>\n\t\t\t<\/div>\n\t\t\t\n\t\t\t\t\t\t<div class=\"elementor-icon-box-content\">\n\n\t\t\t\t\t\t\t\t\t<h3 class=\"elementor-icon-box-title\">\n\t\t\t\t\t\t<a href=\"https:\/\/www2.unifap.br\/prograd\/eleicao-departamental-post\/\" >\n\t\t\t\t\t\t\tElei\u00e7\u00e3o Departamental 2023\t\t\t\t\t\t<\/a>\n\t\t\t\t\t<\/h3>\n\t\t\t\t\n\t\t\t\t\n\t\t\t<\/div>\n\t\t\t\n\t\t<\/div>\n\t\t\t\t\t\t<\/div>\n\t\t\t\t<\/div>\n\t\t\t\t<\/div>\n\t\t\t\t\t<\/div>\n\t\t\t\t<\/div>\n\t\t\t\t<section class=\"elementor-section elementor-top-section elementor-element elementor-element-39f19da elementor-section-boxed elementor-section-height-default elementor-section-height-default wpr-particle-no wpr-jarallax-no wpr-parallax-no wpr-sticky-section-no\" data-id=\"39f19da\" data-element_type=\"section\" data-e-type=\"section\">\n\t\t\t\t\t\t<div class=\"elementor-container elementor-column-gap-default\">\n\t\t\t\t\t<div class=\"elementor-column elementor-col-100 elementor-top-column elementor-element elementor-element-58b7168\" data-id=\"58b7168\" data-element_type=\"column\" data-e-type=\"column\">\n\t\t\t<div class=\"elementor-widget-wrap elementor-element-populated\">\n\t\t\t\t\t\t<div class=\"elementor-element elementor-element-ef888c3 animated-slow elementor-invisible elementor-widget elementor-widget-toggle\" data-id=\"ef888c3\" data-element_type=\"widget\" data-e-type=\"widget\" data-settings=\"{&quot;_animation&quot;:&quot;fadeInLeft&quot;}\" data-widget_type=\"toggle.default\">\n\t\t\t\t<div class=\"elementor-widget-container\">\n\t\t\t\t\t\t\t<div class=\"elementor-toggle\">\n\t\t\t\t\t\t\t<div class=\"elementor-toggle-item\">\n\t\t\t\t\t<div id=\"elementor-tab-title-2511\" class=\"elementor-tab-title\" data-tab=\"1\" role=\"button\" aria-controls=\"elementor-tab-content-2511\" aria-expanded=\"false\">\n\t\t\t\t\t\t\t\t\t\t\t\t<span class=\"elementor-toggle-icon elementor-toggle-icon-left\" aria-hidden=\"true\">\n\t\t\t\t\t\t\t\t\t\t\t\t\t\t\t<span class=\"elementor-toggle-icon-closed\"><i class=\"fas fa-caret-square-down\"><\/i><\/span>\n\t\t\t\t\t\t\t\t<span class=\"elementor-toggle-icon-opened\"><i class=\"elementor-toggle-icon-opened far fa-caret-square-up\"><\/i><\/span>\n\t\t\t\t\t\t\t\t\t\t\t\t\t<\/span>\n\t\t\t\t\t\t\t\t\t\t\t\t<a class=\"elementor-toggle-title\" tabindex=\"0\">2023<\/a>\n\t\t\t\t\t<\/div>\n\n\t\t\t\t\t<div id=\"elementor-tab-content-2511\" class=\"elementor-tab-content elementor-clearfix\" data-tab=\"1\" role=\"region\" aria-labelledby=\"elementor-tab-title-2511\"><p><strong><a href=\"http:\/\/www2.unifap.br\/prograd\/files\/2023\/03\/EDITAL-n\u00b0.-003_23_Prograd_UNIFAP_Chamamento_Pubico_EMPRESA_ESTAGIO-1.pdf\">EDITAL n\u00b0. 003_23_Prograd_UNIFAP_Chamamento_P\u00fabico_EMPRESA_EST\u00c1GIO<\/a><\/strong><\/p>\n<p><strong><a href=\"http:\/\/www2.unifap.br\/prograd\/files\/2023\/03\/EDITAL-n\u00b0.-003_23_Prograd_UNIFAP_Chamamento_Pubico_EMPRESA_ESTAGIO-1.pdf\">EDITAL n\u00b0. 003_23_Prograd_UNIFAP_Chamamento_P\u00fabico_EMPRESA_EST\u00c1GIO<\/a><\/strong><\/p>\n<p><strong><a href=\"http:\/\/www2.unifap.br\/prograd\/files\/2023\/08\/EDITAL-ELEICAO-DEPARTAMENTAL-2023.pdf\">EDITAL &#8211; ELEI\u00c7\u00c3O DEPARTAMENTAL 2023<\/a><\/strong><\/p>\n<p><strong><a href=\"http:\/\/www2.unifap.br\/prograd\/files\/2023\/08\/RETIFICACAO-I.pdf\">RETIFICA\u00c7\u00c3O I<\/a><\/strong><\/p>\n<p><strong><a href=\"http:\/\/www2.unifap.br\/prograd\/files\/2023\/08\/Ato-Complementar-n.-02.pdf\">Ato Complementar n. 02<\/a><\/strong><\/p>\n<p><strong><a href=\"http:\/\/www2.unifap.br\/prograd\/files\/2023\/08\/LISTA-PARCIAL-DE-CANDIDATURAS.pdf\">LISTA PARCIAL DE CANDIDATURAS<\/a><\/strong><\/p>\n<p><strong><a href=\"http:\/\/www2.unifap.br\/prograd\/files\/2023\/08\/ATO-COMPLEMENTAR-N.-04-2023.pdf\">ATO COMPLEMENTAR N. 04-2023<\/a><\/strong><\/p>\n<p><strong><a href=\"http:\/\/www2.unifap.br\/prograd\/files\/2023\/08\/Ato-n.-05-CED.pdf\">Ato n. 05 CED<\/a><\/strong><\/p>\n<p><strong><a href=\"http:\/\/www2.unifap.br\/prograd\/files\/2023\/08\/Ato-06-CED-Regras-do-Debate.pdf\">Ato 06 CED &#8211; Regras do Debate<\/a><\/strong><\/p>\n<p><strong><a href=\"http:\/\/www2.unifap.br\/prograd\/files\/2023\/08\/Ato-n.-07-CED-Retificacao-do-Cronograma.pdf\">Ato n. 07 CED &#8211; Retifica\u00e7\u00e3o do Cronograma<\/a><\/strong><\/p>\n<p><strong> <a href=\"https:\/\/www2.unifap.br\/prograd\/plano-de-gestao-chapas-2023\/\">Plano de gest\u00e3o das chapas inscritas<\/a><\/strong><\/p><\/div>\n\t\t\t\t<\/div>\n\t\t\t\t\t\t\t\t<\/div>\n\t\t\t\t\t\t<\/div>\n\t\t\t\t<\/div>\n\t\t\t\t<div class=\"elementor-element elementor-element-e72211c animated-slow elementor-invisible elementor-widget elementor-widget-toggle\" data-id=\"e72211c\" data-element_type=\"widget\" data-e-type=\"widget\" data-settings=\"{&quot;_animation&quot;:&quot;fadeInLeft&quot;}\" data-widget_type=\"toggle.default\">\n\t\t\t\t<div class=\"elementor-widget-container\">\n\t\t\t\t\t\t\t<div class=\"elementor-toggle\">\n\t\t\t\t\t\t\t<div class=\"elementor-toggle-item\">\n\t\t\t\t\t<div id=\"elementor-tab-title-2421\" class=\"elementor-tab-title\" data-tab=\"1\" role=\"button\" aria-controls=\"elementor-tab-content-2421\" aria-expanded=\"false\">\n\t\t\t\t\t\t\t\t\t\t\t\t<span class=\"elementor-toggle-icon elementor-toggle-icon-left\" aria-hidden=\"true\">\n\t\t\t\t\t\t\t\t\t\t\t\t\t\t\t<span class=\"elementor-toggle-icon-closed\"><i class=\"fas fa-caret-square-down\"><\/i><\/span>\n\t\t\t\t\t\t\t\t<span class=\"elementor-toggle-icon-opened\"><i class=\"elementor-toggle-icon-opened far fa-caret-square-up\"><\/i><\/span>\n\t\t\t\t\t\t\t\t\t\t\t\t\t<\/span>\n\t\t\t\t\t\t\t\t\t\t\t\t<a class=\"elementor-toggle-title\" tabindex=\"0\">2022<\/a>\n\t\t\t\t\t<\/div>\n\n\t\t\t\t\t<div id=\"elementor-tab-content-2421\" class=\"elementor-tab-content elementor-clearfix\" data-tab=\"1\" role=\"region\" aria-labelledby=\"elementor-tab-title-2421\"><p><strong><a href=\"http:\/\/www2.unifap.br\/prograd\/files\/2022\/10\/EDITAL_002_2022_PROGRAMA-INSTITUCIONAL_BOLSA_INICIACAO_PIBID_DISCENTES.pdf\">EDITAL_002_2022_PROGRAMA INSTITUCIONAL_BOLSA_INICIA\u00c7\u00c3O_PIBID_DISCENTES<\/a><\/strong><\/p><p><strong><a href=\"http:\/\/www2.unifap.br\/prograd\/files\/2022\/10\/EDITAL_001_2022_PROGRAMA-INSTITUCIONAL_BOLSA_INICIACAO_PIBID_PROFESSORES.pdf\">EDITAL_001_2022_PROGRAMA INSTITUCIONAL_BOLSA_INICIA\u00c7\u00c3O_PIBID_PROFESSORES<\/a><\/strong><\/p><p><strong><a href=\"http:\/\/www2.unifap.br\/prograd\/files\/2022\/09\/EDITAL_001_2022_RESIDENCIA_PEDAGOGICA_PRECEPTORES.pdf\">EDITAL_001_2022_RESID\u00caNCIA_PEDAG\u00d3GICA_PRECEPTORES<\/a><\/strong><\/p><p><strong><a href=\"http:\/\/www2.unifap.br\/prograd\/files\/2022\/09\/EDITAL_002_2022_RESIDENCIA_PEDAGOGICA_RESIDENTES_DISCENTES.pdf\">EDITAL_002_2022_RESID\u00caNCIA_PEDAG\u00d3GICA_RESIDENTES_DISCENTES<\/a><\/strong><\/p><p><strong>PET f\u00edsica<\/strong><\/p><p><strong><a href=\"http:\/\/www2.unifap.br\/prograd\/files\/2022\/07\/Edital_Tutor_PET_Fisica_assinado.pdf\">Edital_Tutor_PET_Fisica_assinado<\/a><\/strong><\/p><p><strong><a href=\"http:\/\/www2.unifap.br\/prograd\/files\/2022\/07\/Ed._002_2002_Lista_provisoria_de_candidatos_Inscritos_assinada.pdf\">Ed._002_2002_Lista_provisoria_de_candidatos_Inscritos_assinada<\/a><\/strong><\/p><p><strong><a href=\"http:\/\/www2.unifap.br\/prograd\/files\/2022\/07\/Ed._002_2002_Lista_definitiva_de_candidatos_Inscritos_assinado.pdf\">Ed._002_2002_Lista_definitiva_de_candidatos_Inscritos_assinada<\/a><\/strong><\/p><p><strong><a href=\"http:\/\/www2.unifap.br\/prograd\/files\/2022\/07\/RESULTADO_PARCIAL_assinado.pdf\">RESULTADO_PARCIAL_assinado<\/a><\/strong><\/p><p><strong><a href=\"http:\/\/www2.unifap.br\/prograd\/files\/2022\/07\/RESULTADO_FINAL_assinado.pdf\">RESULTADO_FINAL_assinado<\/a><\/strong><\/p><p><strong>EDITAL DE CONSULTA DE INTEN\u00c7\u00c3O A CANDIDATURA PARA COORDENADOR INSTITUCIONAL DO PIBID E DA RESID\u00caNCIA PEDAG\u00d3GICA.<\/strong><\/p><p><strong><a href=\"http:\/\/www2.unifap.br\/prograd\/files\/2022\/05\/EDITAL-02.2022-PROGRAD-PIBID-E-RESIDENCIA.pdf\">EDITAL 02.2022 PROGRAD &#8211; PIBID E RESIDENCIA<\/a><\/strong><\/p><p><strong><a href=\"http:\/\/www2.unifap.br\/prograd\/files\/2022\/05\/RETIFICACAO-PIBID-E-RESIDENCIA.pdf\">RETIFICA\u00c7\u00c3O PIBID E RESIDENCIA<\/a><\/strong><\/p><p><strong><a href=\"http:\/\/www2.unifap.br\/prograd\/files\/2022\/05\/RESULTADO-PROVISORIO.-1.pdf\">RESULTADO PROVIS\u00d3RIO.<\/a><\/strong><\/p><p><strong><a href=\"http:\/\/www2.unifap.br\/prograd\/files\/2022\/05\/RESULTADO-FINAL.pdf\">RESULTADO FINAL<\/a><\/strong><\/p><p><strong>Departamento de Meio Ambiente e Desenvolvimento (DMAD)<\/strong><\/p><p><strong><a href=\"http:\/\/www2.unifap.br\/prograd\/files\/2022\/03\/Edital-DMAD-.pdf\">Edital DMAD<\/a><\/strong><\/p><p><strong><a href=\"http:\/\/www2.unifap.br\/prograd\/files\/2022\/03\/Chapa-DMAD.pdf\">Chapa Inscrita DMAD<\/a><\/strong><\/p><p><strong><a href=\"http:\/\/www2.unifap.br\/prograd\/files\/2022\/03\/ALUNOS-APTOS-A-VOTAREM.pdf\">ALUNOS APTOS A VOTAREM<\/a><\/strong><\/p><p><strong><a href=\"http:\/\/www2.unifap.br\/prograd\/files\/2022\/03\/DOCENTES-APTOS-A-VOTAR-DMAD.pdf\">DOCENTES APTOS A VOTAR DMAD<\/a><\/strong><\/p><p><strong><a href=\"http:\/\/www2.unifap.br\/prograd\/files\/2022\/03\/TECNICOS-APTOS-A-VOTAR-DMAD.pdf\">TECNICOS APTOS A VOTAR DMAD<\/a><\/strong><\/p><p><strong><a href=\"http:\/\/www2.unifap.br\/prograd\/files\/2022\/03\/RETIFICACAO-DO-EDITAL-DMAD.pdf\">RETIFICA\u00c7\u00c3O DO EDITAL DMAD<\/a><\/strong><\/p><p><strong><a href=\"http:\/\/www2.unifap.br\/prograd\/files\/2022\/03\/Resultado-Provisorio-DMAD.pdf\">Resultado Provis\u00f3rio DMAD<\/a><\/strong><\/p><p><strong><a href=\"http:\/\/www2.unifap.br\/prograd\/files\/2022\/03\/Resultado-FINAL-DMAD.pdf\">Resultado-FINAL-DMAD<\/a><\/strong><\/p><\/div>\n\t\t\t\t<\/div>\n\t\t\t\t\t\t\t\t<\/div>\n\t\t\t\t\t\t<\/div>\n\t\t\t\t<\/div>\n\t\t\t\t\t<\/div>\n\t\t<\/div>\n\t\t\t\t\t<\/div>\n\t\t<\/section>\n\t\t\t\t<\/div>\n\t\t","protected":false},"excerpt":{"rendered":"<p>Editais publicados PET PIBID Elei\u00e7\u00e3o Departamental 2023 2023 EDITAL n\u00b0. 003_23_Prograd_UNIFAP_Chamamento_P\u00fabico_EMPRESA_EST\u00c1GIO EDITAL n\u00b0. 003_23_Prograd_UNIFAP_Chamamento_P\u00fabico_EMPRESA_EST\u00c1GIO EDITAL &#8211; ELEI\u00c7\u00c3O DEPARTAMENTAL 2023 RETIFICA\u00c7\u00c3O I Ato Complementar n. 02 LISTA PARCIAL DE CANDIDATURAS ATO COMPLEMENTAR N. 04-2023 Ato n. 05 CED Ato 06 CED &#8211; Regras do Debate Ato n. 07 CED &#8211; Retifica\u00e7\u00e3o do Cronograma Plano de gest\u00e3o das chapas inscritas 2022 EDITAL_002_2022_PROGRAMA INSTITUCIONAL_BOLSA_INICIA\u00c7\u00c3O_PIBID_DISCENTES EDITAL_001_2022_PROGRAMA INSTITUCIONAL_BOLSA_INICIA\u00c7\u00c3O_PIBID_PROFESSORES EDITAL_001_2022_RESID\u00caNCIA_PEDAG\u00d3GICA_PRECEPTORES EDITAL_002_2022_RESID\u00caNCIA_PEDAG\u00d3GICA_RESIDENTES_DISCENTES PET f\u00edsica Edital_Tutor_PET_Fisica_assinado Ed._002_2002_Lista_provisoria_de_candidatos_Inscritos_assinada Ed._002_2002_Lista_definitiva_de_candidatos_Inscritos_assinada RESULTADO_PARCIAL_assinado RESULTADO_FINAL_assinado EDITAL DE CONSULTA DE INTEN\u00c7\u00c3O A CANDIDATURA PARA COORDENADOR INSTITUCIONAL DO PIBID E DA RESID\u00caNCIA PEDAG\u00d3GICA. EDITAL 02.2022 PROGRAD &#8211; PIBID E RESIDENCIA RETIFICA\u00c7\u00c3O PIBID E RESIDENCIA RESULTADO PROVIS\u00d3RIO. RESULTADO FINAL Departamento de Meio Ambiente e Desenvolvimento (DMAD) Edital DMAD Chapa Inscrita DMAD ALUNOS APTOS A VOTAREM DOCENTES APTOS A VOTAR DMAD TECNICOS APTOS A VOTAR DMAD RETIFICA\u00c7\u00c3O DO EDITAL DMAD Resultado Provis\u00f3rio DMAD Resultado-FINAL-DMAD<\/p>\n","protected":false},"author":924,"featured_media":0,"parent":0,"menu_order":0,"comment_status":"closed","ping_status":"closed","template":"","meta":{"inline_featured_image":false,"site-sidebar-layout":"no-sidebar","site-content-layout":"page-builder","ast-site-content-layout":"default","site-content-style":"default","site-sidebar-style":"default","ast-global-header-display":"","ast-banner-title-visibility":"","ast-main-header-display":"","ast-hfb-above-header-display":"","ast-hfb-below-header-display":"","ast-hfb-mobile-header-display":"","site-post-title":"disabled","ast-breadcrumbs-content":"","ast-featured-img":"disabled","footer-sml-layout":"","theme-transparent-header-meta":"default","adv-header-id-meta":"","stick-header-meta":"","header-above-stick-meta":"","header-main-stick-meta":"","header-below-stick-meta":"","astra-migrate-meta-layouts":"default","ast-page-background-enabled":"default","ast-page-background-meta":{"desktop":{"background-color":"var(--ast-global-color-4)","background-image":"","background-repeat":"repeat","background-position":"center center","background-size":"auto","background-attachment":"scroll","background-type":"","background-media":"","overlay-type":"","overlay-color":"","overlay-opacity":"","overlay-gradient":""},"tablet":{"background-color":"","background-image":"","background-repeat":"repeat","background-position":"center center","background-size":"auto","background-attachment":"scroll","background-type":"","background-media":"","overlay-type":"","overlay-color":"","overlay-opacity":"","overlay-gradient":""},"mobile":{"background-color":"","background-image":"","background-repeat":"repeat","background-position":"center center","background-size":"auto","background-attachment":"scroll","background-type":"","background-media":"","overlay-type":"","overlay-color":"","overlay-opacity":"","overlay-gradient":""}},"ast-content-background-meta":{"desktop":{"background-color":"var(--ast-global-color-5)","background-image":"","background-repeat":"repeat","background-position":"center center","background-size":"auto","background-attachment":"scroll","background-type":"","background-media":"","overlay-type":"","overlay-color":"","overlay-opacity":"","overlay-gradient":""},"tablet":{"background-color":"var(--ast-global-color-5)","background-image":"","background-repeat":"repeat","background-position":"center center","background-size":"auto","background-attachment":"scroll","background-type":"","background-media":"","overlay-type":"","overlay-color":"","overlay-opacity":"","overlay-gradient":""},"mobile":{"background-color":"var(--ast-global-color-5)","background-image":"","background-repeat":"repeat","background-position":"center center","background-size":"auto","background-attachment":"scroll","background-type":"","background-media":"","overlay-type":"","overlay-color":"","overlay-opacity":"","overlay-gradient":""}},"ngg_post_thumbnail":0,"footnotes":""},"class_list":["post-3311","page","type-page","status-publish","hentry"],"_links":{"self":[{"href":"https:\/\/www2.unifap.br\/prograd\/wp-json\/wp\/v2\/pages\/3311","targetHints":{"allow":["GET"]}}],"collection":[{"href":"https:\/\/www2.unifap.br\/prograd\/wp-json\/wp\/v2\/pages"}],"about":[{"href":"https:\/\/www2.unifap.br\/prograd\/wp-json\/wp\/v2\/types\/page"}],"author":[{"embeddable":true,"href":"https:\/\/www2.unifap.br\/prograd\/wp-json\/wp\/v2\/users\/924"}],"replies":[{"embeddable":true,"href":"https:\/\/www2.unifap.br\/prograd\/wp-json\/wp\/v2\/comments?post=3311"}],"version-history":[{"count":64,"href":"https:\/\/www2.unifap.br\/prograd\/wp-json\/wp\/v2\/pages\/3311\/revisions"}],"predecessor-version":[{"id":3854,"href":"https:\/\/www2.unifap.br\/prograd\/wp-json\/wp\/v2\/pages\/3311\/revisions\/3854"}],"wp:attachment":[{"href":"https:\/\/www2.unifap.br\/prograd\/wp-json\/wp\/v2\/media?parent=3311"}],"curies":[{"name":"wp","href":"https:\/\/api.w.org\/{rel}","templated":true}]}}