{"id":3362,"date":"2023-08-17T15:46:06","date_gmt":"2023-08-17T18:46:06","guid":{"rendered":"https:\/\/www2.unifap.br\/prograd\/?page_id=3362"},"modified":"2023-08-17T15:54:33","modified_gmt":"2023-08-17T18:54:33","slug":"eleicao-departamental","status":"publish","type":"page","link":"https:\/\/www2.unifap.br\/prograd\/eleicao-departamental\/","title":{"rendered":"Elei\u00e7\u00e3o Departamental"},"content":{"rendered":"\t\t<div data-elementor-type=\"wp-page\" data-elementor-id=\"3362\" class=\"elementor elementor-3362\">\n\t\t\t\t\t\t<section class=\"elementor-section elementor-top-section elementor-element elementor-element-cccbc10 elementor-section-full_width elementor-section-height-default elementor-section-height-default wpr-particle-no wpr-jarallax-no wpr-parallax-no wpr-sticky-section-no\" data-id=\"cccbc10\" data-element_type=\"section\" data-e-type=\"section\">\n\t\t\t\t\t\t<div class=\"elementor-container elementor-column-gap-default\">\n\t\t\t\t\t<div class=\"elementor-column elementor-col-100 elementor-top-column elementor-element elementor-element-0e1a79f\" data-id=\"0e1a79f\" data-element_type=\"column\" data-e-type=\"column\">\n\t\t\t<div class=\"elementor-widget-wrap elementor-element-populated\">\n\t\t\t\t\t\t<div class=\"elementor-element elementor-element-3d89cf5 elementor-grid-2 elementor-grid-tablet-2 elementor-grid-mobile-1 elementor-widget elementor-widget-elementor-blog-posts\" data-id=\"3d89cf5\" data-element_type=\"widget\" data-e-type=\"widget\" data-settings=\"{&quot;columns&quot;:&quot;2&quot;,&quot;columns_tablet&quot;:&quot;2&quot;,&quot;columns_mobile&quot;:&quot;1&quot;}\" data-widget_type=\"elementor-blog-posts.default\">\n\t\t\t\t<div class=\"elementor-widget-container\">\n\t\t\t\t\t\t\t<div class=\"wpcap-grid\">\n\t\t\t\t\t\t<div class=\"wpcap-grid-container elementor-grid wpcap-grid-desktop-2 wpcap-grid-tablet-2 wpcap-grid-mobile-1\">\n\n\t\t\t\t\n        <article id=\"post-3515\" class=\"wpcap-post post-3515 post type-post status-publish format-image hentry category-eleicao-departamental tag-eleicao-departamental post_format-post-format-image\">\n         \n            <div class=\"post-grid-inner\">\n            \t\n            \t\n                <div class=\"post-grid-text-wrap\">\n               \t\t\t\t<h3 class=\"title\">\n\t\t\t<a href=\"https:\/\/www2.unifap.br\/prograd\/lista-dos-eleitores-por-departamento\/\">Lista dos eleitores por departamento<\/a>\n\t\t<\/h3>\n\t\t\t                \t\t<div class=\"post-grid-meta\">\n\t\t\t\n\t\t\t\t<span class=\"post-date\"><time datetime=\"2023-09-27T22:11:29-03:00\">27\/09\/2023<\/time><\/span>\n\n\t\t\t\t\t\t<\/div>\n\t\t\t                \t\t<div class=\"post-grid-excerpt\">\n\t\t\t<p>DISCENTES DCBS DISCENTES DED DISCENTES DCET DISCENTES DEPLA DISCENTES DFCH DISCENTES DMADDOCENTES DCET DOCENTES DCBS DOCENTES DED DOCENTES DFCHDOCENTES DMAD DOCENTES DEPLA T\u00c9CNICOS DCBS T\u00c9CNICOS DCET T\u00c9CNICOS DED T\u00c9CNICOS DEPLA T\u00c9CNICOS DMAD T\u00c9CNICOS DFCH LISTA DE VOTANTES &#8211; PARFOR<\/p>\n\t\t<\/div>\n\t\t\t                \t\t<a class=\"read-more-btn\" href=\"https:\/\/www2.unifap.br\/prograd\/lista-dos-eleitores-por-departamento\/\">Read More \u00bb<\/a>\n\t\t                <\/div>\n\n            <\/div><!-- .blog-inner -->\n           \n        <\/article>\n\n        \n        <article id=\"post-3452\" class=\"wpcap-post post-3452 post type-post status-publish format-image hentry category-eleicao-departamental tag-eleicao-departamental post_format-post-format-image\">\n         \n            <div class=\"post-grid-inner\">\n            \t\n            \t\n                <div class=\"post-grid-text-wrap\">\n               \t\t\t\t<h3 class=\"title\">\n\t\t\t<a href=\"https:\/\/www2.unifap.br\/prograd\/plano-de-gestao-chapas-2023\/\">Plano de gest\u00e3o chapas 2023<\/a>\n\t\t<\/h3>\n\t\t\t                \t\t<div class=\"post-grid-meta\">\n\t\t\t\n\t\t\t\t<span class=\"post-date\"><time datetime=\"2023-09-01T14:26:34-03:00\">01\/09\/2023<\/time><\/span>\n\n\t\t\t\t\t\t<\/div>\n\t\t\t                \t\t<div class=\"post-grid-excerpt\">\n\t\t\t<p>Plano de Gest\u00e3o Chapa 10 &#8211; Sabino e Alan Bena Chapa 11 &#8211; Mar\u00edlia e Alexandre Chapa 20 &#8211; Sandra e Viviane Chapa 21 &#8211; Luis Alexandre e Cleydson Breno Chapa 30 &#8211; Gustavo e Ilma Chapa 31 &#8211; Ana Olga e Dilson Chapa 40 &#8211; M\u00e1rcio e Kelton Chapa 41 &#8211; Cristina Baddini e Fernanda Chapa 50 &#8211; Marcos Paulo e Fabio Chapa 60 &#8211; Marcelo e Julieta<\/p>\n\t\t<\/div>\n\t\t\t                \t\t<a class=\"read-more-btn\" href=\"https:\/\/www2.unifap.br\/prograd\/plano-de-gestao-chapas-2023\/\">Read More \u00bb<\/a>\n\t\t                <\/div>\n\n            <\/div><!-- .blog-inner -->\n           \n        <\/article>\n\n        \n        <article id=\"post-3444\" class=\"wpcap-post post-3444 post type-post status-publish format-image hentry category-editais category-eleicao-departamental tag-editais tag-eleicao-departamental post_format-post-format-image\">\n         \n            <div class=\"post-grid-inner\">\n            \t\n            \t\n                <div class=\"post-grid-text-wrap\">\n               \t\t\t\t<h3 class=\"title\">\n\t\t\t<a href=\"https:\/\/www2.unifap.br\/prograd\/ato-n-7\/\">Ato n\u00b0 7<\/a>\n\t\t<\/h3>\n\t\t\t                \t\t<div class=\"post-grid-meta\">\n\t\t\t\n\t\t\t\t<span class=\"post-date\"><time datetime=\"2023-08-31T15:35:21-03:00\">31\/08\/2023<\/time><\/span>\n\n\t\t\t\t\t\t<\/div>\n\t\t\t                \t\t<div class=\"post-grid-excerpt\">\n\t\t\t<p>Ato n. 07 CED &#8211; Retifica\u00e7\u00e3o do Cronograma<\/p>\n\t\t<\/div>\n\t\t\t                \t\t<a class=\"read-more-btn\" href=\"https:\/\/www2.unifap.br\/prograd\/ato-n-7\/\">Read More \u00bb<\/a>\n\t\t                <\/div>\n\n            <\/div><!-- .blog-inner -->\n           \n        <\/article>\n\n        \n\t\t\t<\/div>\n\t\t<\/div>\n\t\t\t\t\t\t<\/div>\n\t\t\t\t<\/div>\n\t\t\t\t\t<\/div>\n\t\t<\/div>\n\t\t\t\t\t<\/div>\n\t\t<\/section>\n\t\t\t\t<\/div>\n\t\t","protected":false},"excerpt":{"rendered":"<p>Retifica\u00e7\u00e3o 1 Elei\u00e7\u00e3o departamental 17\/08\/2023 RETIFICA\u00c7\u00c3O I Read More \u00bb Edital \u2013 Elei\u00e7\u00e3o Departamental 2023 14\/08\/2023 EDITAL \u2013 ELEI\u00c7\u00c3O DEPARTAMENTAL 2023 Read More \u00bb<\/p>\n","protected":false},"author":924,"featured_media":0,"parent":0,"menu_order":0,"comment_status":"closed","ping_status":"closed","template":"","meta":{"inline_featured_image":false,"site-sidebar-layout":"no-sidebar","site-content-layout":"page-builder","ast-site-content-layout":"default","site-content-style":"default","site-sidebar-style":"default","ast-global-header-display":"","ast-banner-title-visibility":"","ast-main-header-display":"","ast-hfb-above-header-display":"","ast-hfb-below-header-display":"","ast-hfb-mobile-header-display":"","site-post-title":"disabled","ast-breadcrumbs-content":"","ast-featured-img":"disabled","footer-sml-layout":"","theme-transparent-header-meta":"default","adv-header-id-meta":"","stick-header-meta":"","header-above-stick-meta":"","header-main-stick-meta":"","header-below-stick-meta":"","astra-migrate-meta-layouts":"default","ast-page-background-enabled":"default","ast-page-background-meta":{"desktop":{"background-color":"var(--ast-global-color-4)","background-image":"","background-repeat":"repeat","background-position":"center center","background-size":"auto","background-attachment":"scroll","background-type":"","background-media":"","overlay-type":"","overlay-color":"","overlay-opacity":"","overlay-gradient":""},"tablet":{"background-color":"","background-image":"","background-repeat":"repeat","background-position":"center center","background-size":"auto","background-attachment":"scroll","background-type":"","background-media":"","overlay-type":"","overlay-color":"","overlay-opacity":"","overlay-gradient":""},"mobile":{"background-color":"","background-image":"","background-repeat":"repeat","background-position":"center center","background-size":"auto","background-attachment":"scroll","background-type":"","background-media":"","overlay-type":"","overlay-color":"","overlay-opacity":"","overlay-gradient":""}},"ast-content-background-meta":{"desktop":{"background-color":"var(--ast-global-color-5)","background-image":"","background-repeat":"repeat","background-position":"center center","background-size":"auto","background-attachment":"scroll","background-type":"","background-media":"","overlay-type":"","overlay-color":"","overlay-opacity":"","overlay-gradient":""},"tablet":{"background-color":"var(--ast-global-color-5)","background-image":"","background-repeat":"repeat","background-position":"center center","background-size":"auto","background-attachment":"scroll","background-type":"","background-media":"","overlay-type":"","overlay-color":"","overlay-opacity":"","overlay-gradient":""},"mobile":{"background-color":"var(--ast-global-color-5)","background-image":"","background-repeat":"repeat","background-position":"center center","background-size":"auto","background-attachment":"scroll","background-type":"","background-media":"","overlay-type":"","overlay-color":"","overlay-opacity":"","overlay-gradient":""}},"ngg_post_thumbnail":0,"footnotes":""},"class_list":["post-3362","page","type-page","status-publish","hentry"],"_links":{"self":[{"href":"https:\/\/www2.unifap.br\/prograd\/wp-json\/wp\/v2\/pages\/3362","targetHints":{"allow":["GET"]}}],"collection":[{"href":"https:\/\/www2.unifap.br\/prograd\/wp-json\/wp\/v2\/pages"}],"about":[{"href":"https:\/\/www2.unifap.br\/prograd\/wp-json\/wp\/v2\/types\/page"}],"author":[{"embeddable":true,"href":"https:\/\/www2.unifap.br\/prograd\/wp-json\/wp\/v2\/users\/924"}],"replies":[{"embeddable":true,"href":"https:\/\/www2.unifap.br\/prograd\/wp-json\/wp\/v2\/comments?post=3362"}],"version-history":[{"count":5,"href":"https:\/\/www2.unifap.br\/prograd\/wp-json\/wp\/v2\/pages\/3362\/revisions"}],"predecessor-version":[{"id":3372,"href":"https:\/\/www2.unifap.br\/prograd\/wp-json\/wp\/v2\/pages\/3362\/revisions\/3372"}],"wp:attachment":[{"href":"https:\/\/www2.unifap.br\/prograd\/wp-json\/wp\/v2\/media?parent=3362"}],"curies":[{"name":"wp","href":"https:\/\/api.w.org\/{rel}","templated":true}]}}