{"id":143,"date":"2018-04-26T03:57:41","date_gmt":"2018-04-26T03:57:41","guid":{"rendered":"http:\/\/www2.unifap.br\/programacaonaescola\/?page_id=143"},"modified":"2018-04-28T05:12:58","modified_gmt":"2018-04-28T05:12:58","slug":"python","status":"publish","type":"page","link":"https:\/\/www2.unifap.br\/programacaonaescola\/apostilas\/python\/","title":{"rendered":"Python"},"content":{"rendered":"<p><span><span>O Python \u00e9 uma\u00a0<\/span><\/span><span><span>linguagem de programa\u00e7\u00e3o de scripts<\/span><\/span><span><span>\u00a0conhecida por sua simplicidade e ampla variedade de aplicativos.\u00a0<\/span><span>Por esta raz\u00e3o, \u00e9 considerado um dos melhores idiomas para iniciantes.\u00a0<\/span><span>Usado para tudo, desde Desenvolvimento da Web at\u00e9 Computa\u00e7\u00e3o Cient\u00edfica (e muito mais), o Python \u00e9 referido como uma linguagem de &#8220;prop\u00f3sito geral&#8221; pela maior comunidade de programa\u00e7\u00e3o.<\/span><\/span><\/p>\n<p>Ele pode ser adquirido pelo site:\u00a0<a href=\"https:\/\/www.python.org\/downloads\/\" target=\"_blank\">www.python.org\/downloads\/<\/a>.<a href=\"https:\/\/www.python.org\/downloads\/\"><br \/>\n<\/a><\/p>\n<p>Voc\u00ea pode realizar a instala\u00e7\u00e3o dele em seu computador seguindo os seguintes passos descritos no site do Python Brasil:\u00a0<a href=\"https:\/\/python.org.br\/instalacao-windows\/\" target=\"_blank\">python.org.br\/instalacao-windows\/<\/a>.<\/p>\n<p>E toda documenta\u00e7\u00e3o referente ao Python pode ser consultada no site oficial da linguagem:\u00a0<a href=\"https:\/\/docs.python.org\/3\/tutorial\/index.html\">docs.python.org\/3\/tutorial\/index.html<\/a><\/p>\n<p>&nbsp;<\/p>\n","protected":false},"excerpt":{"rendered":"<p>O Python \u00e9 uma\u00a0linguagem de programa\u00e7\u00e3o de scripts\u00a0conhecida por sua simplicidade e ampla variedade de aplicativos.\u00a0Por esta raz\u00e3o, \u00e9 considerado um dos melhores idiomas para iniciantes.\u00a0Usado para tudo, desde Desenvolvimento da Web at\u00e9 Computa\u00e7\u00e3o Cient\u00edfica (e muito mais), o Python&hellip; <\/p>\n<p><a href=\"https:\/\/www2.unifap.br\/programacaonaescola\/apostilas\/python\/\" class=\"readmore-button\">Continue Reading<\/a><\/p>\n","protected":false},"author":2475,"featured_media":0,"parent":34,"menu_order":2,"comment_status":"open","ping_status":"open","template":"","meta":{"inline_featured_image":false,"ngg_post_thumbnail":0,"footnotes":""},"class_list":["post-143","page","type-page","status-publish","hentry"],"_links":{"self":[{"href":"https:\/\/www2.unifap.br\/programacaonaescola\/wp-json\/wp\/v2\/pages\/143","targetHints":{"allow":["GET"]}}],"collection":[{"href":"https:\/\/www2.unifap.br\/programacaonaescola\/wp-json\/wp\/v2\/pages"}],"about":[{"href":"https:\/\/www2.unifap.br\/programacaonaescola\/wp-json\/wp\/v2\/types\/page"}],"author":[{"embeddable":true,"href":"https:\/\/www2.unifap.br\/programacaonaescola\/wp-json\/wp\/v2\/users\/2475"}],"replies":[{"embeddable":true,"href":"https:\/\/www2.unifap.br\/programacaonaescola\/wp-json\/wp\/v2\/comments?post=143"}],"version-history":[{"count":4,"href":"https:\/\/www2.unifap.br\/programacaonaescola\/wp-json\/wp\/v2\/pages\/143\/revisions"}],"predecessor-version":[{"id":149,"href":"https:\/\/www2.unifap.br\/programacaonaescola\/wp-json\/wp\/v2\/pages\/143\/revisions\/149"}],"up":[{"embeddable":true,"href":"https:\/\/www2.unifap.br\/programacaonaescola\/wp-json\/wp\/v2\/pages\/34"}],"wp:attachment":[{"href":"https:\/\/www2.unifap.br\/programacaonaescola\/wp-json\/wp\/v2\/media?parent=143"}],"curies":[{"name":"wp","href":"https:\/\/api.w.org\/{rel}","templated":true}]}}