{"id":28,"date":"2018-04-13T21:14:26","date_gmt":"2018-04-13T21:14:26","guid":{"rendered":"http:\/\/www2.unifap.br\/programacaonaescola\/?page_id=28"},"modified":"2019-12-10T13:47:43","modified_gmt":"2019-12-10T13:47:43","slug":"coordenacao","status":"publish","type":"page","link":"https:\/\/www2.unifap.br\/programacaonaescola\/sobre-o-projeto\/coordenacao\/","title":{"rendered":"Coordena\u00e7\u00e3o"},"content":{"rendered":"<p><strong>Coordenador:&nbsp;<\/strong>Prof.&nbsp; Esp. Adeildo Telles<\/p>\n<p><strong>Monitores: <\/strong>Jo\u00e3o Pedro dos Santos Monteiro \/&nbsp;Guilherme da Mota Carvalho \/&nbsp;Anderson Teixeira de Souza<\/p>\n<p><strong>Local de Atendimento:&nbsp;<\/strong>Centro Acad\u00eamico \u2013 Bloco de Engenharia El\u00e9trica e Ci\u00eancia da Computa\u00e7\u00e3o (DCET)<\/p>\n<p><strong>Email do projeto:&nbsp;<\/strong><a title=\"E-mail do Projeto\" href=\"programacaonaescola@gmail.com\" target=\"_blank\" rel=\"noopener\">programacao.escola@gmail.com<\/a><\/p>\n<p><strong>Hor\u00e1rio de atendimento:&nbsp;<\/strong>das 07:00 \u00e0s 12:00.<\/p>\n","protected":false},"excerpt":{"rendered":"<p>Coordenador:&nbsp;Prof.&nbsp; Esp. Adeildo Telles Monitores: Jo\u00e3o Pedro dos Santos Monteiro \/&nbsp;Guilherme da Mota Carvalho \/&nbsp;Anderson Teixeira de Souza Local de Atendimento:&nbsp;Centro Acad\u00eamico \u2013 Bloco de Engenharia El\u00e9trica e Ci\u00eancia da Computa\u00e7\u00e3o (DCET) Email do projeto:&nbsp;programacao.escola@gmail.com Hor\u00e1rio de atendimento:&nbsp;das 07:00 \u00e0s&hellip; <\/p>\n<p><a href=\"https:\/\/www2.unifap.br\/programacaonaescola\/sobre-o-projeto\/coordenacao\/\" class=\"readmore-button\">Continue Reading<\/a><\/p>\n","protected":false},"author":2475,"featured_media":0,"parent":2,"menu_order":0,"comment_status":"open","ping_status":"open","template":"","meta":{"inline_featured_image":false,"ngg_post_thumbnail":0,"footnotes":""},"class_list":["post-28","page","type-page","status-publish","hentry"],"_links":{"self":[{"href":"https:\/\/www2.unifap.br\/programacaonaescola\/wp-json\/wp\/v2\/pages\/28","targetHints":{"allow":["GET"]}}],"collection":[{"href":"https:\/\/www2.unifap.br\/programacaonaescola\/wp-json\/wp\/v2\/pages"}],"about":[{"href":"https:\/\/www2.unifap.br\/programacaonaescola\/wp-json\/wp\/v2\/types\/page"}],"author":[{"embeddable":true,"href":"https:\/\/www2.unifap.br\/programacaonaescola\/wp-json\/wp\/v2\/users\/2475"}],"replies":[{"embeddable":true,"href":"https:\/\/www2.unifap.br\/programacaonaescola\/wp-json\/wp\/v2\/comments?post=28"}],"version-history":[{"count":10,"href":"https:\/\/www2.unifap.br\/programacaonaescola\/wp-json\/wp\/v2\/pages\/28\/revisions"}],"predecessor-version":[{"id":304,"href":"https:\/\/www2.unifap.br\/programacaonaescola\/wp-json\/wp\/v2\/pages\/28\/revisions\/304"}],"up":[{"embeddable":true,"href":"https:\/\/www2.unifap.br\/programacaonaescola\/wp-json\/wp\/v2\/pages\/2"}],"wp:attachment":[{"href":"https:\/\/www2.unifap.br\/programacaonaescola\/wp-json\/wp\/v2\/media?parent=28"}],"curies":[{"name":"wp","href":"https:\/\/api.w.org\/{rel}","templated":true}]}}