{"id":30,"date":"2018-04-13T21:14:39","date_gmt":"2018-04-13T21:14:39","guid":{"rendered":"http:\/\/www2.unifap.br\/programacaonaescola\/?page_id=30"},"modified":"2019-12-09T04:44:34","modified_gmt":"2019-12-09T04:44:34","slug":"monitores","status":"publish","type":"page","link":"https:\/\/www2.unifap.br\/programacaonaescola\/sobre-o-projeto\/monitores\/","title":{"rendered":"Monitores"},"content":{"rendered":"<ul>\n<li>Jo\u00e3o Pedro dos Santos Monteiro<\/li>\n<li>Guilherme da Mota Carvalho<\/li>\n<li>Anderson Teixeira de Souza<\/li>\n<\/ul>\n<p>Acad\u00eamicos de Ci\u00eancia da Computa\u00e7\u00e3o da Universidade Federal do Amap\u00e1.<\/p>\n","protected":false},"excerpt":{"rendered":"<p>Jo\u00e3o Pedro dos Santos Monteiro Guilherme da Mota Carvalho Anderson Teixeira de Souza Acad\u00eamicos de Ci\u00eancia da Computa\u00e7\u00e3o da Universidade Federal do Amap\u00e1.<\/p>\n","protected":false},"author":2475,"featured_media":0,"parent":2,"menu_order":0,"comment_status":"open","ping_status":"open","template":"","meta":{"inline_featured_image":false,"ngg_post_thumbnail":0,"footnotes":""},"class_list":["post-30","page","type-page","status-publish","hentry"],"_links":{"self":[{"href":"https:\/\/www2.unifap.br\/programacaonaescola\/wp-json\/wp\/v2\/pages\/30","targetHints":{"allow":["GET"]}}],"collection":[{"href":"https:\/\/www2.unifap.br\/programacaonaescola\/wp-json\/wp\/v2\/pages"}],"about":[{"href":"https:\/\/www2.unifap.br\/programacaonaescola\/wp-json\/wp\/v2\/types\/page"}],"author":[{"embeddable":true,"href":"https:\/\/www2.unifap.br\/programacaonaescola\/wp-json\/wp\/v2\/users\/2475"}],"replies":[{"embeddable":true,"href":"https:\/\/www2.unifap.br\/programacaonaescola\/wp-json\/wp\/v2\/comments?post=30"}],"version-history":[{"count":8,"href":"https:\/\/www2.unifap.br\/programacaonaescola\/wp-json\/wp\/v2\/pages\/30\/revisions"}],"predecessor-version":[{"id":293,"href":"https:\/\/www2.unifap.br\/programacaonaescola\/wp-json\/wp\/v2\/pages\/30\/revisions\/293"}],"up":[{"embeddable":true,"href":"https:\/\/www2.unifap.br\/programacaonaescola\/wp-json\/wp\/v2\/pages\/2"}],"wp:attachment":[{"href":"https:\/\/www2.unifap.br\/programacaonaescola\/wp-json\/wp\/v2\/media?parent=30"}],"curies":[{"name":"wp","href":"https:\/\/api.w.org\/{rel}","templated":true}]}}