{"id":34,"date":"2018-04-13T21:16:59","date_gmt":"2018-04-13T21:16:59","guid":{"rendered":"http:\/\/www2.unifap.br\/programacaonaescola\/?page_id=34"},"modified":"2018-05-11T02:50:42","modified_gmt":"2018-05-11T02:50:42","slug":"apostilas","status":"publish","type":"page","link":"https:\/\/www2.unifap.br\/programacaonaescola\/apostilas\/","title":{"rendered":"Material Did\u00e1tico"},"content":{"rendered":"<ul>\n<li><a href=\"http:\/\/www2.unifap.br\/programacaonaescola\/apostilas\/scratch\/\">Material Did\u00e1tico &#8211; Scratch<\/a><\/li>\n<li><a href=\"http:\/\/www2.unifap.br\/programacaonaescola\/apostilas\/visualg-2\/\">Material Did\u00e1tico &#8211; Python<\/a><\/li>\n<\/ul>\n<p>&nbsp;<\/p>\n<p>Conte\u00fado retirado dos sites oficiais do Scratch &#8211; MIT e Python &#8211; Python Software Foudation<\/p>\n","protected":false},"excerpt":{"rendered":"<p>Material Did\u00e1tico &#8211; Scratch Material Did\u00e1tico &#8211; Python &nbsp; Conte\u00fado retirado dos sites oficiais do Scratch &#8211; MIT e Python &#8211; Python Software Foudation<\/p>\n","protected":false},"author":2475,"featured_media":0,"parent":0,"menu_order":1,"comment_status":"open","ping_status":"open","template":"","meta":{"inline_featured_image":false,"ngg_post_thumbnail":0,"footnotes":""},"class_list":["post-34","page","type-page","status-publish","hentry"],"_links":{"self":[{"href":"https:\/\/www2.unifap.br\/programacaonaescola\/wp-json\/wp\/v2\/pages\/34","targetHints":{"allow":["GET"]}}],"collection":[{"href":"https:\/\/www2.unifap.br\/programacaonaescola\/wp-json\/wp\/v2\/pages"}],"about":[{"href":"https:\/\/www2.unifap.br\/programacaonaescola\/wp-json\/wp\/v2\/types\/page"}],"author":[{"embeddable":true,"href":"https:\/\/www2.unifap.br\/programacaonaescola\/wp-json\/wp\/v2\/users\/2475"}],"replies":[{"embeddable":true,"href":"https:\/\/www2.unifap.br\/programacaonaescola\/wp-json\/wp\/v2\/comments?post=34"}],"version-history":[{"count":7,"href":"https:\/\/www2.unifap.br\/programacaonaescola\/wp-json\/wp\/v2\/pages\/34\/revisions"}],"predecessor-version":[{"id":159,"href":"https:\/\/www2.unifap.br\/programacaonaescola\/wp-json\/wp\/v2\/pages\/34\/revisions\/159"}],"wp:attachment":[{"href":"https:\/\/www2.unifap.br\/programacaonaescola\/wp-json\/wp\/v2\/media?parent=34"}],"curies":[{"name":"wp","href":"https:\/\/api.w.org\/{rel}","templated":true}]}}