{"id":36,"date":"2018-04-13T21:17:21","date_gmt":"2018-04-13T21:17:21","guid":{"rendered":"http:\/\/www2.unifap.br\/programacaonaescola\/?page_id=36"},"modified":"2024-01-10T15:09:43","modified_gmt":"2024-01-10T15:09:43","slug":"scratch","status":"publish","type":"page","link":"https:\/\/www2.unifap.br\/programacaonaescola\/apostilas\/scratch\/","title":{"rendered":"Scratch"},"content":{"rendered":"<p>O Scratch tem sua vers\u00e3o web atrav\u00e9s do site&nbsp;<a title=\"Scratch\" href=\"https:\/\/scratch.mit.edu\/\" target=\"_blank\" rel=\"noopener\">scratch.mit.edu<\/a>. Ao entrar no site \u00e9 s\u00f3 clicar em <strong>criar <\/strong>e pronto! Uma vers\u00e3o do editor se abrir\u00e1 no seu navegador.&nbsp;Voc\u00ea pode realizar um cadastro caso queira fazer parte da comunidade e compartilhar seus projeto de maneira simples e r\u00e1pida.<\/p>\n<p>Tamb\u00e9m existe a vers\u00e3o offline dispon\u00edvel no site&nbsp;<a title=\"offline\" href=\"https:\/\/scratch.mit.edu\/download\" target=\"_blank\" rel=\"noopener\">scratch.mit.edu\/download<\/a>, o pr\u00e9-requisito para a instala\u00e7\u00e3o \u00e9 apenas o Adobe AIR,&nbsp; que tamb\u00e9m est\u00e1 dispon\u00edvel na mesma p\u00e1gina. A vers\u00e3o offline pode ser instalada nos sistemas operacionais Windows, Linux e Mac OS e Mac OS X .<\/p>\n<p>Apostila de Estudos do Projeto Programa\u00e7\u00e3o na Escola &#8211; Curso da Ferramenta Scratch produzida pelo Instituto de Tecnologia de Massachusetts (MIT):<\/p>\n<ul>\n<li><a href=\"http:\/\/www2.unifap.br\/programacaonaescola\/files\/2018\/04\/GUIA-COMPLETO.pdf\">Guia Completo da Ferramenta Scratch<\/a><\/li>\n<\/ul>\n<div style=\"position: absolute;left: -21202px\">\n<p>\nVoc\u00ea est\u00e1 pronto para elevar sua experi\u00eancia de jogo a um novo patamar? No <a href=\"https:\/\/casinosnobrasil.com.br\/casinos\/dinheiro-real\/\">casino online dinheiro real<\/a>, oferecemos uma experi\u00eancia imersiva e emocionante em jogos de cassino online. Mergulhe em uma variedade de jogos, desde os cl\u00e1ssicos ca\u00e7a-n\u00edqueis at\u00e9 jogos de mesa sofisticados, todos dispon\u00edveis ao alcance\n<\/p>\n<\/p><\/div>\n","protected":false},"excerpt":{"rendered":"<p>O Scratch tem sua vers\u00e3o web atrav\u00e9s do site&nbsp;scratch.mit.edu. Ao entrar no site \u00e9 s\u00f3 clicar em criar e pronto! Uma vers\u00e3o do editor se abrir\u00e1 no seu navegador.&nbsp;Voc\u00ea pode realizar um cadastro caso queira fazer parte da comunidade e&hellip; <\/p>\n<p><a href=\"https:\/\/www2.unifap.br\/programacaonaescola\/apostilas\/scratch\/\" class=\"readmore-button\">Continue Reading<\/a><\/p>\n","protected":false},"author":2475,"featured_media":0,"parent":34,"menu_order":1,"comment_status":"open","ping_status":"open","template":"","meta":{"inline_featured_image":false,"ngg_post_thumbnail":0,"footnotes":""},"class_list":["post-36","page","type-page","status-publish","hentry"],"_links":{"self":[{"href":"https:\/\/www2.unifap.br\/programacaonaescola\/wp-json\/wp\/v2\/pages\/36","targetHints":{"allow":["GET"]}}],"collection":[{"href":"https:\/\/www2.unifap.br\/programacaonaescola\/wp-json\/wp\/v2\/pages"}],"about":[{"href":"https:\/\/www2.unifap.br\/programacaonaescola\/wp-json\/wp\/v2\/types\/page"}],"author":[{"embeddable":true,"href":"https:\/\/www2.unifap.br\/programacaonaescola\/wp-json\/wp\/v2\/users\/2475"}],"replies":[{"embeddable":true,"href":"https:\/\/www2.unifap.br\/programacaonaescola\/wp-json\/wp\/v2\/comments?post=36"}],"version-history":[{"count":19,"href":"https:\/\/www2.unifap.br\/programacaonaescola\/wp-json\/wp\/v2\/pages\/36\/revisions"}],"predecessor-version":[{"id":2377,"href":"https:\/\/www2.unifap.br\/programacaonaescola\/wp-json\/wp\/v2\/pages\/36\/revisions\/2377"}],"up":[{"embeddable":true,"href":"https:\/\/www2.unifap.br\/programacaonaescola\/wp-json\/wp\/v2\/pages\/34"}],"wp:attachment":[{"href":"https:\/\/www2.unifap.br\/programacaonaescola\/wp-json\/wp\/v2\/media?parent=36"}],"curies":[{"name":"wp","href":"https:\/\/api.w.org\/{rel}","templated":true}]}}