{"id":128,"date":"2014-02-13T13:31:55","date_gmt":"2014-02-13T13:31:55","guid":{"rendered":"http:\/\/www2.unifap.br\/propespg\/?page_id=128"},"modified":"2017-06-22T12:50:12","modified_gmt":"2017-06-22T12:50:12","slug":"o-pro-reitor","status":"publish","type":"page","link":"https:\/\/www2.unifap.br\/propespg\/pro-reitoria-de-pesquisa-e-pos-graduacao-propespg\/o-pro-reitor\/","title":{"rendered":"A Pr\u00f3-Reitoria"},"content":{"rendered":"<p>&nbsp;<\/p>\n<p><strong style=\"text-align: justify\"><a href=\"http:\/\/www2.unifap.br\/propespg\/files\/2013\/08\/WhatsApp-Image-2017-05-23-at-11.31.02.jpeg\"><img fetchpriority=\"high\" decoding=\"async\" alt=\"WhatsApp Image 2017-05-23 at 11.31.02\" src=\"http:\/\/www2.unifap.br\/propespg\/files\/2013\/08\/WhatsApp-Image-2017-05-23-at-11.31.02.jpeg\" width=\"1280\" height=\"810\" \/><\/a>A Pr\u00f3-Reitoria de Pesquisa e P\u00f3s-Gradua\u00e7\u00e3o (PROPESPG) da Universidade Federal do Amap\u00e1 (UNIFAP) tem a fun\u00e7\u00e3o de planejar, coordenar, acompanhar e reger (fiscalizar) as atividades de ensino de p\u00f3s-gradua\u00e7\u00e3o, de desenvolvimento de pesquisas e de prote\u00e7\u00e3o e transfer\u00eancia do conhecimento gerados no \u00e2mbito da UNIFAP, fixando diretrizes para o planejamento e execu\u00e7\u00e3o dessas atividades.<\/strong><\/p>\n<p style=\"text-align: justify\"><b>Miss\u00e3o: <\/b>Promover a produ\u00e7\u00e3o e a dissemina\u00e7\u00e3o do conhecimento por meio da gest\u00e3o da pesquisa, da p\u00f3s gradua\u00e7\u00e3o e da inova\u00e7\u00e3o de modo a contribuir com o desenvolvimento regional.<\/p>\n<p style=\"text-align: justify\"><b>Vis\u00e3o: <\/b>Torna-se refer\u00eancia regional por meio da consolida\u00e7\u00e3o e expans\u00e3o da pesquisa cient\u00edfica, inova\u00e7\u00e3o tecnol\u00f3gica e da p\u00f3s-gradua\u00e7\u00e3o.<\/p>\n<p style=\"text-align: justify\"><b>Valores: <\/b>\u00c9tica; Responsabilidade; Transpar\u00eancia, Comprometimento; Produtividade; Qualidade.<\/p>\n<p style=\"text-align: justify\"><strong>Para sua atua\u00e7\u00e3o \u00e9 auxiliada pelos Departamento de P\u00f3s-Gradua\u00e7\u00e3o, pelo Departamento de Pesquisa e o N\u00facleo de Inova\u00e7\u00e3o e Transfer\u00eancia de Tecnologia.<\/strong><\/p>\n<p style=\"text-align: justify\">\n","protected":false},"excerpt":{"rendered":"<p>&nbsp; A Pr\u00f3-Reitoria de Pesquisa e P\u00f3s-Gradua\u00e7\u00e3o (PROPESPG) da Universidade Federal do Amap\u00e1 (UNIFAP) tem a fun\u00e7\u00e3o de planejar, coordenar, acompanhar e reger (fiscalizar) as atividades de ensino de p\u00f3s-gradua\u00e7\u00e3o, de desenvolvimento de pesquisas e de prote\u00e7\u00e3o e transfer\u00eancia do&hellip; <\/p>\n<p><a href=\"https:\/\/www2.unifap.br\/propespg\/pro-reitoria-de-pesquisa-e-pos-graduacao-propespg\/o-pro-reitor\/\" class=\"readmore-button\">Continue Reading<\/a><\/p>\n","protected":false},"author":306,"featured_media":0,"parent":96,"menu_order":0,"comment_status":"open","ping_status":"closed","template":"","meta":{"inline_featured_image":false,"ngg_post_thumbnail":0,"footnotes":""},"class_list":["post-128","page","type-page","status-publish","hentry"],"_links":{"self":[{"href":"https:\/\/www2.unifap.br\/propespg\/wp-json\/wp\/v2\/pages\/128","targetHints":{"allow":["GET"]}}],"collection":[{"href":"https:\/\/www2.unifap.br\/propespg\/wp-json\/wp\/v2\/pages"}],"about":[{"href":"https:\/\/www2.unifap.br\/propespg\/wp-json\/wp\/v2\/types\/page"}],"author":[{"embeddable":true,"href":"https:\/\/www2.unifap.br\/propespg\/wp-json\/wp\/v2\/users\/306"}],"replies":[{"embeddable":true,"href":"https:\/\/www2.unifap.br\/propespg\/wp-json\/wp\/v2\/comments?post=128"}],"version-history":[{"count":20,"href":"https:\/\/www2.unifap.br\/propespg\/wp-json\/wp\/v2\/pages\/128\/revisions"}],"predecessor-version":[{"id":913,"href":"https:\/\/www2.unifap.br\/propespg\/wp-json\/wp\/v2\/pages\/128\/revisions\/913"}],"up":[{"embeddable":true,"href":"https:\/\/www2.unifap.br\/propespg\/wp-json\/wp\/v2\/pages\/96"}],"wp:attachment":[{"href":"https:\/\/www2.unifap.br\/propespg\/wp-json\/wp\/v2\/media?parent=128"}],"curies":[{"name":"wp","href":"https:\/\/api.w.org\/{rel}","templated":true}]}}