{"id":410,"date":"2015-05-15T12:19:10","date_gmt":"2015-05-15T12:19:10","guid":{"rendered":"http:\/\/www2.unifap.br\/propespg\/?page_id=410"},"modified":"2015-06-17T18:49:58","modified_gmt":"2015-06-17T18:49:58","slug":"servicos-de-terceiros-pessoa-juridica","status":"publish","type":"page","link":"https:\/\/www2.unifap.br\/propespg\/proap\/servicos-de-terceiros-pessoa-juridica\/","title":{"rendered":"SERVI\u00c7OS DE TERCEIROS (Pessoa Jur\u00eddica)"},"content":{"rendered":"<p>Recurso destinado ao pagamento de pessoa jur\u00eddica, pelos Programas de P\u00f3s-Gradua\u00e7\u00e3o, que visa custear as seguintes atividades:<\/p>\n<p>a)\u00a0\u00a0\u00a0\u00a0\u00a0 manuten\u00e7\u00e3o de equipamentos;<\/p>\n<p>b)\u00a0\u00a0\u00a0 \u00a0manuten\u00e7\u00e3o e funcionamento de laborat\u00f3rio de ensino e pesquisa;<\/p>\n<p>c)\u00a0\u00a0\u00a0 produ\u00e7\u00e3o, revis\u00e3o, tradu\u00e7\u00e3o, editora\u00e7\u00e3o, confec\u00e7\u00e3o e publica\u00e7\u00e3o de conte\u00fados cient\u00edfico-acad\u00eamicos e de divulga\u00e7\u00e3o das atividades desenvolvidas no \u00e2mbito dos PPGs;<\/p>\n<p>d)\u00a0\u00a0\u00a0 \u00a0manuten\u00e7\u00e3o do acervo de peri\u00f3dicos, desde que n\u00e3o contemplados no Portal de Peri\u00f3dicos da CAPES;<\/p>\n<p>e)\u00a0\u00a0\u00a0 apoio \u00e0 realiza\u00e7\u00e3o de eventos cient\u00edfico-acad\u00eamicos no pa\u00eds.<\/p>\n<p>f)\u00a0\u00a0\u00a0\u00a0 aquisi\u00e7\u00e3o e manuten\u00e7\u00e3o de tecnologias em inform\u00e1tica e da informa\u00e7\u00e3o caracterizadas como custeio.<\/p>\n<p style=\"text-align: center\"><strong>COMO SOLICITAR?<\/strong><\/p>\n<p>&nbsp;<\/p>\n<p>A solicita\u00e7\u00e3o, atrav\u00e9s de processo institucionalizado, dever\u00e1 ser encaminhada \u00e0 PROPESPG, precisando o programa ter previs\u00e3o or\u00e7ament\u00e1ria para solicita\u00e7\u00e3o do recurso.<\/p>\n<p>O pagamento seguir\u00e1 processo de licita\u00e7\u00e3o, e quando couber dispensa de licita\u00e7\u00e3o a solicita\u00e7\u00e3o dever\u00e1 conter tr\u00eas propostas.<\/p>\n","protected":false},"excerpt":{"rendered":"<p>Recurso destinado ao pagamento de pessoa jur\u00eddica, pelos Programas de P\u00f3s-Gradua\u00e7\u00e3o, que visa custear as seguintes atividades: a)\u00a0\u00a0\u00a0\u00a0\u00a0 manuten\u00e7\u00e3o de equipamentos; b)\u00a0\u00a0\u00a0 \u00a0manuten\u00e7\u00e3o e funcionamento de laborat\u00f3rio de ensino e pesquisa; c)\u00a0\u00a0\u00a0 produ\u00e7\u00e3o, revis\u00e3o, tradu\u00e7\u00e3o, editora\u00e7\u00e3o, confec\u00e7\u00e3o e publica\u00e7\u00e3o de&hellip; <\/p>\n<p><a href=\"https:\/\/www2.unifap.br\/propespg\/proap\/servicos-de-terceiros-pessoa-juridica\/\" class=\"readmore-button\">Continue Reading<\/a><\/p>\n","protected":false},"author":623,"featured_media":0,"parent":400,"menu_order":0,"comment_status":"open","ping_status":"open","template":"","meta":{"inline_featured_image":false,"ngg_post_thumbnail":0,"footnotes":""},"class_list":["post-410","page","type-page","status-publish","hentry"],"_links":{"self":[{"href":"https:\/\/www2.unifap.br\/propespg\/wp-json\/wp\/v2\/pages\/410","targetHints":{"allow":["GET"]}}],"collection":[{"href":"https:\/\/www2.unifap.br\/propespg\/wp-json\/wp\/v2\/pages"}],"about":[{"href":"https:\/\/www2.unifap.br\/propespg\/wp-json\/wp\/v2\/types\/page"}],"author":[{"embeddable":true,"href":"https:\/\/www2.unifap.br\/propespg\/wp-json\/wp\/v2\/users\/623"}],"replies":[{"embeddable":true,"href":"https:\/\/www2.unifap.br\/propespg\/wp-json\/wp\/v2\/comments?post=410"}],"version-history":[{"count":2,"href":"https:\/\/www2.unifap.br\/propespg\/wp-json\/wp\/v2\/pages\/410\/revisions"}],"predecessor-version":[{"id":481,"href":"https:\/\/www2.unifap.br\/propespg\/wp-json\/wp\/v2\/pages\/410\/revisions\/481"}],"up":[{"embeddable":true,"href":"https:\/\/www2.unifap.br\/propespg\/wp-json\/wp\/v2\/pages\/400"}],"wp:attachment":[{"href":"https:\/\/www2.unifap.br\/propespg\/wp-json\/wp\/v2\/media?parent=410"}],"curies":[{"name":"wp","href":"https:\/\/api.w.org\/{rel}","templated":true}]}}