{"id":1116,"date":"2022-07-17T22:37:04","date_gmt":"2022-07-18T01:37:04","guid":{"rendered":"https:\/\/www2.unifap.br\/prosear\/?page_id=1116"},"modified":"2022-08-21T23:00:40","modified_gmt":"2022-08-22T02:00:40","slug":"prosaude","status":"publish","type":"page","link":"https:\/\/www2.unifap.br\/prosear\/prosaude","title":{"rendered":"UNIFAP NAS COMUNIDADE &#8211; Processo: 23125.012210\/2022-69 Proj 10\/2022 &#8211;"},"content":{"rendered":"<h3>Processo: 23125.012210\/2022-69 Proj 10\/2022 &#8211; UNIFAP NA COMUNIDADE<\/h3>\n<p><a href=\"http:\/\/www2.unifap.br\/prosear\/files\/2022\/07\/logo_chamada.png\"><img fetchpriority=\"high\" decoding=\"async\" class=\"aligncenter wp-image-1197\" src=\"http:\/\/www2.unifap.br\/prosear\/files\/2022\/07\/logo_chamada.png\" alt=\"\" width=\"560\" height=\"385\"><\/a><\/p>\n<p><!--more--><\/p>\n<p style=\"text-align: center\"><span style=\"color: #0000ff\"><strong>NUP&nbsp; <span style=\"color: #0000ff\"><a style=\"color: #0000ff\" href=\"https:\/\/sipac.unifap.br\/public\/jsp\/processos\/processo_detalhado.jsf?id=71394\" target=\"_blank\" rel=\"noopener\">23125.012210\/2022-69<\/a> <\/span>Projeto Acad\u00eamico n\u00ba 10\/2022 &#8211; Projeto de Extens\u00e3o DEX\/PROEAC &#8211; Pj10-2022 &#8211; Unifap nas Comunidade.<\/strong><\/span><\/p>\n<div class='w3eden'><!-- WPDM Link Template: Default Template -->\n\n<div class=\"link-template-default card mb-2\">\n    <div class=\"card-body\">\n        <div class=\"media\">\n            <div class=\"mr-3 img-48\"><img decoding=\"async\" class=\"wpdm_icon\" alt=\"\u00edcone\"   src=\"https:\/\/www2.unifap.br\/prosear\/wp-content\/plugins\/download-manager\/assets\/file-type-icons\/docx.png\" \/><\/div>\n            <div class=\"media-body\">\n                <h3 class=\"package-title\"><a href='https:\/\/www2.unifap.br\/prosear\/download\/plano_trabalho_emenda-parlam'>20\/04\/2022 11:58 MODELO DE PLANO DE TRABALHO PARA EMENDAS PARLAMENTARES 272022 - DGO<\/a><\/h3>\n                <div class=\"text-muted text-small\"><i class=\"fas fa-copy\"><\/i> 1  arquivo(s) <i class=\"fas fa-hdd ml-3\"><\/i> 28.37 KB<\/div>\n            <\/div>\n            <div class=\"ml-3\">\n                <a class='wpdm-download-link download-on-click btn btn-primary ' rel='nofollow' href='#' data-downloadurl=\"https:\/\/www2.unifap.br\/prosear\/download\/plano_trabalho_emenda-parlam?wpdmdl=1122&refresh=69d37f1f54d191775468319\">Download<\/a>\n            <\/div>\n        <\/div>\n    <\/div>\n<\/div>\n\n<\/div>\n<ol>\n<li><a href=\"http:\/\/www2.unifap.br\/prosear\/files\/2022\/07\/1-PROJETO-DE-EXTENSAO-SIGAA.pdf\">1 PROJETO DE EXTENS\u00c3O SIGAA<\/a><\/li>\n<li><a href=\"http:\/\/www2.unifap.br\/prosear\/files\/2022\/07\/2-DESPACHO-Tabela_Valores_Portal-CNPq.pdf\">2 DESPACHO Tabela_Valores_Portal-CNPq<\/a><\/li>\n<li><a href=\"http:\/\/www2.unifap.br\/prosear\/files\/2022\/07\/3-DESPACHO-prograd.pdf\">3 DESPACHO prograd<\/a><\/li>\n<li><a href=\"http:\/\/www2.unifap.br\/prosear\/files\/2022\/07\/4-DESPACHO-DEX.pdf\">4 DESPACHO DEX<\/a><\/li>\n<li><a href=\"http:\/\/www2.unifap.br\/prosear\/files\/2022\/07\/5-DESPACHO-PROPLAN.pdf\">5 DESPACHO PROPLAN<\/a><\/li>\n<li><a href=\"http:\/\/www2.unifap.br\/prosear\/files\/2022\/07\/EMENDA_VINCIUS_26760003.pdf\" target=\"_blank\" rel=\"noopener\">6 MENDA PARLAMENTAR DEP VINCIUS 26760003<\/a><\/li>\n<li><a href=\"http:\/\/www2.unifap.br\/prosear\/files\/2022\/07\/7-PROJETO-DE-EXTENSAO-Regist-DEX-Projeto_UNIFAP_nas_Comunidades.pdf\">7 PROJETO DE EXTENS\u00c3O Regist DEX Projeto_UNIFAP_nas_Comunidades<\/a><\/li>\n<li><a href=\"http:\/\/www2.unifap.br\/prosear\/files\/2022\/07\/8-ATA_Projeto_Extenso_Unifap_nas_comunidades.pdf\">8 ATA_Projeto_Extenso_Unifap_nas_comunidades<\/a><\/li>\n<li><a href=\"http:\/\/www2.unifap.br\/prosear\/files\/2022\/07\/9-AUTORIZACAO-PARA-PARTICIPACAO-EM-PROJETO-ACADEMICO_Assinado.pdf\">9 AUTORIZA\u00c7\u00c3O PARA PARTICIPA\u00c7\u00c3O EM PROJETO ACAD\u00caMICO_Assinado<\/a><\/li>\n<li><a href=\"http:\/\/www2.unifap.br\/prosear\/files\/2022\/07\/10-DECLARACAO-PARA-PARTICIPACAO-EM-PROJETO-ACADEMICO.pdf\">10 DECLARA\u00c7\u00c3O PARA PARTICIPA\u00c7\u00c3O EM PROJETO ACAD\u00caMICO<\/a><\/li>\n<li><a href=\"http:\/\/www2.unifap.br\/prosear\/files\/2022\/07\/11-TERMO-DE-COMPROMISSO-DE-COORDENADOR-DE-PROJETO-ACADEMICO.pdf\">11 TERMO DE COMPROMISSO DE COORDENADOR DE PROJETO ACAD\u00caMICO<\/a><\/li>\n<li><a href=\"http:\/\/www2.unifap.br\/prosear\/files\/2022\/07\/12-DIPLOMA-Mestrado_Coorenador_do_Projeto.pdf\">12 DIPLOMA Mestrado_Coorenador_do_Projeto<\/a><\/li>\n<li><a href=\"http:\/\/www2.unifap.br\/prosear\/files\/2022\/07\/13-PORTARIA_AUTORIZA_CREDENC_FUND_Ata_Const_da_Fundape.pdf\" target=\"_blank\" rel=\"noopener\">13 PORTARIA_AUTORIZA_CREDENC_FUND_Ata_Const_da_Fundape<\/a><\/li>\n<li><a href=\"http:\/\/www2.unifap.br\/prosear\/files\/2022\/07\/14-ATA-DE-REUNIAO-Mec_Sei_Mec_3173577_Ata_de_Reunio_130422.pdf\">14 ATA DE REUNI\u00c3O Mec_Sei_Mec_3173577_Ata_de_Reunio_130422<\/a><\/li>\n<li><a href=\"http:\/\/www2.unifap.br\/prosear\/files\/2022\/07\/15-RESOLUCAO-18-2020-CONSU-Resoluo_CONSU_Bolsas.pdf\">15 RESOLU\u00c7\u00c3O 18-2020 (CONSU) Resoluo_CONSU_Bolsas<\/a><\/li>\n<li><a href=\"http:\/\/www2.unifap.br\/prosear\/files\/2022\/07\/16-RESOLUCAO-repetdo-Tabela_Valores_Portal-CNPq.pdf\">16 RESOLU\u00c7\u00c3O (repetdo) Tabela_Valores_Portal-CNPq<\/a><\/li>\n<li><a href=\"http:\/\/www2.unifap.br\/prosear\/files\/2022\/07\/17-PLANO-DE-TRABALHO-Plano_de_Trabalho_Projeto_Unifap_nas_Comunidades.pdf\">17 PLANO DE TRABALHO Plano_de_Trabalho_Projeto_Unifap_nas_Comunidades<\/a><\/li>\n<li><a href=\"http:\/\/www2.unifap.br\/prosear\/files\/2022\/07\/18-MEMORANDO-38-2022-DGO-Anlise_Plano_de_Trabalho_DGO.pdf\">18 MEMORANDO 38-2022 &#8211; DGO Anlise_Plano_de_Trabalho_DGO<\/a><\/li>\n<li><a href=\"http:\/\/www2.unifap.br\/prosear\/files\/2022\/07\/19-ANALISE_Tcnica_FUNDAP.pdf\">19 AN\u00c1LISE_Tcnica_FUNDAP<\/a><\/li>\n<li><a href=\"http:\/\/www2.unifap.br\/prosear\/files\/2022\/07\/20-TITULACAO-Qualificao_Bolsistas_Servidores.pdf\">20 TITULA\u00c7\u00c3O Qualificao_Bolsistas_Servidores<\/a><\/li>\n<li><a href=\"http:\/\/www2.unifap.br\/prosear\/files\/2022\/07\/21-RESPOSTA-19-2022-PROGRAD.pdf\">21 RESPOSTA 19-2022 PROGRAD<\/a><\/li>\n<li><a href=\"http:\/\/www2.unifap.br\/prosear\/files\/2022\/07\/22-DESPACHO-12722-2022-PROAD.pdf\">22 DESPACHO 12722-2022 PROAD<\/a><\/li>\n<li><a href=\"http:\/\/www2.unifap.br\/prosear\/files\/2022\/07\/23-CHECKLIST-FUND_APOIO_Projeto_10-2022_Itinerantes.pdf\" target=\"_blank\" rel=\"noopener\">23 CHECKLIST FUND_APOIO_Projeto_10-2022_Itinerantes<\/a><\/li>\n<li><a href=\"http:\/\/www2.unifap.br\/prosear\/files\/2022\/07\/24-DESPACHO-No-12926-2022-DICONV.pdf\">24 DESPACHO N\u00ba 12926-2022 &#8211; DICONV<\/a><\/li>\n<li><a href=\"http:\/\/www2.unifap.br\/prosear\/files\/2022\/07\/25-DESPACHO-No-13148-2022-DGO-.pdf\">25 DESPACHO N\u00ba 13148-2022 &#8211; DGO (<\/a><\/li>\n<li><a href=\"http:\/\/www2.unifap.br\/prosear\/files\/2022\/07\/26-DISPONIBIL_ORCAMENT_SIAFI2022-CONTABIL-DEMONSTRA.pdf\" target=\"_blank\" rel=\"noopener\">26 DISPONIBIL_ORCAMENT_(SIAFI2022-CONTABIL-DEMONSTRA)<\/a><\/li>\n<li><a href=\"http:\/\/www2.unifap.br\/prosear\/files\/2022\/07\/27-MINUTA-DE-CONTRATO_PROJETO_UNIFAP_NA_COMUNIDADE.pdf\">27 MINUTA DE CONTRATO_PROJETO_UNIFAP_NA_COMUNIDADE<\/a><\/li>\n<li><a href=\"http:\/\/www2.unifap.br\/prosear\/files\/2022\/07\/28-DESPACHO-No-13600-2022-DICONT-Encaminh-Contr-a-PROAD.pdf\">28 DESPACHO N\u00ba 13600-2022 &#8211; DICONT Encaminh Contr a PROAD<\/a><\/li>\n<li><a href=\"http:\/\/www2.unifap.br\/prosear\/files\/2022\/07\/29-PORTARIA_AUTORIZ_CREDENC_FUND_APOIO-PORT_UNIFAP_DOU_02-05-2022_PAG_02.pdf\" target=\"_blank\" rel=\"noopener\">29 PORTARIA_AUTORIZ_CREDENC_FUND_APOIO-PORT_UNIFAP_DOU_02-05-2022_PAG_02<\/a><\/li>\n<li><a href=\"http:\/\/www2.unifap.br\/prosear\/files\/2022\/07\/30-TERMO-DE-DISPENSA-DE-LICITACAO-No-18-2022-PROAD.pdf\">30 TERMO DE DISPENSA DE LICITA\u00c7\u00c3O N\u00ba 18-2022 &#8211; PROAD<\/a><\/li>\n<li><a href=\"http:\/\/www2.unifap.br\/prosear\/files\/2022\/07\/31-DESPACHO-No-13667-2022-PROAD-Enc-para-Aval-PROJU.pdf\">31 DESPACHO N\u00ba 13667 2022 &#8211; PROAD Enc para Aval PROJU<\/a><\/li>\n<li><a href=\"http:\/\/www2.unifap.br\/prosear\/files\/2022\/07\/32-DOA-DESPES_OPERAC_ADMINISTRAT_FUND_pj_UNIFAP_NA_COMUNIDADE.pdf\" target=\"_blank\" rel=\"noopener\">32 DOA-DESPES_OPERAC_ADMINISTRAT_FUND_pj_UNIFAP_NA_COMUNIDADE<\/a><\/li>\n<li><a href=\"http:\/\/www2.unifap.br\/prosear\/files\/2022\/07\/33-RESOLUCAO_009_2006_CONSU-UNIFAP_Servidor-Coord-Proj-Extensao.pdf\">33 RESOLU\u00c7\u00c3O_009_2006_CONSU-UNIFAP_Servidor Coord Proj Extensao<\/a><\/li>\n<li><strong><span style=\"color: #ff0000\"><a style=\"color: #ff0000\" href=\"http:\/\/www2.unifap.br\/prosear\/files\/2022\/07\/34-Res_38-2017_Ad_Referendum_Aprova_Relac_entre_a_Unifap_Fundape.pdf\" target=\"_blank\" rel=\"noopener\">34 Res_38-2017_Ad_Referendum_Aprova_Relac_entre_a_Unifap_Fundape<\/a><\/span><\/strong><\/li>\n<li><a href=\"http:\/\/www2.unifap.br\/prosear\/files\/2022\/07\/35-DESPACHO-No-14093-2022-PROGRAD_Restituir-a-PROAD.pdf\">35 DESPACHO N\u00ba 14093\/2022 &#8211; PROGRAD_Restituir a PROAD<\/a><\/li>\n<li><a href=\"http:\/\/www2.unifap.br\/prosear\/files\/2022\/07\/36-DESPACHO-No-14232-2022-PROAD_Enc_a_Reitoria_para-Desp-a-PROJU.pdf\">36 DESPACHO N\u00ba 14232\/2022 &#8211; PROAD_Enc_a_Reitoria_para Desp a PROJU<\/a><\/li>\n<li><a href=\"http:\/\/www2.unifap.br\/prosear\/files\/2022\/07\/37-DESPACHO-No-14376-2022-REITORIA-a-PROJU.pdf\">37 DESPACHO N\u00ba 14376\/2022 &#8211; REITORIA a PROJU<\/a><\/li>\n<li><a href=\"http:\/\/www2.unifap.br\/prosear\/files\/2022\/07\/38-PARECER_n._00065-2022-GAB-PFUNIFAP-PGF-AGU-PROCURADORIA-JURIDICA-PROJU.pdf\">38 PARECER_n._00065\/2022-GAB-PFUNIFAP-PGF-AGU PROCURADORIA JUR\u00cdDICA &#8211; PROJU<\/a><\/li>\n<li><a href=\"http:\/\/www2.unifap.br\/prosear\/files\/2022\/07\/39-DESPACHO-No-15443-2022-PROJU-Encamin-PARECER.pdf\">39 DESPACHO N\u00ba 15443\/2022 &#8211; PROJU Encamin PARECER<\/a><\/li>\n<li><a href=\"http:\/\/www2.unifap.br\/prosear\/files\/2022\/07\/40-DESPACHO_15466-2022-SEGARE_Rest_proc_Conh_PAREC_65-2022-PROJU.pdf\" target=\"_blank\" rel=\"noopener\">40 40 DESPACHO N\u00ba 15466\/2022 &#8211; SEGARE Restitu\u00edmos o processo para conhecimento do PARECER n. 00065-2022 PROJU<\/a><\/li>\n<li><a href=\"http:\/\/www2.unifap.br\/prosear\/files\/2022\/07\/41-DESPACHO-No-15495-2022-PROAD_Atenc-Parecer-Ordem-38-PROJU.pdf\">41 DESPACHO N\u00ba 15495\/2022 &#8211; PROAD_Atenc Parecer Ordem 38 PROJU<\/a><\/li>\n<li><a href=\"http:\/\/www2.unifap.br\/prosear\/files\/2022\/07\/42-PARECER-TECNICO-DEPARTAMENTO-DE-EXTENS_DEX.pdf\">42 PARECER T\u00c9CNICO DEPARTAMENTO DE EXTENS_DEX<\/a><\/li>\n<li><a href=\"http:\/\/www2.unifap.br\/prosear\/files\/2022\/07\/43-PARECER-Anlise_Tcnica_FUNDAPE.pdf\">43 PARECER Anlise_Tcnica_FUNDAPE<\/a><\/li>\n<li><a href=\"http:\/\/www2.unifap.br\/prosear\/files\/2022\/07\/44-CERTIDAO-SICAF-SICAF_Certides_FUNDAPE.pdf\">44 CERTID\u00c3O SICAF SICAF_Certides_FUNDAPE<\/a><\/li>\n<li><a href=\"http:\/\/www2.unifap.br\/prosear\/files\/2022\/07\/45-CERTIDAO-CNJ_Certides_FUNDAPE.pdf\">45 CERTID\u00c3O CNJ_Certides_FUNDAPE<\/a><\/li>\n<li><a href=\"http:\/\/www2.unifap.br\/prosear\/files\/2022\/07\/46-CERTIDAO-TCU_Certides_FUNDAPE.pdf\">46 CERTID\u00c3O TCU_Certides_FUNDAPE<\/a><\/li>\n<li><a href=\"http:\/\/www2.unifap.br\/prosear\/files\/2022\/07\/47-TITULACAO-CERTIFICADOS_Titulao_Servidores_Bolsistas.pdf\">47 TITULA\u00c7\u00c3O CERTIFICADOS_Titulao_Servidores_Bolsistas<\/a><\/li>\n<li><a href=\"http:\/\/www2.unifap.br\/prosear\/files\/2022\/07\/48-AUTODECLARACAO-Autodeclarao_equipe_Resposta_tem_44.pdf\">48 AUTODECLARA\u00c7\u00c3O Autodeclarao_equipe_Resposta_tem_44<\/a><\/li>\n<li><a href=\"http:\/\/www2.unifap.br\/prosear\/files\/2022\/07\/49-DECLARACAO-Declarao_equipe_Resposta_tem_44.pdf\">49 DECLARA\u00c7\u00c3O Declarao_equipe_Resposta_tem_44<\/a><\/li>\n<li><a href=\"http:\/\/www2.unifap.br\/prosear\/files\/2022\/07\/50-DESPACHO-No-15998-2022-PROGRAD_Solic-Analise-e-Parecer-DICONV.pdf\">50 DESPACHO N\u00ba 15998-2022 &#8211; PROGRAD_Solic Analise e Parecer DICONV<\/a><\/li>\n<li><a href=\"http:\/\/www2.unifap.br\/prosear\/files\/2022\/07\/51-DESPACHO-No-16193-2022-Parecer-DICONV.pdf\">51 DESPACHO N\u00ba 16193-2022 &#8211; Parecer DICONV<\/a><\/li>\n<li><a href=\"http:\/\/www2.unifap.br\/prosear\/files\/2022\/07\/52-Resposta-ao-Parecer-PROJU-NUP-23125.016129-2022-83.pdf\">52 Resposta ao Parecer PROJU NUP 23125.016129-2022-83<\/a><\/li>\n<li><a href=\"http:\/\/www2.unifap.br\/prosear\/files\/2022\/07\/53-Depacho-PROAD-lancamento-no-SIDEC.pdf\">53 DESPACHO N\u00ba 16510\/2022 &#8211; PROAD para lan\u00e7amento no SIDEC<\/a><\/li>\n<li><a href=\"http:\/\/www2.unifap.br\/prosear\/files\/2022\/07\/54-DOC-COMP-SIASGnet-DC_-_Encerrar_e_Disponibilizar_Dispensa_para_P.pdf\">54 DOC COMP SIASGnet-DC_-_Encerrar_e_Disponibilizar_Dispensa_para_P<\/a><\/li>\n<li><a href=\"http:\/\/www2.unifap.br\/prosear\/files\/2022\/07\/55-DESPACHO-DIMAT-FEITO-Lanc_Disp_Lic_.pdf\">55 DESPACHO DIMAT FEITO Lanc_Disp_Lic_<\/a><\/li>\n<li><a href=\"http:\/\/www2.unifap.br\/prosear\/files\/2022\/07\/56-DESPACHO-PROAD_Emissao_Empenho-DGO.pdf\">56 DESPACHO PROAD_Emissao_Empenho DGO<\/a><\/li>\n<li><a href=\"http:\/\/www2.unifap.br\/prosear\/files\/2022\/07\/57-DESPACHO-PROPLAN_ao_DGO_para_Emiss_Empenh.pdf\">57 DESPACHO PROPLAN_ao_DGO_para_Emiss_Empenh<\/a><\/li>\n<li><a href=\"http:\/\/www2.unifap.br\/prosear\/files\/2022\/07\/58-DESPACHO-No-16937-2022-DGO_Emissao-Nota-de-Empenho.pdf\">58 DESPACHO N\u00ba 16937\/2022 &#8211; DGO para Emiss\u00e3o Nota de Empenho<\/a><\/li>\n<li><a href=\"http:\/\/www2.unifap.br\/prosear\/files\/2022\/07\/59-DESPACHO-No-16943-2022_DIVEXORC_providenciado_nota_Empenh.pdf\" target=\"_blank\" rel=\"noopener\">59 DESPACHO N\u00ba 16943\/2022 &#8211; DIVEXORC providenciado nota Empenho<\/a><\/li>\n<li><a href=\"http:\/\/www2.unifap.br\/prosear\/files\/2022\/07\/60-DESPACHO-No-17337-2022-DGO_Efetuado_detalhamento_despes.pdf\" target=\"_blank\" rel=\"noopener\">60 DESPACHO N\u00ba 17337\/2022 &#8211; DGO (Efetuado o detalhamento da natureza da despesa)<\/a><\/li>\n<li><strong><span style=\"color: #ff0000\"><a style=\"color: #ff0000\" href=\"http:\/\/www2.unifap.br\/prosear\/files\/2022\/07\/61-NOTA-DE-EMPENHO-13-07-2022-DIVEXORC-NE_154215_2022NE000159_v002.pdf\" target=\"_blank\" rel=\"noopener\">61 NOTA DE EMPENHO 13-07-2022-DIVEXORC-NE_154215_2022NE000159_v002<\/a><\/span><\/strong><\/li>\n<li><a href=\"http:\/\/www2.unifap.br\/prosear\/files\/2022\/07\/62-DESPACHO-No-17412-2022_DIVEXORC_Emis_Not_Emp2022NE000159_Ord61.pdf\">62 DESPACHO N\u00ba 17412\/2022 &#8211; DIVEXORC Emis\u00e3o Nota Empenho 2022NE000159 Ordem #61<\/a><\/li>\n<li><a href=\"http:\/\/www2.unifap.br\/prosear\/files\/2022\/07\/63-DESPACHO-No-17467-2022-PROAD.pdf\">63 DESPACHO N\u00ba 17467\/2022-PROAD Para demais providencias visando a contrata\u00e7\u00e3o<\/a><\/li>\n<li><span style=\"color: #ff0000\"><strong><a style=\"color: #ff0000\" href=\"http:\/\/www2.unifap.br\/prosear\/files\/2022\/07\/64-Publicacao-DOU_EXTRATO-DE-CONTRATO-No-27-2022.pdf\">64 &#8211; Publica\u00e7\u00e3o DOU &#8211; EXTRATO DE CONTRATO N\u00ba 27\/2022<\/a>&#8211; <\/strong><\/span><a href=\"http:\/\/www2.unifap.br\/prosear\/files\/2022\/08\/64-Publicacao_DOU_EXTRATO-DE-CONTRATO_27-2022p71.pdf\">64 &#8211; Publicacao_DOU_EXTRATO DE CONTRATO_27-2022(p71)<\/a><\/li>\n<li><a href=\"http:\/\/www2.unifap.br\/prosear\/files\/2022\/08\/65-PUBLICACAO-NO-DIARIO-OFICIAL-20-07-2022-DICONT-DOU-CONTRATO_27-2022.pdf\">65 PUBLICA\u00c7\u00c3O NO DI\u00c1RIO OFICIAL 20-07-2022 DICONT DOU-CONTRATO_27-2022 &#8211; <\/a><span style=\"color: #ff0000\"><strong><a style=\"color: #ff0000\" href=\"http:\/\/www2.unifap.br\/prosear\/files\/2022\/08\/64-CONTRATO-CONTRATO-No-27-2022-UNIFAP-fundape-pdf-D4Sign_1.pdf\">64 CONTRATO 27\/2022-UNIFAP-fundape<\/a><\/strong><\/span><\/li>\n<li><a href=\"http:\/\/www2.unifap.br\/prosear\/files\/2022\/08\/66-DESPACHO-09-082022-DICONT_Solicit_Fiscais_contr.pdf\">66 DESPACHO 09-082022 DICONT_Solicit_Fiscais_contr<\/a><\/li>\n<li><a href=\"http:\/\/www2.unifap.br\/prosear\/files\/2022\/08\/67-DESPACHO-10-082022-PROAD_Enc_ao_Coord_proj_Indic_Fiscais.pdf\">67 DESPACHO 10-082022 PROAD_Enc_ao_Coord_proj_Indic_Fiscais<\/a><\/li>\n<li><a href=\"http:\/\/www2.unifap.br\/prosear\/files\/2022\/08\/68-DESPACHO-10-08-2022-PROGRAD_Restiu_PROAD_enc_Rel_Fiscais.pdf\">68 DESPACHO 10-08-2022 PROGRAD_Restiu_PROAD_enc_Rel_Fiscais<\/a><\/li>\n<li><a href=\"http:\/\/www2.unifap.br\/prosear\/files\/2022\/08\/69-DESPACHO-11-08-2022-PROGRAD_Fiscais_Contrato_PS_010_22.pdf\">69 DESPACHO 11-08-2022 PROGRAD_Fiscais_Contrato_PS_010_22<\/a><\/li>\n<li><a href=\"http:\/\/www2.unifap.br\/prosear\/files\/2022\/08\/70-DESPACHO-11-08-2022-PROAD_para_emissao_Portaria.pdf\">70 DESPACHO 11-08-2022 PROAD_para_emissao_Portaria<\/a><\/li>\n<li><a href=\"http:\/\/www2.unifap.br\/prosear\/files\/2022\/08\/71-DESPACHO-15-08-2022-DDPH.pdf\">71 DESPACHO 15-08-2022 DDPH<\/a><\/li>\n<li><a href=\"http:\/\/www2.unifap.br\/prosear\/files\/2022\/08\/72-FISCAL-DE-CONTRATO-19-08-2022-PROGRAD_fiscial_atualizad.pdf\">72 FISCAL DE CONTRATO 19-08-2022 PROGRAD_fiscial_atualizad<\/a><\/li>\n<li><a href=\"http:\/\/www2.unifap.br\/prosear\/files\/2022\/08\/73-DESPACHO-19-08-2022-PROGRAD_Resti_proc_emisPort.pdf\" target=\"_blank\" rel=\"noopener\">73 DESPACHO 19-08-2022 PROGRAD_Resti_proc_emisPort<\/a><\/li>\n<\/ol>\n<p>&nbsp;<\/p>\n<hr>\n<div class=\"block--head\">\n<div>\n<p><span style=\"color: #0000ff\"><strong>Ultimas movimenta\u00e7\u00e3o<\/strong><\/span><\/p>\n<table class=\"subFormulario\" width=\"100%\">\n<tbody>\n<tr>\n<th class=\"rotulo\" width=\"30%\">Destino:<\/th>\n<td>DIVIS\u00c3O DE CONTRATOS &#8211; DICONT (11.02.23.06.06)<\/td>\n<\/tr>\n<tr>\n<th class=\"rotulo\" width=\"30%\">Tempo Esperado no Destino:<\/th>\n<td>N\u00c3O DEFINIDO<\/td>\n<\/tr>\n<tr>\n<th class=\"rotulo\" width=\"30%\">Data de Recebimento:<\/th>\n<td>13\/07\/2022<\/td>\n<\/tr>\n<tr id=\"processoForm:j_id_jsp_2106433440_99\">\n<th class=\"rotulo\" width=\"30%\">Recebido por:<\/th>\n<td>REGINA SCHINDA (rschinda)<\/td>\n<\/tr>\n<\/tbody>\n<\/table>\n<hr>\n<\/div>\n<div><span style=\"color: #ff0000\"><strong>Equipe do projeto<\/strong><\/span><\/div>\n<div class=\"contact\">Servidor: ACHILES EDUARDO PONTES CAMPOS &#8211; 2041321 (Coordenador titular)<\/div>\n<div>\n<p>Servidor: GIOVANNI PAULO VENTURA COSTA &#8211; 2127907 &nbsp;(Vice &#8211; Coordenador titular)<\/p>\n<p>Servidor: GIOVANNI PAULO VENTURA COSTA &#8211; 2127907 &nbsp;(Assessor valor bolsa R$ 500,00 )<\/p>\n<hr>\n<p><strong>Comiss\u00e3o e Editais.&nbsp;<\/strong><\/p>\n<ol>\n<li><a href=\"http:\/\/www2.unifap.br\/prosear\/files\/2022\/08\/portaria1139-2022-Comissao_Operacion_Proc_Seletiv_COPS_ED_01-2022_PJ-010-2022.pdf\">Portaria n\u00ba 1139\/2022 &#8211; PSS DISCENTE ED01\/2022 PJ 010-2022 (02\/08\/2022)<\/a><\/li>\n<li>EDITAL 01\/2022 &#8211; PSS DISCENTE (<a href=\"https:\/\/sipac.unifap.br\/public\/jsp\/documentos\/documento_visualizacao.jsf?idDoc=826565\" target=\"_blank\" rel=\"noopener\">A DEFINIR<\/a>)<\/li>\n<\/ol>\n<hr>\n<p>Solicitamos a crian\u00e7\u00e3o do site&nbsp;<\/p>\n<hr>\n<\/div>\n<p><strong><a href=\"https:\/\/www2.unifap.br\/prosaude\">https:\/\/www2.unifap.br\/prosaude<\/a><\/strong> &#8211; Para atender o projeto de extens\u00e3o&nbsp;<\/p>\n<div>\n<p>Onde o mesmo ter\u00e1 recurso p\u00fablico emenda parlamentar, e diante disso e fundamental um site espec\u00edfico para o projeto (para suas presta\u00e7\u00f5es de contas).<\/p>\n<p>Registro 10\/2022 &#8211; Unifap nas comunidades&nbsp; &#8211;&nbsp;<a href=\"https:\/\/suportenti.unifap.br\/front\/ticket.form.php?id=25913\" target=\"_blank\" rel=\"noopener\">Chamado &#8211; ID 25913&nbsp;<\/a><\/p>\n<h5>Hist\u00f3rico de a\u00e7\u00f5es: 13-06-2022 18:56<\/h5>\n<div class=\"filter_timeline\">\n<h5>Filtro de linha do tempo: 13-06-2022 19:45 por JEFFERSON DA SILVA MARTINS<\/h5>\n<h5>Adicionar um relacionamento com um item: FELIPI RAMON RODRIGUES DE PINHO&nbsp; &#8211; &nbsp;DSIST(11021102)<\/h5>\n<ul>\n<li>\n<h5><a class=\"far fa-comment pointer\" title=\"Acompanhamento\" href=\"https:\/\/suportenti.unifap.br\/front\/ticket.form.php?id=25913#\" data-type=\"ITILFollowup\"><span class=\"sr-only\">Acompanhamento<\/span><\/a><\/h5>\n<\/li>\n<li>\n<h5><a class=\"far fa-check-square pointer\" title=\"Tarefa\" href=\"https:\/\/suportenti.unifap.br\/front\/ticket.form.php?id=25913#\" data-type=\"ITILTask\"><span class=\"sr-only\">Tarefa<\/span><\/a><\/h5>\n<\/li>\n<li>\n<h5><a class=\"fa fa-paperclip pointer\" title=\"Documento\" href=\"https:\/\/suportenti.unifap.br\/front\/ticket.form.php?id=25913#\" data-type=\"Document_Item\"><span class=\"sr-only\">Documento<\/span><\/a><\/h5>\n<\/li>\n<li>\n<h5><a class=\"far fa-thumbs-up pointer\" title=\"Valida\u00e7\u00e3o\" href=\"https:\/\/suportenti.unifap.br\/front\/ticket.form.php?id=25913#\" data-type=\"ITILValidation\"><span class=\"sr-only\">Valida\u00e7\u00e3o<\/span><\/a><\/h5>\n<\/li>\n<li>\n<h5><a class=\"fa fa-check pointer\" title=\"Solu\u00e7\u00e3o\" href=\"https:\/\/suportenti.unifap.br\/front\/ticket.form.php?id=25913#\" data-type=\"Solution\"><span class=\"sr-only\">Solu\u00e7\u00e3o<\/span><\/a><\/h5>\n<\/li>\n<li>\n<h5><a class=\"fa fa-ban pointer\" title=\"Redefinir op\u00e7\u00f5es de visualiza\u00e7\u00e3o\" href=\"https:\/\/suportenti.unifap.br\/front\/ticket.form.php?id=25913#\" data-type=\"reset\"><span class=\"sr-only\">Redefinir op\u00e7\u00f5es de visualiza\u00e7\u00e3o<\/span><\/a><\/h5>\n<\/li>\n<\/ul>\n<\/div>\n<\/div>\n<\/div>\n<p><!--more--><\/p>\n<p><!--more--><\/p>\n<p>&#8211;<\/p>\n","protected":false},"excerpt":{"rendered":"<p>Processo: 23125.012210\/2022-69 Proj 10\/2022 &#8211; UNIFAP NA COMUNIDADE<\/p>\n","protected":false},"author":205,"featured_media":1197,"parent":0,"menu_order":0,"comment_status":"closed","ping_status":"closed","template":"templates\/landing.php","meta":{"inline_featured_image":false,"ngg_post_thumbnail":0,"footnotes":""},"class_list":["post-1116","page","type-page","status-publish","has-post-thumbnail","hentry","entry","has-media"],"_links":{"self":[{"href":"https:\/\/www2.unifap.br\/prosear\/wp-json\/wp\/v2\/pages\/1116","targetHints":{"allow":["GET"]}}],"collection":[{"href":"https:\/\/www2.unifap.br\/prosear\/wp-json\/wp\/v2\/pages"}],"about":[{"href":"https:\/\/www2.unifap.br\/prosear\/wp-json\/wp\/v2\/types\/page"}],"author":[{"embeddable":true,"href":"https:\/\/www2.unifap.br\/prosear\/wp-json\/wp\/v2\/users\/205"}],"replies":[{"embeddable":true,"href":"https:\/\/www2.unifap.br\/prosear\/wp-json\/wp\/v2\/comments?post=1116"}],"version-history":[{"count":7,"href":"https:\/\/www2.unifap.br\/prosear\/wp-json\/wp\/v2\/pages\/1116\/revisions"}],"predecessor-version":[{"id":1237,"href":"https:\/\/www2.unifap.br\/prosear\/wp-json\/wp\/v2\/pages\/1116\/revisions\/1237"}],"wp:featuredmedia":[{"embeddable":true,"href":"https:\/\/www2.unifap.br\/prosear\/wp-json\/wp\/v2\/media\/1197"}],"wp:attachment":[{"href":"https:\/\/www2.unifap.br\/prosear\/wp-json\/wp\/v2\/media?parent=1116"}],"curies":[{"name":"wp","href":"https:\/\/api.w.org\/{rel}","templated":true}]}}