{"id":1613,"date":"2023-05-01T18:50:01","date_gmt":"2023-05-01T21:50:01","guid":{"rendered":"https:\/\/www2.unifap.br\/prosear\/?page_id=1613"},"modified":"2023-05-01T18:50:01","modified_gmt":"2023-05-01T21:50:01","slug":"certidao","status":"publish","type":"page","link":"https:\/\/www2.unifap.br\/prosear\/certidao","title":{"rendered":"Certificados do Projeto"},"content":{"rendered":"<p style=\"text-align: center\"><strong>Emiss\u00e3o dos Certificados<\/strong><\/p>\n<p>3\u00aa Edi\u00e7\u00e3o projeto PROSEAR &#8211; Campus Mazag\u00e3o&nbsp;<\/p>\n<p>1\u00aa Edi\u00e7\u00e3o Curso Profissionalizante Informatica B\u00e1sica &#8211; Campus Marco Zero do Equador<\/p>\n<hr>\n<p><!--more--><\/p>\n<p style=\"text-align: center\"><strong>Emiss\u00e3o de Declara\u00e7\u00e3o (Cursando)<\/strong><\/p>\n<p>1\u00aa Edi\u00e7\u00e3o Curso Profissionalizante Informatica B\u00e1sica &#8211; Campus Marco Zero do Equador<\/p>\n<hr>\n<p>&nbsp;<\/p>\n<p style=\"text-align: center\"><strong>Coordena\u00e7\u00e3o<\/strong><\/p>\n<p>Projeto inicial 2019 (manifesta\u00e7\u00e3o demanda da Igreja Rocha da Bencao em Mazag\u00e3o), 2\u00ba edi\u00e7\u00e3o em dez2020,&nbsp;<\/p>\n","protected":false},"excerpt":{"rendered":"<p>Emiss\u00e3o dos Certificados 3\u00aa Edi\u00e7\u00e3o projeto PROSEAR &#8211; Campus Mazag\u00e3o&nbsp; 1\u00aa Edi\u00e7\u00e3o Curso Profissionalizante Informatica B\u00e1sica &#8211; Campus Marco Zero do Equador<\/p>\n","protected":false},"author":205,"featured_media":1284,"parent":0,"menu_order":0,"comment_status":"closed","ping_status":"closed","template":"templates\/landing.php","meta":{"inline_featured_image":false,"ngg_post_thumbnail":0,"footnotes":""},"class_list":["post-1613","page","type-page","status-publish","has-post-thumbnail","hentry","entry","has-media"],"_links":{"self":[{"href":"https:\/\/www2.unifap.br\/prosear\/wp-json\/wp\/v2\/pages\/1613","targetHints":{"allow":["GET"]}}],"collection":[{"href":"https:\/\/www2.unifap.br\/prosear\/wp-json\/wp\/v2\/pages"}],"about":[{"href":"https:\/\/www2.unifap.br\/prosear\/wp-json\/wp\/v2\/types\/page"}],"author":[{"embeddable":true,"href":"https:\/\/www2.unifap.br\/prosear\/wp-json\/wp\/v2\/users\/205"}],"replies":[{"embeddable":true,"href":"https:\/\/www2.unifap.br\/prosear\/wp-json\/wp\/v2\/comments?post=1613"}],"version-history":[{"count":1,"href":"https:\/\/www2.unifap.br\/prosear\/wp-json\/wp\/v2\/pages\/1613\/revisions"}],"predecessor-version":[{"id":1614,"href":"https:\/\/www2.unifap.br\/prosear\/wp-json\/wp\/v2\/pages\/1613\/revisions\/1614"}],"wp:featuredmedia":[{"embeddable":true,"href":"https:\/\/www2.unifap.br\/prosear\/wp-json\/wp\/v2\/media\/1284"}],"wp:attachment":[{"href":"https:\/\/www2.unifap.br\/prosear\/wp-json\/wp\/v2\/media?parent=1613"}],"curies":[{"name":"wp","href":"https:\/\/api.w.org\/{rel}","templated":true}]}}