{"id":1618,"date":"2023-05-01T19:22:36","date_gmt":"2023-05-01T22:22:36","guid":{"rendered":"https:\/\/www2.unifap.br\/prosear\/?page_id=1618"},"modified":"2023-05-01T19:22:49","modified_gmt":"2023-05-01T22:22:49","slug":"vice-coordenador","status":"publish","type":"page","link":"https:\/\/www2.unifap.br\/prosear\/vice-coordenador","title":{"rendered":"Vice Coordenador"},"content":{"rendered":"<div class=\"title-wrapper\">\n<h1 class=\"name\" style=\"text-align: center\">Besaliel de Oliveira Rodrigues<\/h1>\n<\/div>\n<div>\n<p class=\"resumo\"><img decoding=\"async\" class=\"foto\" src=\"http:\/\/servicosweb.cnpq.br\/wspessoa\/servletrecuperafoto?tipo=1&amp;id=K4133072D7\" alt=\"Foto\" width=\"95\">Professor Besaliel Rodrigues exerce o magist\u00e9rio superior desde 1999. \u00c9 Mestre em Direito (UNAMA-Bel\u00e9m, 2000) e especialista em Gest\u00e3o P\u00fablica (FATECH-Macap\u00e1, 2018-2021). Possui gradua\u00e7\u00e3o em Direito pelo Centro de Ensino Superior do Amap\u00e1 (1997), gradua\u00e7\u00e3o em Licenciatura Plena em Hist\u00f3ria pela Universidade Federal do Amap\u00e1 (2000). \u00c9 Advogado Constitucionalista &#8211; OAB-AP 4746. \u00c9 professor concursado da UNIFAP &#8211; Universidade Federal do Amap\u00e1, aprovado em 1\u00ba lugar-2013 na \u00e1rea em que leciona (Direito P\u00fablico). Presidente do Conselho Editorial da Editora Os Semeadores\/DF. Ainda, \u00e9 Conferencista com experi\u00eancia na \u00e1rea de Direito. Escreve para jornais e revistas e \u00e9 professor da gradua\u00e7\u00e3o e da p\u00f3s-gradua\u00e7\u00e3o em diversas IES jur\u00eddicas. J\u00e1 escreveu e organizou quatro livros jur\u00eddicos, al\u00e9m de outros quatro de cultura geral. Seu \u00faltimo livro publicado foi A Constitui\u00e7\u00e3o Federal comentada (2019 &#8211; ISBN 978-65-80650-00-2). Editora Seven, Bras\u00edlia\/DF.<\/p>\n<p><strong>Endere\u00e7o para acessar este CV<\/strong>: <strong><span style=\"color: #ff0000\"><a style=\"color: #ff0000\" href=\"http:\/\/lattes.cnpq.br\/1223833530494928\" target=\"_blank\" rel=\"noopener\">http:\/\/lattes.cnpq.br\/1223833530494928<\/a><\/span><\/strong><\/p>\n<\/div>\n<hr>\n<p><!--more--><\/p>\n<p>Demais documentos<\/p>\n<p>&nbsp;<\/p>\n","protected":false},"excerpt":{"rendered":"<p>Besaliel de Oliveira Rodrigues Professor Besaliel Rodrigues exerce o magist\u00e9rio superior desde 1999. \u00c9 Mestre em Direito (UNAMA-Bel\u00e9m, 2000) e especialista em Gest\u00e3o P\u00fablica (FATECH-Macap\u00e1, 2018-2021). Possui gradua\u00e7\u00e3o em Direito pelo Centro de Ensino Superior do Amap\u00e1 (1997), gradua\u00e7\u00e3o em Licenciatura Plena em Hist\u00f3ria pela Universidade Federal do Amap\u00e1 (2000). \u00c9 Advogado Constitucionalista &#8211; OAB-AP&#8230;<\/p>\n","protected":false},"author":205,"featured_media":1619,"parent":0,"menu_order":0,"comment_status":"closed","ping_status":"closed","template":"templates\/landing.php","meta":{"inline_featured_image":false,"ngg_post_thumbnail":0,"footnotes":""},"class_list":["post-1618","page","type-page","status-publish","has-post-thumbnail","hentry","entry","has-media"],"_links":{"self":[{"href":"https:\/\/www2.unifap.br\/prosear\/wp-json\/wp\/v2\/pages\/1618","targetHints":{"allow":["GET"]}}],"collection":[{"href":"https:\/\/www2.unifap.br\/prosear\/wp-json\/wp\/v2\/pages"}],"about":[{"href":"https:\/\/www2.unifap.br\/prosear\/wp-json\/wp\/v2\/types\/page"}],"author":[{"embeddable":true,"href":"https:\/\/www2.unifap.br\/prosear\/wp-json\/wp\/v2\/users\/205"}],"replies":[{"embeddable":true,"href":"https:\/\/www2.unifap.br\/prosear\/wp-json\/wp\/v2\/comments?post=1618"}],"version-history":[{"count":2,"href":"https:\/\/www2.unifap.br\/prosear\/wp-json\/wp\/v2\/pages\/1618\/revisions"}],"predecessor-version":[{"id":1621,"href":"https:\/\/www2.unifap.br\/prosear\/wp-json\/wp\/v2\/pages\/1618\/revisions\/1621"}],"wp:featuredmedia":[{"embeddable":true,"href":"https:\/\/www2.unifap.br\/prosear\/wp-json\/wp\/v2\/media\/1619"}],"wp:attachment":[{"href":"https:\/\/www2.unifap.br\/prosear\/wp-json\/wp\/v2\/media?parent=1618"}],"curies":[{"name":"wp","href":"https:\/\/api.w.org\/{rel}","templated":true}]}}