{"id":766,"date":"2022-01-02T18:52:02","date_gmt":"2022-01-02T20:52:02","guid":{"rendered":"http:\/\/www2.unifap.br\/prosear\/?page_id=766"},"modified":"2022-10-10T15:04:37","modified_gmt":"2022-10-10T18:04:37","slug":"contato","status":"publish","type":"page","link":"https:\/\/www2.unifap.br\/prosear\/contato","title":{"rendered":"Entre em Contato Conosco"},"content":{"rendered":"<p>Entre em Contato Conosco<\/p>\n<div class=\"sXLaOe\">Rod. Josmar Chaves Pinto, km 02 &#8211; Jardim Marco Zero, Macap\u00e1 &#8211; AP, 68903-419<\/div>\n<div class=\"HaiMjb\">Universidade Federal do Amap\u00e1, endere\u00e7o<\/div>\n<hr>\n<p><span style=\"font-family: arial, helvetica, sans-serif;font-size: 10pt\"><strong>CONSIDERANDO<\/strong>:&nbsp;<span style=\"color: #0000ff\"><em>Projeto Social Ensinar e Aprender &#8211; PROSEAR<\/em> Cursos e Preparat\u00f3rio para Concurso P\u00fablico e Enem &#8211;&nbsp;<a style=\"color: #0000ff\" title=\"Projeto Social Ensinar e Aprender - PROSEAR Cursos e Preparat\u00f3rio para Concurso P\u00fablico\" href=\"https:\/\/sigaa.unifap.br\/sigaa\/link\/public\/extensao\/visualizacaoAcaoExtensao\/91794542\" target=\"_blank\" rel=\"noopener noreferrer\">Registro PJ050-2021<\/a>&nbsp;e 65\/2019.<\/span><\/span><\/p>\n<p><span style=\"font-family: arial, helvetica, sans-serif;font-size: 10pt\"><strong>Do:&nbsp;<\/strong><span style=\"color: #0000ff\">Projeto PROSEAR 65\/2019 &#8211; Sala Tempor\u00e1ria atr\u00e1s do Banco Santander, Centro de Viv\u00eancia, Fone: (96) <em>99155-3447<\/em>&nbsp;&#8211; <\/span><\/span><\/p>\n<p><span style=\"font-family: arial, helvetica, sans-serif;font-size: 10pt\"><span style=\"color: #0000ff\">E-mail:&nbsp;<a style=\"color: #0000ff;text-decoration: underline\" href=\"mailto:msa@unifap.br,\"><em>msa@unifap.br<\/em>,<\/a> Coordenador Gera do PROJETO<\/span><\/span><\/p>\n<p><span style=\"font-family: arial, helvetica, sans-serif;font-size: 10pt\"><span style=\"color: #0000ff\">E-mail:&nbsp;<em>prosear@unifap.br<\/em>, PROJETO<\/span><\/span><\/p>\n<p><span style=\"font-family: arial, helvetica, sans-serif;font-size: 10pt\"><span style=\"color: #0000ff\"><em><a style=\"color: #0000ff;text-decoration: underline\" title=\"PROSEAR Projeto social ensinar e aprender. www2.unifap.br\/prosear\" href=\"https:\/\/www.instagram.com\/projeto_prosear\/\" target=\"_blank\" rel=\"noopener noreferrer\">instagram.com\/projeto_prosear\/<\/a><\/em><\/span><\/span><\/p>\n<p style=\"text-align: center\"><span style=\"font-family: arial, helvetica, sans-serif;font-size: 10pt\"><span style=\"color: #0000ff\"><em>Site:&nbsp;<a style=\"color: #0000ff;text-decoration: underline\" title=\" PROJETO SOCIAL ENSINAR E APRENDER - PROSEAR\" href=\"https:\/\/www2.unifap.br\/prosear\/\" target=\"_blank\" rel=\"noopener noreferrer\">https:\/\/www2.unifap.br\/prosear<\/a>.<\/em><\/span><\/span><\/p>\n<hr>\n<p>&nbsp;<\/p>\n<p><span style=\"font-family: arial, helvetica, sans-serif;font-size: 10pt\"><strong>\u00c0:<\/strong> DESTINAT\u00c1RIO&nbsp;<\/span><\/p>\n<p><!--more--><\/p>\n<p style=\"text-align: justify\"><span style=\"font-family: 'trebuchet ms', geneva, sans-serif;font-size: 10pt\"><strong>PROSEAR<\/strong>&nbsp;&#8211; \u00e9 um programa (<em>Educa\u00e7\u00e3o, Sa\u00fade e Cultura<\/em>).&nbsp;<strong><span style=\"background-color: #ffff99\">Ofertar atrav\u00e9s de uma coopera\u00e7\u00e3o t\u00e9cnica entre a UNIFAP e este \u00d3rg\u00e3o p\u00fablico<\/span><\/strong>. Cursos profissionalizantes destinados ao cidad\u00e3o carente, que possui pouca ou nenhuma oportunidade para realizar a sua forma\u00e7\u00e3o em tais cursos. Assim, com objetivo de proporcionar aos alunos ingressantes a entrada no mercado de trabalho, com a maior brevidade poss\u00edvel, sem ferir a qualidade e o conte\u00fado ministrado, desenvolveram-se cursos com dura\u00e7\u00e3o de 10 a 60 horas.<\/span><\/p>\n<p style=\"text-align: center\"><span style=\"font-family: 'trebuchet ms', geneva, sans-serif;font-size: 10pt\"><strong>O programa PROSEAR visam:<\/strong><\/span><\/p>\n<ul>\n<li><span style=\"font-family: 'trebuchet ms', geneva, sans-serif;font-size: 10pt\">Qualificar jovens e adultos das diversas comunidades carentes, sem recurso financeiro, para pagamento de um curso.<\/span><\/li>\n<li><span style=\"font-family: 'trebuchet ms', geneva, sans-serif;font-size: 10pt\">Incentivar a sociedade,&nbsp;empreendedores sociais \u00e0 a\u00e7\u00e3o social voltada para empregabilidade.<\/span><\/li>\n<li><span style=\"font-family: 'trebuchet ms', geneva, sans-serif;font-size: 10pt\">Se poss\u00edvel, colaborar com as diversas associa\u00e7\u00f5es no uso sustent\u00e1vel e social da sua estrutura f\u00edsica de maneira eficiente e eficaz em prol das comunidades carentes e circunvizinhas.<\/span><\/li>\n<\/ul>\n<p style=\"text-align: center\"><span style=\"font-family: 'trebuchet ms', geneva, sans-serif;font-size: 10pt\"><strong>Objetivo Espec\u00edficos:<\/strong><\/span><\/p>\n<ul>\n<li><span style=\"font-family: 'trebuchet ms', geneva, sans-serif;font-size: 10pt\">Comunit\u00e1rio;<\/span><\/li>\n<li><span style=\"font-family: 'trebuchet ms', geneva, sans-serif;font-size: 10pt\">Levar a Universidade as comunidades, no estado do Amap\u00e1 com o projeto de Extens\u00e3o<\/span><\/li>\n<li><span style=\"font-family: 'trebuchet ms', geneva, sans-serif;font-size: 10pt\">Aplicar na pr\u00e1tica o ensino desenvolvidos pelos estudantes da Universidade<\/span><\/li>\n<li><span style=\"font-family: 'trebuchet ms', geneva, sans-serif;font-size: 10pt\">Emitir Certifica\u00e7\u00e3o e criar oportunidades por meio da UNIFAP.<\/span><\/li>\n<\/ul>\n<p style=\"text-align: center\"><span style=\"font-family: 'trebuchet ms', geneva, sans-serif;font-size: 10pt\"><strong>Os cursos oferecidos,<span style=\"text-decoration: underline\">&nbsp;por\u00e9m, n\u00e3o se limitando a estes<\/span>, s\u00e3o:<\/strong><\/span><\/p>\n<ul>\n<li style=\"text-align: left\"><span style=\"font-family: 'trebuchet ms', geneva, sans-serif;font-size: 10pt\"><em>Auxiliar Administra\u00e7\u00e3o, 60h<\/em><\/span><\/li>\n<li style=\"text-align: left\"><span style=\"font-family: 'trebuchet ms', geneva, sans-serif;font-size: 10pt\"><em>Secretariado Escolar, 30h<\/em><\/span><\/li>\n<li style=\"text-align: left\"><span style=\"font-family: 'trebuchet ms', geneva, sans-serif;font-size: 10pt\"><em>Inform\u00e1tica, 60h (Desde que tenha equipamentos)*<\/em><\/span><\/li>\n<li style=\"text-align: left\"><span style=\"font-family: 'trebuchet ms', geneva, sans-serif;font-size: 10pt\"><em>Curr\u00edculo Lattes, 10h<\/em><\/span><\/li>\n<li style=\"text-align: left\"><span style=\"font-family: 'trebuchet ms', geneva, sans-serif;font-size: 10pt\"><em>Preparat\u00f3rio para Concurso P\u00fablico e Vestibular &#8220;Enem&#8221;<\/em><\/span><\/li>\n<\/ul>\n<p style=\"text-align: left\"><span style=\"font-family: 'trebuchet ms', geneva, sans-serif;font-size: 10pt\">Cordialmente,<\/span><\/p>\n","protected":false},"excerpt":{"rendered":"<p>Entre em Contato Conosco Rod. Josmar Chaves Pinto, km 02 &#8211; Jardim Marco Zero, Macap\u00e1 &#8211; AP, 68903-419 Universidade Federal do Amap\u00e1, endere\u00e7o CONSIDERANDO:&nbsp;Projeto Social Ensinar e Aprender &#8211; PROSEAR Cursos e Preparat\u00f3rio para Concurso P\u00fablico e Enem &#8211;&nbsp;Registro PJ050-2021&nbsp;e 65\/2019. Do:&nbsp;Projeto PROSEAR 65\/2019 &#8211; Sala Tempor\u00e1ria atr\u00e1s do Banco Santander, Centro de Viv\u00eancia, Fone:&#8230;<\/p>\n","protected":false},"author":205,"featured_media":0,"parent":0,"menu_order":0,"comment_status":"closed","ping_status":"closed","template":"","meta":{"inline_featured_image":false,"ngg_post_thumbnail":0,"footnotes":""},"class_list":["post-766","page","type-page","status-publish","hentry","entry"],"_links":{"self":[{"href":"https:\/\/www2.unifap.br\/prosear\/wp-json\/wp\/v2\/pages\/766","targetHints":{"allow":["GET"]}}],"collection":[{"href":"https:\/\/www2.unifap.br\/prosear\/wp-json\/wp\/v2\/pages"}],"about":[{"href":"https:\/\/www2.unifap.br\/prosear\/wp-json\/wp\/v2\/types\/page"}],"author":[{"embeddable":true,"href":"https:\/\/www2.unifap.br\/prosear\/wp-json\/wp\/v2\/users\/205"}],"replies":[{"embeddable":true,"href":"https:\/\/www2.unifap.br\/prosear\/wp-json\/wp\/v2\/comments?post=766"}],"version-history":[{"count":5,"href":"https:\/\/www2.unifap.br\/prosear\/wp-json\/wp\/v2\/pages\/766\/revisions"}],"predecessor-version":[{"id":1241,"href":"https:\/\/www2.unifap.br\/prosear\/wp-json\/wp\/v2\/pages\/766\/revisions\/1241"}],"wp:attachment":[{"href":"https:\/\/www2.unifap.br\/prosear\/wp-json\/wp\/v2\/media?parent=766"}],"curies":[{"name":"wp","href":"https:\/\/api.w.org\/{rel}","templated":true}]}}