{"id":161,"date":"2016-03-21T04:21:18","date_gmt":"2016-03-21T07:21:18","guid":{"rendered":"http:\/\/www2.unifap.br\/quimica\/?page_id=161"},"modified":"2024-10-06T01:00:21","modified_gmt":"2024-10-06T04:00:21","slug":"grupos-de-pesquisa","status":"publish","type":"page","link":"https:\/\/www2.unifap.br\/quimica\/grupos-de-pesquisa\/","title":{"rendered":"Grupos de Pesquisa"},"content":{"rendered":"\t\t<div data-elementor-type=\"wp-page\" data-elementor-id=\"161\" class=\"elementor elementor-161\">\n\t\t\t\t\t\t<section class=\"elementor-section elementor-top-section elementor-element elementor-element-84a5e14 elementor-section-boxed elementor-section-height-default elementor-section-height-default\" data-id=\"84a5e14\" data-element_type=\"section\" data-e-type=\"section\">\n\t\t\t\t\t\t<div class=\"elementor-container elementor-column-gap-default\">\n\t\t\t\t\t<div class=\"elementor-column elementor-col-100 elementor-top-column elementor-element elementor-element-ddf76e9\" data-id=\"ddf76e9\" data-element_type=\"column\" data-e-type=\"column\">\n\t\t\t<div class=\"elementor-widget-wrap elementor-element-populated\">\n\t\t\t\t\t\t<div class=\"elementor-element elementor-element-8e1d8c3 elementor-widget elementor-widget-spacer\" data-id=\"8e1d8c3\" data-element_type=\"widget\" data-e-type=\"widget\" data-widget_type=\"spacer.default\">\n\t\t\t\t<div class=\"elementor-widget-container\">\n\t\t\t\t\t\t\t<div class=\"elementor-spacer\">\n\t\t\t<div class=\"elementor-spacer-inner\"><\/div>\n\t\t<\/div>\n\t\t\t\t\t\t<\/div>\n\t\t\t\t<\/div>\n\t\t\t\t\t<\/div>\n\t\t<\/div>\n\t\t\t\t\t<\/div>\n\t\t<\/section>\n\t\t\t\t<section class=\"elementor-section elementor-top-section elementor-element elementor-element-e0acef8 elementor-section-boxed elementor-section-height-default elementor-section-height-default\" data-id=\"e0acef8\" data-element_type=\"section\" data-e-type=\"section\">\n\t\t\t\t\t\t<div class=\"elementor-container elementor-column-gap-default\">\n\t\t\t\t\t<div class=\"elementor-column elementor-col-100 elementor-top-column elementor-element elementor-element-0437958\" data-id=\"0437958\" data-element_type=\"column\" data-e-type=\"column\">\n\t\t\t<div class=\"elementor-widget-wrap elementor-element-populated\">\n\t\t\t\t\t\t<div class=\"elementor-element elementor-element-b996963 elementor-widget elementor-widget-heading\" data-id=\"b996963\" data-element_type=\"widget\" data-e-type=\"widget\" data-widget_type=\"heading.default\">\n\t\t\t\t<div class=\"elementor-widget-container\">\n\t\t\t\t\t<h1 class=\"elementor-heading-title elementor-size-default\">Grupo de Pesquisas<\/h1>\t\t\t\t<\/div>\n\t\t\t\t<\/div>\n\t\t\t\t\t<\/div>\n\t\t<\/div>\n\t\t\t\t\t<\/div>\n\t\t<\/section>\n\t\t\t\t<section class=\"elementor-section elementor-top-section elementor-element elementor-element-f17a3d7 elementor-section-boxed elementor-section-height-default elementor-section-height-default\" data-id=\"f17a3d7\" data-element_type=\"section\" data-e-type=\"section\">\n\t\t\t\t\t\t<div class=\"elementor-container elementor-column-gap-default\">\n\t\t\t\t\t<div class=\"elementor-column elementor-col-20 elementor-top-column elementor-element elementor-element-67d37d2\" data-id=\"67d37d2\" data-element_type=\"column\" data-e-type=\"column\">\n\t\t\t<div class=\"elementor-widget-wrap elementor-element-populated\">\n\t\t\t\t\t\t<div class=\"elementor-element elementor-element-24a32c6 elementor-widget elementor-widget-naevents_basic_team\" data-id=\"24a32c6\" data-element_type=\"widget\" data-e-type=\"widget\" data-settings=\"{&quot;team_image&quot;:{&quot;url&quot;:&quot;http:\\\/\\\/www2.unifap.br\\\/quimica\\\/files\\\/2023\\\/04\\\/Alex-Lobato2.png&quot;,&quot;id&quot;:&quot;2429&quot;,&quot;size&quot;:&quot;&quot;,&quot;alt&quot;:&quot;&quot;,&quot;source&quot;:&quot;library&quot;}}\" data-widget_type=\"naevents_basic_team.default\">\n\t\t\t\t<div class=\"elementor-widget-container\">\n\t\t\t\t\t\n\t\t<div class=\"naeep-team-item zoom-image\">\n\t\t\t\t\t\t\t<div class=\"naeep-image\">\n\t\t\t\t\t\t\t\t\t\t\t<img decoding=\"async\" src=\"https:\/\/www2.unifap.br\/quimica\/files\/2023\/04\/Alex-Lobato2.png\" alt=\"Prof. Dr. Alex Rodrigues\">\n\t\t\t\t\t\t\t\t\t<\/div>\n\t\t\t\t\t\t<div class=\"mate-info\">\n\t\t\t\t<h3 class=\"team-title\">Prof. Dr. Alex Rodrigues<\/h3><span>Metab\u00f3litos Secund\u00e1rios Bioativos da Amaz\u00f4nia - MeSBA<\/span>\t\t\t\t<div class=\"naeep-social rounded\">\n\t\t\t\t\t\t\t\t\t<\/div>\n\t\t\t\t\t\t\t<\/div>\n\t\t<\/div>\n\t\t\t\t\t\t<\/div>\n\t\t\t\t<\/div>\n\t\t\t\t\t<\/div>\n\t\t<\/div>\n\t\t\t\t<div class=\"elementor-column elementor-col-20 elementor-top-column elementor-element elementor-element-856d2c5\" data-id=\"856d2c5\" data-element_type=\"column\" data-e-type=\"column\">\n\t\t\t<div class=\"elementor-widget-wrap elementor-element-populated\">\n\t\t\t\t\t\t<div class=\"elementor-element elementor-element-ae49800 elementor-widget elementor-widget-naevents_basic_team\" data-id=\"ae49800\" data-element_type=\"widget\" data-e-type=\"widget\" data-settings=\"{&quot;team_image&quot;:{&quot;url&quot;:&quot;http:\\\/\\\/www2.unifap.br\\\/quimica\\\/files\\\/2023\\\/04\\\/Alexandro.png&quot;,&quot;id&quot;:&quot;2431&quot;,&quot;size&quot;:&quot;&quot;,&quot;alt&quot;:&quot;&quot;,&quot;source&quot;:&quot;library&quot;}}\" data-widget_type=\"naevents_basic_team.default\">\n\t\t\t\t<div class=\"elementor-widget-container\">\n\t\t\t\t\t\n\t\t<div class=\"naeep-team-item zoom-image\">\n\t\t\t\t\t\t\t<div class=\"naeep-image\">\n\t\t\t\t\t\t\t\t\t\t\t<img decoding=\"async\" src=\"https:\/\/www2.unifap.br\/quimica\/files\/2023\/04\/Alexandro.png\" alt=\"Prof. Dr. Alexandro Florentino\">\n\t\t\t\t\t\t\t\t\t<\/div>\n\t\t\t\t\t\t<div class=\"mate-info\">\n\t\t\t\t<h3 class=\"team-title\">Prof. Dr. Alexandro Florentino<\/h3><span>Ecologia e Manejo de Recursos Naturais na Amaz\u00f4nia Oriental<\/span>\t\t\t\t<div class=\"naeep-social rounded\">\n\t\t\t\t\t\t\t\t\t<\/div>\n\t\t\t\t\t\t\t<\/div>\n\t\t<\/div>\n\t\t\t\t\t\t<\/div>\n\t\t\t\t<\/div>\n\t\t\t\t\t<\/div>\n\t\t<\/div>\n\t\t\t\t<div class=\"elementor-column elementor-col-20 elementor-top-column elementor-element elementor-element-97759e4\" data-id=\"97759e4\" data-element_type=\"column\" data-e-type=\"column\">\n\t\t\t<div class=\"elementor-widget-wrap elementor-element-populated\">\n\t\t\t\t\t\t<div class=\"elementor-element elementor-element-926ba82 elementor-widget elementor-widget-naevents_basic_team\" data-id=\"926ba82\" data-element_type=\"widget\" data-e-type=\"widget\" data-settings=\"{&quot;team_image&quot;:{&quot;url&quot;:&quot;http:\\\/\\\/www2.unifap.br\\\/quimica\\\/files\\\/2024\\\/10\\\/Irlon.png&quot;,&quot;id&quot;:&quot;3882&quot;,&quot;size&quot;:&quot;&quot;,&quot;alt&quot;:&quot;&quot;,&quot;source&quot;:&quot;library&quot;}}\" data-widget_type=\"naevents_basic_team.default\">\n\t\t\t\t<div class=\"elementor-widget-container\">\n\t\t\t\t\t\n\t\t<div class=\"naeep-team-item zoom-image\">\n\t\t\t\t\t\t\t<div class=\"naeep-image\">\n\t\t\t\t\t\t\t\t\t\t\t<img decoding=\"async\" src=\"https:\/\/www2.unifap.br\/quimica\/files\/2024\/10\/Irlon.png\" alt=\"Prof. Dr. Irlon Maciel\">\n\t\t\t\t\t\t\t\t\t<\/div>\n\t\t\t\t\t\t<div class=\"mate-info\">\n\t\t\t\t<h3 class=\"team-title\">Prof. Dr. Irlon Maciel<\/h3><span>Grupo de Biocat\u00e1lise e Biotransforma\u00e7\u00e3o em Qu\u00edmica Org\u00e2nica - Biorg<\/span>\t\t\t\t<div class=\"naeep-social rounded\">\n\t\t\t\t\t\t\t\t\t<\/div>\n\t\t\t\t\t\t\t<\/div>\n\t\t<\/div>\n\t\t\t\t\t\t<\/div>\n\t\t\t\t<\/div>\n\t\t\t\t\t<\/div>\n\t\t<\/div>\n\t\t\t\t<div class=\"elementor-column elementor-col-20 elementor-top-column elementor-element elementor-element-d4f4d8b\" data-id=\"d4f4d8b\" data-element_type=\"column\" data-e-type=\"column\">\n\t\t\t<div class=\"elementor-widget-wrap elementor-element-populated\">\n\t\t\t\t\t\t<div class=\"elementor-element elementor-element-7a68efb elementor-widget elementor-widget-naevents_basic_team\" data-id=\"7a68efb\" data-element_type=\"widget\" data-e-type=\"widget\" data-settings=\"{&quot;team_image&quot;:{&quot;url&quot;:&quot;http:\\\/\\\/www2.unifap.br\\\/quimica\\\/files\\\/2024\\\/10\\\/Joel.png&quot;,&quot;id&quot;:&quot;3884&quot;,&quot;size&quot;:&quot;&quot;,&quot;alt&quot;:&quot;&quot;,&quot;source&quot;:&quot;library&quot;}}\" data-widget_type=\"naevents_basic_team.default\">\n\t\t\t\t<div class=\"elementor-widget-container\">\n\t\t\t\t\t\n\t\t<div class=\"naeep-team-item zoom-image\">\n\t\t\t\t\t\t\t<div class=\"naeep-image\">\n\t\t\t\t\t\t\t\t\t\t\t<img decoding=\"async\" src=\"https:\/\/www2.unifap.br\/quimica\/files\/2024\/10\/Joel.png\" alt=\"Prof. Dr. Joel Diniz\">\n\t\t\t\t\t\t\t\t\t<\/div>\n\t\t\t\t\t\t<div class=\"mate-info\">\n\t\t\t\t<h3 class=\"team-title\">Prof. Dr. Joel Diniz<\/h3><span>Estudo Hidrogeoqu\u00edmico de \u00c1guas Superficiais e Subterr\u00e2neas<\/span>\t\t\t\t<div class=\"naeep-social rounded\">\n\t\t\t\t\t\t\t\t\t<\/div>\n\t\t\t\t\t\t\t<\/div>\n\t\t<\/div>\n\t\t\t\t\t\t<\/div>\n\t\t\t\t<\/div>\n\t\t\t\t\t<\/div>\n\t\t<\/div>\n\t\t\t\t<div class=\"elementor-column elementor-col-20 elementor-top-column elementor-element elementor-element-838ce3f\" data-id=\"838ce3f\" data-element_type=\"column\" data-e-type=\"column\">\n\t\t\t<div class=\"elementor-widget-wrap elementor-element-populated\">\n\t\t\t\t\t\t<div class=\"elementor-element elementor-element-db48788 elementor-widget elementor-widget-naevents_basic_team\" data-id=\"db48788\" data-element_type=\"widget\" data-e-type=\"widget\" data-settings=\"{&quot;team_image&quot;:{&quot;url&quot;:&quot;http:\\\/\\\/www2.unifap.br\\\/quimica\\\/files\\\/2023\\\/04\\\/Kelton2.png&quot;,&quot;id&quot;:&quot;2437&quot;,&quot;size&quot;:&quot;&quot;,&quot;alt&quot;:&quot;&quot;,&quot;source&quot;:&quot;library&quot;}}\" data-widget_type=\"naevents_basic_team.default\">\n\t\t\t\t<div class=\"elementor-widget-container\">\n\t\t\t\t\t\n\t\t<div class=\"naeep-team-item zoom-image\">\n\t\t\t\t\t\t\t<div class=\"naeep-image\">\n\t\t\t\t\t\t\t\t\t\t\t<img decoding=\"async\" src=\"https:\/\/www2.unifap.br\/quimica\/files\/2023\/04\/Kelton2.png\" alt=\"Prof. Dr. Kelton Bel\u00e9m\">\n\t\t\t\t\t\t\t\t\t<\/div>\n\t\t\t\t\t\t<div class=\"mate-info\">\n\t\t\t\t<h3 class=\"team-title\">Prof. Dr. Kelton Bel\u00e9m<\/h3><span>N\u00facleo de Estudos no Ensino de Qu\u00edmica - NEEQ<\/span>\t\t\t\t<div class=\"naeep-social rounded\">\n\t\t\t\t\t\t\t\t\t<\/div>\n\t\t\t\t\t\t\t<\/div>\n\t\t<\/div>\n\t\t\t\t\t\t<\/div>\n\t\t\t\t<\/div>\n\t\t\t\t\t<\/div>\n\t\t<\/div>\n\t\t\t\t\t<\/div>\n\t\t<\/section>\n\t\t\t\t<section class=\"elementor-section elementor-top-section elementor-element elementor-element-30d9b80 elementor-section-boxed elementor-section-height-default elementor-section-height-default\" data-id=\"30d9b80\" data-element_type=\"section\" data-e-type=\"section\">\n\t\t\t\t\t\t<div class=\"elementor-container elementor-column-gap-default\">\n\t\t\t\t\t<div class=\"elementor-column elementor-col-100 elementor-top-column elementor-element elementor-element-4b698f4\" data-id=\"4b698f4\" data-element_type=\"column\" data-e-type=\"column\">\n\t\t\t<div class=\"elementor-widget-wrap elementor-element-populated\">\n\t\t\t\t\t\t<div class=\"elementor-element elementor-element-ddeb214 elementor-widget elementor-widget-spacer\" data-id=\"ddeb214\" data-element_type=\"widget\" data-e-type=\"widget\" data-widget_type=\"spacer.default\">\n\t\t\t\t<div class=\"elementor-widget-container\">\n\t\t\t\t\t\t\t<div class=\"elementor-spacer\">\n\t\t\t<div class=\"elementor-spacer-inner\"><\/div>\n\t\t<\/div>\n\t\t\t\t\t\t<\/div>\n\t\t\t\t<\/div>\n\t\t\t\t\t<\/div>\n\t\t<\/div>\n\t\t\t\t\t<\/div>\n\t\t<\/section>\n\t\t\t\t<\/div>\n\t\t","protected":false},"excerpt":{"rendered":"<p>Grupo de Pesquisas Prof. Dr. Alex Rodrigues Metab\u00f3litos Secund\u00e1rios Bioativos da Amaz\u00f4nia &#8211; MeSBA Prof. Dr. Alexandro Florentino Ecologia e Manejo de Recursos Naturais na Amaz\u00f4nia Oriental Prof. Dr. Irlon Maciel Grupo de Biocat\u00e1lise e Biotransforma\u00e7\u00e3o em Qu\u00edmica Org\u00e2nica &#8211; Biorg Prof. Dr. Joel Diniz Estudo Hidrogeoqu\u00edmico de \u00c1guas Superficiais e Subterr\u00e2neas Prof. Dr. Kelton&#8230;<\/p>\n","protected":false},"author":855,"featured_media":0,"parent":0,"menu_order":2,"comment_status":"closed","ping_status":"closed","template":"elementor_header_footer","meta":{"inline_featured_image":false,"ngg_post_thumbnail":0,"footnotes":""},"class_list":["post-161","page","type-page","status-publish","hentry","entry"],"_links":{"self":[{"href":"https:\/\/www2.unifap.br\/quimica\/wp-json\/wp\/v2\/pages\/161","targetHints":{"allow":["GET"]}}],"collection":[{"href":"https:\/\/www2.unifap.br\/quimica\/wp-json\/wp\/v2\/pages"}],"about":[{"href":"https:\/\/www2.unifap.br\/quimica\/wp-json\/wp\/v2\/types\/page"}],"author":[{"embeddable":true,"href":"https:\/\/www2.unifap.br\/quimica\/wp-json\/wp\/v2\/users\/855"}],"replies":[{"embeddable":true,"href":"https:\/\/www2.unifap.br\/quimica\/wp-json\/wp\/v2\/comments?post=161"}],"version-history":[{"count":48,"href":"https:\/\/www2.unifap.br\/quimica\/wp-json\/wp\/v2\/pages\/161\/revisions"}],"predecessor-version":[{"id":3917,"href":"https:\/\/www2.unifap.br\/quimica\/wp-json\/wp\/v2\/pages\/161\/revisions\/3917"}],"wp:attachment":[{"href":"https:\/\/www2.unifap.br\/quimica\/wp-json\/wp\/v2\/media?parent=161"}],"curies":[{"name":"wp","href":"https:\/\/api.w.org\/{rel}","templated":true}]}}