{"id":25,"date":"2016-01-26T22:59:59","date_gmt":"2016-01-27T01:59:59","guid":{"rendered":"http:\/\/www2.unifap.br\/quimica\/?page_id=25"},"modified":"2025-06-15T07:30:00","modified_gmt":"2025-06-15T10:30:00","slug":"matriz-curricular","status":"publish","type":"page","link":"https:\/\/www2.unifap.br\/quimica\/matriz-curricular\/","title":{"rendered":"Matriz Curricular"},"content":{"rendered":"\t\t<div data-elementor-type=\"wp-page\" data-elementor-id=\"25\" class=\"elementor elementor-25\">\n\t\t\t\t\t\t<section class=\"elementor-section elementor-top-section elementor-element elementor-element-c8a37ec elementor-section-boxed elementor-section-height-default elementor-section-height-default\" data-id=\"c8a37ec\" data-element_type=\"section\" data-e-type=\"section\">\n\t\t\t\t\t\t<div class=\"elementor-container elementor-column-gap-default\">\n\t\t\t\t\t<div class=\"elementor-column elementor-col-100 elementor-top-column elementor-element elementor-element-f4ff07a\" data-id=\"f4ff07a\" data-element_type=\"column\" data-e-type=\"column\">\n\t\t\t<div class=\"elementor-widget-wrap elementor-element-populated\">\n\t\t\t\t\t\t<div class=\"elementor-element elementor-element-2d05a7e elementor-widget elementor-widget-heading\" data-id=\"2d05a7e\" data-element_type=\"widget\" data-e-type=\"widget\" data-widget_type=\"heading.default\">\n\t\t\t\t<div class=\"elementor-widget-container\">\n\t\t\t\t\t<h1 class=\"elementor-heading-title elementor-size-large\">Matriz Curricular n\u00ba 2015-2024<\/h1>\t\t\t\t<\/div>\n\t\t\t\t<\/div>\n\t\t\t\t\t<\/div>\n\t\t<\/div>\n\t\t\t\t\t<\/div>\n\t\t<\/section>\n\t\t\t\t<section class=\"elementor-section elementor-top-section elementor-element elementor-element-db3c452 elementor-section-boxed elementor-section-height-default elementor-section-height-default\" data-id=\"db3c452\" data-element_type=\"section\" data-e-type=\"section\">\n\t\t\t\t\t\t<div class=\"elementor-container elementor-column-gap-default\">\n\t\t\t\t\t<div class=\"elementor-column elementor-col-100 elementor-top-column elementor-element elementor-element-47e7962\" data-id=\"47e7962\" data-element_type=\"column\" data-e-type=\"column\">\n\t\t\t<div class=\"elementor-widget-wrap elementor-element-populated\">\n\t\t\t\t\t\t<div class=\"elementor-element elementor-element-43127a2 elementor-widget elementor-widget-accordion\" data-id=\"43127a2\" data-element_type=\"widget\" data-e-type=\"widget\" data-widget_type=\"accordion.default\">\n\t\t\t\t<div class=\"elementor-widget-container\">\n\t\t\t\t\t\t\t<div class=\"elementor-accordion\">\n\t\t\t\t\t\t\t<div class=\"elementor-accordion-item\">\n\t\t\t\t\t<div id=\"elementor-tab-title-7031\" class=\"elementor-tab-title\" data-tab=\"1\" role=\"button\" aria-controls=\"elementor-tab-content-7031\" aria-expanded=\"false\">\n\t\t\t\t\t\t\t\t\t\t\t\t\t<span class=\"elementor-accordion-icon elementor-accordion-icon-left\" aria-hidden=\"true\">\n\t\t\t\t\t\t\t\t\t\t\t\t\t\t\t<span class=\"elementor-accordion-icon-closed\"><i class=\"fas fa-plus\"><\/i><\/span>\n\t\t\t\t\t\t\t\t<span class=\"elementor-accordion-icon-opened\"><i class=\"fas fa-minus\"><\/i><\/span>\n\t\t\t\t\t\t\t\t\t\t\t\t\t\t<\/span>\n\t\t\t\t\t\t\t\t\t\t\t\t<a class=\"elementor-accordion-title\" tabindex=\"0\">1\u00ba Semestre<\/a>\n\t\t\t\t\t<\/div>\n\t\t\t\t\t<div id=\"elementor-tab-content-7031\" class=\"elementor-tab-content elementor-clearfix\" data-tab=\"1\" role=\"region\" aria-labelledby=\"elementor-tab-title-7031\"><table><tbody><tr><td width=\"217\"><p style=\"text-align: center\"><strong>DISCIPLINA<\/strong><\/p><\/td><td width=\"113\"><p style=\"text-align: center\"><strong>CR\u00c9DITOS<\/strong><\/p><\/td><td width=\"158\"><p style=\"text-align: center\"><strong>CARGA HOR\u00c1RIA<\/strong><\/p><\/td><\/tr><tr><td width=\"217\"><p>Fundamentos da Matem\u00e1tica<\/p><\/td><td width=\"113\"><p style=\"text-align: center\">4<\/p><\/td><td width=\"158\"><p style=\"text-align: center\">60<\/p><\/td><\/tr><tr><td width=\"217\"><p>Hist\u00f3ria da Qu\u00edmica<\/p><\/td><td width=\"113\"><p style=\"text-align: center\">4<\/p><\/td><td width=\"158\"><p style=\"text-align: center\">60<\/p><\/td><\/tr><tr><td width=\"217\"><p>Portugu\u00eas Instrumental<\/p><\/td><td width=\"113\"><p style=\"text-align: center\">4<\/p><\/td><td width=\"158\"><p style=\"text-align: center\">60<\/p><\/td><\/tr><tr><td width=\"217\"><p>Qu\u00edmica e Seguran\u00e7a<\/p><\/td><td width=\"113\"><p style=\"text-align: center\">4<\/p><\/td><td width=\"158\"><p style=\"text-align: center\">60<\/p><\/td><\/tr><tr><td width=\"217\"><p>Metodologia Cient\u00edfica<\/p><\/td><td width=\"113\"><p style=\"text-align: center\">4<\/p><\/td><td width=\"158\"><p style=\"text-align: center\">60<\/p><\/td><\/tr><tr><td style=\"text-align: center\" width=\"217\"><p><strong>TOTAL<\/strong><\/p><\/td><td style=\"text-align: center\" width=\"113\"><p><strong>20<\/strong><\/p><\/td><td width=\"158\"><p style=\"text-align: center\"><strong>300 h<\/strong><\/p><\/td><\/tr><\/tbody><\/table><\/div>\n\t\t\t\t<\/div>\n\t\t\t\t\t\t\t<div class=\"elementor-accordion-item\">\n\t\t\t\t\t<div id=\"elementor-tab-title-7032\" class=\"elementor-tab-title\" data-tab=\"2\" role=\"button\" aria-controls=\"elementor-tab-content-7032\" aria-expanded=\"false\">\n\t\t\t\t\t\t\t\t\t\t\t\t\t<span class=\"elementor-accordion-icon elementor-accordion-icon-left\" aria-hidden=\"true\">\n\t\t\t\t\t\t\t\t\t\t\t\t\t\t\t<span class=\"elementor-accordion-icon-closed\"><i class=\"fas fa-plus\"><\/i><\/span>\n\t\t\t\t\t\t\t\t<span class=\"elementor-accordion-icon-opened\"><i class=\"fas fa-minus\"><\/i><\/span>\n\t\t\t\t\t\t\t\t\t\t\t\t\t\t<\/span>\n\t\t\t\t\t\t\t\t\t\t\t\t<a class=\"elementor-accordion-title\" tabindex=\"0\">2\u00ba Semestre<\/a>\n\t\t\t\t\t<\/div>\n\t\t\t\t\t<div id=\"elementor-tab-content-7032\" class=\"elementor-tab-content elementor-clearfix\" data-tab=\"2\" role=\"region\" aria-labelledby=\"elementor-tab-title-7032\"><table><tbody><tr><td width=\"305\"><p style=\"text-align: center\"><strong>DISCIPLINA<\/strong><\/p><\/td><td width=\"113\"><p style=\"text-align: center\"><strong>CR\u00c9DITOS<\/strong><\/p><\/td><td width=\"158\"><p style=\"text-align: center\"><strong>CARGA HOR\u00c1RIA<\/strong><\/p><\/td><\/tr><tr><td width=\"305\"><p>Filosofia e \u00c9tica Profissional<\/p><\/td><td width=\"113\"><p style=\"text-align: center\">4<\/p><\/td><td width=\"158\"><p style=\"text-align: center\">60<\/p><\/td><\/tr><tr><td width=\"305\"><p>F\u00edsica I<\/p><\/td><td width=\"113\"><p style=\"text-align: center\">6<\/p><\/td><td width=\"158\"><p style=\"text-align: center\">90<\/p><\/td><\/tr><tr><td width=\"305\"><p>Qu\u00edmica Geral<\/p><\/td><td width=\"113\"><p style=\"text-align: center\">6<\/p><\/td><td width=\"158\"><p style=\"text-align: center\">90<\/p><\/td><\/tr><tr><td width=\"305\"><p>Qu\u00edmica Geral Experimental<\/p><\/td><td width=\"113\"><p style=\"text-align: center\">4<\/p><\/td><td width=\"158\"><p style=\"text-align: center\">60<\/p><\/td><\/tr><tr><td width=\"305\"><p>C\u00e1lculo Diferencial e Integral I<\/p><\/td><td width=\"113\"><p style=\"text-align: center\">6<\/p><\/td><td width=\"158\"><p style=\"text-align: center\">90<\/p><\/td><\/tr><tr><td width=\"305\"><p style=\"text-align: center\"><strong>TOTAL<\/strong><\/p><\/td><td style=\"text-align: center\" width=\"113\"><p style=\"text-align: center\"><strong>26<\/strong><\/p><\/td><td width=\"158\"><p style=\"text-align: center\"><strong>390 h<\/strong><\/p><\/td><\/tr><\/tbody><\/table><\/div>\n\t\t\t\t<\/div>\n\t\t\t\t\t\t\t<div class=\"elementor-accordion-item\">\n\t\t\t\t\t<div id=\"elementor-tab-title-7033\" class=\"elementor-tab-title\" data-tab=\"3\" role=\"button\" aria-controls=\"elementor-tab-content-7033\" aria-expanded=\"false\">\n\t\t\t\t\t\t\t\t\t\t\t\t\t<span class=\"elementor-accordion-icon elementor-accordion-icon-left\" aria-hidden=\"true\">\n\t\t\t\t\t\t\t\t\t\t\t\t\t\t\t<span class=\"elementor-accordion-icon-closed\"><i class=\"fas fa-plus\"><\/i><\/span>\n\t\t\t\t\t\t\t\t<span class=\"elementor-accordion-icon-opened\"><i class=\"fas fa-minus\"><\/i><\/span>\n\t\t\t\t\t\t\t\t\t\t\t\t\t\t<\/span>\n\t\t\t\t\t\t\t\t\t\t\t\t<a class=\"elementor-accordion-title\" tabindex=\"0\">3\u00ba Semestre<\/a>\n\t\t\t\t\t<\/div>\n\t\t\t\t\t<div id=\"elementor-tab-content-7033\" class=\"elementor-tab-content elementor-clearfix\" data-tab=\"3\" role=\"region\" aria-labelledby=\"elementor-tab-title-7033\"><table><tbody><tr><td width=\"305\"><p style=\"text-align: center\"><strong>DISCIPLINA<\/strong><\/p><\/td><td style=\"text-align: center\" width=\"113\"><p><strong>CR\u00c9DITOS<\/strong><\/p><\/td><td width=\"158\"><p style=\"text-align: center\"><strong>CARGA HOR\u00c1RIA<\/strong><\/p><\/td><\/tr><tr><td width=\"305\"><p>F\u00edsica II<\/p><\/td><td width=\"113\"><p style=\"text-align: center\">6<\/p><\/td><td width=\"158\"><p style=\"text-align: center\">90<\/p><\/td><\/tr><tr><td width=\"305\"><p>Qu\u00edmica Inorg\u00e2nica<\/p><\/td><td width=\"113\"><p style=\"text-align: center\">6<\/p><\/td><td width=\"158\"><p style=\"text-align: center\">90<\/p><\/td><\/tr><tr><td width=\"305\"><p style=\"text-align: left\">Did\u00e1tica Geral<\/p><\/td><td style=\"text-align: center\" width=\"113\"><p>4<\/p><\/td><td width=\"158\"><p style=\"text-align: center\">60<\/p><\/td><\/tr><tr><td width=\"305\"><p>Qu\u00edmica Inorg\u00e2nica Experimental<\/p><\/td><td width=\"113\"><p style=\"text-align: center\">4<\/p><\/td><td width=\"158\"><p style=\"text-align: center\">60<\/p><\/td><\/tr><tr><td width=\"305\"><p>Psicologia da Educa\u00e7\u00e3o<\/p><\/td><td width=\"113\"><p style=\"text-align: center\">4<\/p><\/td><td width=\"158\"><p style=\"text-align: center\">60<\/p><\/td><\/tr><tr><td width=\"305\"><p>Pol\u00edtica e Legisla\u00e7\u00e3o Educacional Brasileira<\/p><\/td><td width=\"113\"><p style=\"text-align: center\">4<\/p><\/td><td width=\"158\"><p style=\"text-align: center\">60<\/p><\/td><\/tr><tr><td width=\"305\"><p style=\"text-align: center\"><strong>TOTAL<\/strong><\/p><\/td><td style=\"text-align: center\" width=\"113\"><p><strong>28<\/strong><\/p><\/td><td width=\"158\"><p style=\"text-align: center\"><strong>420 h<\/strong><\/p><\/td><\/tr><\/tbody><\/table><div id=\"gtx-trans\"><div class=\"gtx-trans-icon\">\u00a0<\/div><\/div><\/div>\n\t\t\t\t<\/div>\n\t\t\t\t\t\t\t<div class=\"elementor-accordion-item\">\n\t\t\t\t\t<div id=\"elementor-tab-title-7034\" class=\"elementor-tab-title\" data-tab=\"4\" role=\"button\" aria-controls=\"elementor-tab-content-7034\" aria-expanded=\"false\">\n\t\t\t\t\t\t\t\t\t\t\t\t\t<span class=\"elementor-accordion-icon elementor-accordion-icon-left\" aria-hidden=\"true\">\n\t\t\t\t\t\t\t\t\t\t\t\t\t\t\t<span class=\"elementor-accordion-icon-closed\"><i class=\"fas fa-plus\"><\/i><\/span>\n\t\t\t\t\t\t\t\t<span class=\"elementor-accordion-icon-opened\"><i class=\"fas fa-minus\"><\/i><\/span>\n\t\t\t\t\t\t\t\t\t\t\t\t\t\t<\/span>\n\t\t\t\t\t\t\t\t\t\t\t\t<a class=\"elementor-accordion-title\" tabindex=\"0\">4\u00ba Semestre<\/a>\n\t\t\t\t\t<\/div>\n\t\t\t\t\t<div id=\"elementor-tab-content-7034\" class=\"elementor-tab-content elementor-clearfix\" data-tab=\"4\" role=\"region\" aria-labelledby=\"elementor-tab-title-7034\"><table><tbody><tr><td width=\"305\"><p style=\"text-align: center\"><strong>DISCIPLINA<\/strong><\/p><\/td><td style=\"text-align: center\" width=\"113\"><p><strong>CR\u00c9DITOS<\/strong><\/p><\/td><td width=\"158\"><p style=\"text-align: center\"><strong>CARGA HOR\u00c1RIA<\/strong><\/p><\/td><\/tr><tr><td width=\"305\"><p>Qu\u00edmica Ambiental<\/p><\/td><td width=\"113\"><p style=\"text-align: center\">4<\/p><\/td><td width=\"158\"><p style=\"text-align: center\">60<\/p><\/td><\/tr><tr><td width=\"305\"><p>Pr\u00e1tica de Ensino I<\/p><\/td><td width=\"113\"><p style=\"text-align: center\">7<\/p><\/td><td width=\"158\"><p style=\"text-align: center\">105<\/p><\/td><\/tr><tr><td width=\"305\"><p>F\u00edsico-Qu\u00edmica I<\/p><\/td><td width=\"113\"><p style=\"text-align: center\">5<\/p><\/td><td width=\"158\"><p style=\"text-align: center\">75<\/p><\/td><\/tr><tr><td width=\"305\"><p>Qu\u00edmica Org\u00e2nica I<\/p><\/td><td width=\"113\"><p style=\"text-align: center\">6<\/p><\/td><td width=\"158\"><p style=\"text-align: center\">90<\/p><\/td><\/tr><tr><td width=\"305\"><p>Est\u00e1gio Supervisionado I<\/p><\/td><td width=\"113\"><p style=\"text-align: center\">7<\/p><\/td><td width=\"158\"><p style=\"text-align: center\">105<\/p><\/td><\/tr><tr><td width=\"305\"><p style=\"text-align: center\"><strong>TOTAL<\/strong><\/p><\/td><td width=\"113\"><p style=\"text-align: center\"><strong>29<\/strong><\/p><\/td><td width=\"158\"><p style=\"text-align: center\"><strong>435 h<\/strong><\/p><\/td><\/tr><\/tbody><\/table><div id=\"gtx-trans\"><div class=\"gtx-trans-icon\">\u00a0<\/div><\/div><\/div>\n\t\t\t\t<\/div>\n\t\t\t\t\t\t\t<div class=\"elementor-accordion-item\">\n\t\t\t\t\t<div id=\"elementor-tab-title-7035\" class=\"elementor-tab-title\" data-tab=\"5\" role=\"button\" aria-controls=\"elementor-tab-content-7035\" aria-expanded=\"false\">\n\t\t\t\t\t\t\t\t\t\t\t\t\t<span class=\"elementor-accordion-icon elementor-accordion-icon-left\" aria-hidden=\"true\">\n\t\t\t\t\t\t\t\t\t\t\t\t\t\t\t<span class=\"elementor-accordion-icon-closed\"><i class=\"fas fa-plus\"><\/i><\/span>\n\t\t\t\t\t\t\t\t<span class=\"elementor-accordion-icon-opened\"><i class=\"fas fa-minus\"><\/i><\/span>\n\t\t\t\t\t\t\t\t\t\t\t\t\t\t<\/span>\n\t\t\t\t\t\t\t\t\t\t\t\t<a class=\"elementor-accordion-title\" tabindex=\"0\">5\u00ba Semestre<\/a>\n\t\t\t\t\t<\/div>\n\t\t\t\t\t<div id=\"elementor-tab-content-7035\" class=\"elementor-tab-content elementor-clearfix\" data-tab=\"5\" role=\"region\" aria-labelledby=\"elementor-tab-title-7035\"><table><tbody><tr><td width=\"305\"><p style=\"text-align: center\"><strong>DISCIPLINA<\/strong><\/p><\/td><td style=\"text-align: center\" width=\"113\"><p><strong>CR\u00c9DITOS<\/strong><\/p><\/td><td width=\"158\"><p style=\"text-align: center\"><strong>CARGA HOR\u00c1RIA<\/strong><\/p><\/td><\/tr><tr><td width=\"305\"><p>F\u00edsico-Qu\u00edmica Experimental I<\/p><\/td><td width=\"113\"><p style=\"text-align: center\">4<\/p><\/td><td width=\"158\"><p style=\"text-align: center\">60<\/p><\/td><\/tr><tr><td width=\"305\"><p>Estat\u00edstica Aplicada<\/p><\/td><td width=\"113\"><p style=\"text-align: center\">4<\/p><\/td><td width=\"158\"><p style=\"text-align: center\">60<\/p><\/td><\/tr><tr><td width=\"305\"><p>Qu\u00edmica Org\u00e2nica Experimental I<\/p><\/td><td width=\"113\"><p style=\"text-align: center\">4<\/p><\/td><td width=\"158\"><p style=\"text-align: center\">60<\/p><\/td><\/tr><tr><td width=\"305\"><p>Qu\u00edmica Anal\u00edtica I<\/p><\/td><td width=\"113\"><p style=\"text-align: center\">4<\/p><\/td><td width=\"158\"><p style=\"text-align: center\">60<\/p><\/td><\/tr><tr><td width=\"305\"><p>Pr\u00e1tica de Ensino II<\/p><\/td><td width=\"113\"><p style=\"text-align: center\">7<\/p><\/td><td width=\"158\"><p style=\"text-align: center\">105<\/p><\/td><\/tr><tr><td width=\"305\"><p>Est\u00e1gio Supervisionado II<\/p><\/td><td width=\"113\"><p style=\"text-align: center\">7<\/p><\/td><td width=\"158\"><p style=\"text-align: center\">105<\/p><\/td><\/tr><tr><td width=\"305\"><p style=\"text-align: center\"><strong>TOTAL<\/strong><\/p><\/td><td width=\"113\"><p style=\"text-align: center\"><strong>30<\/strong><\/p><\/td><td width=\"158\"><p style=\"text-align: center\"><strong>450 h<\/strong><\/p><\/td><\/tr><\/tbody><\/table><\/div>\n\t\t\t\t<\/div>\n\t\t\t\t\t\t\t<div class=\"elementor-accordion-item\">\n\t\t\t\t\t<div id=\"elementor-tab-title-7036\" class=\"elementor-tab-title\" data-tab=\"6\" role=\"button\" aria-controls=\"elementor-tab-content-7036\" aria-expanded=\"false\">\n\t\t\t\t\t\t\t\t\t\t\t\t\t<span class=\"elementor-accordion-icon elementor-accordion-icon-left\" aria-hidden=\"true\">\n\t\t\t\t\t\t\t\t\t\t\t\t\t\t\t<span class=\"elementor-accordion-icon-closed\"><i class=\"fas fa-plus\"><\/i><\/span>\n\t\t\t\t\t\t\t\t<span class=\"elementor-accordion-icon-opened\"><i class=\"fas fa-minus\"><\/i><\/span>\n\t\t\t\t\t\t\t\t\t\t\t\t\t\t<\/span>\n\t\t\t\t\t\t\t\t\t\t\t\t<a class=\"elementor-accordion-title\" tabindex=\"0\">6\u00ba Semestre<\/a>\n\t\t\t\t\t<\/div>\n\t\t\t\t\t<div id=\"elementor-tab-content-7036\" class=\"elementor-tab-content elementor-clearfix\" data-tab=\"6\" role=\"region\" aria-labelledby=\"elementor-tab-title-7036\"><table><tbody><tr><td width=\"305\"><p style=\"text-align: center\"><strong>DISCIPLINA<\/strong><\/p><\/td><td style=\"text-align: center\" width=\"113\"><p><strong>CR\u00c9DITOS<\/strong><\/p><\/td><td width=\"158\"><p style=\"text-align: center\"><strong>CARGA HOR\u00c1RIA<\/strong><\/p><\/td><\/tr><tr><td width=\"305\"><p>Qu\u00edmica Anal\u00edtica Experimental I<\/p><\/td><td width=\"113\"><p style=\"text-align: center\">4<\/p><\/td><td width=\"158\"><p style=\"text-align: center\">60<\/p><\/td><\/tr><tr><td width=\"305\"><p>F\u00edsico-Qu\u00edmica II<\/p><\/td><td width=\"113\"><p style=\"text-align: center\">5<\/p><\/td><td width=\"158\"><p style=\"text-align: center\">75<\/p><\/td><\/tr><tr><td width=\"305\"><p>Qu\u00edmica Anal\u00edtica II<\/p><\/td><td width=\"113\"><p style=\"text-align: center\">4<\/p><\/td><td width=\"158\"><p style=\"text-align: center\">60<\/p><\/td><\/tr><tr><td width=\"305\"><p>Pr\u00e1tica de Ensino III<\/p><\/td><td width=\"113\"><p style=\"text-align: center\">7<\/p><\/td><td width=\"158\"><p style=\"text-align: center\">105<\/p><\/td><\/tr><tr><td width=\"305\"><p>Qu\u00edmica Org\u00e2nica II<\/p><\/td><td width=\"113\"><p style=\"text-align: center\">6<\/p><\/td><td width=\"158\"><p style=\"text-align: center\">90<\/p><\/td><\/tr><tr><td width=\"305\"><p>Est\u00e1gio Supervisionado III<\/p><\/td><td width=\"113\"><p style=\"text-align: center\">7<\/p><\/td><td width=\"158\"><p style=\"text-align: center\">105<\/p><\/td><\/tr><tr><td width=\"305\"><p style=\"text-align: center\"><strong>TOTAL<\/strong><\/p><\/td><td width=\"113\"><p style=\"text-align: center\"><strong>33<\/strong><\/p><\/td><td width=\"158\"><p style=\"text-align: center\"><strong>495 h<\/strong><\/p><\/td><\/tr><\/tbody><\/table><div id=\"gtx-trans\"><div class=\"gtx-trans-icon\">\u00a0<\/div><\/div><\/div>\n\t\t\t\t<\/div>\n\t\t\t\t\t\t\t<div class=\"elementor-accordion-item\">\n\t\t\t\t\t<div id=\"elementor-tab-title-7037\" class=\"elementor-tab-title\" data-tab=\"7\" role=\"button\" aria-controls=\"elementor-tab-content-7037\" aria-expanded=\"false\">\n\t\t\t\t\t\t\t\t\t\t\t\t\t<span class=\"elementor-accordion-icon elementor-accordion-icon-left\" aria-hidden=\"true\">\n\t\t\t\t\t\t\t\t\t\t\t\t\t\t\t<span class=\"elementor-accordion-icon-closed\"><i class=\"fas fa-plus\"><\/i><\/span>\n\t\t\t\t\t\t\t\t<span class=\"elementor-accordion-icon-opened\"><i class=\"fas fa-minus\"><\/i><\/span>\n\t\t\t\t\t\t\t\t\t\t\t\t\t\t<\/span>\n\t\t\t\t\t\t\t\t\t\t\t\t<a class=\"elementor-accordion-title\" tabindex=\"0\">7\u00ba Semestre<\/a>\n\t\t\t\t\t<\/div>\n\t\t\t\t\t<div id=\"elementor-tab-content-7037\" class=\"elementor-tab-content elementor-clearfix\" data-tab=\"7\" role=\"region\" aria-labelledby=\"elementor-tab-title-7037\"><table><tbody><tr><td width=\"305\"><p style=\"text-align: center\"><strong>DISCIPLINA<\/strong><\/p><\/td><td style=\"text-align: center\" width=\"113\"><p><strong>CR\u00c9DITOS<\/strong><\/p><\/td><td width=\"158\"><p style=\"text-align: center\"><strong>CARGA HOR\u00c1RIA<\/strong><\/p><\/td><\/tr><tr><td width=\"305\"><p>Qu\u00edmica Anal\u00edtica Experimental II<\/p><\/td><td width=\"113\"><p style=\"text-align: center\">4<\/p><\/td><td width=\"158\"><p style=\"text-align: center\">60<\/p><\/td><\/tr><tr><td width=\"305\"><p>Qu\u00edmica Org\u00e2nica Experimental II<\/p><\/td><td width=\"113\"><p style=\"text-align: center\">4<\/p><\/td><td width=\"158\"><p style=\"text-align: center\">60<\/p><\/td><\/tr><tr><td width=\"305\"><p>F\u00edsico-Qu\u00edmica Experimental II<\/p><\/td><td width=\"113\"><p style=\"text-align: center\">4<\/p><\/td><td width=\"158\"><p style=\"text-align: center\">60<\/p><\/td><\/tr><tr><td width=\"305\"><p>Pr\u00e1tica de Ensino IV<\/p><\/td><td width=\"113\"><p style=\"text-align: center\">7<\/p><\/td><td width=\"158\"><p style=\"text-align: center\">105<\/p><\/td><\/tr><tr><td width=\"305\"><p>TCC I<\/p><\/td><td width=\"113\"><p style=\"text-align: center\">4<\/p><\/td><td width=\"158\"><p style=\"text-align: center\">60<\/p><\/td><\/tr><tr><td width=\"305\"><p>Est\u00e1gio Supervisionado IV<\/p><\/td><td width=\"113\"><p style=\"text-align: center\">7<\/p><\/td><td width=\"158\"><p style=\"text-align: center\">105<\/p><\/td><\/tr><tr><td width=\"305\"><p style=\"text-align: center\"><strong>TOTAL<\/strong><\/p><\/td><td width=\"113\"><p style=\"text-align: center\"><strong>30<\/strong><\/p><\/td><td width=\"158\"><p style=\"text-align: center\"><strong>450 h<\/strong><\/p><\/td><\/tr><\/tbody><\/table><div id=\"gtx-trans\"><div class=\"gtx-trans-icon\">\u00a0<\/div><\/div><\/div>\n\t\t\t\t<\/div>\n\t\t\t\t\t\t\t<div class=\"elementor-accordion-item\">\n\t\t\t\t\t<div id=\"elementor-tab-title-7038\" class=\"elementor-tab-title\" data-tab=\"8\" role=\"button\" aria-controls=\"elementor-tab-content-7038\" aria-expanded=\"false\">\n\t\t\t\t\t\t\t\t\t\t\t\t\t<span class=\"elementor-accordion-icon elementor-accordion-icon-left\" aria-hidden=\"true\">\n\t\t\t\t\t\t\t\t\t\t\t\t\t\t\t<span class=\"elementor-accordion-icon-closed\"><i class=\"fas fa-plus\"><\/i><\/span>\n\t\t\t\t\t\t\t\t<span class=\"elementor-accordion-icon-opened\"><i class=\"fas fa-minus\"><\/i><\/span>\n\t\t\t\t\t\t\t\t\t\t\t\t\t\t<\/span>\n\t\t\t\t\t\t\t\t\t\t\t\t<a class=\"elementor-accordion-title\" tabindex=\"0\">8\u00ba Semestre<\/a>\n\t\t\t\t\t<\/div>\n\t\t\t\t\t<div id=\"elementor-tab-content-7038\" class=\"elementor-tab-content elementor-clearfix\" data-tab=\"8\" role=\"region\" aria-labelledby=\"elementor-tab-title-7038\"><table><tbody><tr><td width=\"305\"><p style=\"text-align: center\"><strong>DISCIPLINA<\/strong><\/p><\/td><td style=\"text-align: center\" width=\"113\"><p><strong>CR\u00c9DITOS<\/strong><\/p><\/td><td width=\"158\"><p style=\"text-align: center\"><strong>CARGA HOR\u00c1RIA<\/strong><\/p><\/td><\/tr><tr><td width=\"305\"><p>Avalia\u00e7\u00e3o Educacional<\/p><\/td><td width=\"113\"><p style=\"text-align: center\">4<\/p><\/td><td width=\"158\"><p style=\"text-align: center\">60<\/p><\/td><\/tr><tr><td width=\"305\"><p>Educa\u00e7\u00e3o e Rela\u00e7\u00f5es \u00c9tnico-Raciais<\/p><\/td><td width=\"113\"><p style=\"text-align: center\">4<\/p><\/td><td width=\"158\"><p style=\"text-align: center\">60<\/p><\/td><\/tr><tr><td width=\"305\"><p>LIBRAS<\/p><\/td><td width=\"113\"><p style=\"text-align: center\">4<\/p><\/td><td width=\"158\"><p style=\"text-align: center\">60<\/p><\/td><\/tr><tr><td width=\"305\"><p>TCC II<\/p><\/td><td width=\"113\"><p style=\"text-align: center\">4<\/p><\/td><td width=\"158\"><p style=\"text-align: center\">60<\/p><\/td><\/tr><tr><td width=\"305\"><p>Bioqu\u00edmica Geral<\/p><\/td><td width=\"113\"><p style=\"text-align: center\">6<\/p><\/td><td width=\"158\"><p style=\"text-align: center\">90<\/p><\/td><\/tr><tr><td width=\"305\"><p style=\"text-align: center\"><strong>TOTAL<\/strong><\/p><\/td><td width=\"113\"><p style=\"text-align: center\"><strong>22<\/strong><\/p><\/td><td width=\"158\"><p style=\"text-align: center\"><strong>330 h<\/strong><\/p><\/td><\/tr><\/tbody><\/table><\/div>\n\t\t\t\t<\/div>\n\t\t\t\t\t\t\t\t<\/div>\n\t\t\t\t\t\t<\/div>\n\t\t\t\t<\/div>\n\t\t\t\t\t<\/div>\n\t\t<\/div>\n\t\t\t\t\t<\/div>\n\t\t<\/section>\n\t\t\t\t<section class=\"elementor-section elementor-top-section elementor-element elementor-element-3f648e71 elementor-section-boxed elementor-section-height-default elementor-section-height-default\" data-id=\"3f648e71\" data-element_type=\"section\" data-e-type=\"section\">\n\t\t\t\t\t\t<div class=\"elementor-container elementor-column-gap-default\">\n\t\t\t\t\t<div class=\"elementor-column elementor-col-100 elementor-top-column elementor-element elementor-element-155dac74\" data-id=\"155dac74\" data-element_type=\"column\" data-e-type=\"column\">\n\t\t\t<div class=\"elementor-widget-wrap elementor-element-populated\">\n\t\t\t\t\t\t<div class=\"elementor-element elementor-element-3fda7780 elementor-widget elementor-widget-text-editor\" data-id=\"3fda7780\" data-element_type=\"widget\" data-e-type=\"widget\" data-widget_type=\"text-editor.default\">\n\t\t\t\t<div class=\"elementor-widget-container\">\n\t\t\t\t\t\t\t\t\t<p><strong>Download Matriz Curricular:<\/strong> <a href=\"http:\/\/www2.unifap.br\/quimica\/files\/2020\/02\/MATRIZ-CURRICULAR.pdf\">Clique Aqui<\/a><\/p>\t\t\t\t\t\t\t\t<\/div>\n\t\t\t\t<\/div>\n\t\t\t\t\t<\/div>\n\t\t<\/div>\n\t\t\t\t\t<\/div>\n\t\t<\/section>\n\t\t\t\t<\/div>\n\t\t","protected":false},"excerpt":{"rendered":"<p>Matriz Curricular n\u00ba 2015-2024 1\u00ba Semestre DISCIPLINA CR\u00c9DITOS CARGA HOR\u00c1RIA Fundamentos da Matem\u00e1tica 4 60 Hist\u00f3ria da Qu\u00edmica 4 60 Portugu\u00eas Instrumental 4 60 Qu\u00edmica e Seguran\u00e7a 4 60 Metodologia Cient\u00edfica 4 60 TOTAL 20 300 h 2\u00ba Semestre DISCIPLINA CR\u00c9DITOS CARGA HOR\u00c1RIA Filosofia e \u00c9tica Profissional 4 60 F\u00edsica I 6 90 Qu\u00edmica Geral&#8230;<\/p>\n","protected":false},"author":855,"featured_media":0,"parent":0,"menu_order":0,"comment_status":"closed","ping_status":"closed","template":"elementor_header_footer","meta":{"inline_featured_image":false,"ngg_post_thumbnail":0,"footnotes":""},"class_list":["post-25","page","type-page","status-publish","hentry","entry"],"_links":{"self":[{"href":"https:\/\/www2.unifap.br\/quimica\/wp-json\/wp\/v2\/pages\/25","targetHints":{"allow":["GET"]}}],"collection":[{"href":"https:\/\/www2.unifap.br\/quimica\/wp-json\/wp\/v2\/pages"}],"about":[{"href":"https:\/\/www2.unifap.br\/quimica\/wp-json\/wp\/v2\/types\/page"}],"author":[{"embeddable":true,"href":"https:\/\/www2.unifap.br\/quimica\/wp-json\/wp\/v2\/users\/855"}],"replies":[{"embeddable":true,"href":"https:\/\/www2.unifap.br\/quimica\/wp-json\/wp\/v2\/comments?post=25"}],"version-history":[{"count":24,"href":"https:\/\/www2.unifap.br\/quimica\/wp-json\/wp\/v2\/pages\/25\/revisions"}],"predecessor-version":[{"id":4284,"href":"https:\/\/www2.unifap.br\/quimica\/wp-json\/wp\/v2\/pages\/25\/revisions\/4284"}],"wp:attachment":[{"href":"https:\/\/www2.unifap.br\/quimica\/wp-json\/wp\/v2\/media?parent=25"}],"curies":[{"name":"wp","href":"https:\/\/api.w.org\/{rel}","templated":true}]}}