{"id":4075,"date":"2025-06-15T02:33:29","date_gmt":"2025-06-15T05:33:29","guid":{"rendered":"https:\/\/www2.unifap.br\/quimica\/?page_id=4075"},"modified":"2026-03-09T13:35:21","modified_gmt":"2026-03-09T16:35:21","slug":"colacao-de-grau","status":"publish","type":"page","link":"https:\/\/www2.unifap.br\/quimica\/colacao-de-grau\/","title":{"rendered":"Cola\u00e7\u00e3o de Grau"},"content":{"rendered":"\t\t<div data-elementor-type=\"wp-page\" data-elementor-id=\"4075\" class=\"elementor elementor-4075\">\n\t\t\t\t\t\t<section class=\"elementor-section elementor-top-section elementor-element elementor-element-0012a43 elementor-section-boxed elementor-section-height-default elementor-section-height-default\" data-id=\"0012a43\" data-element_type=\"section\" data-e-type=\"section\">\n\t\t\t\t\t\t<div class=\"elementor-container elementor-column-gap-default\">\n\t\t\t\t\t<div class=\"elementor-column elementor-col-100 elementor-top-column elementor-element elementor-element-06050ee\" data-id=\"06050ee\" data-element_type=\"column\" data-e-type=\"column\">\n\t\t\t<div class=\"elementor-widget-wrap elementor-element-populated\">\n\t\t\t\t\t\t<div class=\"elementor-element elementor-element-c9fbc43 elementor-widget elementor-widget-spacer\" data-id=\"c9fbc43\" data-element_type=\"widget\" data-e-type=\"widget\" data-widget_type=\"spacer.default\">\n\t\t\t\t<div class=\"elementor-widget-container\">\n\t\t\t\t\t\t\t<div class=\"elementor-spacer\">\n\t\t\t<div class=\"elementor-spacer-inner\"><\/div>\n\t\t<\/div>\n\t\t\t\t\t\t<\/div>\n\t\t\t\t<\/div>\n\t\t\t\t\t<\/div>\n\t\t<\/div>\n\t\t\t\t\t<\/div>\n\t\t<\/section>\n\t\t\t\t<section class=\"elementor-section elementor-top-section elementor-element elementor-element-96f8938 elementor-section-boxed elementor-section-height-default elementor-section-height-default\" data-id=\"96f8938\" data-element_type=\"section\" data-e-type=\"section\">\n\t\t\t\t\t\t<div class=\"elementor-container elementor-column-gap-default\">\n\t\t\t\t\t<div class=\"elementor-column elementor-col-100 elementor-top-column elementor-element elementor-element-a4b3f0a\" data-id=\"a4b3f0a\" data-element_type=\"column\" data-e-type=\"column\">\n\t\t\t<div class=\"elementor-widget-wrap elementor-element-populated\">\n\t\t\t\t\t\t<div class=\"elementor-element elementor-element-7373edc elementor-widget elementor-widget-heading\" data-id=\"7373edc\" data-element_type=\"widget\" data-e-type=\"widget\" data-widget_type=\"heading.default\">\n\t\t\t\t<div class=\"elementor-widget-container\">\n\t\t\t\t\t<h1 class=\"elementor-heading-title elementor-size-default\"><p><b>O que \u00e9 a Cola\u00e7\u00e3o de Grau?<\/b><span style=\"font-family: Poppins, sans-serif;font-size: 23px;font-weight: 600\"><\/span><\/p><\/h1>\t\t\t\t<\/div>\n\t\t\t\t<\/div>\n\t\t\t\t\t<\/div>\n\t\t<\/div>\n\t\t\t\t\t<\/div>\n\t\t<\/section>\n\t\t\t\t<section class=\"elementor-section elementor-top-section elementor-element elementor-element-83c7f8e elementor-section-boxed elementor-section-height-default elementor-section-height-default\" data-id=\"83c7f8e\" data-element_type=\"section\" data-e-type=\"section\">\n\t\t\t\t\t\t<div class=\"elementor-container elementor-column-gap-default\">\n\t\t\t\t\t<div class=\"elementor-column elementor-col-100 elementor-top-column elementor-element elementor-element-88678bb\" data-id=\"88678bb\" data-element_type=\"column\" data-e-type=\"column\">\n\t\t\t<div class=\"elementor-widget-wrap elementor-element-populated\">\n\t\t\t\t\t\t<div class=\"elementor-element elementor-element-652da3a elementor-drop-cap-yes elementor-drop-cap-view-default elementor-widget elementor-widget-text-editor\" data-id=\"652da3a\" data-element_type=\"widget\" data-e-type=\"widget\" data-settings=\"{&quot;drop_cap&quot;:&quot;yes&quot;}\" data-widget_type=\"text-editor.default\">\n\t\t\t\t<div class=\"elementor-widget-container\">\n\t\t\t\t\t\t\t\t\t<p><span style=\"font-size: 14px\">A Cola\u00e7\u00e3o de Grau \u00e9 um ato oficial e obrigat\u00f3rio que marca a conclus\u00e3o de um curso de gradua\u00e7\u00e3o ou p\u00f3s-gradua\u00e7\u00e3o. Nesse evento, os estudantes recebem formalmente o grau acad\u00eamico correspondente \u00e0 sua \u00e1rea de forma\u00e7\u00e3o, tornando-se oficialmente graduados e aptos para exercer suas profiss\u00f5es.<\/span><\/p>\t\t\t\t\t\t\t\t<\/div>\n\t\t\t\t<\/div>\n\t\t\t\t\t<\/div>\n\t\t<\/div>\n\t\t\t\t\t<\/div>\n\t\t<\/section>\n\t\t\t\t<section class=\"elementor-section elementor-top-section elementor-element elementor-element-0ccf480 elementor-section-boxed elementor-section-height-default elementor-section-height-default\" data-id=\"0ccf480\" data-element_type=\"section\" data-e-type=\"section\">\n\t\t\t\t\t\t<div class=\"elementor-container elementor-column-gap-default\">\n\t\t\t\t\t<div class=\"elementor-column elementor-col-100 elementor-top-column elementor-element elementor-element-eeef815\" data-id=\"eeef815\" data-element_type=\"column\" data-e-type=\"column\">\n\t\t\t<div class=\"elementor-widget-wrap elementor-element-populated\">\n\t\t\t\t\t\t<div class=\"elementor-element elementor-element-a9b5f7b elementor-widget elementor-widget-spacer\" data-id=\"a9b5f7b\" data-element_type=\"widget\" data-e-type=\"widget\" data-widget_type=\"spacer.default\">\n\t\t\t\t<div class=\"elementor-widget-container\">\n\t\t\t\t\t\t\t<div class=\"elementor-spacer\">\n\t\t\t<div class=\"elementor-spacer-inner\"><\/div>\n\t\t<\/div>\n\t\t\t\t\t\t<\/div>\n\t\t\t\t<\/div>\n\t\t\t\t\t<\/div>\n\t\t<\/div>\n\t\t\t\t\t<\/div>\n\t\t<\/section>\n\t\t\t\t<section class=\"elementor-section elementor-top-section elementor-element elementor-element-fff29a6 elementor-section-boxed elementor-section-height-default elementor-section-height-default\" data-id=\"fff29a6\" data-element_type=\"section\" data-e-type=\"section\">\n\t\t\t\t\t\t<div class=\"elementor-container elementor-column-gap-default\">\n\t\t\t\t\t<div class=\"elementor-column elementor-col-100 elementor-top-column elementor-element elementor-element-3d72d27\" data-id=\"3d72d27\" data-element_type=\"column\" data-e-type=\"column\">\n\t\t\t<div class=\"elementor-widget-wrap elementor-element-populated\">\n\t\t\t\t\t\t<div class=\"elementor-element elementor-element-46bfc10 elementor-widget elementor-widget-heading\" data-id=\"46bfc10\" data-element_type=\"widget\" data-e-type=\"widget\" data-widget_type=\"heading.default\">\n\t\t\t\t<div class=\"elementor-widget-container\">\n\t\t\t\t\t<h1 class=\"elementor-heading-title elementor-size-default\"><b>CHECK-LIST - DOCUMENTOS NECESS\u00c1RIOS PARA COLA\u00c7\u00c3O DE GRAU<\/b><\/h1>\t\t\t\t<\/div>\n\t\t\t\t<\/div>\n\t\t\t\t\t<\/div>\n\t\t<\/div>\n\t\t\t\t\t<\/div>\n\t\t<\/section>\n\t\t\t\t<section class=\"elementor-section elementor-top-section elementor-element elementor-element-1d0c709 elementor-section-boxed elementor-section-height-default elementor-section-height-default\" data-id=\"1d0c709\" data-element_type=\"section\" data-e-type=\"section\">\n\t\t\t\t\t\t<div class=\"elementor-container elementor-column-gap-default\">\n\t\t\t\t\t<div class=\"elementor-column elementor-col-100 elementor-top-column elementor-element elementor-element-b4a7faa\" data-id=\"b4a7faa\" data-element_type=\"column\" data-e-type=\"column\">\n\t\t\t<div class=\"elementor-widget-wrap elementor-element-populated\">\n\t\t\t\t\t\t<div class=\"elementor-element elementor-element-72b9199 elementor-drop-cap-yes elementor-drop-cap-view-default elementor-widget elementor-widget-text-editor\" data-id=\"72b9199\" data-element_type=\"widget\" data-e-type=\"widget\" data-settings=\"{&quot;drop_cap&quot;:&quot;yes&quot;}\" data-widget_type=\"text-editor.default\">\n\t\t\t\t<div class=\"elementor-widget-container\">\n\t\t\t\t\t\t\t\t\t<ol><li>Carteira de Identidade (Frente e Verso)<\/li><li>Certid\u00e3o de Nascimento e\/ou Casamento<\/li><li>T\u00edtulo Eleitoral<\/li><li>Certid\u00e3o de Quita\u00e7\u00e3o Eleitoral (Emitido pelo TSE) &#8211; <a href=\"https:\/\/www.tse.jus.br\/servicos-eleitorais\/autoatendimento-eleitoral#\/certidoes-eleitor\">Clique aqui<\/a><\/li><li>Certificado do Ensino M\u00e9dio (Com Carimbo da NIOE, se voc\u00ea fez em rede estadual)<\/li><li>Hist\u00f3rico do Ensino M\u00e9dio (Com Carimbo da NIOE, se voc\u00ea fez em rede estadual)<\/li><li>Declara\u00e7\u00e3o de Adimpl\u00eancia da Biblioteca da UNIFAP &#8211; <a href=\"https:\/\/docs.google.com\/forms\/d\/1S9DJAbKZf_jYeoA18i-E-qOkpmGLqw1nfsMVEDMbfNE\/viewform?edit_requested=true\">Clique aqui<\/a><\/li><li>Certificado Militar (no caso dos homens)<\/li><\/ol><p style=\"line-height: 150%\"><b>Orienta\u00e7\u00f5es para Entrega de Documentos<\/b><\/p><p style=\"text-indent: 36pt;line-height: 150%\">Todos os documentos devem ser organizados na ordem indicada anteriormente e reunidos em um \u00fanico arquivo no formato PDF (<a href=\"https:\/\/www.ilovepdf.com\/pt\/juntar_pdf\">clique aqui<\/a>). Este arquivo dever\u00e1 ser enviado via requerimento online no link: <a href=\"https:\/\/docs.google.com\/forms\/d\/e\/1FAIpQLSf13dyDxGnb3Q-4Ffi_RTjekx2MJLl20meVt3MHF4Bz1-ExiQ\/viewform?usp=sf_link\">Clique aqui<\/a>.<\/p><p style=\"line-height: 150%\"><b>\u00a0<\/b><\/p><p style=\"line-height: 150%\"><b>Aten\u00e7\u00e3o:<\/b><\/p><p style=\"text-indent: 36pt;line-height: 150%\">Os documentos ser\u00e3o encaminhados ao DERCA por meio de processo administrativo <b>ap\u00f3s o registro do recebimento<\/b> do arquivo final do TCC, que deve conter:<\/p><ul style=\"margin-top: 0cm\" type=\"disc\"><li style=\"text-align: justify;line-height: 150%\">A Ficha Catalogr\u00e1fica \u2013 <a href=\"https:\/\/docs.google.com\/forms\/d\/e\/1FAIpQLSerC89EJgo5ZlFq94SwRvnlP-xF2ZWLQvT11W8tg4nU0O4g5Q\/viewform\">Clique aqui<\/a>;<\/li><li style=\"text-align: justify;line-height: 150%\">O Termo de autoria e autoriza\u00e7\u00e3o para Publica\u00e7\u00e3o (<a href=\"https:\/\/www2.unifap.br\/biblioteca\/files\/2021\/09\/DECLARA%C3%87%C3%83O-DE-AUTORIA-E-AUTORIZA%C3%87%C3%83O-PARA-PUBLICA%C3%87%C3%83O_ATUAL.pdf\">Clique aqui<\/a>).<\/li><\/ul><p style=\"line-height: 150%\"><div class='w3eden'><!-- WPDM Link Template: Default Template -->\n\n<div class=\"link-template-default card mb-2\">\n    <div class=\"card-body\">\n        <div class=\"media\">\n            <div class=\"mr-3 img-48\"><img decoding=\"async\" class=\"wpdm_icon\" alt=\"\u00edcone\" src=\"https:\/\/www2.unifap.br\/quimica\/wp-content\/plugins\/download-manager\/assets\/file-type-icons\/pdf.svg\" \/><\/div>\n            <div class=\"media-body\">\n                <h3 class=\"package-title\"><a href='https:\/\/www2.unifap.br\/quimica\/download\/declaracao-de-autoria-e-autorizacao-para-publicacao_atual\/'>DECLARA\u00c7\u00c3O-DE-AUTORIA-E-AUTORIZA\u00c7\u00c3O-PARA-PUBLICA\u00c7\u00c3O_ATUAL<\/a><\/h3>\n                <div class=\"text-muted text-small\"><i class=\"fas fa-copy\"><\/i> 1  arquivo(s) <i class=\"fas fa-hdd ml-3\"><\/i> 0.00 KB<\/div>\n            <\/div>\n            <div class=\"ml-3\">\n                <a class='wpdm-download-link download-on-click btn btn-primary ' rel='nofollow' href='#' data-downloadurl=\"https:\/\/www2.unifap.br\/quimica\/download\/declaracao-de-autoria-e-autorizacao-para-publicacao_atual\/?wpdmdl=4363&#038;refresh=69e270ca10e111776447690\">Download<\/a>\n            <\/div>\n        <\/div>\n    <\/div>\n<\/div>\n\n<\/div><\/p><p style=\"line-height: 150%\">Em caso de d\u00favidas, entre em contato com a Coordena\u00e7\u00e3o do Curso.<\/p><p style=\"line-height: 150%\">Download das Orienta\u00e7\u00f5es em PDF:<br \/><div class='w3eden'><!-- WPDM Link Template: Default Template -->\n\n<div class=\"link-template-default card mb-2\">\n    <div class=\"card-body\">\n        <div class=\"media\">\n            <div class=\"mr-3 img-48\"><img decoding=\"async\" class=\"wpdm_icon\" alt=\"\u00edcone\" src=\"https:\/\/www2.unifap.br\/quimica\/wp-content\/plugins\/download-manager\/assets\/file-type-icons\/pdf.svg\" \/><\/div>\n            <div class=\"media-body\">\n                <h3 class=\"package-title\"><a href='https:\/\/www2.unifap.br\/quimica\/download\/colacao-de-grau-documentos-necessarios_2025\/'>Cola\u00e7\u00e3o de Grau &#8211; Documentos Necess\u00e1rios &#8211; 2025 (Ver02)<\/a><\/h3>\n                <div class=\"text-muted text-small\"><i class=\"fas fa-copy\"><\/i> 1  arquivo(s) <i class=\"fas fa-hdd ml-3\"><\/i> 177.63 KB<\/div>\n            <\/div>\n            <div class=\"ml-3\">\n                <a class='wpdm-download-link download-on-click btn btn-primary ' rel='nofollow' href='#' data-downloadurl=\"https:\/\/www2.unifap.br\/quimica\/download\/colacao-de-grau-documentos-necessarios_2025\/?wpdmdl=4365&#038;refresh=69e270ca136511776447690\">Download<\/a>\n            <\/div>\n        <\/div>\n    <\/div>\n<\/div>\n\n<\/div><\/p>\t\t\t\t\t\t\t\t<\/div>\n\t\t\t\t<\/div>\n\t\t\t\t\t<\/div>\n\t\t<\/div>\n\t\t\t\t\t<\/div>\n\t\t<\/section>\n\t\t\t\t<section class=\"elementor-section elementor-top-section elementor-element elementor-element-7fea310 elementor-section-boxed elementor-section-height-default elementor-section-height-default\" data-id=\"7fea310\" data-element_type=\"section\" data-e-type=\"section\">\n\t\t\t\t\t\t<div class=\"elementor-container elementor-column-gap-default\">\n\t\t\t\t\t<div class=\"elementor-column elementor-col-100 elementor-top-column elementor-element elementor-element-9eba42d\" data-id=\"9eba42d\" data-element_type=\"column\" data-e-type=\"column\">\n\t\t\t<div class=\"elementor-widget-wrap elementor-element-populated\">\n\t\t\t\t\t\t<div class=\"elementor-element elementor-element-0722fef elementor-widget elementor-widget-spacer\" data-id=\"0722fef\" data-element_type=\"widget\" data-e-type=\"widget\" data-widget_type=\"spacer.default\">\n\t\t\t\t<div class=\"elementor-widget-container\">\n\t\t\t\t\t\t\t<div class=\"elementor-spacer\">\n\t\t\t<div class=\"elementor-spacer-inner\"><\/div>\n\t\t<\/div>\n\t\t\t\t\t\t<\/div>\n\t\t\t\t<\/div>\n\t\t\t\t\t<\/div>\n\t\t<\/div>\n\t\t\t\t\t<\/div>\n\t\t<\/section>\n\t\t\t\t<\/div>\n\t\t","protected":false},"excerpt":{"rendered":"<p>O que \u00e9 a Cola\u00e7\u00e3o de Grau? A Cola\u00e7\u00e3o de Grau \u00e9 um ato oficial e obrigat\u00f3rio que marca a conclus\u00e3o de um curso de gradua\u00e7\u00e3o ou p\u00f3s-gradua\u00e7\u00e3o. Nesse evento, os estudantes recebem formalmente o grau acad\u00eamico correspondente \u00e0 sua \u00e1rea de forma\u00e7\u00e3o, tornando-se oficialmente graduados e aptos para exercer suas profiss\u00f5es. CHECK-LIST &#8211; DOCUMENTOS&#8230;<\/p>\n","protected":false},"author":855,"featured_media":0,"parent":0,"menu_order":0,"comment_status":"closed","ping_status":"closed","template":"","meta":{"inline_featured_image":false,"ngg_post_thumbnail":0,"footnotes":""},"class_list":["post-4075","page","type-page","status-publish","hentry","entry"],"_links":{"self":[{"href":"https:\/\/www2.unifap.br\/quimica\/wp-json\/wp\/v2\/pages\/4075","targetHints":{"allow":["GET"]}}],"collection":[{"href":"https:\/\/www2.unifap.br\/quimica\/wp-json\/wp\/v2\/pages"}],"about":[{"href":"https:\/\/www2.unifap.br\/quimica\/wp-json\/wp\/v2\/types\/page"}],"author":[{"embeddable":true,"href":"https:\/\/www2.unifap.br\/quimica\/wp-json\/wp\/v2\/users\/855"}],"replies":[{"embeddable":true,"href":"https:\/\/www2.unifap.br\/quimica\/wp-json\/wp\/v2\/comments?post=4075"}],"version-history":[{"count":18,"href":"https:\/\/www2.unifap.br\/quimica\/wp-json\/wp\/v2\/pages\/4075\/revisions"}],"predecessor-version":[{"id":4892,"href":"https:\/\/www2.unifap.br\/quimica\/wp-json\/wp\/v2\/pages\/4075\/revisions\/4892"}],"wp:attachment":[{"href":"https:\/\/www2.unifap.br\/quimica\/wp-json\/wp\/v2\/media?parent=4075"}],"curies":[{"name":"wp","href":"https:\/\/api.w.org\/{rel}","templated":true}]}}