{"id":47,"date":"2016-01-27T19:37:37","date_gmt":"2016-01-27T22:37:37","guid":{"rendered":"http:\/\/www2.unifap.br\/quimica\/?page_id=47"},"modified":"2025-06-15T07:28:22","modified_gmt":"2025-06-15T10:28:22","slug":"ppc","status":"publish","type":"page","link":"https:\/\/www2.unifap.br\/quimica\/ppc\/","title":{"rendered":"Projeto Pedag\u00f3gico do Curso"},"content":{"rendered":"\t\t<div data-elementor-type=\"wp-page\" data-elementor-id=\"47\" class=\"elementor elementor-47\">\n\t\t\t\t\t\t<section class=\"elementor-section elementor-top-section elementor-element elementor-element-7cab4da elementor-section-boxed elementor-section-height-default elementor-section-height-default\" data-id=\"7cab4da\" data-element_type=\"section\" data-e-type=\"section\">\n\t\t\t\t\t\t<div class=\"elementor-container elementor-column-gap-default\">\n\t\t\t\t\t<div class=\"elementor-column elementor-col-100 elementor-top-column elementor-element elementor-element-9a4073f\" data-id=\"9a4073f\" data-element_type=\"column\" data-e-type=\"column\">\n\t\t\t<div class=\"elementor-widget-wrap elementor-element-populated\">\n\t\t\t\t\t\t<div class=\"elementor-element elementor-element-3653c14 elementor-widget elementor-widget-spacer\" data-id=\"3653c14\" data-element_type=\"widget\" data-e-type=\"widget\" data-widget_type=\"spacer.default\">\n\t\t\t\t<div class=\"elementor-widget-container\">\n\t\t\t\t\t\t\t<div class=\"elementor-spacer\">\n\t\t\t<div class=\"elementor-spacer-inner\"><\/div>\n\t\t<\/div>\n\t\t\t\t\t\t<\/div>\n\t\t\t\t<\/div>\n\t\t\t\t\t<\/div>\n\t\t<\/div>\n\t\t\t\t\t<\/div>\n\t\t<\/section>\n\t\t\t\t<section class=\"elementor-section elementor-top-section elementor-element elementor-element-d5d8d29 elementor-section-boxed elementor-section-height-default elementor-section-height-default\" data-id=\"d5d8d29\" data-element_type=\"section\" data-e-type=\"section\">\n\t\t\t\t\t\t<div class=\"elementor-container elementor-column-gap-default\">\n\t\t\t\t\t<div class=\"elementor-column elementor-col-100 elementor-top-column elementor-element elementor-element-e397499\" data-id=\"e397499\" data-element_type=\"column\" data-e-type=\"column\">\n\t\t\t<div class=\"elementor-widget-wrap elementor-element-populated\">\n\t\t\t\t\t\t<div class=\"elementor-element elementor-element-9a08f81 elementor-widget elementor-widget-heading\" data-id=\"9a08f81\" data-element_type=\"widget\" data-e-type=\"widget\" data-widget_type=\"heading.default\">\n\t\t\t\t<div class=\"elementor-widget-container\">\n\t\t\t\t\t<h1 class=\"elementor-heading-title elementor-size-default\">Sobre o Curso<\/h1>\t\t\t\t<\/div>\n\t\t\t\t<\/div>\n\t\t\t\t<div class=\"elementor-element elementor-element-fa4d446 elementor-widget elementor-widget-heading\" data-id=\"fa4d446\" data-element_type=\"widget\" data-e-type=\"widget\" data-widget_type=\"heading.default\">\n\t\t\t\t<div class=\"elementor-widget-container\">\n\t\t\t\t\t<h2 class=\"elementor-heading-title elementor-size-default\">O que \u00e9 o Projeto Pedag\u00f3gico do Curso?<\/h2>\t\t\t\t<\/div>\n\t\t\t\t<\/div>\n\t\t\t\t<div class=\"elementor-element elementor-element-de366d8 elementor-widget elementor-widget-text-editor\" data-id=\"de366d8\" data-element_type=\"widget\" data-e-type=\"widget\" data-widget_type=\"text-editor.default\">\n\t\t\t\t<div class=\"elementor-widget-container\">\n\t\t\t\t\t\t\t\t\t<p>O Curso de Licenciatura em Qu\u00edmica da UNIFAP foi criado em 2013, com in\u00edcio das atividades em 2015.<br \/><span style=\"font-size: 14px\">Inicialmente sediado no Campus Santana, foi transferido para o Campus Marco Zero do Equador em 2018, visando melhores condi\u00e7\u00f5es de infraestrutura para os acad\u00eamicos.<br \/><\/span><span style=\"font-size: 14px\">Desde ent\u00e3o, o curso tem avan\u00e7ado na forma\u00e7\u00e3o de professores, contribuindo para suprir a demanda de docentes de Qu\u00edmica na Educa\u00e7\u00e3o B\u00e1sica do Amap\u00e1.<\/span><\/p>\t\t\t\t\t\t\t\t<\/div>\n\t\t\t\t<\/div>\n\t\t\t\t\t<\/div>\n\t\t<\/div>\n\t\t\t\t\t<\/div>\n\t\t<\/section>\n\t\t\t\t<section class=\"elementor-section elementor-top-section elementor-element elementor-element-c5a380b elementor-section-boxed elementor-section-height-default elementor-section-height-default\" data-id=\"c5a380b\" data-element_type=\"section\" data-e-type=\"section\">\n\t\t\t\t\t\t<div class=\"elementor-container elementor-column-gap-default\">\n\t\t\t\t\t<div class=\"elementor-column elementor-col-100 elementor-top-column elementor-element elementor-element-308962f\" data-id=\"308962f\" data-element_type=\"column\" data-e-type=\"column\">\n\t\t\t<div class=\"elementor-widget-wrap elementor-element-populated\">\n\t\t\t\t\t\t<div class=\"elementor-element elementor-element-fc3fe21 elementor-widget elementor-widget-heading\" data-id=\"fc3fe21\" data-element_type=\"widget\" data-e-type=\"widget\" data-widget_type=\"heading.default\">\n\t\t\t\t<div class=\"elementor-widget-container\">\n\t\t\t\t\t<h1 class=\"elementor-heading-title elementor-size-default\">Hist\u00f3rico do Curso<\/h1>\t\t\t\t<\/div>\n\t\t\t\t<\/div>\n\t\t\t\t<div class=\"elementor-element elementor-element-e4d4e05 elementor-widget elementor-widget-heading\" data-id=\"e4d4e05\" data-element_type=\"widget\" data-e-type=\"widget\" data-widget_type=\"heading.default\">\n\t\t\t\t<div class=\"elementor-widget-container\">\n\t\t\t\t\t<h2 class=\"elementor-heading-title elementor-size-default\">Nossa Trajet\u00f3ria<\/h2>\t\t\t\t<\/div>\n\t\t\t\t<\/div>\n\t\t\t\t<div class=\"elementor-element elementor-element-68b331d elementor-widget elementor-widget-text-editor\" data-id=\"68b331d\" data-element_type=\"widget\" data-e-type=\"widget\" data-widget_type=\"text-editor.default\">\n\t\t\t\t<div class=\"elementor-widget-container\">\n\t\t\t\t\t\t\t\t\t<p>O Projeto Pedag\u00f3gico do Curso de Licenciatura em Qu\u00edmica (PPC) da Universidade Federal do Amap\u00e1 \u00e9 o documento que estrutura toda a organiza\u00e7\u00e3o acad\u00eamica, curricular e metodol\u00f3gica do curso.<br \/>Sua vers\u00e3o atualizada em 2024 reflete os novos desafios da forma\u00e7\u00e3o docente na Amaz\u00f4nia, atendendo \u00e0s diretrizes nacionais para a forma\u00e7\u00e3o de professores.<br \/>O PPC detalha desde os objetivos, compet\u00eancias e habilidades esperadas, at\u00e9 a matriz curricular e a metodologia de ensino.<\/p>\t\t\t\t\t\t\t\t<\/div>\n\t\t\t\t<\/div>\n\t\t\t\t\t<\/div>\n\t\t<\/div>\n\t\t\t\t\t<\/div>\n\t\t<\/section>\n\t\t\t\t<section class=\"elementor-section elementor-top-section elementor-element elementor-element-e27994a elementor-section-boxed elementor-section-height-default elementor-section-height-default\" data-id=\"e27994a\" data-element_type=\"section\" data-e-type=\"section\">\n\t\t\t\t\t\t<div class=\"elementor-container elementor-column-gap-default\">\n\t\t\t\t\t<div class=\"elementor-column elementor-col-100 elementor-top-column elementor-element elementor-element-55f714e\" data-id=\"55f714e\" data-element_type=\"column\" data-e-type=\"column\">\n\t\t\t<div class=\"elementor-widget-wrap elementor-element-populated\">\n\t\t\t\t\t\t<div class=\"elementor-element elementor-element-a9031c3 elementor-widget elementor-widget-heading\" data-id=\"a9031c3\" data-element_type=\"widget\" data-e-type=\"widget\" data-widget_type=\"heading.default\">\n\t\t\t\t<div class=\"elementor-widget-container\">\n\t\t\t\t\t<h1 class=\"elementor-heading-title elementor-size-default\">Objetivos do Curso<\/h1>\t\t\t\t<\/div>\n\t\t\t\t<\/div>\n\t\t\t\t<div class=\"elementor-element elementor-element-2a5969a elementor-widget elementor-widget-heading\" data-id=\"2a5969a\" data-element_type=\"widget\" data-e-type=\"widget\" data-widget_type=\"heading.default\">\n\t\t\t\t<div class=\"elementor-widget-container\">\n\t\t\t\t\t<h2 class=\"elementor-heading-title elementor-size-default\">Nossos Objetivos<\/h2>\t\t\t\t<\/div>\n\t\t\t\t<\/div>\n\t\t\t\t<div class=\"elementor-element elementor-element-ba4d4c7 elementor-widget elementor-widget-text-editor\" data-id=\"ba4d4c7\" data-element_type=\"widget\" data-e-type=\"widget\" data-widget_type=\"text-editor.default\">\n\t\t\t\t<div class=\"elementor-widget-container\">\n\t\t\t\t\t\t\t\t\t<p><strong>\ud83c\udfaf Objetivo Geral:<\/strong> Formar professores de Qu\u00edmica para a Educa\u00e7\u00e3o B\u00e1sica, com s\u00f3lida forma\u00e7\u00e3o cient\u00edfica, \u00e9tica e pedag\u00f3gica.<\/p><p><strong>\ud83d\udcd8 Espec\u00edficos:<\/strong><\/p><ul><li>Desenvolver compet\u00eancias cient\u00edficas e pedag\u00f3gicas.<\/li><li>Formar profissionais capazes de atuar de forma \u00e9tica e cr\u00edtica.<\/li><li>Incentivar a pesquisa e extens\u00e3o em ensino de Ci\u00eancias.<\/li><li>Promover a educa\u00e7\u00e3o ambiental, inclusiva e voltada aos direitos humanos.<\/li><\/ul>\t\t\t\t\t\t\t\t<\/div>\n\t\t\t\t<\/div>\n\t\t\t\t\t<\/div>\n\t\t<\/div>\n\t\t\t\t\t<\/div>\n\t\t<\/section>\n\t\t\t\t<section class=\"elementor-section elementor-top-section elementor-element elementor-element-296961a elementor-section-boxed elementor-section-height-default elementor-section-height-default\" data-id=\"296961a\" data-element_type=\"section\" data-e-type=\"section\">\n\t\t\t\t\t\t<div class=\"elementor-container elementor-column-gap-default\">\n\t\t\t\t\t<div class=\"elementor-column elementor-col-100 elementor-top-column elementor-element elementor-element-4dbedbe\" data-id=\"4dbedbe\" data-element_type=\"column\" data-e-type=\"column\">\n\t\t\t<div class=\"elementor-widget-wrap elementor-element-populated\">\n\t\t\t\t\t\t<div class=\"elementor-element elementor-element-f9772f3 elementor-widget elementor-widget-heading\" data-id=\"f9772f3\" data-element_type=\"widget\" data-e-type=\"widget\" data-widget_type=\"heading.default\">\n\t\t\t\t<div class=\"elementor-widget-container\">\n\t\t\t\t\t<h1 class=\"elementor-heading-title elementor-size-default\">Perfil do Egresso<\/h1>\t\t\t\t<\/div>\n\t\t\t\t<\/div>\n\t\t\t\t<div class=\"elementor-element elementor-element-fe76109 elementor-widget elementor-widget-heading\" data-id=\"fe76109\" data-element_type=\"widget\" data-e-type=\"widget\" data-widget_type=\"heading.default\">\n\t\t\t\t<div class=\"elementor-widget-container\">\n\t\t\t\t\t<h2 class=\"elementor-heading-title elementor-size-default\">Quem \u00e9 o profissional que formamos?<\/h2>\t\t\t\t<\/div>\n\t\t\t\t<\/div>\n\t\t\t\t<div class=\"elementor-element elementor-element-acb7a35 elementor-widget elementor-widget-text-editor\" data-id=\"acb7a35\" data-element_type=\"widget\" data-e-type=\"widget\" data-widget_type=\"text-editor.default\">\n\t\t\t\t<div class=\"elementor-widget-container\">\n\t\t\t\t\t\t\t\t\t<p>O licenciado em Qu\u00edmica da UNIFAP estar\u00e1 apto a atuar como docente na Educa\u00e7\u00e3o B\u00e1sica, desenvolver projetos de pesquisa, extens\u00e3o e tamb\u00e9m trabalhar na gest\u00e3o escolar.<br \/><br \/><strong>\ud83c\udfaf\u00a0<\/strong>Compet\u00eancias:<br \/>\u2714 Dom\u00ednio de conte\u00fados qu\u00edmicos.<br \/>\u2714 Pr\u00e1tica pedag\u00f3gica articulada com a teoria.<br \/>\u2714 Sensibilidade \u00e0s quest\u00f5es sociais, ambientais e culturais.<br \/>\u2714 Habilidades para uso de tecnologias educacionais.<br \/>\u2714 Capacidade de adapta\u00e7\u00e3o a diferentes contextos educacionais.<\/p>\t\t\t\t\t\t\t\t<\/div>\n\t\t\t\t<\/div>\n\t\t\t\t\t<\/div>\n\t\t<\/div>\n\t\t\t\t\t<\/div>\n\t\t<\/section>\n\t\t\t\t<section class=\"elementor-section elementor-top-section elementor-element elementor-element-c2cd526 elementor-section-boxed elementor-section-height-default elementor-section-height-default\" data-id=\"c2cd526\" data-element_type=\"section\" data-e-type=\"section\">\n\t\t\t\t\t\t<div class=\"elementor-container elementor-column-gap-default\">\n\t\t\t\t\t<div class=\"elementor-column elementor-col-100 elementor-top-column elementor-element elementor-element-8ae1041\" data-id=\"8ae1041\" data-element_type=\"column\" data-e-type=\"column\">\n\t\t\t<div class=\"elementor-widget-wrap elementor-element-populated\">\n\t\t\t\t\t\t<div class=\"elementor-element elementor-element-4d24d20 elementor-widget elementor-widget-heading\" data-id=\"4d24d20\" data-element_type=\"widget\" data-e-type=\"widget\" data-widget_type=\"heading.default\">\n\t\t\t\t<div class=\"elementor-widget-container\">\n\t\t\t\t\t<h1 class=\"elementor-heading-title elementor-size-default\">Estrutura Curricular<\/h1>\t\t\t\t<\/div>\n\t\t\t\t<\/div>\n\t\t\t\t<div class=\"elementor-element elementor-element-86b89e8 elementor-widget elementor-widget-heading\" data-id=\"86b89e8\" data-element_type=\"widget\" data-e-type=\"widget\" data-widget_type=\"heading.default\">\n\t\t\t\t<div class=\"elementor-widget-container\">\n\t\t\t\t\t<h2 class=\"elementor-heading-title elementor-size-default\">Matriz Curricular e Metodologia de Ensino<\/h2>\t\t\t\t<\/div>\n\t\t\t\t<\/div>\n\t\t\t\t<div class=\"elementor-element elementor-element-eeb15bf elementor-tabs-view-horizontal elementor-widget elementor-widget-tabs\" data-id=\"eeb15bf\" data-element_type=\"widget\" data-e-type=\"widget\" data-widget_type=\"tabs.default\">\n\t\t\t\t<div class=\"elementor-widget-container\">\n\t\t\t\t\t\t\t<div class=\"elementor-tabs\">\n\t\t\t<div class=\"elementor-tabs-wrapper\" role=\"tablist\" >\n\t\t\t\t\t\t\t\t\t<div id=\"elementor-tab-title-2501\" class=\"elementor-tab-title elementor-tab-desktop-title\" aria-selected=\"true\" data-tab=\"1\" role=\"tab\" tabindex=\"0\" aria-controls=\"elementor-tab-content-2501\" aria-expanded=\"false\">\ud83d\udcda N\u00facleo de Forma\u00e7\u00e3o Geral<\/div>\n\t\t\t\t\t\t\t\t\t<div id=\"elementor-tab-title-2502\" class=\"elementor-tab-title elementor-tab-desktop-title\" aria-selected=\"false\" data-tab=\"2\" role=\"tab\" tabindex=\"-1\" aria-controls=\"elementor-tab-content-2502\" aria-expanded=\"false\">\ud83d\udd2c N\u00facleo de Conte\u00fados Espec\u00edficos<\/div>\n\t\t\t\t\t\t\t\t\t<div id=\"elementor-tab-title-2503\" class=\"elementor-tab-title elementor-tab-desktop-title\" aria-selected=\"false\" data-tab=\"3\" role=\"tab\" tabindex=\"-1\" aria-controls=\"elementor-tab-content-2503\" aria-expanded=\"false\">\ud83d\udc68\u200d\ud83c\udfeb Pr\u00e1ticas Pedag\u00f3gicas<\/div>\n\t\t\t\t\t\t\t\t\t<div id=\"elementor-tab-title-2504\" class=\"elementor-tab-title elementor-tab-desktop-title\" aria-selected=\"false\" data-tab=\"4\" role=\"tab\" tabindex=\"-1\" aria-controls=\"elementor-tab-content-2504\" aria-expanded=\"false\">\ud83c\udf0e Atividades de Extens\u00e3o<\/div>\n\t\t\t\t\t\t\t<\/div>\n\t\t\t<div class=\"elementor-tabs-content-wrapper\" role=\"tablist\" aria-orientation=\"vertical\">\n\t\t\t\t\t\t\t\t\t<div class=\"elementor-tab-title elementor-tab-mobile-title\" aria-selected=\"true\" data-tab=\"1\" role=\"tab\" tabindex=\"0\" aria-controls=\"elementor-tab-content-2501\" aria-expanded=\"false\">\ud83d\udcda N\u00facleo de Forma\u00e7\u00e3o Geral<\/div>\n\t\t\t\t\t<div id=\"elementor-tab-content-2501\" class=\"elementor-tab-content elementor-clearfix\" data-tab=\"1\" role=\"tabpanel\" aria-labelledby=\"elementor-tab-title-2501\" tabindex=\"0\" hidden=\"false\"><p>Disciplinas b\u00e1sicas nas \u00e1reas de Educa\u00e7\u00e3o, Linguagens e Ci\u00eancias.<\/p><\/div>\n\t\t\t\t\t\t\t\t\t<div class=\"elementor-tab-title elementor-tab-mobile-title\" aria-selected=\"false\" data-tab=\"2\" role=\"tab\" tabindex=\"-1\" aria-controls=\"elementor-tab-content-2502\" aria-expanded=\"false\">\ud83d\udd2c N\u00facleo de Conte\u00fados Espec\u00edficos<\/div>\n\t\t\t\t\t<div id=\"elementor-tab-content-2502\" class=\"elementor-tab-content elementor-clearfix\" data-tab=\"2\" role=\"tabpanel\" aria-labelledby=\"elementor-tab-title-2502\" tabindex=\"0\" hidden=\"hidden\"><p>Qu\u00edmica Geral, Anal\u00edtica, F\u00edsico-Qu\u00edmica, Org\u00e2nica e Inorg\u00e2nica.<\/p><\/div>\n\t\t\t\t\t\t\t\t\t<div class=\"elementor-tab-title elementor-tab-mobile-title\" aria-selected=\"false\" data-tab=\"3\" role=\"tab\" tabindex=\"-1\" aria-controls=\"elementor-tab-content-2503\" aria-expanded=\"false\">\ud83d\udc68\u200d\ud83c\udfeb Pr\u00e1ticas Pedag\u00f3gicas<\/div>\n\t\t\t\t\t<div id=\"elementor-tab-content-2503\" class=\"elementor-tab-content elementor-clearfix\" data-tab=\"3\" role=\"tabpanel\" aria-labelledby=\"elementor-tab-title-2503\" tabindex=\"0\" hidden=\"hidden\"><p>Disciplinas pr\u00e1ticas desde os primeiros semestres e Est\u00e1gio Supervisionado.<\/p><\/div>\n\t\t\t\t\t\t\t\t\t<div class=\"elementor-tab-title elementor-tab-mobile-title\" aria-selected=\"false\" data-tab=\"4\" role=\"tab\" tabindex=\"-1\" aria-controls=\"elementor-tab-content-2504\" aria-expanded=\"false\">\ud83c\udf0e Atividades de Extens\u00e3o<\/div>\n\t\t\t\t\t<div id=\"elementor-tab-content-2504\" class=\"elementor-tab-content elementor-clearfix\" data-tab=\"4\" role=\"tabpanel\" aria-labelledby=\"elementor-tab-title-2504\" tabindex=\"0\" hidden=\"hidden\"><p>Projetos integrados com a comunidade escolar e participa\u00e7\u00e3o em eventos cient\u00edficos.<\/p><\/div>\n\t\t\t\t\t\t\t<\/div>\n\t\t<\/div>\n\t\t\t\t\t\t<\/div>\n\t\t\t\t<\/div>\n\t\t\t\t\t<\/div>\n\t\t<\/div>\n\t\t\t\t\t<\/div>\n\t\t<\/section>\n\t\t\t\t<section class=\"elementor-section elementor-top-section elementor-element elementor-element-e3b9c8e elementor-section-boxed elementor-section-height-default elementor-section-height-default\" data-id=\"e3b9c8e\" data-element_type=\"section\" data-e-type=\"section\">\n\t\t\t\t\t\t<div class=\"elementor-container elementor-column-gap-default\">\n\t\t\t\t\t<div class=\"elementor-column elementor-col-100 elementor-top-column elementor-element elementor-element-7cd3888\" data-id=\"7cd3888\" data-element_type=\"column\" data-e-type=\"column\">\n\t\t\t<div class=\"elementor-widget-wrap elementor-element-populated\">\n\t\t\t\t\t\t<div class=\"elementor-element elementor-element-5d54c16 elementor-widget elementor-widget-heading\" data-id=\"5d54c16\" data-element_type=\"widget\" data-e-type=\"widget\" data-widget_type=\"heading.default\">\n\t\t\t\t<div class=\"elementor-widget-container\">\n\t\t\t\t\t<h1 class=\"elementor-heading-title elementor-size-default\">Download PPC Qu\u00edmica<\/h1>\t\t\t\t<\/div>\n\t\t\t\t<\/div>\n\t\t\t\t<div class=\"elementor-element elementor-element-d9cbea1 elementor-widget elementor-widget-accordion\" data-id=\"d9cbea1\" data-element_type=\"widget\" data-e-type=\"widget\" data-widget_type=\"accordion.default\">\n\t\t\t\t<div class=\"elementor-widget-container\">\n\t\t\t\t\t\t\t<div class=\"elementor-accordion\">\n\t\t\t\t\t\t\t<div class=\"elementor-accordion-item\">\n\t\t\t\t\t<div id=\"elementor-tab-title-2281\" class=\"elementor-tab-title\" data-tab=\"1\" role=\"button\" aria-controls=\"elementor-tab-content-2281\" aria-expanded=\"false\">\n\t\t\t\t\t\t\t\t\t\t\t\t\t<span class=\"elementor-accordion-icon elementor-accordion-icon-left\" aria-hidden=\"true\">\n\t\t\t\t\t\t\t\t\t\t\t\t\t\t\t<span class=\"elementor-accordion-icon-closed\"><i class=\"fas fa-plus\"><\/i><\/span>\n\t\t\t\t\t\t\t\t<span class=\"elementor-accordion-icon-opened\"><i class=\"fas fa-minus\"><\/i><\/span>\n\t\t\t\t\t\t\t\t\t\t\t\t\t\t<\/span>\n\t\t\t\t\t\t\t\t\t\t\t\t<a class=\"elementor-accordion-title\" tabindex=\"0\">Projeto Pedag\u00f3gico do Curso - 2025 <\/a>\n\t\t\t\t\t<\/div>\n\t\t\t\t\t<div id=\"elementor-tab-content-2281\" class=\"elementor-tab-content elementor-clearfix\" data-tab=\"1\" role=\"region\" aria-labelledby=\"elementor-tab-title-2281\"><p><div class='w3eden'><!-- WPDM Link Template: Default Template -->\n\n<div class=\"link-template-default card mb-2\">\n    <div class=\"card-body\">\n        <div class=\"media\">\n            <div class=\"mr-3 img-48\"><img decoding=\"async\" class=\"wpdm_icon\" alt=\"\u00edcone\" src=\"https:\/\/www2.unifap.br\/quimica\/wp-content\/plugins\/download-manager\/assets\/file-type-icons\/pdf.svg\" \/><\/div>\n            <div class=\"media-body\">\n                <h3 class=\"package-title\"><a href='https:\/\/www2.unifap.br\/quimica\/download\/ppc-quimica-atualizada-2025\/'>PPC QU\u00cdMICA ATUALIZADA 2025<\/a><\/h3>\n                <div class=\"text-muted text-small\"><i class=\"fas fa-copy\"><\/i> 1  arquivo(s) <i class=\"fas fa-hdd ml-3\"><\/i> 1 MB<\/div>\n            <\/div>\n            <div class=\"ml-3\">\n                <a class='wpdm-download-link download-on-click btn btn-primary ' rel='nofollow' href='#' data-downloadurl=\"https:\/\/www2.unifap.br\/quimica\/download\/ppc-quimica-atualizada-2025\/?wpdmdl=4274&#038;refresh=69d56e58ae0121775595096\">Download<\/a>\n            <\/div>\n        <\/div>\n    <\/div>\n<\/div>\n\n<\/div><\/p><\/div>\n\t\t\t\t<\/div>\n\t\t\t\t\t\t\t<div class=\"elementor-accordion-item\">\n\t\t\t\t\t<div id=\"elementor-tab-title-2282\" class=\"elementor-tab-title\" data-tab=\"2\" role=\"button\" aria-controls=\"elementor-tab-content-2282\" aria-expanded=\"false\">\n\t\t\t\t\t\t\t\t\t\t\t\t\t<span class=\"elementor-accordion-icon elementor-accordion-icon-left\" aria-hidden=\"true\">\n\t\t\t\t\t\t\t\t\t\t\t\t\t\t\t<span class=\"elementor-accordion-icon-closed\"><i class=\"fas fa-plus\"><\/i><\/span>\n\t\t\t\t\t\t\t\t<span class=\"elementor-accordion-icon-opened\"><i class=\"fas fa-minus\"><\/i><\/span>\n\t\t\t\t\t\t\t\t\t\t\t\t\t\t<\/span>\n\t\t\t\t\t\t\t\t\t\t\t\t<a class=\"elementor-accordion-title\" tabindex=\"0\">Projeto Pedag\u00f3gico do Curso - 2014 - 2024<\/a>\n\t\t\t\t\t<\/div>\n\t\t\t\t\t<div id=\"elementor-tab-content-2282\" class=\"elementor-tab-content elementor-clearfix\" data-tab=\"2\" role=\"region\" aria-labelledby=\"elementor-tab-title-2282\"><p><div class='w3eden'><!-- WPDM Link Template: Default Template -->\n\n<div class=\"link-template-default card mb-2\">\n    <div class=\"card-body\">\n        <div class=\"media\">\n            <div class=\"mr-3 img-48\"><img decoding=\"async\" class=\"wpdm_icon\" alt=\"\u00edcone\" src=\"https:\/\/www2.unifap.br\/quimica\/wp-content\/plugins\/download-manager\/assets\/file-type-icons\/pdf.svg\" \/><\/div>\n            <div class=\"media-body\">\n                <h3 class=\"package-title\"><a href='https:\/\/www2.unifap.br\/quimica\/download\/ppc-quimica-2014-2024\/'>PPC QU\u00cdMICA 2014-2024<\/a><\/h3>\n                <div class=\"text-muted text-small\"><i class=\"fas fa-copy\"><\/i> 1  arquivo(s) <i class=\"fas fa-hdd ml-3\"><\/i> 1 MB<\/div>\n            <\/div>\n            <div class=\"ml-3\">\n                <a class='wpdm-download-link download-on-click btn btn-primary ' rel='nofollow' href='#' data-downloadurl=\"https:\/\/www2.unifap.br\/quimica\/download\/ppc-quimica-2014-2024\/?wpdmdl=4275&#038;refresh=69d56e58b12b71775595096\">Download<\/a>\n            <\/div>\n        <\/div>\n    <\/div>\n<\/div>\n\n<\/div><\/p><\/div>\n\t\t\t\t<\/div>\n\t\t\t\t\t\t\t\t<\/div>\n\t\t\t\t\t\t<\/div>\n\t\t\t\t<\/div>\n\t\t\t\t\t<\/div>\n\t\t<\/div>\n\t\t\t\t\t<\/div>\n\t\t<\/section>\n\t\t\t\t<section class=\"elementor-section elementor-top-section elementor-element elementor-element-29a2dbd elementor-section-boxed elementor-section-height-default elementor-section-height-default\" data-id=\"29a2dbd\" data-element_type=\"section\" data-e-type=\"section\">\n\t\t\t\t\t\t<div class=\"elementor-container elementor-column-gap-default\">\n\t\t\t\t\t<div class=\"elementor-column elementor-col-100 elementor-top-column elementor-element elementor-element-b2045d1\" data-id=\"b2045d1\" data-element_type=\"column\" data-e-type=\"column\">\n\t\t\t<div class=\"elementor-widget-wrap elementor-element-populated\">\n\t\t\t\t\t\t<div class=\"elementor-element elementor-element-70660d8 elementor-widget elementor-widget-spacer\" data-id=\"70660d8\" data-element_type=\"widget\" data-e-type=\"widget\" data-widget_type=\"spacer.default\">\n\t\t\t\t<div class=\"elementor-widget-container\">\n\t\t\t\t\t\t\t<div class=\"elementor-spacer\">\n\t\t\t<div class=\"elementor-spacer-inner\"><\/div>\n\t\t<\/div>\n\t\t\t\t\t\t<\/div>\n\t\t\t\t<\/div>\n\t\t\t\t\t<\/div>\n\t\t<\/div>\n\t\t\t\t\t<\/div>\n\t\t<\/section>\n\t\t\t\t<\/div>\n\t\t","protected":false},"excerpt":{"rendered":"<p>Sobre o Curso O que \u00e9 o Projeto Pedag\u00f3gico do Curso? O Curso de Licenciatura em Qu\u00edmica da UNIFAP foi criado em 2013, com in\u00edcio das atividades em 2015.Inicialmente sediado no Campus Santana, foi transferido para o Campus Marco Zero do Equador em 2018, visando melhores condi\u00e7\u00f5es de infraestrutura para os acad\u00eamicos.Desde ent\u00e3o, o curso&#8230;<\/p>\n","protected":false},"author":854,"featured_media":0,"parent":0,"menu_order":0,"comment_status":"closed","ping_status":"closed","template":"elementor_header_footer","meta":{"inline_featured_image":false,"ngg_post_thumbnail":0,"footnotes":""},"class_list":["post-47","page","type-page","status-publish","hentry","entry"],"_links":{"self":[{"href":"https:\/\/www2.unifap.br\/quimica\/wp-json\/wp\/v2\/pages\/47","targetHints":{"allow":["GET"]}}],"collection":[{"href":"https:\/\/www2.unifap.br\/quimica\/wp-json\/wp\/v2\/pages"}],"about":[{"href":"https:\/\/www2.unifap.br\/quimica\/wp-json\/wp\/v2\/types\/page"}],"author":[{"embeddable":true,"href":"https:\/\/www2.unifap.br\/quimica\/wp-json\/wp\/v2\/users\/854"}],"replies":[{"embeddable":true,"href":"https:\/\/www2.unifap.br\/quimica\/wp-json\/wp\/v2\/comments?post=47"}],"version-history":[{"count":57,"href":"https:\/\/www2.unifap.br\/quimica\/wp-json\/wp\/v2\/pages\/47\/revisions"}],"predecessor-version":[{"id":4278,"href":"https:\/\/www2.unifap.br\/quimica\/wp-json\/wp\/v2\/pages\/47\/revisions\/4278"}],"wp:attachment":[{"href":"https:\/\/www2.unifap.br\/quimica\/wp-json\/wp\/v2\/media?parent=47"}],"curies":[{"name":"wp","href":"https:\/\/api.w.org\/{rel}","templated":true}]}}