{"id":59,"date":"2016-02-11T12:58:22","date_gmt":"2016-02-11T15:58:22","guid":{"rendered":"http:\/\/www2.unifap.br\/quimica\/?page_id=59"},"modified":"2023-05-01T23:33:30","modified_gmt":"2023-05-02T02:33:30","slug":"nde","status":"publish","type":"page","link":"https:\/\/www2.unifap.br\/quimica\/nde\/","title":{"rendered":"N\u00facleo Docente Estruturante (NDE)"},"content":{"rendered":"\t\t<div data-elementor-type=\"wp-page\" data-elementor-id=\"59\" class=\"elementor elementor-59\">\n\t\t\t\t\t\t<section class=\"elementor-section elementor-top-section elementor-element elementor-element-b2d8776 elementor-section-boxed elementor-section-height-default elementor-section-height-default\" data-id=\"b2d8776\" data-element_type=\"section\" data-e-type=\"section\">\n\t\t\t\t\t\t<div class=\"elementor-container elementor-column-gap-default\">\n\t\t\t\t\t<div class=\"elementor-column elementor-col-100 elementor-top-column elementor-element elementor-element-2e949db\" data-id=\"2e949db\" data-element_type=\"column\" data-e-type=\"column\">\n\t\t\t<div class=\"elementor-widget-wrap elementor-element-populated\">\n\t\t\t\t\t\t<div class=\"elementor-element elementor-element-ad07670 elementor-widget elementor-widget-spacer\" data-id=\"ad07670\" data-element_type=\"widget\" data-e-type=\"widget\" data-widget_type=\"spacer.default\">\n\t\t\t\t<div class=\"elementor-widget-container\">\n\t\t\t\t\t\t\t<div class=\"elementor-spacer\">\n\t\t\t<div class=\"elementor-spacer-inner\"><\/div>\n\t\t<\/div>\n\t\t\t\t\t\t<\/div>\n\t\t\t\t<\/div>\n\t\t\t\t\t<\/div>\n\t\t<\/div>\n\t\t\t\t\t<\/div>\n\t\t<\/section>\n\t\t\t\t<section class=\"elementor-section elementor-top-section elementor-element elementor-element-3e805ed1 elementor-section-boxed elementor-section-height-default elementor-section-height-default\" data-id=\"3e805ed1\" data-element_type=\"section\" data-e-type=\"section\">\n\t\t\t\t\t\t<div class=\"elementor-container elementor-column-gap-default\">\n\t\t\t\t\t<div class=\"elementor-column elementor-col-100 elementor-top-column elementor-element elementor-element-2028b66\" data-id=\"2028b66\" data-element_type=\"column\" data-e-type=\"column\">\n\t\t\t<div class=\"elementor-widget-wrap elementor-element-populated\">\n\t\t\t\t\t\t<div class=\"elementor-element elementor-element-915689a elementor-widget elementor-widget-text-editor\" data-id=\"915689a\" data-element_type=\"widget\" data-e-type=\"widget\" data-widget_type=\"text-editor.default\">\n\t\t\t\t<div class=\"elementor-widget-container\">\n\t\t\t\t\t\t\t\t\t<p>S\u00e3o integrantes do N\u00facleo Docente Estruturante do Curso de Licenciatura em Qu\u00edmica\u00a0da Universidade Federal do Amap\u00e1:<\/p><ul><li><strong>Prof. Dr. Joel Estev\u00e3o de Melo Diniz (Presidente)<\/strong><\/li><li>Prof. Dr. Alex Bruno Lobatos Rodrigues;<\/li><li>Prof. Dr. Alex De Nazar\u00e9 de Oliveira;<\/li><li>Prof. Dr. Alexandro Cezar Florentino;<\/li><li>Prof. Dr. David Esteban Quintero Jimenez;<\/li><li>Prof. Dr. Irlon Maciel Ferreira;<\/li><li>Profa. Ma. Joaquina Barboza Malheiros;<\/li><li>Prof. Dr. Kelton Luis Belem dos Santos;<\/li><li>Prof. Ma. Selma dos Santos Melo;<\/li><\/ul>\t\t\t\t\t\t\t\t<\/div>\n\t\t\t\t<\/div>\n\t\t\t\t\t<\/div>\n\t\t<\/div>\n\t\t\t\t\t<\/div>\n\t\t<\/section>\n\t\t\t\t<section class=\"elementor-section elementor-top-section elementor-element elementor-element-23ddc3c elementor-section-boxed elementor-section-height-default elementor-section-height-default\" data-id=\"23ddc3c\" data-element_type=\"section\" data-e-type=\"section\">\n\t\t\t\t\t\t<div class=\"elementor-container elementor-column-gap-default\">\n\t\t\t\t\t<div class=\"elementor-column elementor-col-100 elementor-top-column elementor-element elementor-element-a29e52d\" data-id=\"a29e52d\" data-element_type=\"column\" data-e-type=\"column\">\n\t\t\t<div class=\"elementor-widget-wrap elementor-element-populated\">\n\t\t\t\t\t\t<div class=\"elementor-element elementor-element-7b42c5f elementor-widget elementor-widget-heading\" data-id=\"7b42c5f\" data-element_type=\"widget\" data-e-type=\"widget\" data-widget_type=\"heading.default\">\n\t\t\t\t<div class=\"elementor-widget-container\">\n\t\t\t\t\t<h2 class=\"elementor-heading-title elementor-size-default\">Documentos<\/h2>\t\t\t\t<\/div>\n\t\t\t\t<\/div>\n\t\t\t\t\t<\/div>\n\t\t<\/div>\n\t\t\t\t\t<\/div>\n\t\t<\/section>\n\t\t\t\t<section class=\"elementor-section elementor-top-section elementor-element elementor-element-812af84 elementor-section-boxed elementor-section-height-default elementor-section-height-default\" data-id=\"812af84\" data-element_type=\"section\" data-e-type=\"section\">\n\t\t\t\t\t\t<div class=\"elementor-container elementor-column-gap-default\">\n\t\t\t\t\t<div class=\"elementor-column elementor-col-100 elementor-top-column elementor-element elementor-element-fc59fb0\" data-id=\"fc59fb0\" data-element_type=\"column\" data-e-type=\"column\">\n\t\t\t<div class=\"elementor-widget-wrap elementor-element-populated\">\n\t\t\t\t\t\t<div class=\"elementor-element elementor-element-e4968ce elementor-widget elementor-widget-accordion\" data-id=\"e4968ce\" data-element_type=\"widget\" data-e-type=\"widget\" data-widget_type=\"accordion.default\">\n\t\t\t\t<div class=\"elementor-widget-container\">\n\t\t\t\t\t\t\t<div class=\"elementor-accordion\">\n\t\t\t\t\t\t\t<div class=\"elementor-accordion-item\">\n\t\t\t\t\t<div id=\"elementor-tab-title-2391\" class=\"elementor-tab-title\" data-tab=\"1\" role=\"button\" aria-controls=\"elementor-tab-content-2391\" aria-expanded=\"false\">\n\t\t\t\t\t\t\t\t\t\t\t\t\t<span class=\"elementor-accordion-icon elementor-accordion-icon-left\" aria-hidden=\"true\">\n\t\t\t\t\t\t\t\t\t\t\t\t\t\t\t<span class=\"elementor-accordion-icon-closed\"><i class=\"fas fa-plus\"><\/i><\/span>\n\t\t\t\t\t\t\t\t<span class=\"elementor-accordion-icon-opened\"><i class=\"fas fa-minus\"><\/i><\/span>\n\t\t\t\t\t\t\t\t\t\t\t\t\t\t<\/span>\n\t\t\t\t\t\t\t\t\t\t\t\t<a class=\"elementor-accordion-title\" tabindex=\"0\">Regimento Interno<\/a>\n\t\t\t\t\t<\/div>\n\t\t\t\t\t<div id=\"elementor-tab-content-2391\" class=\"elementor-tab-content elementor-clearfix\" data-tab=\"1\" role=\"region\" aria-labelledby=\"elementor-tab-title-2391\"><p><a href=\"http:\/\/www2.unifap.br\/quimica\/files\/2020\/02\/REGIMENTO-INTERNO-NDE-QU%C3%8DMICA.pdf\">REGIMENTO INTERNO NDE QU\u00cdMICA<\/a><\/p><div id=\"gtx-trans\"><div class=\"gtx-trans-icon\">\u00a0<\/div><\/div><\/div>\n\t\t\t\t<\/div>\n\t\t\t\t\t\t\t<div class=\"elementor-accordion-item\">\n\t\t\t\t\t<div id=\"elementor-tab-title-2392\" class=\"elementor-tab-title\" data-tab=\"2\" role=\"button\" aria-controls=\"elementor-tab-content-2392\" aria-expanded=\"false\">\n\t\t\t\t\t\t\t\t\t\t\t\t\t<span class=\"elementor-accordion-icon elementor-accordion-icon-left\" aria-hidden=\"true\">\n\t\t\t\t\t\t\t\t\t\t\t\t\t\t\t<span class=\"elementor-accordion-icon-closed\"><i class=\"fas fa-plus\"><\/i><\/span>\n\t\t\t\t\t\t\t\t<span class=\"elementor-accordion-icon-opened\"><i class=\"fas fa-minus\"><\/i><\/span>\n\t\t\t\t\t\t\t\t\t\t\t\t\t\t<\/span>\n\t\t\t\t\t\t\t\t\t\t\t\t<a class=\"elementor-accordion-title\" tabindex=\"0\">Portarias<\/a>\n\t\t\t\t\t<\/div>\n\t\t\t\t\t<div id=\"elementor-tab-content-2392\" class=\"elementor-tab-content elementor-clearfix\" data-tab=\"2\" role=\"region\" aria-labelledby=\"elementor-tab-title-2392\"><p><a href=\"http:\/\/www2.unifap.br\/quimica\/files\/2022\/07\/2022-PORTARIA-No-0448-2022-NDE-Quimica.pdf\">PORTARIA &#8211; N\u00ba 0448-2022<\/a><\/p><p><a href=\"http:\/\/www2.unifap.br\/quimica\/files\/2022\/04\/Portaria-1926-2021-Nucleo-Docente-Estruturante-NDE-do-Curso-de-Quimica.pdf\">PORTARIA \u2013 N\u00ba 1926-2021<\/a><\/p><p><a href=\"http:\/\/www2.unifap.br\/quimica\/files\/2020\/01\/PORTARIA-N%C2%BA-2306-2018.pdf\">PORTARIA \u2013 N\u00ba 2306-2018<\/a><\/p><p><a href=\"http:\/\/www2.unifap.br\/quimica\/files\/2020\/01\/PORTARIA-N%C2%BA-0485-2018.pdf\">PORTARIA \u2013 N\u00ba 0485-2018<\/a><\/p><p><a href=\"http:\/\/www2.unifap.br\/quimica\/files\/2020\/01\/PORTARIA-N%C2%BA-0068-2016.pdf\">PORTARIA \u2013 N\u00ba 0068-2016<\/a><\/p><p>.<\/p><\/div>\n\t\t\t\t<\/div>\n\t\t\t\t\t\t\t<div class=\"elementor-accordion-item\">\n\t\t\t\t\t<div id=\"elementor-tab-title-2393\" class=\"elementor-tab-title\" data-tab=\"3\" role=\"button\" aria-controls=\"elementor-tab-content-2393\" aria-expanded=\"false\">\n\t\t\t\t\t\t\t\t\t\t\t\t\t<span class=\"elementor-accordion-icon elementor-accordion-icon-left\" aria-hidden=\"true\">\n\t\t\t\t\t\t\t\t\t\t\t\t\t\t\t<span class=\"elementor-accordion-icon-closed\"><i class=\"fas fa-plus\"><\/i><\/span>\n\t\t\t\t\t\t\t\t<span class=\"elementor-accordion-icon-opened\"><i class=\"fas fa-minus\"><\/i><\/span>\n\t\t\t\t\t\t\t\t\t\t\t\t\t\t<\/span>\n\t\t\t\t\t\t\t\t\t\t\t\t<a class=\"elementor-accordion-title\" tabindex=\"0\">Parecer<\/a>\n\t\t\t\t\t<\/div>\n\t\t\t\t\t<div id=\"elementor-tab-content-2393\" class=\"elementor-tab-content elementor-clearfix\" data-tab=\"3\" role=\"region\" aria-labelledby=\"elementor-tab-title-2393\"><p><a href=\"http:\/\/www2.unifap.br\/quimica\/files\/2016\/02\/Parecer-CONAES-NDE-2010.pdf\">Parecer CONAES \u2013 NDE 2010<\/a><\/p><p><a href=\"http:\/\/www2.unifap.br\/quimica\/files\/2016\/02\/Resolu%C3%A7%C3%A3o-1-2010-CONAES.pdf\">Resolu\u00e7\u00e3o \u2013 1-2010 CONAES<\/a><\/p><div id=\"gtx-trans\"><div class=\"gtx-trans-icon\">\u00a0<\/div><\/div><\/div>\n\t\t\t\t<\/div>\n\t\t\t\t\t\t\t<div class=\"elementor-accordion-item\">\n\t\t\t\t\t<div id=\"elementor-tab-title-2394\" class=\"elementor-tab-title\" data-tab=\"4\" role=\"button\" aria-controls=\"elementor-tab-content-2394\" aria-expanded=\"false\">\n\t\t\t\t\t\t\t\t\t\t\t\t\t<span class=\"elementor-accordion-icon elementor-accordion-icon-left\" aria-hidden=\"true\">\n\t\t\t\t\t\t\t\t\t\t\t\t\t\t\t<span class=\"elementor-accordion-icon-closed\"><i class=\"fas fa-plus\"><\/i><\/span>\n\t\t\t\t\t\t\t\t<span class=\"elementor-accordion-icon-opened\"><i class=\"fas fa-minus\"><\/i><\/span>\n\t\t\t\t\t\t\t\t\t\t\t\t\t\t<\/span>\n\t\t\t\t\t\t\t\t\t\t\t\t<a class=\"elementor-accordion-title\" tabindex=\"0\">Atas de Reuni\u00f5es do NDE<\/a>\n\t\t\t\t\t<\/div>\n\t\t\t\t\t<div id=\"elementor-tab-content-2394\" class=\"elementor-tab-content elementor-clearfix\" data-tab=\"4\" role=\"region\" aria-labelledby=\"elementor-tab-title-2394\"><p><a href=\"http:\/\/www2.unifap.br\/quimica\/files\/2020\/01\/NDE-ATA-01-1.pdf\">NDE-ATA 01<\/a><\/p><p><a href=\"http:\/\/www2.unifap.br\/quimica\/files\/2020\/01\/NDE-ATA-02-1.pdf\">NDE-ATA 02<\/a><\/p><p><a href=\"http:\/\/www2.unifap.br\/quimica\/files\/2020\/01\/NDE-ATA-03-1.pdf\">NDE-ATA 03<\/a><\/p><p><a href=\"http:\/\/www2.unifap.br\/quimica\/files\/2020\/01\/NDE-ATA-04.pdf\">NDE-ATA 04<\/a><\/p><p><a href=\"http:\/\/www2.unifap.br\/quimica\/files\/2020\/01\/NDE-ATA-05.pdf\">NDE-ATA 05<\/a><\/p><p><a href=\"http:\/\/www2.unifap.br\/quimica\/files\/2020\/01\/NDE-ATA-06.pdf\">NDE-ATA 06<\/a><\/p><p><a href=\"http:\/\/www2.unifap.br\/quimica\/files\/2020\/02\/NDE-ATA-07.pdf\">NDE-ATA 07<\/a><\/p><p><a href=\"http:\/\/www2.unifap.br\/quimica\/files\/2020\/02\/NDE-ATA-08.pdf\">NDE- ATA 08<\/a>\u00a0<\/p><div id=\"gtx-trans\"><div class=\"gtx-trans-icon\">\u00a0<\/div><\/div><\/div>\n\t\t\t\t<\/div>\n\t\t\t\t\t\t\t\t<\/div>\n\t\t\t\t\t\t<\/div>\n\t\t\t\t<\/div>\n\t\t\t\t\t<\/div>\n\t\t<\/div>\n\t\t\t\t\t<\/div>\n\t\t<\/section>\n\t\t\t\t<\/div>\n\t\t","protected":false},"excerpt":{"rendered":"<p>S\u00e3o integrantes do N\u00facleo Docente Estruturante do Curso de Licenciatura em Qu\u00edmica\u00a0da Universidade Federal do Amap\u00e1: Prof. Dr. Joel Estev\u00e3o de Melo Diniz (Presidente) Prof. Dr. Alex Bruno Lobatos Rodrigues; Prof. Dr. Alex De Nazar\u00e9 de Oliveira; Prof. Dr. Alexandro Cezar Florentino; Prof. Dr. David Esteban Quintero Jimenez; Prof. Dr. Irlon Maciel Ferreira; Profa. Ma&#8230;.<\/p>\n","protected":false},"author":855,"featured_media":0,"parent":0,"menu_order":0,"comment_status":"open","ping_status":"closed","template":"elementor_header_footer","meta":{"inline_featured_image":false,"ngg_post_thumbnail":0,"footnotes":""},"class_list":["post-59","page","type-page","status-publish","hentry","entry"],"_links":{"self":[{"href":"https:\/\/www2.unifap.br\/quimica\/wp-json\/wp\/v2\/pages\/59","targetHints":{"allow":["GET"]}}],"collection":[{"href":"https:\/\/www2.unifap.br\/quimica\/wp-json\/wp\/v2\/pages"}],"about":[{"href":"https:\/\/www2.unifap.br\/quimica\/wp-json\/wp\/v2\/types\/page"}],"author":[{"embeddable":true,"href":"https:\/\/www2.unifap.br\/quimica\/wp-json\/wp\/v2\/users\/855"}],"replies":[{"embeddable":true,"href":"https:\/\/www2.unifap.br\/quimica\/wp-json\/wp\/v2\/comments?post=59"}],"version-history":[{"count":39,"href":"https:\/\/www2.unifap.br\/quimica\/wp-json\/wp\/v2\/pages\/59\/revisions"}],"predecessor-version":[{"id":2915,"href":"https:\/\/www2.unifap.br\/quimica\/wp-json\/wp\/v2\/pages\/59\/revisions\/2915"}],"wp:attachment":[{"href":"https:\/\/www2.unifap.br\/quimica\/wp-json\/wp\/v2\/media?parent=59"}],"curies":[{"name":"wp","href":"https:\/\/api.w.org\/{rel}","templated":true}]}}