{"id":73,"date":"2016-02-11T14:37:07","date_gmt":"2016-02-11T17:37:07","guid":{"rendered":"http:\/\/www2.unifap.br\/quimica\/?page_id=73"},"modified":"2023-05-23T05:22:28","modified_gmt":"2023-05-23T08:22:28","slug":"resolucoes-e-regimentos-unifap","status":"publish","type":"page","link":"https:\/\/www2.unifap.br\/quimica\/resolucoes-e-regimentos-unifap\/","title":{"rendered":"Resolu\u00e7\u00f5es e Regimentos (UNIFAP)"},"content":{"rendered":"\t\t<div data-elementor-type=\"wp-page\" data-elementor-id=\"73\" class=\"elementor elementor-73\">\n\t\t\t\t\t\t<section class=\"elementor-section elementor-top-section elementor-element elementor-element-e6f0907 elementor-section-boxed elementor-section-height-default elementor-section-height-default\" data-id=\"e6f0907\" data-element_type=\"section\" data-e-type=\"section\">\n\t\t\t\t\t\t<div class=\"elementor-container elementor-column-gap-default\">\n\t\t\t\t\t<div class=\"elementor-column elementor-col-100 elementor-top-column elementor-element elementor-element-1c92470\" data-id=\"1c92470\" data-element_type=\"column\" data-e-type=\"column\">\n\t\t\t<div class=\"elementor-widget-wrap elementor-element-populated\">\n\t\t\t\t\t\t<div class=\"elementor-element elementor-element-e0b94eb elementor-widget-divider--view-line elementor-widget elementor-widget-divider\" data-id=\"e0b94eb\" data-element_type=\"widget\" data-e-type=\"widget\" data-widget_type=\"divider.default\">\n\t\t\t\t<div class=\"elementor-widget-container\">\n\t\t\t\t\t\t\t<div class=\"elementor-divider\">\n\t\t\t<span class=\"elementor-divider-separator\">\n\t\t\t\t\t\t<\/span>\n\t\t<\/div>\n\t\t\t\t\t\t<\/div>\n\t\t\t\t<\/div>\n\t\t\t\t\t<\/div>\n\t\t<\/div>\n\t\t\t\t\t<\/div>\n\t\t<\/section>\n\t\t\t\t<section class=\"elementor-section elementor-top-section elementor-element elementor-element-79b4c9c elementor-section-boxed elementor-section-height-default elementor-section-height-default\" data-id=\"79b4c9c\" data-element_type=\"section\" data-e-type=\"section\">\n\t\t\t\t\t\t<div class=\"elementor-container elementor-column-gap-default\">\n\t\t\t\t\t<div class=\"elementor-column elementor-col-100 elementor-top-column elementor-element elementor-element-d119fa6\" data-id=\"d119fa6\" data-element_type=\"column\" data-e-type=\"column\">\n\t\t\t<div class=\"elementor-widget-wrap elementor-element-populated\">\n\t\t\t\t\t\t<div class=\"elementor-element elementor-element-8ba0655 elementor-widget elementor-widget-heading\" data-id=\"8ba0655\" data-element_type=\"widget\" data-e-type=\"widget\" data-widget_type=\"heading.default\">\n\t\t\t\t<div class=\"elementor-widget-container\">\n\t\t\t\t\t<h2 class=\"elementor-heading-title elementor-size-default\">Documentos Internos<\/h2>\t\t\t\t<\/div>\n\t\t\t\t<\/div>\n\t\t\t\t\t<\/div>\n\t\t<\/div>\n\t\t\t\t\t<\/div>\n\t\t<\/section>\n\t\t\t\t<section class=\"elementor-section elementor-top-section elementor-element elementor-element-7d04fee elementor-section-boxed elementor-section-height-default elementor-section-height-default\" data-id=\"7d04fee\" data-element_type=\"section\" data-e-type=\"section\">\n\t\t\t\t\t\t<div class=\"elementor-container elementor-column-gap-default\">\n\t\t\t\t\t<div class=\"elementor-column elementor-col-100 elementor-top-column elementor-element elementor-element-246b0e6\" data-id=\"246b0e6\" data-element_type=\"column\" data-e-type=\"column\">\n\t\t\t<div class=\"elementor-widget-wrap elementor-element-populated\">\n\t\t\t\t\t\t<div class=\"elementor-element elementor-element-a1d8a8f elementor-widget elementor-widget-text-editor\" data-id=\"a1d8a8f\" data-element_type=\"widget\" data-e-type=\"widget\" data-widget_type=\"text-editor.default\">\n\t\t\t\t<div class=\"elementor-widget-container\">\n\t\t\t\t\t\t\t\t\t<p><a href=\"http:\/\/www2.unifap.br\/quimica\/files\/2016\/02\/Regimento-Geral-da-Unifap.pdf\">REGIMENTO GERAL DA UNIFAP<\/a><\/p><p><a href=\"http:\/\/www2.unifap.br\/quimica\/files\/2020\/02\/REGIMENTO-INTERNO-DO-CURSO-DE-LICENCIATURA-EM-QU%C3%8DMICA.pdf\">REGIMENTO INTERNO DO CURSO DE LICENCIATURA EM QU\u00cdMICA<\/a><\/p><p><a href=\"http:\/\/www2.unifap.br\/quimica\/files\/2016\/02\/SISTEM%C3%81TICA-DE-AVALIA%C3%87%C3%83O-E-APRENDIZAGEMResolu%C3%A7%C3%A3o-n-26-2011.pdf\">SISTEM\u00c1TICA DE AVALIA\u00c7\u00c3O E APRENDIZAGEM (Resolu\u00e7\u00e3o n. 26-2011)<\/a><\/p><p><a href=\"http:\/\/www2.unifap.br\/quimica\/files\/2020\/02\/REGULAMENTO-DE-PR%C3%81TICA-DE-ENSINO.pdf\">REGULAMENTO DE PR\u00c1TICA DE ENSINO<\/a><\/p><p><a href=\"http:\/\/www2.unifap.br\/quimica\/files\/2020\/02\/REGULAMENTO-DE-EST%C3%81GIO-SUPERVISIONADO.pdf\">REGULAMENTO DE EST\u00c1GIO SUPERVISIONADO<\/a><\/p><p><a href=\"http:\/\/www2.unifap.br\/quimica\/files\/2020\/02\/REGIMENTO-ACC.pdf\">REGIMENTO ACC<\/a><\/p><p><a href=\"http:\/\/www2.unifap.br\/quimica\/files\/2016\/02\/APROVEITAMENTO-DE-ESTUDOS-UNIFAP-Resolu%C3%A7%C3%A3o-n-15-1996.pdf\">APROVEITAMENTO DE ESTUDOS UNIFAP (Resolu\u00e7\u00e3o n. 15-1996)<\/a><\/p><p><a href=\"http:\/\/www2.unifap.br\/quimica\/files\/2020\/01\/RESOLU%C3%87%C3%83O-DE-APROVA%C3%87%C3%83O-DO-PPC.pdf\">RESOLU\u00c7\u00c3O DE APROVA\u00c7\u00c3O DO PPC<\/a><\/p><div id=\"gtx-trans\"><div class=\"gtx-trans-icon\">\u00a0<\/div><\/div>\t\t\t\t\t\t\t\t<\/div>\n\t\t\t\t<\/div>\n\t\t\t\t\t<\/div>\n\t\t<\/div>\n\t\t\t\t\t<\/div>\n\t\t<\/section>\n\t\t\t\t<section class=\"elementor-section elementor-top-section elementor-element elementor-element-419221f elementor-section-boxed elementor-section-height-default elementor-section-height-default\" data-id=\"419221f\" data-element_type=\"section\" data-e-type=\"section\">\n\t\t\t\t\t\t<div class=\"elementor-container elementor-column-gap-default\">\n\t\t\t\t\t<div class=\"elementor-column elementor-col-100 elementor-top-column elementor-element elementor-element-1947d29\" data-id=\"1947d29\" data-element_type=\"column\" data-e-type=\"column\">\n\t\t\t<div class=\"elementor-widget-wrap elementor-element-populated\">\n\t\t\t\t\t\t<div class=\"elementor-element elementor-element-bbf2a3c elementor-widget-divider--view-line elementor-widget elementor-widget-divider\" data-id=\"bbf2a3c\" data-element_type=\"widget\" data-e-type=\"widget\" data-widget_type=\"divider.default\">\n\t\t\t\t<div class=\"elementor-widget-container\">\n\t\t\t\t\t\t\t<div class=\"elementor-divider\">\n\t\t\t<span class=\"elementor-divider-separator\">\n\t\t\t\t\t\t<\/span>\n\t\t<\/div>\n\t\t\t\t\t\t<\/div>\n\t\t\t\t<\/div>\n\t\t\t\t\t<\/div>\n\t\t<\/div>\n\t\t\t\t\t<\/div>\n\t\t<\/section>\n\t\t\t\t<section class=\"elementor-section elementor-top-section elementor-element elementor-element-9049cd0 elementor-section-boxed elementor-section-height-default elementor-section-height-default\" data-id=\"9049cd0\" data-element_type=\"section\" data-e-type=\"section\">\n\t\t\t\t\t\t<div class=\"elementor-container elementor-column-gap-default\">\n\t\t\t\t\t<div class=\"elementor-column elementor-col-100 elementor-top-column elementor-element elementor-element-9e8d872\" data-id=\"9e8d872\" data-element_type=\"column\" data-e-type=\"column\">\n\t\t\t<div class=\"elementor-widget-wrap elementor-element-populated\">\n\t\t\t\t\t\t<div class=\"elementor-element elementor-element-f1ff09f elementor-widget elementor-widget-heading\" data-id=\"f1ff09f\" data-element_type=\"widget\" data-e-type=\"widget\" data-widget_type=\"heading.default\">\n\t\t\t\t<div class=\"elementor-widget-container\">\n\t\t\t\t\t<h2 class=\"elementor-heading-title elementor-size-default\">Documentos Externos<\/h2>\t\t\t\t<\/div>\n\t\t\t\t<\/div>\n\t\t\t\t\t<\/div>\n\t\t<\/div>\n\t\t\t\t\t<\/div>\n\t\t<\/section>\n\t\t\t\t<section class=\"elementor-section elementor-top-section elementor-element elementor-element-90e90eb elementor-section-boxed elementor-section-height-default elementor-section-height-default\" data-id=\"90e90eb\" data-element_type=\"section\" data-e-type=\"section\">\n\t\t\t\t\t\t<div class=\"elementor-container elementor-column-gap-default\">\n\t\t\t\t\t<div class=\"elementor-column elementor-col-100 elementor-top-column elementor-element elementor-element-1689695\" data-id=\"1689695\" data-element_type=\"column\" data-e-type=\"column\">\n\t\t\t<div class=\"elementor-widget-wrap elementor-element-populated\">\n\t\t\t\t\t\t<div class=\"elementor-element elementor-element-b655a06 elementor-widget elementor-widget-text-editor\" data-id=\"b655a06\" data-element_type=\"widget\" data-e-type=\"widget\" data-widget_type=\"text-editor.default\">\n\t\t\t\t<div class=\"elementor-widget-container\">\n\t\t\t\t\t\t\t\t\t<p><a href=\"http:\/\/www2.unifap.br\/quimica\/files\/2016\/02\/ORIENTA%C3%87%C3%83O-SOBRE-ABONO-DE-FALTA.pdf\">ORIENTA\u00c7\u00c3O SOBRE ABONO DE FALTA<\/a><\/p><p><a href=\"http:\/\/www2.unifap.br\/quimica\/files\/2016\/02\/ABONO-DE-FALTAS-PARA-ACAD%C3%8AMICOS-COM-AFEC%C3%87%C3%95ESDecreto-Lei-715-19691.pdf\">ABONO DE FALTAS PARA ACAD\u00caMICOS COM AFEC\u00c7\u00d5ES (Decreto-Lei-715-1969)<\/a><\/p><p><a href=\"http:\/\/www2.unifap.br\/quimica\/files\/2016\/02\/Decreto-Lei-715-1969.pdf\">Decreto-Lei-715-1969<\/a><\/p>\t\t\t\t\t\t\t\t<\/div>\n\t\t\t\t<\/div>\n\t\t\t\t\t<\/div>\n\t\t<\/div>\n\t\t\t\t\t<\/div>\n\t\t<\/section>\n\t\t\t\t<section class=\"elementor-section elementor-top-section elementor-element elementor-element-df0a124 elementor-section-boxed elementor-section-height-default elementor-section-height-default\" data-id=\"df0a124\" data-element_type=\"section\" data-e-type=\"section\">\n\t\t\t\t\t\t<div class=\"elementor-container elementor-column-gap-default\">\n\t\t\t\t\t<div class=\"elementor-column elementor-col-100 elementor-top-column elementor-element elementor-element-e78d361\" data-id=\"e78d361\" data-element_type=\"column\" data-e-type=\"column\">\n\t\t\t<div class=\"elementor-widget-wrap elementor-element-populated\">\n\t\t\t\t\t\t<div class=\"elementor-element elementor-element-c488235 elementor-widget-divider--view-line elementor-widget elementor-widget-divider\" data-id=\"c488235\" data-element_type=\"widget\" data-e-type=\"widget\" data-widget_type=\"divider.default\">\n\t\t\t\t<div class=\"elementor-widget-container\">\n\t\t\t\t\t\t\t<div class=\"elementor-divider\">\n\t\t\t<span class=\"elementor-divider-separator\">\n\t\t\t\t\t\t<\/span>\n\t\t<\/div>\n\t\t\t\t\t\t<\/div>\n\t\t\t\t<\/div>\n\t\t\t\t\t<\/div>\n\t\t<\/div>\n\t\t\t\t\t<\/div>\n\t\t<\/section>\n\t\t\t\t<section class=\"elementor-section elementor-top-section elementor-element elementor-element-dbff3f8 elementor-section-boxed elementor-section-height-default elementor-section-height-default\" data-id=\"dbff3f8\" data-element_type=\"section\" data-e-type=\"section\">\n\t\t\t\t\t\t<div class=\"elementor-container elementor-column-gap-default\">\n\t\t\t\t\t<div class=\"elementor-column elementor-col-100 elementor-top-column elementor-element elementor-element-602feea\" data-id=\"602feea\" data-element_type=\"column\" data-e-type=\"column\">\n\t\t\t<div class=\"elementor-widget-wrap elementor-element-populated\">\n\t\t\t\t\t\t<div class=\"elementor-element elementor-element-6bf637a elementor-widget elementor-widget-heading\" data-id=\"6bf637a\" data-element_type=\"widget\" data-e-type=\"widget\" data-widget_type=\"heading.default\">\n\t\t\t\t<div class=\"elementor-widget-container\">\n\t\t\t\t\t<h2 class=\"elementor-heading-title elementor-size-default\">Documentos sobre Pesquisa e Testes humanos<\/h2>\t\t\t\t<\/div>\n\t\t\t\t<\/div>\n\t\t\t\t\t<\/div>\n\t\t<\/div>\n\t\t\t\t\t<\/div>\n\t\t<\/section>\n\t\t\t\t<section class=\"elementor-section elementor-top-section elementor-element elementor-element-5bf225e3 elementor-section-boxed elementor-section-height-default elementor-section-height-default\" data-id=\"5bf225e3\" data-element_type=\"section\" data-e-type=\"section\">\n\t\t\t\t\t\t<div class=\"elementor-container elementor-column-gap-default\">\n\t\t\t\t\t<div class=\"elementor-column elementor-col-100 elementor-top-column elementor-element elementor-element-3fa29561\" data-id=\"3fa29561\" data-element_type=\"column\" data-e-type=\"column\">\n\t\t\t<div class=\"elementor-widget-wrap elementor-element-populated\">\n\t\t\t\t\t\t<div class=\"elementor-element elementor-element-14299d96 elementor-widget elementor-widget-text-editor\" data-id=\"14299d96\" data-element_type=\"widget\" data-e-type=\"widget\" data-widget_type=\"text-editor.default\">\n\t\t\t\t<div class=\"elementor-widget-container\">\n\t\t\t\t\t\t\t\t\t<p><a href=\"http:\/\/www2.unifap.br\/quimica\/files\/2016\/02\/DIRETRIZES-E-NORMAS-SOBRE-PESQUISAS-E-TESTES-EM-HUMANOSResolu\u00e7\u00e3o-n.-466-de-2012.pdf\">DIRETRIZES E NORMAS SOBRE PESQUISAS E TESTES EM HUMANOS (Resolu\u00e7\u00e3o n. 466 de 2012)<\/a><\/p>\t\t\t\t\t\t\t\t<\/div>\n\t\t\t\t<\/div>\n\t\t\t\t\t<\/div>\n\t\t<\/div>\n\t\t\t\t\t<\/div>\n\t\t<\/section>\n\t\t\t\t<\/div>\n\t\t","protected":false},"excerpt":{"rendered":"<p>Documentos Internos REGIMENTO GERAL DA UNIFAP REGIMENTO INTERNO DO CURSO DE LICENCIATURA EM QU\u00cdMICA SISTEM\u00c1TICA DE AVALIA\u00c7\u00c3O E APRENDIZAGEM (Resolu\u00e7\u00e3o n. 26-2011) REGULAMENTO DE PR\u00c1TICA DE ENSINO REGULAMENTO DE EST\u00c1GIO SUPERVISIONADO REGIMENTO ACC APROVEITAMENTO DE ESTUDOS UNIFAP (Resolu\u00e7\u00e3o n. 15-1996) RESOLU\u00c7\u00c3O DE APROVA\u00c7\u00c3O DO PPC \u00a0 Documentos Externos ORIENTA\u00c7\u00c3O SOBRE ABONO DE FALTA ABONO DE&#8230;<\/p>\n","protected":false},"author":855,"featured_media":0,"parent":0,"menu_order":7,"comment_status":"closed","ping_status":"closed","template":"elementor_header_footer","meta":{"inline_featured_image":false,"ngg_post_thumbnail":0,"footnotes":""},"class_list":["post-73","page","type-page","status-publish","hentry","entry"],"_links":{"self":[{"href":"https:\/\/www2.unifap.br\/quimica\/wp-json\/wp\/v2\/pages\/73","targetHints":{"allow":["GET"]}}],"collection":[{"href":"https:\/\/www2.unifap.br\/quimica\/wp-json\/wp\/v2\/pages"}],"about":[{"href":"https:\/\/www2.unifap.br\/quimica\/wp-json\/wp\/v2\/types\/page"}],"author":[{"embeddable":true,"href":"https:\/\/www2.unifap.br\/quimica\/wp-json\/wp\/v2\/users\/855"}],"replies":[{"embeddable":true,"href":"https:\/\/www2.unifap.br\/quimica\/wp-json\/wp\/v2\/comments?post=73"}],"version-history":[{"count":34,"href":"https:\/\/www2.unifap.br\/quimica\/wp-json\/wp\/v2\/pages\/73\/revisions"}],"predecessor-version":[{"id":3212,"href":"https:\/\/www2.unifap.br\/quimica\/wp-json\/wp\/v2\/pages\/73\/revisions\/3212"}],"wp:attachment":[{"href":"https:\/\/www2.unifap.br\/quimica\/wp-json\/wp\/v2\/media?parent=73"}],"curies":[{"name":"wp","href":"https:\/\/api.w.org\/{rel}","templated":true}]}}